{"id":60569,"date":"2023-11-17T17:00:20","date_gmt":"2023-11-17T16:00:20","guid":{"rendered":"https:\/\/www.stucco-naturale.com\/produkt\/festool-granat-net-tarcze-szlifierskie\/"},"modified":"2026-03-27T19:54:30","modified_gmt":"2026-03-27T18:54:30","slug":"festool-granat-net-tarcze-szlifierskie","status":"publish","type":"product","link":"https:\/\/www.stucco-naturale.com\/pl\/produkt\/festool-granat-net-tarcze-szlifierskie\/","title":{"rendered":"Festool Granat Net Tarcze szlifierskie"},"content":{"rendered":"\n<div class=\"et_pb_section_0 et_pb_section et_section_regular et_block_section\"><div class=\"et_pb_row_0 et_pb_row et_block_row\"><div class=\"et_pb_column_0 et_pb_column et_pb_column_4_4 et-last-child et_block_column et_pb_css_mix_blend_mode_passthrough\"><div class=\"et_pb_wc_cart_notice_0 et_pb_wc_cart_notice et_pb_fields_layout_default et_pb_module\"><div class=\"et_pb_module_inner\">\n\t<div class=\"woocommerce-message\" role=\"alert\">\n\t\t&ldquo;Product Name&rdquo; has been added to cart.\t<\/div>\n<\/div><\/div><\/div><\/div><div class=\"et_pb_row_1 et_pb_row et_block_row\"><div class=\"et_pb_column_1 et_pb_column et_pb_column_1_2 et_block_column et_pb_css_mix_blend_mode_passthrough\"><div class=\"et_pb_wc_images_0 et_pb_wc_images et_pb_module\"><div class=\"et_pb_module_inner\"><\/div><\/div><\/div><div class=\"et_pb_column_2 et_pb_column et_pb_column_1_2 et-last-child et_block_column et_pb_css_mix_blend_mode_passthrough\"><div class=\"et_pb_wc_title_0 et_pb_wc_title et_pb_bg_layout_light et_pb_module\"><div class=\"et_pb_module_inner\">\n\t\t<h1>Festool Granat Net Tarcze szlifierskie<\/h1><\/div><\/div><\/div><\/div><div class=\"et_pb_row_2 et_pb_row et_block_row\"><div class=\"et_pb_column_3 et_pb_column et_pb_column_4_4 et-last-child et_block_column et_pb_css_mix_blend_mode_passthrough\"><div class=\"et_pb_wc_tabs_0 et_pb_wc_tabs et_pb_tabs et_pb_module\"><div class=\"et_pb_module_inner\"><ul class=\"et_pb_tabs_controls clearfix\"><\/ul><div class=\"et_pb_all_tabs\"><\/div><\/div><\/div><\/div><\/div><\/div>\n<span class=\"et_bloom_bottom_trigger\"><\/span>","protected":false},"excerpt":{"rendered":"","protected":false},"featured_media":60556,"template":"","meta":[],"product_brand":[],"product_cat":[528,488],"product_tag":[],"class_list":{"0":"post-60569","1":"product","2":"type-product","3":"status-publish","4":"has-post-thumbnail","6":"product_cat-narzedzia-do-malowania","7":"product_cat-narzedzie","8":"product_shipping_class-wysylka-paczek","10":"first","11":"instock","12":"taxable","13":"shipping-taxable","14":"purchasable","15":"product-type-variable"},"yoast_head":"<!-- This site is optimized with the Yoast SEO Premium plugin v27.4 (Yoast SEO v27.4) - https:\/\/yoast.com\/product\/yoast-seo-premium-wordpress\/ -->\n<title>Festool Granat Net Tarcze szlifierskie - Stucco naturale<\/title>\n<meta name=\"description\" content=\"Tarcze szlifierskie Festool Granat WSZECHSTRONNY \u015aRODEK SZLIFIERSKI O SZCZEG\u00d3LNYCH ZALETACH. Tarcze szlifierskie Granat zosta\u0142y opracowane specjalnie do lakier\u00f3w VOC i wytrzyma\u0142ych pod\u0142o\u017cy. Specjalna pow\u0142oka skutecznie zapobiega zapychaniu, zapewniaj\u0105c d\u0142u\u017csz\u0105 \u017cywotno\u015b\u0107. Jednak granatowy materia\u0142 \u015bcierny nadaje si\u0119 nie tylko do tych zastosowa\u0144, ale oferuje r\u00f3wnie\u017c pierwszorz\u0119dn\u0105 wydajno\u015b\u0107 na innych pod\u0142o\u017cach. System MULTI-JETSTREAM 2 w po\u0142\u0105czeniu z 49-otworowym systemem pr\u00f3\u017cniowym oznacza, \u017ce mog\u0105 Pa\u0144stwo pracowa\u0107 praktycznie bezpy\u0142owo, co jest korzystne zar\u00f3wno dla obrabianej powierzchni, jak i dla Pa\u0144stwa zdrowia. W\u0142a\u015bciwo\u015bci: Uniwersalny materia\u0142 \u015bcierny Specjalnie zaprojektowany do farb VOC i twardych pod\u0142o\u017cy Wyposa\u017cony w system MULTI-JETSTREAM 2 StickFix do wydajnego odsysania py\u0142u. Zakres zastosowania: Obr\u00f3bka najnowszych system\u00f3w malarskich Szczeg\u00f3lnie zalecany do farb VOC Obr\u00f3bka najtwardszych pod\u0142o\u017cy Odpowiedni do tworzyw sztucznych, materia\u0142\u00f3w o sta\u0142ej powierzchni, akryli, uszczelniaczy i wype\u0142niaczy. Odpowiedni dla: RO 150, ES 150, ETS 150, ETS EC 150, LEX 150, WTS 150, HSK-D 150 Informacje techniczne: Ziarnisto\u015b\u0107 od 40 do 500 na papierze 800 do 1500 ziaren na folii\" \/>\n<meta name=\"robots\" content=\"index, follow, max-snippet:-1, max-image-preview:large, max-video-preview:-1\" \/>\n<link rel=\"canonical\" href=\"https:\/\/www.stucco-naturale.com\/pl\/produkt\/festool-granat-net-tarcze-szlifierskie\/\" \/>\n<meta property=\"og:locale\" content=\"pl_PL\" \/>\n<meta property=\"og:type\" content=\"article\" \/>\n<meta property=\"og:title\" content=\"Festool Granat Net Tarcze szlifierskie\" \/>\n<meta property=\"og:description\" content=\"Tarcze szlifierskie Festool Granat WSZECHSTRONNY \u015aRODEK SZLIFIERSKI O SZCZEG\u00d3LNYCH ZALETACH. Tarcze szlifierskie Granat zosta\u0142y opracowane specjalnie do lakier\u00f3w VOC i wytrzyma\u0142ych pod\u0142o\u017cy. Specjalna pow\u0142oka skutecznie zapobiega zapychaniu, zapewniaj\u0105c d\u0142u\u017csz\u0105 \u017cywotno\u015b\u0107. Jednak granatowy materia\u0142 \u015bcierny nadaje si\u0119 nie tylko do tych zastosowa\u0144, ale oferuje r\u00f3wnie\u017c pierwszorz\u0119dn\u0105 wydajno\u015b\u0107 na innych pod\u0142o\u017cach. System MULTI-JETSTREAM 2 w po\u0142\u0105czeniu z 49-otworowym systemem pr\u00f3\u017cniowym oznacza, \u017ce mog\u0105 Pa\u0144stwo pracowa\u0107 praktycznie bezpy\u0142owo, co jest korzystne zar\u00f3wno dla obrabianej powierzchni, jak i dla Pa\u0144stwa zdrowia. W\u0142a\u015bciwo\u015bci: Uniwersalny materia\u0142 \u015bcierny Specjalnie zaprojektowany do farb VOC i twardych pod\u0142o\u017cy Wyposa\u017cony w system MULTI-JETSTREAM 2 StickFix do wydajnego odsysania py\u0142u. Zakres zastosowania: Obr\u00f3bka najnowszych system\u00f3w malarskich Szczeg\u00f3lnie zalecany do farb VOC Obr\u00f3bka najtwardszych pod\u0142o\u017cy Odpowiedni do tworzyw sztucznych, materia\u0142\u00f3w o sta\u0142ej powierzchni, akryli, uszczelniaczy i wype\u0142niaczy. Odpowiedni dla: RO 150, ES 150, ETS 150, ETS EC 150, LEX 150, WTS 150, HSK-D 150 Informacje techniczne: Ziarnisto\u015b\u0107 od 40 do 500 na papierze 800 do 1500 ziaren na folii\" \/>\n<meta property=\"og:url\" content=\"https:\/\/www.stucco-naturale.com\/pl\/produkt\/festool-granat-net-tarcze-szlifierskie\/\" \/>\n<meta property=\"og:site_name\" content=\"Stucco naturale\" \/>\n<meta property=\"article:publisher\" content=\"https:\/\/www.facebook.com\/natuerlicher.kalkputz\/\" \/>\n<meta property=\"article:modified_time\" content=\"2026-03-27T18:54:30+00:00\" \/>\n<meta property=\"og:image\" content=\"https:\/\/www.stucco-naturale.com\/wp-content\/uploads\/Festool-Granat-Schleifscheibe.jpg\" \/>\n\t<meta property=\"og:image:width\" content=\"800\" \/>\n\t<meta property=\"og:image:height\" content=\"800\" \/>\n\t<meta property=\"og:image:type\" content=\"image\/jpeg\" \/>\n<meta name=\"twitter:card\" content=\"summary_large_image\" \/>\n<meta name=\"twitter:site\" content=\"@StuccoNaturale\" \/>\n<script type=\"application\/ld+json\" class=\"yoast-schema-graph\">{\"@context\":\"https:\\\/\\\/schema.org\",\"@graph\":[{\"@type\":\"WebPage\",\"@id\":\"https:\\\/\\\/www.stucco-naturale.com\\\/pl\\\/produkt\\\/festool-granat-net-tarcze-szlifierskie\\\/\",\"url\":\"https:\\\/\\\/www.stucco-naturale.com\\\/pl\\\/produkt\\\/festool-granat-net-tarcze-szlifierskie\\\/\",\"name\":\"Festool Granat Net Tarcze szlifierskie - Stucco naturale\",\"isPartOf\":{\"@id\":\"https:\\\/\\\/www.stucco-naturale.com\\\/pl\\\/#website\"},\"primaryImageOfPage\":{\"@id\":\"https:\\\/\\\/www.stucco-naturale.com\\\/pl\\\/produkt\\\/festool-granat-net-tarcze-szlifierskie\\\/#primaryimage\"},\"image\":{\"@id\":\"https:\\\/\\\/www.stucco-naturale.com\\\/pl\\\/produkt\\\/festool-granat-net-tarcze-szlifierskie\\\/#primaryimage\"},\"thumbnailUrl\":\"https:\\\/\\\/www.stucco-naturale.com\\\/wp-content\\\/uploads\\\/Festool-Granat-Schleifscheibe.jpg\",\"datePublished\":\"2023-11-17T16:00:20+00:00\",\"dateModified\":\"2026-03-27T18:54:30+00:00\",\"description\":\"Tarcze szlifierskie Festool Granat WSZECHSTRONNY \u015aRODEK SZLIFIERSKI O SZCZEG\u00d3LNYCH ZALETACH. Tarcze szlifierskie Granat zosta\u0142y opracowane specjalnie do lakier\u00f3w VOC i wytrzyma\u0142ych pod\u0142o\u017cy. Specjalna pow\u0142oka skutecznie zapobiega zapychaniu, zapewniaj\u0105c d\u0142u\u017csz\u0105 \u017cywotno\u015b\u0107. Jednak granatowy materia\u0142 \u015bcierny nadaje si\u0119 nie tylko do tych zastosowa\u0144, ale oferuje r\u00f3wnie\u017c pierwszorz\u0119dn\u0105 wydajno\u015b\u0107 na innych pod\u0142o\u017cach. System MULTI-JETSTREAM 2 w po\u0142\u0105czeniu z 49-otworowym systemem pr\u00f3\u017cniowym oznacza, \u017ce mog\u0105 Pa\u0144stwo pracowa\u0107 praktycznie bezpy\u0142owo, co jest korzystne zar\u00f3wno dla obrabianej powierzchni, jak i dla Pa\u0144stwa zdrowia. W\u0142a\u015bciwo\u015bci: Uniwersalny materia\u0142 \u015bcierny Specjalnie zaprojektowany do farb VOC i twardych pod\u0142o\u017cy Wyposa\u017cony w system MULTI-JETSTREAM 2 StickFix do wydajnego odsysania py\u0142u. Zakres zastosowania: Obr\u00f3bka najnowszych system\u00f3w malarskich Szczeg\u00f3lnie zalecany do farb VOC Obr\u00f3bka najtwardszych pod\u0142o\u017cy Odpowiedni do tworzyw sztucznych, materia\u0142\u00f3w o sta\u0142ej powierzchni, akryli, uszczelniaczy i wype\u0142niaczy. Odpowiedni dla: RO 150, ES 150, ETS 150, ETS EC 150, LEX 150, WTS 150, HSK-D 150 Informacje techniczne: Ziarnisto\u015b\u0107 od 40 do 500 na papierze 800 do 1500 ziaren na folii\",\"breadcrumb\":{\"@id\":\"https:\\\/\\\/www.stucco-naturale.com\\\/pl\\\/produkt\\\/festool-granat-net-tarcze-szlifierskie\\\/#breadcrumb\"},\"inLanguage\":\"pl-PL\",\"potentialAction\":[{\"@type\":\"ReadAction\",\"target\":[\"https:\\\/\\\/www.stucco-naturale.com\\\/pl\\\/produkt\\\/festool-granat-net-tarcze-szlifierskie\\\/\"]}]},{\"@type\":\"ImageObject\",\"inLanguage\":\"pl-PL\",\"@id\":\"https:\\\/\\\/www.stucco-naturale.com\\\/pl\\\/produkt\\\/festool-granat-net-tarcze-szlifierskie\\\/#primaryimage\",\"url\":\"https:\\\/\\\/www.stucco-naturale.com\\\/wp-content\\\/uploads\\\/Festool-Granat-Schleifscheibe.jpg\",\"contentUrl\":\"https:\\\/\\\/www.stucco-naturale.com\\\/wp-content\\\/uploads\\\/Festool-Granat-Schleifscheibe.jpg\",\"width\":800,\"height\":800,\"caption\":\"Festool Granat Schleifscheibe\"},{\"@type\":\"BreadcrumbList\",\"@id\":\"https:\\\/\\\/www.stucco-naturale.com\\\/pl\\\/produkt\\\/festool-granat-net-tarcze-szlifierskie\\\/#breadcrumb\",\"itemListElement\":[{\"@type\":\"ListItem\",\"position\":1,\"name\":\"Page d'accueil\",\"item\":\"https:\\\/\\\/www.stucco-naturale.com\\\/pl\\\/\"},{\"@type\":\"ListItem\",\"position\":2,\"name\":\"Sklep\",\"item\":\"https:\\\/\\\/www.stucco-naturale.com\\\/shop\\\/\"},{\"@type\":\"ListItem\",\"position\":3,\"name\":\"Festool Granat Net Tarcze szlifierskie\"}]},{\"@type\":\"WebSite\",\"@id\":\"https:\\\/\\\/www.stucco-naturale.com\\\/pl\\\/#website\",\"url\":\"https:\\\/\\\/www.stucco-naturale.com\\\/pl\\\/\",\"name\":\"Stucco naturale\",\"description\":\"Sklep dla Stucco Veneziano, Marmorino i akcesoria\",\"publisher\":{\"@id\":\"https:\\\/\\\/www.stucco-naturale.com\\\/pl\\\/#organization\"},\"potentialAction\":[{\"@type\":\"SearchAction\",\"target\":{\"@type\":\"EntryPoint\",\"urlTemplate\":\"https:\\\/\\\/www.stucco-naturale.com\\\/pl\\\/?s={search_term_string}\"},\"query-input\":{\"@type\":\"PropertyValueSpecification\",\"valueRequired\":true,\"valueName\":\"search_term_string\"}}],\"inLanguage\":\"pl-PL\"},{\"@type\":\"Organization\",\"@id\":\"https:\\\/\\\/www.stucco-naturale.com\\\/pl\\\/#organization\",\"name\":\"Stucco naturale\",\"url\":\"https:\\\/\\\/www.stucco-naturale.com\\\/pl\\\/\",\"logo\":{\"@type\":\"ImageObject\",\"inLanguage\":\"pl-PL\",\"@id\":\"https:\\\/\\\/www.stucco-naturale.com\\\/pl\\\/#\\\/schema\\\/logo\\\/image\\\/\",\"url\":\"https:\\\/\\\/www.stucco-naturale.com\\\/wp-content\\\/uploads\\\/logo_stucco-naturale.jpg\",\"contentUrl\":\"https:\\\/\\\/www.stucco-naturale.com\\\/wp-content\\\/uploads\\\/logo_stucco-naturale.jpg\",\"width\":400,\"height\":600,\"caption\":\"Stucco naturale\"},\"image\":{\"@id\":\"https:\\\/\\\/www.stucco-naturale.com\\\/pl\\\/#\\\/schema\\\/logo\\\/image\\\/\"},\"sameAs\":[\"https:\\\/\\\/www.facebook.com\\\/natuerlicher.kalkputz\\\/\",\"https:\\\/\\\/x.com\\\/StuccoNaturale\",\"https:\\\/\\\/www.instagram.com\\\/stucco_naturale\\\/?hl=de\"],\"vatID\":\"ATU78081825\"}]}<\/script>\n<!-- \/ Yoast SEO Premium plugin. -->","yoast_head_json":{"title":"Festool Granat Net Tarcze szlifierskie - Stucco naturale","description":"Tarcze szlifierskie Festool Granat WSZECHSTRONNY \u015aRODEK SZLIFIERSKI O SZCZEG\u00d3LNYCH ZALETACH. Tarcze szlifierskie Granat zosta\u0142y opracowane specjalnie do lakier\u00f3w VOC i wytrzyma\u0142ych pod\u0142o\u017cy. Specjalna pow\u0142oka skutecznie zapobiega zapychaniu, zapewniaj\u0105c d\u0142u\u017csz\u0105 \u017cywotno\u015b\u0107. Jednak granatowy materia\u0142 \u015bcierny nadaje si\u0119 nie tylko do tych zastosowa\u0144, ale oferuje r\u00f3wnie\u017c pierwszorz\u0119dn\u0105 wydajno\u015b\u0107 na innych pod\u0142o\u017cach. System MULTI-JETSTREAM 2 w po\u0142\u0105czeniu z 49-otworowym systemem pr\u00f3\u017cniowym oznacza, \u017ce mog\u0105 Pa\u0144stwo pracowa\u0107 praktycznie bezpy\u0142owo, co jest korzystne zar\u00f3wno dla obrabianej powierzchni, jak i dla Pa\u0144stwa zdrowia. W\u0142a\u015bciwo\u015bci: Uniwersalny materia\u0142 \u015bcierny Specjalnie zaprojektowany do farb VOC i twardych pod\u0142o\u017cy Wyposa\u017cony w system MULTI-JETSTREAM 2 StickFix do wydajnego odsysania py\u0142u. Zakres zastosowania: Obr\u00f3bka najnowszych system\u00f3w malarskich Szczeg\u00f3lnie zalecany do farb VOC Obr\u00f3bka najtwardszych pod\u0142o\u017cy Odpowiedni do tworzyw sztucznych, materia\u0142\u00f3w o sta\u0142ej powierzchni, akryli, uszczelniaczy i wype\u0142niaczy. Odpowiedni dla: RO 150, ES 150, ETS 150, ETS EC 150, LEX 150, WTS 150, HSK-D 150 Informacje techniczne: Ziarnisto\u015b\u0107 od 40 do 500 na papierze 800 do 1500 ziaren na folii","robots":{"index":"index","follow":"follow","max-snippet":"max-snippet:-1","max-image-preview":"max-image-preview:large","max-video-preview":"max-video-preview:-1"},"canonical":"https:\/\/www.stucco-naturale.com\/pl\/produkt\/festool-granat-net-tarcze-szlifierskie\/","og_locale":"pl_PL","og_type":"article","og_title":"Festool Granat Net Tarcze szlifierskie","og_description":"Tarcze szlifierskie Festool Granat WSZECHSTRONNY \u015aRODEK SZLIFIERSKI O SZCZEG\u00d3LNYCH ZALETACH. Tarcze szlifierskie Granat zosta\u0142y opracowane specjalnie do lakier\u00f3w VOC i wytrzyma\u0142ych pod\u0142o\u017cy. Specjalna pow\u0142oka skutecznie zapobiega zapychaniu, zapewniaj\u0105c d\u0142u\u017csz\u0105 \u017cywotno\u015b\u0107. Jednak granatowy materia\u0142 \u015bcierny nadaje si\u0119 nie tylko do tych zastosowa\u0144, ale oferuje r\u00f3wnie\u017c pierwszorz\u0119dn\u0105 wydajno\u015b\u0107 na innych pod\u0142o\u017cach. System MULTI-JETSTREAM 2 w po\u0142\u0105czeniu z 49-otworowym systemem pr\u00f3\u017cniowym oznacza, \u017ce mog\u0105 Pa\u0144stwo pracowa\u0107 praktycznie bezpy\u0142owo, co jest korzystne zar\u00f3wno dla obrabianej powierzchni, jak i dla Pa\u0144stwa zdrowia. W\u0142a\u015bciwo\u015bci: Uniwersalny materia\u0142 \u015bcierny Specjalnie zaprojektowany do farb VOC i twardych pod\u0142o\u017cy Wyposa\u017cony w system MULTI-JETSTREAM 2 StickFix do wydajnego odsysania py\u0142u. Zakres zastosowania: Obr\u00f3bka najnowszych system\u00f3w malarskich Szczeg\u00f3lnie zalecany do farb VOC Obr\u00f3bka najtwardszych pod\u0142o\u017cy Odpowiedni do tworzyw sztucznych, materia\u0142\u00f3w o sta\u0142ej powierzchni, akryli, uszczelniaczy i wype\u0142niaczy. Odpowiedni dla: RO 150, ES 150, ETS 150, ETS EC 150, LEX 150, WTS 150, HSK-D 150 Informacje techniczne: Ziarnisto\u015b\u0107 od 40 do 500 na papierze 800 do 1500 ziaren na folii","og_url":"https:\/\/www.stucco-naturale.com\/pl\/produkt\/festool-granat-net-tarcze-szlifierskie\/","og_site_name":"Stucco naturale","article_publisher":"https:\/\/www.facebook.com\/natuerlicher.kalkputz\/","article_modified_time":"2026-03-27T18:54:30+00:00","og_image":[{"width":800,"height":800,"url":"https:\/\/www.stucco-naturale.com\/wp-content\/uploads\/Festool-Granat-Schleifscheibe.jpg","type":"image\/jpeg"}],"twitter_card":"summary_large_image","twitter_site":"@StuccoNaturale","schema":{"@context":"https:\/\/schema.org","@graph":[{"@type":"WebPage","@id":"https:\/\/www.stucco-naturale.com\/pl\/produkt\/festool-granat-net-tarcze-szlifierskie\/","url":"https:\/\/www.stucco-naturale.com\/pl\/produkt\/festool-granat-net-tarcze-szlifierskie\/","name":"Festool Granat Net Tarcze szlifierskie - Stucco naturale","isPartOf":{"@id":"https:\/\/www.stucco-naturale.com\/pl\/#website"},"primaryImageOfPage":{"@id":"https:\/\/www.stucco-naturale.com\/pl\/produkt\/festool-granat-net-tarcze-szlifierskie\/#primaryimage"},"image":{"@id":"https:\/\/www.stucco-naturale.com\/pl\/produkt\/festool-granat-net-tarcze-szlifierskie\/#primaryimage"},"thumbnailUrl":"https:\/\/www.stucco-naturale.com\/wp-content\/uploads\/Festool-Granat-Schleifscheibe.jpg","datePublished":"2023-11-17T16:00:20+00:00","dateModified":"2026-03-27T18:54:30+00:00","description":"Tarcze szlifierskie Festool Granat WSZECHSTRONNY \u015aRODEK SZLIFIERSKI O SZCZEG\u00d3LNYCH ZALETACH. Tarcze szlifierskie Granat zosta\u0142y opracowane specjalnie do lakier\u00f3w VOC i wytrzyma\u0142ych pod\u0142o\u017cy. Specjalna pow\u0142oka skutecznie zapobiega zapychaniu, zapewniaj\u0105c d\u0142u\u017csz\u0105 \u017cywotno\u015b\u0107. Jednak granatowy materia\u0142 \u015bcierny nadaje si\u0119 nie tylko do tych zastosowa\u0144, ale oferuje r\u00f3wnie\u017c pierwszorz\u0119dn\u0105 wydajno\u015b\u0107 na innych pod\u0142o\u017cach. System MULTI-JETSTREAM 2 w po\u0142\u0105czeniu z 49-otworowym systemem pr\u00f3\u017cniowym oznacza, \u017ce mog\u0105 Pa\u0144stwo pracowa\u0107 praktycznie bezpy\u0142owo, co jest korzystne zar\u00f3wno dla obrabianej powierzchni, jak i dla Pa\u0144stwa zdrowia. W\u0142a\u015bciwo\u015bci: Uniwersalny materia\u0142 \u015bcierny Specjalnie zaprojektowany do farb VOC i twardych pod\u0142o\u017cy Wyposa\u017cony w system MULTI-JETSTREAM 2 StickFix do wydajnego odsysania py\u0142u. Zakres zastosowania: Obr\u00f3bka najnowszych system\u00f3w malarskich Szczeg\u00f3lnie zalecany do farb VOC Obr\u00f3bka najtwardszych pod\u0142o\u017cy Odpowiedni do tworzyw sztucznych, materia\u0142\u00f3w o sta\u0142ej powierzchni, akryli, uszczelniaczy i wype\u0142niaczy. Odpowiedni dla: RO 150, ES 150, ETS 150, ETS EC 150, LEX 150, WTS 150, HSK-D 150 Informacje techniczne: Ziarnisto\u015b\u0107 od 40 do 500 na papierze 800 do 1500 ziaren na folii","breadcrumb":{"@id":"https:\/\/www.stucco-naturale.com\/pl\/produkt\/festool-granat-net-tarcze-szlifierskie\/#breadcrumb"},"inLanguage":"pl-PL","potentialAction":[{"@type":"ReadAction","target":["https:\/\/www.stucco-naturale.com\/pl\/produkt\/festool-granat-net-tarcze-szlifierskie\/"]}]},{"@type":"ImageObject","inLanguage":"pl-PL","@id":"https:\/\/www.stucco-naturale.com\/pl\/produkt\/festool-granat-net-tarcze-szlifierskie\/#primaryimage","url":"https:\/\/www.stucco-naturale.com\/wp-content\/uploads\/Festool-Granat-Schleifscheibe.jpg","contentUrl":"https:\/\/www.stucco-naturale.com\/wp-content\/uploads\/Festool-Granat-Schleifscheibe.jpg","width":800,"height":800,"caption":"Festool Granat Schleifscheibe"},{"@type":"BreadcrumbList","@id":"https:\/\/www.stucco-naturale.com\/pl\/produkt\/festool-granat-net-tarcze-szlifierskie\/#breadcrumb","itemListElement":[{"@type":"ListItem","position":1,"name":"Page d'accueil","item":"https:\/\/www.stucco-naturale.com\/pl\/"},{"@type":"ListItem","position":2,"name":"Sklep","item":"https:\/\/www.stucco-naturale.com\/shop\/"},{"@type":"ListItem","position":3,"name":"Festool Granat Net Tarcze szlifierskie"}]},{"@type":"WebSite","@id":"https:\/\/www.stucco-naturale.com\/pl\/#website","url":"https:\/\/www.stucco-naturale.com\/pl\/","name":"Stucco naturale","description":"Sklep dla Stucco Veneziano, Marmorino i akcesoria","publisher":{"@id":"https:\/\/www.stucco-naturale.com\/pl\/#organization"},"potentialAction":[{"@type":"SearchAction","target":{"@type":"EntryPoint","urlTemplate":"https:\/\/www.stucco-naturale.com\/pl\/?s={search_term_string}"},"query-input":{"@type":"PropertyValueSpecification","valueRequired":true,"valueName":"search_term_string"}}],"inLanguage":"pl-PL"},{"@type":"Organization","@id":"https:\/\/www.stucco-naturale.com\/pl\/#organization","name":"Stucco naturale","url":"https:\/\/www.stucco-naturale.com\/pl\/","logo":{"@type":"ImageObject","inLanguage":"pl-PL","@id":"https:\/\/www.stucco-naturale.com\/pl\/#\/schema\/logo\/image\/","url":"https:\/\/www.stucco-naturale.com\/wp-content\/uploads\/logo_stucco-naturale.jpg","contentUrl":"https:\/\/www.stucco-naturale.com\/wp-content\/uploads\/logo_stucco-naturale.jpg","width":400,"height":600,"caption":"Stucco naturale"},"image":{"@id":"https:\/\/www.stucco-naturale.com\/pl\/#\/schema\/logo\/image\/"},"sameAs":["https:\/\/www.facebook.com\/natuerlicher.kalkputz\/","https:\/\/x.com\/StuccoNaturale","https:\/\/www.instagram.com\/stucco_naturale\/?hl=de"],"vatID":"ATU78081825"}]}},"_links":{"self":[{"href":"https:\/\/www.stucco-naturale.com\/pl\/wp-json\/wp\/v2\/product\/60569","targetHints":{"allow":["GET"]}}],"collection":[{"href":"https:\/\/www.stucco-naturale.com\/pl\/wp-json\/wp\/v2\/product"}],"about":[{"href":"https:\/\/www.stucco-naturale.com\/pl\/wp-json\/wp\/v2\/types\/product"}],"wp:featuredmedia":[{"embeddable":true,"href":"https:\/\/www.stucco-naturale.com\/pl\/wp-json\/wp\/v2\/media\/60556"}],"wp:attachment":[{"href":"https:\/\/www.stucco-naturale.com\/pl\/wp-json\/wp\/v2\/media?parent=60569"}],"wp:term":[{"taxonomy":"product_brand","embeddable":true,"href":"https:\/\/www.stucco-naturale.com\/pl\/wp-json\/wp\/v2\/product_brand?post=60569"},{"taxonomy":"product_cat","embeddable":true,"href":"https:\/\/www.stucco-naturale.com\/pl\/wp-json\/wp\/v2\/product_cat?post=60569"},{"taxonomy":"product_tag","embeddable":true,"href":"https:\/\/www.stucco-naturale.com\/pl\/wp-json\/wp\/v2\/product_tag?post=60569"}],"curies":[{"name":"wp","href":"https:\/\/api.w.org\/{rel}","templated":true}]}}