{"id":58288,"date":"2017-01-25T15:15:05","date_gmt":"2017-01-25T14:15:05","guid":{"rendered":"https:\/\/www.stucco-naturale.com\/produkt\/podklad-adhezyjny-z-proszkiem-marmurowym\/"},"modified":"2026-03-27T18:19:51","modified_gmt":"2026-03-27T17:19:51","slug":"podklad-adhezyjny-z-proszkiem-marmurowym","status":"publish","type":"product","link":"https:\/\/www.stucco-naturale.com\/pl\/produkt\/podklad-adhezyjny-z-proszkiem-marmurowym\/","title":{"rendered":"Podk\u0142ad adhezyjny z proszkiem marmurowym"},"content":{"rendered":"\n<div class=\"et_pb_section_0 et_pb_section et_section_regular et_block_section\"><div class=\"et_pb_row_0 et_pb_row et_block_row\"><div class=\"et_pb_column_0 et_pb_column et_pb_column_4_4 et-last-child et_block_column et_pb_css_mix_blend_mode_passthrough\"><div class=\"et_pb_wc_cart_notice_0 et_pb_wc_cart_notice et_pb_fields_layout_default et_pb_module\"><div class=\"et_pb_module_inner\">\n\t<div class=\"woocommerce-message\" role=\"alert\">\n\t\t&ldquo;Product Name&rdquo; has been added to cart.\t<\/div>\n<\/div><\/div><\/div><\/div><div class=\"et_pb_row_1 et_pb_row et_block_row\"><div class=\"et_pb_column_1 et_pb_column et_pb_column_1_2 et_block_column et_pb_css_mix_blend_mode_passthrough\"><div class=\"et_pb_wc_images_0 et_pb_wc_images et_pb_module\"><div class=\"et_pb_module_inner\"><\/div><\/div><\/div><div class=\"et_pb_column_2 et_pb_column et_pb_column_1_2 et-last-child et_block_column et_pb_css_mix_blend_mode_passthrough\"><div class=\"et_pb_wc_title_0 et_pb_wc_title et_pb_bg_layout_light et_pb_module\"><div class=\"et_pb_module_inner\">\n\t\t<h1>Podk\u0142ad adhezyjny z proszkiem marmurowym<\/h1><\/div><\/div><\/div><\/div><div class=\"et_pb_row_2 et_pb_row et_block_row\"><div class=\"et_pb_column_3 et_pb_column et_pb_column_4_4 et-last-child et_block_column et_pb_css_mix_blend_mode_passthrough\"><div class=\"et_pb_wc_tabs_0 et_pb_wc_tabs et_pb_tabs et_pb_module\"><div class=\"et_pb_module_inner\"><ul class=\"et_pb_tabs_controls clearfix\"><\/ul><div class=\"et_pb_all_tabs\"><\/div><\/div><\/div><\/div><\/div><\/div>\n<span class=\"et_bloom_bottom_trigger\"><\/span>","protected":false},"excerpt":{"rendered":"<p>Podk\u0142ad adhezyjny <strong>ekstra gruboziarnisty<\/strong> stosowany jest do <a href=\"https:\/\/www.stucco-naturale.com\/pl\/produkt\/tadelakt\/\">Tadelakt<\/a><br \/>Podk\u0142ad adhezyjny <strong>gruboziarnisty<\/strong> stosowany jest do: <a href=\"https:\/\/www.stucco-naturale.com\/pl\/produkt\/tynk-kreatywny\/\">Tynk Kreatywny<\/a>, <a href=\"https:\/\/www.stucco-naturale.com\/pl\/produkt\/tynk-mikowy-starlight\/\">Tynk Mikowy<\/a>, <a href=\"https:\/\/www.stucco-naturale.com\/pl\/produkt\/betonowy-wyglad\/\">Tynk Betonowy<\/a>, <a href=\"https:\/\/www.stucco-naturale.com\/pl\/produkt\/trawertyn\/\">Travertino,<\/a> <a href=\"https:\/\/www.stucco-naturale.com\/pl\/produkt\/wapienny-tynk-samoprzylepny\/\">Tynk Wapienny<\/a><br \/>Podk\u0142ad adhezyjny <strong>drobny<\/strong> stosowany jest do: <a href=\"https:\/\/www.stucco-naturale.com\/pl\/produkt\/stiuk-wenecki\/\">Stiuk Wenecki<\/a>, <a href=\"https:\/\/www.stucco-naturale.com\/pl\/produkt\/stiuk-marmorino\/\">Marmorino<\/a>, <a href=\"https:\/\/www.stucco-naturale.com\/pl\/produkt\/stiuk-extra\/\">Tynk Stiuk Extra<\/a><\/p>\n","protected":false},"featured_media":56273,"template":"","meta":[],"product_brand":[],"product_cat":[461],"product_tag":[],"class_list":{"0":"post-58288","1":"product","2":"type-product","3":"status-publish","4":"has-post-thumbnail","6":"product_cat-podklad-adhezyjny","7":"product_shipping_class-wysylka-paczek","9":"first","10":"instock","11":"taxable","12":"shipping-taxable","13":"purchasable","14":"product-type-variable","15":"has-default-attributes"},"yoast_head":"<!-- This site is optimized with the Yoast SEO Premium plugin v27.4 (Yoast SEO v27.4) - https:\/\/yoast.com\/product\/yoast-seo-premium-wordpress\/ -->\n<title>Kup podk\u0142ad samoprzylepny z m\u0105k\u0105 marmurow\u0105 - Stucco naturale<\/title>\n<meta name=\"description\" content=\"Podk\u0142ad samoprzylepny z m\u0105k\u0105 marmurow\u0105 jest idealnym podk\u0142adem gipsowym do tynk\u00f3w Stucco Veneziano\u060cMarmorino i innych tynk\u00f3w marmurowych. Zapobiega \u015bcieraniu metalu.\" \/>\n<meta name=\"robots\" content=\"index, follow, max-snippet:-1, max-image-preview:large, max-video-preview:-1\" \/>\n<link rel=\"canonical\" href=\"https:\/\/www.stucco-naturale.com\/pl\/produkt\/podklad-adhezyjny-z-proszkiem-marmurowym\/\" \/>\n<meta property=\"og:locale\" content=\"pl_PL\" \/>\n<meta property=\"og:type\" content=\"article\" \/>\n<meta property=\"og:title\" content=\"Podk\u0142ad adhezyjny z proszkiem marmurowym\" \/>\n<meta property=\"og:description\" content=\"Podk\u0142ad samoprzylepny z m\u0105k\u0105 marmurow\u0105 jest idealnym podk\u0142adem gipsowym do tynk\u00f3w Stucco Veneziano\u060cMarmorino i innych tynk\u00f3w marmurowych. Zapobiega \u015bcieraniu metalu.\" \/>\n<meta property=\"og:url\" content=\"https:\/\/www.stucco-naturale.com\/pl\/produkt\/podklad-adhezyjny-z-proszkiem-marmurowym\/\" \/>\n<meta property=\"og:site_name\" content=\"Stucco naturale\" \/>\n<meta property=\"article:publisher\" content=\"https:\/\/www.facebook.com\/natuerlicher.kalkputz\/\" \/>\n<meta property=\"article:modified_time\" content=\"2026-03-27T17:19:51+00:00\" \/>\n<meta property=\"og:image\" content=\"https:\/\/www.stucco-naturale.com\/wp-content\/uploads\/03_5KG_Haftgr.grob_.jpg\" \/>\n\t<meta property=\"og:image:width\" content=\"800\" \/>\n\t<meta property=\"og:image:height\" content=\"800\" \/>\n\t<meta property=\"og:image:type\" content=\"image\/jpeg\" \/>\n<meta name=\"twitter:card\" content=\"summary_large_image\" \/>\n<meta name=\"twitter:site\" content=\"@StuccoNaturale\" \/>\n<script type=\"application\/ld+json\" class=\"yoast-schema-graph\">{\"@context\":\"https:\\\/\\\/schema.org\",\"@graph\":[{\"@type\":\"WebPage\",\"@id\":\"https:\\\/\\\/www.stucco-naturale.com\\\/pl\\\/produkt\\\/podklad-adhezyjny-z-proszkiem-marmurowym\\\/\",\"url\":\"https:\\\/\\\/www.stucco-naturale.com\\\/pl\\\/produkt\\\/podklad-adhezyjny-z-proszkiem-marmurowym\\\/\",\"name\":\"Kup podk\u0142ad samoprzylepny z m\u0105k\u0105 marmurow\u0105 - Stucco naturale\",\"isPartOf\":{\"@id\":\"https:\\\/\\\/www.stucco-naturale.com\\\/pl\\\/#website\"},\"primaryImageOfPage\":{\"@id\":\"https:\\\/\\\/www.stucco-naturale.com\\\/pl\\\/produkt\\\/podklad-adhezyjny-z-proszkiem-marmurowym\\\/#primaryimage\"},\"image\":{\"@id\":\"https:\\\/\\\/www.stucco-naturale.com\\\/pl\\\/produkt\\\/podklad-adhezyjny-z-proszkiem-marmurowym\\\/#primaryimage\"},\"thumbnailUrl\":\"https:\\\/\\\/www.stucco-naturale.com\\\/wp-content\\\/uploads\\\/03_5KG_Haftgr.grob_.jpg\",\"datePublished\":\"2017-01-25T14:15:05+00:00\",\"dateModified\":\"2026-03-27T17:19:51+00:00\",\"description\":\"Podk\u0142ad samoprzylepny z m\u0105k\u0105 marmurow\u0105 jest idealnym podk\u0142adem gipsowym do tynk\u00f3w Stucco Veneziano\u060cMarmorino i innych tynk\u00f3w marmurowych. Zapobiega \u015bcieraniu metalu.\",\"breadcrumb\":{\"@id\":\"https:\\\/\\\/www.stucco-naturale.com\\\/pl\\\/produkt\\\/podklad-adhezyjny-z-proszkiem-marmurowym\\\/#breadcrumb\"},\"inLanguage\":\"pl-PL\",\"potentialAction\":[{\"@type\":\"ReadAction\",\"target\":[\"https:\\\/\\\/www.stucco-naturale.com\\\/pl\\\/produkt\\\/podklad-adhezyjny-z-proszkiem-marmurowym\\\/\"]}]},{\"@type\":\"ImageObject\",\"inLanguage\":\"pl-PL\",\"@id\":\"https:\\\/\\\/www.stucco-naturale.com\\\/pl\\\/produkt\\\/podklad-adhezyjny-z-proszkiem-marmurowym\\\/#primaryimage\",\"url\":\"https:\\\/\\\/www.stucco-naturale.com\\\/wp-content\\\/uploads\\\/03_5KG_Haftgr.grob_.jpg\",\"contentUrl\":\"https:\\\/\\\/www.stucco-naturale.com\\\/wp-content\\\/uploads\\\/03_5KG_Haftgr.grob_.jpg\",\"width\":800,\"height\":800,\"caption\":\"Podk\u0142ad adhezyjny gruboziarnisty 5 l\"},{\"@type\":\"BreadcrumbList\",\"@id\":\"https:\\\/\\\/www.stucco-naturale.com\\\/pl\\\/produkt\\\/podklad-adhezyjny-z-proszkiem-marmurowym\\\/#breadcrumb\",\"itemListElement\":[{\"@type\":\"ListItem\",\"position\":1,\"name\":\"Page d'accueil\",\"item\":\"https:\\\/\\\/www.stucco-naturale.com\\\/pl\\\/\"},{\"@type\":\"ListItem\",\"position\":2,\"name\":\"Sklep\",\"item\":\"https:\\\/\\\/www.stucco-naturale.com\\\/shop\\\/\"},{\"@type\":\"ListItem\",\"position\":3,\"name\":\"Podk\u0142ad adhezyjny z proszkiem marmurowym\"}]},{\"@type\":\"WebSite\",\"@id\":\"https:\\\/\\\/www.stucco-naturale.com\\\/pl\\\/#website\",\"url\":\"https:\\\/\\\/www.stucco-naturale.com\\\/pl\\\/\",\"name\":\"Stucco naturale\",\"description\":\"Sklep dla Stucco Veneziano, Marmorino i akcesoria\",\"publisher\":{\"@id\":\"https:\\\/\\\/www.stucco-naturale.com\\\/pl\\\/#organization\"},\"potentialAction\":[{\"@type\":\"SearchAction\",\"target\":{\"@type\":\"EntryPoint\",\"urlTemplate\":\"https:\\\/\\\/www.stucco-naturale.com\\\/pl\\\/?s={search_term_string}\"},\"query-input\":{\"@type\":\"PropertyValueSpecification\",\"valueRequired\":true,\"valueName\":\"search_term_string\"}}],\"inLanguage\":\"pl-PL\"},{\"@type\":\"Organization\",\"@id\":\"https:\\\/\\\/www.stucco-naturale.com\\\/pl\\\/#organization\",\"name\":\"Stucco naturale\",\"url\":\"https:\\\/\\\/www.stucco-naturale.com\\\/pl\\\/\",\"logo\":{\"@type\":\"ImageObject\",\"inLanguage\":\"pl-PL\",\"@id\":\"https:\\\/\\\/www.stucco-naturale.com\\\/pl\\\/#\\\/schema\\\/logo\\\/image\\\/\",\"url\":\"https:\\\/\\\/www.stucco-naturale.com\\\/wp-content\\\/uploads\\\/logo_stucco-naturale.jpg\",\"contentUrl\":\"https:\\\/\\\/www.stucco-naturale.com\\\/wp-content\\\/uploads\\\/logo_stucco-naturale.jpg\",\"width\":400,\"height\":600,\"caption\":\"Stucco naturale\"},\"image\":{\"@id\":\"https:\\\/\\\/www.stucco-naturale.com\\\/pl\\\/#\\\/schema\\\/logo\\\/image\\\/\"},\"sameAs\":[\"https:\\\/\\\/www.facebook.com\\\/natuerlicher.kalkputz\\\/\",\"https:\\\/\\\/x.com\\\/StuccoNaturale\",\"https:\\\/\\\/www.instagram.com\\\/stucco_naturale\\\/?hl=de\"],\"vatID\":\"ATU78081825\"}]}<\/script>\n<!-- \/ Yoast SEO Premium plugin. -->","yoast_head_json":{"title":"Kup podk\u0142ad samoprzylepny z m\u0105k\u0105 marmurow\u0105 - Stucco naturale","description":"Podk\u0142ad samoprzylepny z m\u0105k\u0105 marmurow\u0105 jest idealnym podk\u0142adem gipsowym do tynk\u00f3w Stucco Veneziano\u060cMarmorino i innych tynk\u00f3w marmurowych. Zapobiega \u015bcieraniu metalu.","robots":{"index":"index","follow":"follow","max-snippet":"max-snippet:-1","max-image-preview":"max-image-preview:large","max-video-preview":"max-video-preview:-1"},"canonical":"https:\/\/www.stucco-naturale.com\/pl\/produkt\/podklad-adhezyjny-z-proszkiem-marmurowym\/","og_locale":"pl_PL","og_type":"article","og_title":"Podk\u0142ad adhezyjny z proszkiem marmurowym","og_description":"Podk\u0142ad samoprzylepny z m\u0105k\u0105 marmurow\u0105 jest idealnym podk\u0142adem gipsowym do tynk\u00f3w Stucco Veneziano\u060cMarmorino i innych tynk\u00f3w marmurowych. Zapobiega \u015bcieraniu metalu.","og_url":"https:\/\/www.stucco-naturale.com\/pl\/produkt\/podklad-adhezyjny-z-proszkiem-marmurowym\/","og_site_name":"Stucco naturale","article_publisher":"https:\/\/www.facebook.com\/natuerlicher.kalkputz\/","article_modified_time":"2026-03-27T17:19:51+00:00","og_image":[{"width":800,"height":800,"url":"https:\/\/www.stucco-naturale.com\/wp-content\/uploads\/03_5KG_Haftgr.grob_.jpg","type":"image\/jpeg"}],"twitter_card":"summary_large_image","twitter_site":"@StuccoNaturale","schema":{"@context":"https:\/\/schema.org","@graph":[{"@type":"WebPage","@id":"https:\/\/www.stucco-naturale.com\/pl\/produkt\/podklad-adhezyjny-z-proszkiem-marmurowym\/","url":"https:\/\/www.stucco-naturale.com\/pl\/produkt\/podklad-adhezyjny-z-proszkiem-marmurowym\/","name":"Kup podk\u0142ad samoprzylepny z m\u0105k\u0105 marmurow\u0105 - Stucco naturale","isPartOf":{"@id":"https:\/\/www.stucco-naturale.com\/pl\/#website"},"primaryImageOfPage":{"@id":"https:\/\/www.stucco-naturale.com\/pl\/produkt\/podklad-adhezyjny-z-proszkiem-marmurowym\/#primaryimage"},"image":{"@id":"https:\/\/www.stucco-naturale.com\/pl\/produkt\/podklad-adhezyjny-z-proszkiem-marmurowym\/#primaryimage"},"thumbnailUrl":"https:\/\/www.stucco-naturale.com\/wp-content\/uploads\/03_5KG_Haftgr.grob_.jpg","datePublished":"2017-01-25T14:15:05+00:00","dateModified":"2026-03-27T17:19:51+00:00","description":"Podk\u0142ad samoprzylepny z m\u0105k\u0105 marmurow\u0105 jest idealnym podk\u0142adem gipsowym do tynk\u00f3w Stucco Veneziano\u060cMarmorino i innych tynk\u00f3w marmurowych. Zapobiega \u015bcieraniu metalu.","breadcrumb":{"@id":"https:\/\/www.stucco-naturale.com\/pl\/produkt\/podklad-adhezyjny-z-proszkiem-marmurowym\/#breadcrumb"},"inLanguage":"pl-PL","potentialAction":[{"@type":"ReadAction","target":["https:\/\/www.stucco-naturale.com\/pl\/produkt\/podklad-adhezyjny-z-proszkiem-marmurowym\/"]}]},{"@type":"ImageObject","inLanguage":"pl-PL","@id":"https:\/\/www.stucco-naturale.com\/pl\/produkt\/podklad-adhezyjny-z-proszkiem-marmurowym\/#primaryimage","url":"https:\/\/www.stucco-naturale.com\/wp-content\/uploads\/03_5KG_Haftgr.grob_.jpg","contentUrl":"https:\/\/www.stucco-naturale.com\/wp-content\/uploads\/03_5KG_Haftgr.grob_.jpg","width":800,"height":800,"caption":"Podk\u0142ad adhezyjny gruboziarnisty 5 l"},{"@type":"BreadcrumbList","@id":"https:\/\/www.stucco-naturale.com\/pl\/produkt\/podklad-adhezyjny-z-proszkiem-marmurowym\/#breadcrumb","itemListElement":[{"@type":"ListItem","position":1,"name":"Page d'accueil","item":"https:\/\/www.stucco-naturale.com\/pl\/"},{"@type":"ListItem","position":2,"name":"Sklep","item":"https:\/\/www.stucco-naturale.com\/shop\/"},{"@type":"ListItem","position":3,"name":"Podk\u0142ad adhezyjny z proszkiem marmurowym"}]},{"@type":"WebSite","@id":"https:\/\/www.stucco-naturale.com\/pl\/#website","url":"https:\/\/www.stucco-naturale.com\/pl\/","name":"Stucco naturale","description":"Sklep dla Stucco Veneziano, Marmorino i akcesoria","publisher":{"@id":"https:\/\/www.stucco-naturale.com\/pl\/#organization"},"potentialAction":[{"@type":"SearchAction","target":{"@type":"EntryPoint","urlTemplate":"https:\/\/www.stucco-naturale.com\/pl\/?s={search_term_string}"},"query-input":{"@type":"PropertyValueSpecification","valueRequired":true,"valueName":"search_term_string"}}],"inLanguage":"pl-PL"},{"@type":"Organization","@id":"https:\/\/www.stucco-naturale.com\/pl\/#organization","name":"Stucco naturale","url":"https:\/\/www.stucco-naturale.com\/pl\/","logo":{"@type":"ImageObject","inLanguage":"pl-PL","@id":"https:\/\/www.stucco-naturale.com\/pl\/#\/schema\/logo\/image\/","url":"https:\/\/www.stucco-naturale.com\/wp-content\/uploads\/logo_stucco-naturale.jpg","contentUrl":"https:\/\/www.stucco-naturale.com\/wp-content\/uploads\/logo_stucco-naturale.jpg","width":400,"height":600,"caption":"Stucco naturale"},"image":{"@id":"https:\/\/www.stucco-naturale.com\/pl\/#\/schema\/logo\/image\/"},"sameAs":["https:\/\/www.facebook.com\/natuerlicher.kalkputz\/","https:\/\/x.com\/StuccoNaturale","https:\/\/www.instagram.com\/stucco_naturale\/?hl=de"],"vatID":"ATU78081825"}]}},"_links":{"self":[{"href":"https:\/\/www.stucco-naturale.com\/pl\/wp-json\/wp\/v2\/product\/58288","targetHints":{"allow":["GET"]}}],"collection":[{"href":"https:\/\/www.stucco-naturale.com\/pl\/wp-json\/wp\/v2\/product"}],"about":[{"href":"https:\/\/www.stucco-naturale.com\/pl\/wp-json\/wp\/v2\/types\/product"}],"wp:featuredmedia":[{"embeddable":true,"href":"https:\/\/www.stucco-naturale.com\/pl\/wp-json\/wp\/v2\/media\/56273"}],"wp:attachment":[{"href":"https:\/\/www.stucco-naturale.com\/pl\/wp-json\/wp\/v2\/media?parent=58288"}],"wp:term":[{"taxonomy":"product_brand","embeddable":true,"href":"https:\/\/www.stucco-naturale.com\/pl\/wp-json\/wp\/v2\/product_brand?post=58288"},{"taxonomy":"product_cat","embeddable":true,"href":"https:\/\/www.stucco-naturale.com\/pl\/wp-json\/wp\/v2\/product_cat?post=58288"},{"taxonomy":"product_tag","embeddable":true,"href":"https:\/\/www.stucco-naturale.com\/pl\/wp-json\/wp\/v2\/product_tag?post=58288"}],"curies":[{"name":"wp","href":"https:\/\/api.w.org\/{rel}","templated":true}]}}