{"id":57752,"date":"2022-02-07T14:21:33","date_gmt":"2022-02-07T13:21:33","guid":{"rendered":"https:\/\/www.stucco-naturale.com\/produkt\/szablon-410\/"},"modified":"2026-03-27T19:09:32","modified_gmt":"2026-03-27T18:09:32","slug":"szablon-410","status":"publish","type":"product","link":"https:\/\/www.stucco-naturale.com\/pl\/produkt\/szablon-410\/","title":{"rendered":"Szablon 410"},"content":{"rendered":"\n<div class=\"et_pb_section_0 et_pb_section et_section_regular et_block_section\"><div class=\"et_pb_row_0 et_pb_row et_block_row\"><div class=\"et_pb_column_0 et_pb_column et_pb_column_4_4 et-last-child et_block_column et_pb_css_mix_blend_mode_passthrough\"><div class=\"et_pb_wc_cart_notice_0 et_pb_wc_cart_notice et_pb_fields_layout_default et_pb_module\"><div class=\"et_pb_module_inner\">\n\t<div class=\"woocommerce-message\" role=\"alert\">\n\t\t&ldquo;Product Name&rdquo; has been added to cart.\t<\/div>\n<\/div><\/div><\/div><\/div><div class=\"et_pb_row_1 et_pb_row et_block_row\"><div class=\"et_pb_column_1 et_pb_column et_pb_column_1_2 et_block_column et_pb_css_mix_blend_mode_passthrough\"><div class=\"et_pb_wc_images_0 et_pb_wc_images et_pb_module\"><div class=\"et_pb_module_inner\"><\/div><\/div><\/div><div class=\"et_pb_column_2 et_pb_column et_pb_column_1_2 et-last-child et_block_column et_pb_css_mix_blend_mode_passthrough\"><div class=\"et_pb_wc_title_0 et_pb_wc_title et_pb_bg_layout_light et_pb_module\"><div class=\"et_pb_module_inner\">\n\t\t<h1>Szablon 410<\/h1><\/div><\/div><\/div><\/div><div class=\"et_pb_row_2 et_pb_row et_block_row\"><div class=\"et_pb_column_3 et_pb_column et_pb_column_4_4 et-last-child et_block_column et_pb_css_mix_blend_mode_passthrough\"><div class=\"et_pb_wc_tabs_0 et_pb_wc_tabs et_pb_tabs et_pb_module\"><div class=\"et_pb_module_inner\"><ul class=\"et_pb_tabs_controls clearfix\"><\/ul><div class=\"et_pb_all_tabs\"><\/div><\/div><\/div><\/div><\/div><\/div>\n<span class=\"et_bloom_bottom_trigger\"><\/span>","protected":false},"excerpt":{"rendered":"","protected":false},"featured_media":56537,"template":"","meta":[],"product_brand":[],"product_cat":[468],"product_tag":[],"class_list":{"0":"post-57752","1":"product","2":"type-product","3":"status-publish","4":"has-post-thumbnail","6":"product_cat-szablony-malarskie-orient","7":"product_shipping_class-wysylka-paczek","9":"first","10":"instock","11":"taxable","12":"shipping-taxable","13":"purchasable","14":"product-type-variable","15":"has-default-attributes"},"yoast_head":"<!-- This site is optimized with the Yoast SEO Premium plugin v27.3 (Yoast SEO v27.3) - https:\/\/yoast.com\/product\/yoast-seo-premium-wordpress\/ -->\n<title>Szablon 410 - Stucco naturale<\/title>\n<meta name=\"description\" content=\"\u0106wier\u0107kolisty ornament do tworzenia orientalnej atmosfery. Szablon mo\u017ce by\u0107 u\u017cywany wielokrotnie. Prosz\u0119 kupi\u0107 online.\" \/>\n<meta name=\"robots\" content=\"index, follow, max-snippet:-1, max-image-preview:large, max-video-preview:-1\" \/>\n<link rel=\"canonical\" href=\"https:\/\/www.stucco-naturale.com\/pl\/produkt\/szablon-410\/\" \/>\n<meta property=\"og:locale\" content=\"pl_PL\" \/>\n<meta property=\"og:type\" content=\"article\" \/>\n<meta property=\"og:title\" content=\"Szablon 410\" \/>\n<meta property=\"og:description\" content=\"\u0106wier\u0107kolisty ornament do tworzenia orientalnej atmosfery. Szablon mo\u017ce by\u0107 u\u017cywany wielokrotnie. Prosz\u0119 kupi\u0107 online.\" \/>\n<meta property=\"og:url\" content=\"https:\/\/www.stucco-naturale.com\/pl\/produkt\/szablon-410\/\" \/>\n<meta property=\"og:site_name\" content=\"Stucco naturale\" \/>\n<meta property=\"article:publisher\" content=\"https:\/\/www.facebook.com\/natuerlicher.kalkputz\/\" \/>\n<meta property=\"article:modified_time\" content=\"2026-03-27T18:09:32+00:00\" \/>\n<meta property=\"og:image\" content=\"https:\/\/www.stucco-naturale.com\/wp-content\/uploads\/30_410_Schabl.jpg\" \/>\n\t<meta property=\"og:image:width\" content=\"800\" \/>\n\t<meta property=\"og:image:height\" content=\"800\" \/>\n\t<meta property=\"og:image:type\" content=\"image\/jpeg\" \/>\n<meta name=\"twitter:card\" content=\"summary_large_image\" \/>\n<meta name=\"twitter:site\" content=\"@StuccoNaturale\" \/>\n<script type=\"application\/ld+json\" class=\"yoast-schema-graph\">{\"@context\":\"https:\\\/\\\/schema.org\",\"@graph\":[{\"@type\":\"WebPage\",\"@id\":\"https:\\\/\\\/www.stucco-naturale.com\\\/pl\\\/produkt\\\/szablon-410\\\/\",\"url\":\"https:\\\/\\\/www.stucco-naturale.com\\\/pl\\\/produkt\\\/szablon-410\\\/\",\"name\":\"Szablon 410 - Stucco naturale\",\"isPartOf\":{\"@id\":\"https:\\\/\\\/www.stucco-naturale.com\\\/pl\\\/#website\"},\"primaryImageOfPage\":{\"@id\":\"https:\\\/\\\/www.stucco-naturale.com\\\/pl\\\/produkt\\\/szablon-410\\\/#primaryimage\"},\"image\":{\"@id\":\"https:\\\/\\\/www.stucco-naturale.com\\\/pl\\\/produkt\\\/szablon-410\\\/#primaryimage\"},\"thumbnailUrl\":\"https:\\\/\\\/www.stucco-naturale.com\\\/wp-content\\\/uploads\\\/30_410_Schabl.jpg\",\"datePublished\":\"2022-02-07T13:21:33+00:00\",\"dateModified\":\"2026-03-27T18:09:32+00:00\",\"description\":\"\u0106wier\u0107kolisty ornament do tworzenia orientalnej atmosfery. Szablon mo\u017ce by\u0107 u\u017cywany wielokrotnie. Prosz\u0119 kupi\u0107 online.\",\"breadcrumb\":{\"@id\":\"https:\\\/\\\/www.stucco-naturale.com\\\/pl\\\/produkt\\\/szablon-410\\\/#breadcrumb\"},\"inLanguage\":\"pl-PL\",\"potentialAction\":[{\"@type\":\"ReadAction\",\"target\":[\"https:\\\/\\\/www.stucco-naturale.com\\\/pl\\\/produkt\\\/szablon-410\\\/\"]}]},{\"@type\":\"ImageObject\",\"inLanguage\":\"pl-PL\",\"@id\":\"https:\\\/\\\/www.stucco-naturale.com\\\/pl\\\/produkt\\\/szablon-410\\\/#primaryimage\",\"url\":\"https:\\\/\\\/www.stucco-naturale.com\\\/wp-content\\\/uploads\\\/30_410_Schabl.jpg\",\"contentUrl\":\"https:\\\/\\\/www.stucco-naturale.com\\\/wp-content\\\/uploads\\\/30_410_Schabl.jpg\",\"width\":800,\"height\":800,\"caption\":\"Schablone 410\"},{\"@type\":\"BreadcrumbList\",\"@id\":\"https:\\\/\\\/www.stucco-naturale.com\\\/pl\\\/produkt\\\/szablon-410\\\/#breadcrumb\",\"itemListElement\":[{\"@type\":\"ListItem\",\"position\":1,\"name\":\"Page d'accueil\",\"item\":\"https:\\\/\\\/www.stucco-naturale.com\\\/pl\\\/\"},{\"@type\":\"ListItem\",\"position\":2,\"name\":\"Sklep\",\"item\":\"https:\\\/\\\/www.stucco-naturale.com\\\/shop\\\/\"},{\"@type\":\"ListItem\",\"position\":3,\"name\":\"Szablon 410\"}]},{\"@type\":\"WebSite\",\"@id\":\"https:\\\/\\\/www.stucco-naturale.com\\\/pl\\\/#website\",\"url\":\"https:\\\/\\\/www.stucco-naturale.com\\\/pl\\\/\",\"name\":\"Stucco naturale\",\"description\":\"Sklep dla Stucco Veneziano, Marmorino i akcesoria\",\"publisher\":{\"@id\":\"https:\\\/\\\/www.stucco-naturale.com\\\/pl\\\/#organization\"},\"potentialAction\":[{\"@type\":\"SearchAction\",\"target\":{\"@type\":\"EntryPoint\",\"urlTemplate\":\"https:\\\/\\\/www.stucco-naturale.com\\\/pl\\\/?s={search_term_string}\"},\"query-input\":{\"@type\":\"PropertyValueSpecification\",\"valueRequired\":true,\"valueName\":\"search_term_string\"}}],\"inLanguage\":\"pl-PL\"},{\"@type\":\"Organization\",\"@id\":\"https:\\\/\\\/www.stucco-naturale.com\\\/pl\\\/#organization\",\"name\":\"Stucco naturale\",\"url\":\"https:\\\/\\\/www.stucco-naturale.com\\\/pl\\\/\",\"logo\":{\"@type\":\"ImageObject\",\"inLanguage\":\"pl-PL\",\"@id\":\"https:\\\/\\\/www.stucco-naturale.com\\\/pl\\\/#\\\/schema\\\/logo\\\/image\\\/\",\"url\":\"https:\\\/\\\/www.stucco-naturale.com\\\/wp-content\\\/uploads\\\/logo_stucco-naturale.jpg\",\"contentUrl\":\"https:\\\/\\\/www.stucco-naturale.com\\\/wp-content\\\/uploads\\\/logo_stucco-naturale.jpg\",\"width\":400,\"height\":600,\"caption\":\"Stucco naturale\"},\"image\":{\"@id\":\"https:\\\/\\\/www.stucco-naturale.com\\\/pl\\\/#\\\/schema\\\/logo\\\/image\\\/\"},\"sameAs\":[\"https:\\\/\\\/www.facebook.com\\\/natuerlicher.kalkputz\\\/\",\"https:\\\/\\\/x.com\\\/StuccoNaturale\",\"https:\\\/\\\/www.instagram.com\\\/stucco_naturale\\\/?hl=de\"],\"vatID\":\"ATU78081825\"}]}<\/script>\n<!-- \/ Yoast SEO Premium plugin. -->","yoast_head_json":{"title":"Szablon 410 - Stucco naturale","description":"\u0106wier\u0107kolisty ornament do tworzenia orientalnej atmosfery. Szablon mo\u017ce by\u0107 u\u017cywany wielokrotnie. Prosz\u0119 kupi\u0107 online.","robots":{"index":"index","follow":"follow","max-snippet":"max-snippet:-1","max-image-preview":"max-image-preview:large","max-video-preview":"max-video-preview:-1"},"canonical":"https:\/\/www.stucco-naturale.com\/pl\/produkt\/szablon-410\/","og_locale":"pl_PL","og_type":"article","og_title":"Szablon 410","og_description":"\u0106wier\u0107kolisty ornament do tworzenia orientalnej atmosfery. Szablon mo\u017ce by\u0107 u\u017cywany wielokrotnie. Prosz\u0119 kupi\u0107 online.","og_url":"https:\/\/www.stucco-naturale.com\/pl\/produkt\/szablon-410\/","og_site_name":"Stucco naturale","article_publisher":"https:\/\/www.facebook.com\/natuerlicher.kalkputz\/","article_modified_time":"2026-03-27T18:09:32+00:00","og_image":[{"width":800,"height":800,"url":"https:\/\/www.stucco-naturale.com\/wp-content\/uploads\/30_410_Schabl.jpg","type":"image\/jpeg"}],"twitter_card":"summary_large_image","twitter_site":"@StuccoNaturale","schema":{"@context":"https:\/\/schema.org","@graph":[{"@type":"WebPage","@id":"https:\/\/www.stucco-naturale.com\/pl\/produkt\/szablon-410\/","url":"https:\/\/www.stucco-naturale.com\/pl\/produkt\/szablon-410\/","name":"Szablon 410 - Stucco naturale","isPartOf":{"@id":"https:\/\/www.stucco-naturale.com\/pl\/#website"},"primaryImageOfPage":{"@id":"https:\/\/www.stucco-naturale.com\/pl\/produkt\/szablon-410\/#primaryimage"},"image":{"@id":"https:\/\/www.stucco-naturale.com\/pl\/produkt\/szablon-410\/#primaryimage"},"thumbnailUrl":"https:\/\/www.stucco-naturale.com\/wp-content\/uploads\/30_410_Schabl.jpg","datePublished":"2022-02-07T13:21:33+00:00","dateModified":"2026-03-27T18:09:32+00:00","description":"\u0106wier\u0107kolisty ornament do tworzenia orientalnej atmosfery. Szablon mo\u017ce by\u0107 u\u017cywany wielokrotnie. Prosz\u0119 kupi\u0107 online.","breadcrumb":{"@id":"https:\/\/www.stucco-naturale.com\/pl\/produkt\/szablon-410\/#breadcrumb"},"inLanguage":"pl-PL","potentialAction":[{"@type":"ReadAction","target":["https:\/\/www.stucco-naturale.com\/pl\/produkt\/szablon-410\/"]}]},{"@type":"ImageObject","inLanguage":"pl-PL","@id":"https:\/\/www.stucco-naturale.com\/pl\/produkt\/szablon-410\/#primaryimage","url":"https:\/\/www.stucco-naturale.com\/wp-content\/uploads\/30_410_Schabl.jpg","contentUrl":"https:\/\/www.stucco-naturale.com\/wp-content\/uploads\/30_410_Schabl.jpg","width":800,"height":800,"caption":"Schablone 410"},{"@type":"BreadcrumbList","@id":"https:\/\/www.stucco-naturale.com\/pl\/produkt\/szablon-410\/#breadcrumb","itemListElement":[{"@type":"ListItem","position":1,"name":"Page d'accueil","item":"https:\/\/www.stucco-naturale.com\/pl\/"},{"@type":"ListItem","position":2,"name":"Sklep","item":"https:\/\/www.stucco-naturale.com\/shop\/"},{"@type":"ListItem","position":3,"name":"Szablon 410"}]},{"@type":"WebSite","@id":"https:\/\/www.stucco-naturale.com\/pl\/#website","url":"https:\/\/www.stucco-naturale.com\/pl\/","name":"Stucco naturale","description":"Sklep dla Stucco Veneziano, Marmorino i akcesoria","publisher":{"@id":"https:\/\/www.stucco-naturale.com\/pl\/#organization"},"potentialAction":[{"@type":"SearchAction","target":{"@type":"EntryPoint","urlTemplate":"https:\/\/www.stucco-naturale.com\/pl\/?s={search_term_string}"},"query-input":{"@type":"PropertyValueSpecification","valueRequired":true,"valueName":"search_term_string"}}],"inLanguage":"pl-PL"},{"@type":"Organization","@id":"https:\/\/www.stucco-naturale.com\/pl\/#organization","name":"Stucco naturale","url":"https:\/\/www.stucco-naturale.com\/pl\/","logo":{"@type":"ImageObject","inLanguage":"pl-PL","@id":"https:\/\/www.stucco-naturale.com\/pl\/#\/schema\/logo\/image\/","url":"https:\/\/www.stucco-naturale.com\/wp-content\/uploads\/logo_stucco-naturale.jpg","contentUrl":"https:\/\/www.stucco-naturale.com\/wp-content\/uploads\/logo_stucco-naturale.jpg","width":400,"height":600,"caption":"Stucco naturale"},"image":{"@id":"https:\/\/www.stucco-naturale.com\/pl\/#\/schema\/logo\/image\/"},"sameAs":["https:\/\/www.facebook.com\/natuerlicher.kalkputz\/","https:\/\/x.com\/StuccoNaturale","https:\/\/www.instagram.com\/stucco_naturale\/?hl=de"],"vatID":"ATU78081825"}]}},"_links":{"self":[{"href":"https:\/\/www.stucco-naturale.com\/pl\/wp-json\/wp\/v2\/product\/57752","targetHints":{"allow":["GET"]}}],"collection":[{"href":"https:\/\/www.stucco-naturale.com\/pl\/wp-json\/wp\/v2\/product"}],"about":[{"href":"https:\/\/www.stucco-naturale.com\/pl\/wp-json\/wp\/v2\/types\/product"}],"wp:featuredmedia":[{"embeddable":true,"href":"https:\/\/www.stucco-naturale.com\/pl\/wp-json\/wp\/v2\/media\/56537"}],"wp:attachment":[{"href":"https:\/\/www.stucco-naturale.com\/pl\/wp-json\/wp\/v2\/media?parent=57752"}],"wp:term":[{"taxonomy":"product_brand","embeddable":true,"href":"https:\/\/www.stucco-naturale.com\/pl\/wp-json\/wp\/v2\/product_brand?post=57752"},{"taxonomy":"product_cat","embeddable":true,"href":"https:\/\/www.stucco-naturale.com\/pl\/wp-json\/wp\/v2\/product_cat?post=57752"},{"taxonomy":"product_tag","embeddable":true,"href":"https:\/\/www.stucco-naturale.com\/pl\/wp-json\/wp\/v2\/product_tag?post=57752"}],"curies":[{"name":"wp","href":"https:\/\/api.w.org\/{rel}","templated":true}]}}