{"id":57579,"date":"2018-02-14T11:33:16","date_gmt":"2018-02-14T10:33:16","guid":{"rendered":"https:\/\/www.stucco-naturale.com\/produkt\/farba-wapienna\/"},"modified":"2026-03-27T18:33:43","modified_gmt":"2026-03-27T17:33:43","slug":"farba-wapienna","status":"publish","type":"product","link":"https:\/\/www.stucco-naturale.com\/pl\/produkt\/farba-wapienna\/","title":{"rendered":"Farba wapienna"},"content":{"rendered":"<div class=\"et_pb_section_0 et_pb_section et_section_regular et_block_section\"><div class=\"et_pb_row_0 et_pb_row et_block_row\"><div class=\"et_pb_column_0 et_pb_column et_pb_column_4_4 et-last-child et_block_column et_pb_css_mix_blend_mode_passthrough\"><div class=\"et_pb_wc_cart_notice_0 et_pb_wc_cart_notice et_pb_fields_layout_default et_pb_module\"><div class=\"et_pb_module_inner\">\n\t<div class=\"woocommerce-message\" role=\"alert\">\n\t\t&ldquo;Product Name&rdquo; has been added to cart.\t<\/div>\n<\/div><\/div><\/div><\/div><div class=\"et_pb_row_1 et_pb_row et_block_row\"><div class=\"et_pb_column_1 et_pb_column et_pb_column_1_2 et_block_column et_pb_css_mix_blend_mode_passthrough\"><div class=\"et_pb_wc_images_0 et_pb_wc_images et_pb_module\"><div class=\"et_pb_module_inner\"><\/div><\/div><\/div><div class=\"et_pb_column_2 et_pb_column et_pb_column_1_2 et-last-child et_block_column et_pb_css_mix_blend_mode_passthrough\"><div class=\"et_pb_wc_title_0 et_pb_wc_title et_pb_bg_layout_light et_pb_module\"><div class=\"et_pb_module_inner\">\n\t\t<h1>Farba wapienna<\/h1><\/div><\/div><div class=\"et_pb_text_0 et_pb_text et_pb_bg_layout_light et_pb_module et_block_module\"><div class=\"et_pb_text_inner\"><p>Przedstawione pr\u00f3bki kolor\u00f3w zosta\u0142y pomalowane marmurow\u0105 farb\u0105 wapienn\u0105 i 10% suchych kolor\u00f3w. Je\u015bli chc\u0105 Pa\u0144stwo uzyska\u0107 pastelowe kolory, nale\u017cy u\u017cy\u0107 mniej suchej farby.<\/p>\n<p>Je\u015bli klikn\u0105 Pa\u0144stwo na szk\u0142o powi\u0119kszaj\u0105ce u g\u00f3ry zdj\u0119cia, zostanie napisane, jakie pigmenty zosta\u0142y u\u017cyte w poszczeg\u00f3lnych pr\u00f3bkach kolor\u00f3w.<\/p>\n<\/div><\/div><\/div><\/div><div class=\"et_pb_row_2 et_pb_row et_block_row\"><div class=\"et_pb_column_3 et_pb_column et_pb_column_4_4 et-last-child et_block_column et_pb_css_mix_blend_mode_passthrough\"><div class=\"et_pb_wc_tabs_0 et_pb_wc_tabs et_pb_tabs et_pb_module\"><div class=\"et_pb_module_inner\"><ul class=\"et_pb_tabs_controls clearfix\"><\/ul><div class=\"et_pb_all_tabs\"><\/div><\/div><\/div><\/div><\/div><\/div><span class=\"et_bloom_bottom_trigger\"><\/span>","protected":false},"excerpt":{"rendered":"<p>Gotowa do u\u017cycia, matowa farba w kolorze marmuru wapiennego.<br \/>Wysoce dyfuzyjna i antyalergiczna, dla zdrowego stylu \u017cycia.<br \/>Zawarto\u015b\u0107: 20 kg<\/p>\n","protected":false},"featured_media":68937,"template":"","meta":[],"product_brand":[],"product_cat":[478],"product_tag":[],"class_list":{"0":"post-57579","1":"product","2":"type-product","3":"status-publish","4":"has-post-thumbnail","6":"product_cat-farby-wapienne-bagienne","7":"product_shipping_class-wysylka-paczek","9":"first","10":"instock","11":"taxable","12":"shipping-taxable","13":"purchasable","14":"product-type-simple"},"yoast_head":"<!-- This site is optimized with the Yoast SEO Premium plugin v27.3 (Yoast SEO v27.3) - https:\/\/yoast.com\/product\/yoast-seo-premium-wordpress\/ -->\n<title>Naturalna farba wapienna \u2013 ekologiczna i oddychaj\u0105ca - Stucco naturale<\/title>\n<meta name=\"description\" content=\"Naturalna farba wapienna \u2013 ekologiczna i oddychaj\u0105ca Oddychaj\u0105ca, wolna od substancji szkodliwych farba wapienna z czystego wapna palonego. Ekologiczna, antybakteryjna i w 100% nadaj\u0105ca si\u0119 do recyklingu \u2013 idealna do zdrowego mieszkania.\" \/>\n<meta name=\"robots\" content=\"index, follow, max-snippet:-1, max-image-preview:large, max-video-preview:-1\" \/>\n<link rel=\"canonical\" href=\"https:\/\/www.stucco-naturale.com\/pl\/produkt\/farba-wapienna\/\" \/>\n<meta property=\"og:locale\" content=\"pl_PL\" \/>\n<meta property=\"og:type\" content=\"article\" \/>\n<meta property=\"og:title\" content=\"Kup wysokiej jako\u015bci farb\u0119 wapienn\u0105\/farb\u0119 wapienn\u0105 z dodatkiem wapna palonego\" \/>\n<meta property=\"og:description\" content=\"Gotowa do u\u017cycia, matowa farba wapienna\/farba wapienna z osadem. Wysoce paroprzepuszczalna i antyalergiczna, zapewnia zdrowe warunki mieszkaniowe. Zawarto\u015b\u0107 20 kg.\" \/>\n<meta property=\"og:url\" content=\"https:\/\/www.stucco-naturale.com\/pl\/produkt\/farba-wapienna\/\" \/>\n<meta property=\"og:site_name\" content=\"Stucco naturale\" \/>\n<meta property=\"article:publisher\" content=\"https:\/\/www.facebook.com\/natuerlicher.kalkputz\/\" \/>\n<meta property=\"article:modified_time\" content=\"2026-03-27T17:33:43+00:00\" \/>\n<meta property=\"og:image\" content=\"https:\/\/www.stucco-naturale.com\/wp-content\/uploads\/Kalkanstrich-Stucco-naturale.jpg\" \/>\n\t<meta property=\"og:image:width\" content=\"800\" \/>\n\t<meta property=\"og:image:height\" content=\"800\" \/>\n\t<meta property=\"og:image:type\" content=\"image\/jpeg\" \/>\n<meta name=\"twitter:card\" content=\"summary_large_image\" \/>\n<meta name=\"twitter:title\" content=\"Farba wapienna\" \/>\n<meta name=\"twitter:site\" content=\"@StuccoNaturale\" \/>\n<script type=\"application\/ld+json\" class=\"yoast-schema-graph\">{\"@context\":\"https:\\\/\\\/schema.org\",\"@graph\":[{\"@type\":\"WebPage\",\"@id\":\"https:\\\/\\\/www.stucco-naturale.com\\\/pl\\\/produkt\\\/farba-wapienna\\\/\",\"url\":\"https:\\\/\\\/www.stucco-naturale.com\\\/pl\\\/produkt\\\/farba-wapienna\\\/\",\"name\":\"Naturalna farba wapienna \u2013 ekologiczna i oddychaj\u0105ca - Stucco naturale\",\"isPartOf\":{\"@id\":\"https:\\\/\\\/www.stucco-naturale.com\\\/pl\\\/#website\"},\"primaryImageOfPage\":{\"@id\":\"https:\\\/\\\/www.stucco-naturale.com\\\/pl\\\/produkt\\\/farba-wapienna\\\/#primaryimage\"},\"image\":{\"@id\":\"https:\\\/\\\/www.stucco-naturale.com\\\/pl\\\/produkt\\\/farba-wapienna\\\/#primaryimage\"},\"thumbnailUrl\":\"https:\\\/\\\/www.stucco-naturale.com\\\/wp-content\\\/uploads\\\/Kalkanstrich-Stucco-naturale.jpg\",\"datePublished\":\"2018-02-14T10:33:16+00:00\",\"dateModified\":\"2026-03-27T17:33:43+00:00\",\"description\":\"Naturalna farba wapienna \u2013 ekologiczna i oddychaj\u0105ca Oddychaj\u0105ca, wolna od substancji szkodliwych farba wapienna z czystego wapna palonego. Ekologiczna, antybakteryjna i w 100% nadaj\u0105ca si\u0119 do recyklingu \u2013 idealna do zdrowego mieszkania.\",\"breadcrumb\":{\"@id\":\"https:\\\/\\\/www.stucco-naturale.com\\\/pl\\\/produkt\\\/farba-wapienna\\\/#breadcrumb\"},\"inLanguage\":\"pl-PL\",\"potentialAction\":[{\"@type\":\"ReadAction\",\"target\":[\"https:\\\/\\\/www.stucco-naturale.com\\\/pl\\\/produkt\\\/farba-wapienna\\\/\"]}]},{\"@type\":\"ImageObject\",\"inLanguage\":\"pl-PL\",\"@id\":\"https:\\\/\\\/www.stucco-naturale.com\\\/pl\\\/produkt\\\/farba-wapienna\\\/#primaryimage\",\"url\":\"https:\\\/\\\/www.stucco-naturale.com\\\/wp-content\\\/uploads\\\/Kalkanstrich-Stucco-naturale.jpg\",\"contentUrl\":\"https:\\\/\\\/www.stucco-naturale.com\\\/wp-content\\\/uploads\\\/Kalkanstrich-Stucco-naturale.jpg\",\"width\":800,\"height\":800,\"caption\":\"Farba wapienna 20 kg\"},{\"@type\":\"BreadcrumbList\",\"@id\":\"https:\\\/\\\/www.stucco-naturale.com\\\/pl\\\/produkt\\\/farba-wapienna\\\/#breadcrumb\",\"itemListElement\":[{\"@type\":\"ListItem\",\"position\":1,\"name\":\"Page d'accueil\",\"item\":\"https:\\\/\\\/www.stucco-naturale.com\\\/pl\\\/\"},{\"@type\":\"ListItem\",\"position\":2,\"name\":\"Sklep\",\"item\":\"https:\\\/\\\/www.stucco-naturale.com\\\/shop\\\/\"},{\"@type\":\"ListItem\",\"position\":3,\"name\":\"Farba wapienna\"}]},{\"@type\":\"WebSite\",\"@id\":\"https:\\\/\\\/www.stucco-naturale.com\\\/pl\\\/#website\",\"url\":\"https:\\\/\\\/www.stucco-naturale.com\\\/pl\\\/\",\"name\":\"Stucco naturale\",\"description\":\"Sklep dla Stucco Veneziano, Marmorino i akcesoria\",\"publisher\":{\"@id\":\"https:\\\/\\\/www.stucco-naturale.com\\\/pl\\\/#organization\"},\"potentialAction\":[{\"@type\":\"SearchAction\",\"target\":{\"@type\":\"EntryPoint\",\"urlTemplate\":\"https:\\\/\\\/www.stucco-naturale.com\\\/pl\\\/?s={search_term_string}\"},\"query-input\":{\"@type\":\"PropertyValueSpecification\",\"valueRequired\":true,\"valueName\":\"search_term_string\"}}],\"inLanguage\":\"pl-PL\"},{\"@type\":\"Organization\",\"@id\":\"https:\\\/\\\/www.stucco-naturale.com\\\/pl\\\/#organization\",\"name\":\"Stucco naturale\",\"url\":\"https:\\\/\\\/www.stucco-naturale.com\\\/pl\\\/\",\"logo\":{\"@type\":\"ImageObject\",\"inLanguage\":\"pl-PL\",\"@id\":\"https:\\\/\\\/www.stucco-naturale.com\\\/pl\\\/#\\\/schema\\\/logo\\\/image\\\/\",\"url\":\"https:\\\/\\\/www.stucco-naturale.com\\\/wp-content\\\/uploads\\\/logo_stucco-naturale.jpg\",\"contentUrl\":\"https:\\\/\\\/www.stucco-naturale.com\\\/wp-content\\\/uploads\\\/logo_stucco-naturale.jpg\",\"width\":400,\"height\":600,\"caption\":\"Stucco naturale\"},\"image\":{\"@id\":\"https:\\\/\\\/www.stucco-naturale.com\\\/pl\\\/#\\\/schema\\\/logo\\\/image\\\/\"},\"sameAs\":[\"https:\\\/\\\/www.facebook.com\\\/natuerlicher.kalkputz\\\/\",\"https:\\\/\\\/x.com\\\/StuccoNaturale\",\"https:\\\/\\\/www.instagram.com\\\/stucco_naturale\\\/?hl=de\"],\"vatID\":\"ATU78081825\"}]}<\/script>\n<!-- \/ Yoast SEO Premium plugin. -->","yoast_head_json":{"title":"Naturalna farba wapienna \u2013 ekologiczna i oddychaj\u0105ca - Stucco naturale","description":"Naturalna farba wapienna \u2013 ekologiczna i oddychaj\u0105ca Oddychaj\u0105ca, wolna od substancji szkodliwych farba wapienna z czystego wapna palonego. Ekologiczna, antybakteryjna i w 100% nadaj\u0105ca si\u0119 do recyklingu \u2013 idealna do zdrowego mieszkania.","robots":{"index":"index","follow":"follow","max-snippet":"max-snippet:-1","max-image-preview":"max-image-preview:large","max-video-preview":"max-video-preview:-1"},"canonical":"https:\/\/www.stucco-naturale.com\/pl\/produkt\/farba-wapienna\/","og_locale":"pl_PL","og_type":"article","og_title":"Kup wysokiej jako\u015bci farb\u0119 wapienn\u0105\/farb\u0119 wapienn\u0105 z dodatkiem wapna palonego","og_description":"Gotowa do u\u017cycia, matowa farba wapienna\/farba wapienna z osadem. Wysoce paroprzepuszczalna i antyalergiczna, zapewnia zdrowe warunki mieszkaniowe. Zawarto\u015b\u0107 20 kg.","og_url":"https:\/\/www.stucco-naturale.com\/pl\/produkt\/farba-wapienna\/","og_site_name":"Stucco naturale","article_publisher":"https:\/\/www.facebook.com\/natuerlicher.kalkputz\/","article_modified_time":"2026-03-27T17:33:43+00:00","og_image":[{"width":800,"height":800,"url":"https:\/\/www.stucco-naturale.com\/wp-content\/uploads\/Kalkanstrich-Stucco-naturale.jpg","type":"image\/jpeg"}],"twitter_card":"summary_large_image","twitter_title":"Farba wapienna","twitter_site":"@StuccoNaturale","schema":{"@context":"https:\/\/schema.org","@graph":[{"@type":"WebPage","@id":"https:\/\/www.stucco-naturale.com\/pl\/produkt\/farba-wapienna\/","url":"https:\/\/www.stucco-naturale.com\/pl\/produkt\/farba-wapienna\/","name":"Naturalna farba wapienna \u2013 ekologiczna i oddychaj\u0105ca - Stucco naturale","isPartOf":{"@id":"https:\/\/www.stucco-naturale.com\/pl\/#website"},"primaryImageOfPage":{"@id":"https:\/\/www.stucco-naturale.com\/pl\/produkt\/farba-wapienna\/#primaryimage"},"image":{"@id":"https:\/\/www.stucco-naturale.com\/pl\/produkt\/farba-wapienna\/#primaryimage"},"thumbnailUrl":"https:\/\/www.stucco-naturale.com\/wp-content\/uploads\/Kalkanstrich-Stucco-naturale.jpg","datePublished":"2018-02-14T10:33:16+00:00","dateModified":"2026-03-27T17:33:43+00:00","description":"Naturalna farba wapienna \u2013 ekologiczna i oddychaj\u0105ca Oddychaj\u0105ca, wolna od substancji szkodliwych farba wapienna z czystego wapna palonego. Ekologiczna, antybakteryjna i w 100% nadaj\u0105ca si\u0119 do recyklingu \u2013 idealna do zdrowego mieszkania.","breadcrumb":{"@id":"https:\/\/www.stucco-naturale.com\/pl\/produkt\/farba-wapienna\/#breadcrumb"},"inLanguage":"pl-PL","potentialAction":[{"@type":"ReadAction","target":["https:\/\/www.stucco-naturale.com\/pl\/produkt\/farba-wapienna\/"]}]},{"@type":"ImageObject","inLanguage":"pl-PL","@id":"https:\/\/www.stucco-naturale.com\/pl\/produkt\/farba-wapienna\/#primaryimage","url":"https:\/\/www.stucco-naturale.com\/wp-content\/uploads\/Kalkanstrich-Stucco-naturale.jpg","contentUrl":"https:\/\/www.stucco-naturale.com\/wp-content\/uploads\/Kalkanstrich-Stucco-naturale.jpg","width":800,"height":800,"caption":"Farba wapienna 20 kg"},{"@type":"BreadcrumbList","@id":"https:\/\/www.stucco-naturale.com\/pl\/produkt\/farba-wapienna\/#breadcrumb","itemListElement":[{"@type":"ListItem","position":1,"name":"Page d'accueil","item":"https:\/\/www.stucco-naturale.com\/pl\/"},{"@type":"ListItem","position":2,"name":"Sklep","item":"https:\/\/www.stucco-naturale.com\/shop\/"},{"@type":"ListItem","position":3,"name":"Farba wapienna"}]},{"@type":"WebSite","@id":"https:\/\/www.stucco-naturale.com\/pl\/#website","url":"https:\/\/www.stucco-naturale.com\/pl\/","name":"Stucco naturale","description":"Sklep dla Stucco Veneziano, Marmorino i akcesoria","publisher":{"@id":"https:\/\/www.stucco-naturale.com\/pl\/#organization"},"potentialAction":[{"@type":"SearchAction","target":{"@type":"EntryPoint","urlTemplate":"https:\/\/www.stucco-naturale.com\/pl\/?s={search_term_string}"},"query-input":{"@type":"PropertyValueSpecification","valueRequired":true,"valueName":"search_term_string"}}],"inLanguage":"pl-PL"},{"@type":"Organization","@id":"https:\/\/www.stucco-naturale.com\/pl\/#organization","name":"Stucco naturale","url":"https:\/\/www.stucco-naturale.com\/pl\/","logo":{"@type":"ImageObject","inLanguage":"pl-PL","@id":"https:\/\/www.stucco-naturale.com\/pl\/#\/schema\/logo\/image\/","url":"https:\/\/www.stucco-naturale.com\/wp-content\/uploads\/logo_stucco-naturale.jpg","contentUrl":"https:\/\/www.stucco-naturale.com\/wp-content\/uploads\/logo_stucco-naturale.jpg","width":400,"height":600,"caption":"Stucco naturale"},"image":{"@id":"https:\/\/www.stucco-naturale.com\/pl\/#\/schema\/logo\/image\/"},"sameAs":["https:\/\/www.facebook.com\/natuerlicher.kalkputz\/","https:\/\/x.com\/StuccoNaturale","https:\/\/www.instagram.com\/stucco_naturale\/?hl=de"],"vatID":"ATU78081825"}]}},"_links":{"self":[{"href":"https:\/\/www.stucco-naturale.com\/pl\/wp-json\/wp\/v2\/product\/57579","targetHints":{"allow":["GET"]}}],"collection":[{"href":"https:\/\/www.stucco-naturale.com\/pl\/wp-json\/wp\/v2\/product"}],"about":[{"href":"https:\/\/www.stucco-naturale.com\/pl\/wp-json\/wp\/v2\/types\/product"}],"wp:featuredmedia":[{"embeddable":true,"href":"https:\/\/www.stucco-naturale.com\/pl\/wp-json\/wp\/v2\/media\/68937"}],"wp:attachment":[{"href":"https:\/\/www.stucco-naturale.com\/pl\/wp-json\/wp\/v2\/media?parent=57579"}],"wp:term":[{"taxonomy":"product_brand","embeddable":true,"href":"https:\/\/www.stucco-naturale.com\/pl\/wp-json\/wp\/v2\/product_brand?post=57579"},{"taxonomy":"product_cat","embeddable":true,"href":"https:\/\/www.stucco-naturale.com\/pl\/wp-json\/wp\/v2\/product_cat?post=57579"},{"taxonomy":"product_tag","embeddable":true,"href":"https:\/\/www.stucco-naturale.com\/pl\/wp-json\/wp\/v2\/product_tag?post=57579"}],"curies":[{"name":"wp","href":"https:\/\/api.w.org\/{rel}","templated":true}]}}