{"id":57379,"date":"2017-01-26T17:17:06","date_gmt":"2017-01-26T16:17:06","guid":{"rendered":"https:\/\/www.stucco-naturale.com\/produkt\/tarcza-szlifierska-do-polerowania\/"},"modified":"2026-03-27T18:26:24","modified_gmt":"2026-03-27T17:26:24","slug":"tarcza-szlifierska-do-polerowania","status":"publish","type":"product","link":"https:\/\/www.stucco-naturale.com\/pl\/produkt\/tarcza-szlifierska-do-polerowania\/","title":{"rendered":"Tarcza szlifierska do polerowania"},"content":{"rendered":"\n<div class=\"et_pb_section_0 et_pb_section et_section_regular et_block_section\"><div class=\"et_pb_row_0 et_pb_row et_block_row\"><div class=\"et_pb_column_0 et_pb_column et_pb_column_4_4 et-last-child et_block_column et_pb_css_mix_blend_mode_passthrough\"><div class=\"et_pb_wc_cart_notice_0 et_pb_wc_cart_notice et_pb_fields_layout_default et_pb_module\"><div class=\"et_pb_module_inner\">\n\t<div class=\"woocommerce-message\" role=\"alert\">\n\t\t&ldquo;Product Name&rdquo; has been added to cart.\t<\/div>\n<\/div><\/div><\/div><\/div><div class=\"et_pb_row_1 et_pb_row et_block_row\"><div class=\"et_pb_column_1 et_pb_column et_pb_column_1_2 et_block_column et_pb_css_mix_blend_mode_passthrough\"><div class=\"et_pb_wc_images_0 et_pb_wc_images et_pb_module\"><div class=\"et_pb_module_inner\"><\/div><\/div><\/div><div class=\"et_pb_column_2 et_pb_column et_pb_column_1_2 et-last-child et_block_column et_pb_css_mix_blend_mode_passthrough\"><div class=\"et_pb_wc_title_0 et_pb_wc_title et_pb_bg_layout_light et_pb_module\"><div class=\"et_pb_module_inner\">\n\t\t<h1>Tarcza szlifierska do polerowania<\/h1><\/div><\/div><\/div><\/div><div class=\"et_pb_row_2 et_pb_row et_block_row\"><div class=\"et_pb_column_3 et_pb_column et_pb_column_4_4 et-last-child et_block_column et_pb_css_mix_blend_mode_passthrough\"><div class=\"et_pb_wc_tabs_0 et_pb_wc_tabs et_pb_tabs et_pb_module\"><div class=\"et_pb_module_inner\"><ul class=\"et_pb_tabs_controls clearfix\"><\/ul><div class=\"et_pb_all_tabs\"><\/div><\/div><\/div><\/div><\/div><div class=\"et_pb_row_3 et_pb_row et_block_row\"><div class=\"et_pb_column_4 et_pb_column et_pb_column_1_2 et_block_column et_pb_css_mix_blend_mode_passthrough\"><div class=\"et_pb_text_0 et_pb_text et_pb_bg_layout_light et_pb_module et_block_module et_pb_text_align_center\"><div class=\"et_pb_text_inner\"><h3>GINOUR - tani i dobry<\/h3>\n<\/div><\/div><div class=\"et_pb_image_0 et_pb_image et_pb_module et_block_module\"><span class=\"et_pb_image_wrap\"><img decoding=\"async\" src=\"https:\/\/www.stucco-naturale.com\/wp-content\/uploads\/Ginour-Poliermaschine-Amazon.jpg\" width=\"300\" height=\"300\" srcset=\"https:\/\/www.stucco-naturale.com\/wp-content\/uploads\/Ginour-Poliermaschine-Amazon.jpg 300w, https:\/\/www.stucco-naturale.com\/wp-content\/uploads\/Ginour-Poliermaschine-Amazon-150x150.jpg 150w, https:\/\/www.stucco-naturale.com\/wp-content\/uploads\/Ginour-Poliermaschine-Amazon-100x100.jpg 100w\" sizes=\"(max-width: 300px) 100vw, 300px\" class=\"wp-image-57393\" title=\"&lt;p&gt;Ginour-Maszyna do polerowania-Amazon&lt;\/p&gt;\" alt=\"&lt;p&gt;Zestaw do polerowania 150 mm&lt;\/p&gt;\" \/><\/span><\/div><div class=\"et_pb_module et_pb_button_module_wrapper et_pb_button_0_wrapper\"><a class=\"et_pb_button_0 et_pb_button et_pb_bg_layout_dark et_pb_module et_block_module\" href=\"https:\/\/www.amazon.de\/Poliermaschine-Geschwindigkeit-Polierschwamm-abnehmbarer-Seitengriff\/dp\/B084GNBVHG\/ref=asc_df_B084GNBVHG\/?tag=googshopde-21&#038;linkCode=df0&#038;hvadid=415577620730&#038;hvpos=&#038;hvnetw=g&#038;hvrand=2755262933796388735&#038;hvpone=&#038;hvptwo=&#038;hvqmt=&#038;hvdev=c&#038;hvdvcmdl=&#038;hvlocint=&#038;hvlocphy=1000941&#038;hvtargid=pla-876969199803&#038;psc=1&#038;th=1&#038;psc=1&#038;tag=&#038;ref=&#038;adgrpid=91940775103&#038;hvpone=&#038;hvptwo=&#038;hvadid=415577620730&#038;hvpos=&#038;hvnetw=g&#038;hvrand=2755262933796388735&#038;hvqmt=&#038;hvdev=c&#038;hvdvcmdl=&#038;hvlocint=&#038;hvlocphy=1000941&#038;hvtargid=pla-876969199803&#038;_encoding=UTF8&#038;tag=fiwa1-21&#038;linkCode=ur2&#038;linkId=d96dce02b21f3573b601f5a4b6e05721&#038;camp=1638&#038;creative=6742\" target=\"_blank\">Prosz\u0119 klikn\u0105\u0107 tutaj, aby zapozna\u0107 si\u0119 z ofert\u0105 GINOUR *<\/a><\/div><div class=\"et_pb_text_1 et_pb_text et_pb_bg_layout_light et_pb_module et_block_module et_pb_text_align_center\"><div class=\"et_pb_text_inner\"><p>*Powi\u0105zanie afiliacyjne<\/p>\n<\/div><\/div><\/div><div class=\"et_pb_column_5 et_pb_column et_pb_column_1_2 et-last-child et_block_column et_pb_css_mix_blend_mode_passthrough\"><div class=\"et_pb_text_2 et_pb_text et_pb_bg_layout_light et_pb_module et_block_module et_pb_text_align_center\"><div class=\"et_pb_text_inner\"><h3>FESTOOL - profesjonalne narz\u0119dzia z wieloma akcesoriami<\/h3>\n<\/div><\/div><div class=\"et_pb_image_1 et_pb_image et_pb_module et_block_module\"><span class=\"et_pb_image_wrap\"><img decoding=\"async\" src=\"https:\/\/www.stucco-naturale.com\/wp-content\/uploads\/Festool-RO-150-Amazon.jpg\" width=\"300\" height=\"298\" srcset=\"https:\/\/www.stucco-naturale.com\/wp-content\/uploads\/Festool-RO-150-Amazon.jpg 300w, https:\/\/www.stucco-naturale.com\/wp-content\/uploads\/Festool-RO-150-Amazon-150x150.jpg 150w, https:\/\/www.stucco-naturale.com\/wp-content\/uploads\/Festool-RO-150-Amazon-100x100.jpg 100w\" sizes=\"(max-width: 300px) 100vw, 300px\" class=\"wp-image-57397\" title=\"&lt;p&gt;Festool-RO-150-Amazon&lt;\/p&gt;\" alt=\"&lt;p&gt;Festool-RO-150-Amazon&lt;\/p&gt;\" \/><\/span><\/div><div class=\"et_pb_module et_pb_button_module_wrapper et_pb_button_1_wrapper\"><a class=\"et_pb_button_1 et_pb_button et_pb_bg_layout_dark et_pb_module et_block_module\" href=\"https:\/\/www.amazon.de\/Festool-Getriebe-Exzenterschleifer-150-FEQ-Plus-ROTEX\/dp\/B073S9C7ZC\/ref=sr_1_10?keywords=festool+poliermaschine&#038;qid=1690808129&#038;sr=8-10&#038;_encoding=UTF8&#038;tag=fiwa1-21&#038;linkCode=ur2&#038;linkId=334576afd76930cfc47b42f10923549e&#038;camp=1638&#038;creative=6742\" target=\"_blank\">Prosz\u0119 klikn\u0105\u0107 tutaj, aby zapozna\u0107 si\u0119 z ofert\u0105 Festool *<\/a><\/div><\/div><\/div><\/div>\n<span class=\"et_bloom_bottom_trigger\"><\/span>","protected":false},"excerpt":{"rendered":"<p>\u015aciernice do polerowania z rzepem<br \/>R\u00f3\u017cne wielko\u015bci ziarna 360, 600, 1000, 4000<br \/>\u015arednica 150 mm<\/p>\n","protected":false},"featured_media":55382,"template":"","meta":[],"product_brand":[],"product_cat":[490,488],"product_tag":[],"class_list":{"0":"post-57379","1":"product","2":"type-product","3":"status-publish","4":"has-post-thumbnail","6":"product_cat-akcesoria","7":"product_cat-narzedzie","8":"product_shipping_class-wysylka-paczek","10":"first","11":"instock","12":"taxable","13":"shipping-taxable","14":"purchasable","15":"product-type-variable"},"yoast_head":"<!-- This site is optimized with the Yoast SEO Premium plugin v27.5 (Yoast SEO v27.5) - https:\/\/yoast.com\/product\/yoast-seo-premium-wordpress\/ -->\n<title>\u015aciernica do polerowania Mirka 4000 - Stucco naturale<\/title>\n<meta name=\"description\" content=\"\u015aciernica polerska 4000 mikron\u00f3w do polerowania Stiuk Wenecki. Tutaj mog\u0105 Pa\u0144stwo zam\u00f3wi\u0107 je tanio i bezpiecznie online.\" \/>\n<meta name=\"robots\" content=\"index, follow, max-snippet:-1, max-image-preview:large, max-video-preview:-1\" \/>\n<link rel=\"canonical\" href=\"https:\/\/www.stucco-naturale.com\/pl\/produkt\/tarcza-szlifierska-do-polerowania\/\" \/>\n<meta property=\"og:locale\" content=\"pl_PL\" \/>\n<meta property=\"og:type\" content=\"article\" \/>\n<meta property=\"og:title\" content=\"Tarcza szlifierska do polerowania\" \/>\n<meta property=\"og:description\" content=\"\u015aciernica polerska 4000 mikron\u00f3w do polerowania Stiuk Wenecki. Tutaj mog\u0105 Pa\u0144stwo zam\u00f3wi\u0107 je tanio i bezpiecznie online.\" \/>\n<meta property=\"og:url\" content=\"https:\/\/www.stucco-naturale.com\/pl\/produkt\/tarcza-szlifierska-do-polerowania\/\" \/>\n<meta property=\"og:site_name\" content=\"Stucco naturale\" \/>\n<meta property=\"article:publisher\" content=\"https:\/\/www.facebook.com\/natuerlicher.kalkputz\/\" \/>\n<meta property=\"article:modified_time\" content=\"2026-03-27T17:26:24+00:00\" \/>\n<meta property=\"og:image\" content=\"https:\/\/www.stucco-naturale.com\/wp-content\/uploads\/Schleifscheibe-Abralon-P4000.jpg\" \/>\n\t<meta property=\"og:image:width\" content=\"800\" \/>\n\t<meta property=\"og:image:height\" content=\"800\" \/>\n\t<meta property=\"og:image:type\" content=\"image\/jpeg\" \/>\n<meta name=\"twitter:card\" content=\"summary_large_image\" \/>\n<meta name=\"twitter:site\" content=\"@StuccoNaturale\" \/>\n<script type=\"application\/ld+json\" class=\"yoast-schema-graph\">{\"@context\":\"https:\\\/\\\/schema.org\",\"@graph\":[{\"@type\":\"WebPage\",\"@id\":\"https:\\\/\\\/www.stucco-naturale.com\\\/pl\\\/produkt\\\/tarcza-szlifierska-do-polerowania\\\/\",\"url\":\"https:\\\/\\\/www.stucco-naturale.com\\\/pl\\\/produkt\\\/tarcza-szlifierska-do-polerowania\\\/\",\"name\":\"\u015aciernica do polerowania Mirka 4000 - Stucco naturale\",\"isPartOf\":{\"@id\":\"https:\\\/\\\/www.stucco-naturale.com\\\/pl\\\/#website\"},\"primaryImageOfPage\":{\"@id\":\"https:\\\/\\\/www.stucco-naturale.com\\\/pl\\\/produkt\\\/tarcza-szlifierska-do-polerowania\\\/#primaryimage\"},\"image\":{\"@id\":\"https:\\\/\\\/www.stucco-naturale.com\\\/pl\\\/produkt\\\/tarcza-szlifierska-do-polerowania\\\/#primaryimage\"},\"thumbnailUrl\":\"https:\\\/\\\/www.stucco-naturale.com\\\/wp-content\\\/uploads\\\/Schleifscheibe-Abralon-P4000.jpg\",\"datePublished\":\"2017-01-26T16:17:06+00:00\",\"dateModified\":\"2026-03-27T17:26:24+00:00\",\"description\":\"\u015aciernica polerska 4000 mikron\u00f3w do polerowania Stiuk Wenecki. Tutaj mog\u0105 Pa\u0144stwo zam\u00f3wi\u0107 je tanio i bezpiecznie online.\",\"breadcrumb\":{\"@id\":\"https:\\\/\\\/www.stucco-naturale.com\\\/pl\\\/produkt\\\/tarcza-szlifierska-do-polerowania\\\/#breadcrumb\"},\"inLanguage\":\"pl-PL\",\"potentialAction\":[{\"@type\":\"ReadAction\",\"target\":[\"https:\\\/\\\/www.stucco-naturale.com\\\/pl\\\/produkt\\\/tarcza-szlifierska-do-polerowania\\\/\"]}]},{\"@type\":\"ImageObject\",\"inLanguage\":\"pl-PL\",\"@id\":\"https:\\\/\\\/www.stucco-naturale.com\\\/pl\\\/produkt\\\/tarcza-szlifierska-do-polerowania\\\/#primaryimage\",\"url\":\"https:\\\/\\\/www.stucco-naturale.com\\\/wp-content\\\/uploads\\\/Schleifscheibe-Abralon-P4000.jpg\",\"contentUrl\":\"https:\\\/\\\/www.stucco-naturale.com\\\/wp-content\\\/uploads\\\/Schleifscheibe-Abralon-P4000.jpg\",\"width\":800,\"height\":800,\"caption\":\"Schleifscheibe Abralon P4000\"},{\"@type\":\"BreadcrumbList\",\"@id\":\"https:\\\/\\\/www.stucco-naturale.com\\\/pl\\\/produkt\\\/tarcza-szlifierska-do-polerowania\\\/#breadcrumb\",\"itemListElement\":[{\"@type\":\"ListItem\",\"position\":1,\"name\":\"Page d'accueil\",\"item\":\"https:\\\/\\\/www.stucco-naturale.com\\\/pl\\\/\"},{\"@type\":\"ListItem\",\"position\":2,\"name\":\"Sklep\",\"item\":\"https:\\\/\\\/www.stucco-naturale.com\\\/shop\\\/\"},{\"@type\":\"ListItem\",\"position\":3,\"name\":\"Tarcza szlifierska do polerowania\"}]},{\"@type\":\"WebSite\",\"@id\":\"https:\\\/\\\/www.stucco-naturale.com\\\/pl\\\/#website\",\"url\":\"https:\\\/\\\/www.stucco-naturale.com\\\/pl\\\/\",\"name\":\"Stucco naturale\",\"description\":\"Sklep dla Stucco Veneziano, Marmorino i akcesoria\",\"publisher\":{\"@id\":\"https:\\\/\\\/www.stucco-naturale.com\\\/pl\\\/#organization\"},\"potentialAction\":[{\"@type\":\"SearchAction\",\"target\":{\"@type\":\"EntryPoint\",\"urlTemplate\":\"https:\\\/\\\/www.stucco-naturale.com\\\/pl\\\/?s={search_term_string}\"},\"query-input\":{\"@type\":\"PropertyValueSpecification\",\"valueRequired\":true,\"valueName\":\"search_term_string\"}}],\"inLanguage\":\"pl-PL\"},{\"@type\":\"Organization\",\"@id\":\"https:\\\/\\\/www.stucco-naturale.com\\\/pl\\\/#organization\",\"name\":\"Stucco naturale\",\"url\":\"https:\\\/\\\/www.stucco-naturale.com\\\/pl\\\/\",\"logo\":{\"@type\":\"ImageObject\",\"inLanguage\":\"pl-PL\",\"@id\":\"https:\\\/\\\/www.stucco-naturale.com\\\/pl\\\/#\\\/schema\\\/logo\\\/image\\\/\",\"url\":\"https:\\\/\\\/www.stucco-naturale.com\\\/wp-content\\\/uploads\\\/logo_stucco-naturale.jpg\",\"contentUrl\":\"https:\\\/\\\/www.stucco-naturale.com\\\/wp-content\\\/uploads\\\/logo_stucco-naturale.jpg\",\"width\":400,\"height\":600,\"caption\":\"Stucco naturale\"},\"image\":{\"@id\":\"https:\\\/\\\/www.stucco-naturale.com\\\/pl\\\/#\\\/schema\\\/logo\\\/image\\\/\"},\"sameAs\":[\"https:\\\/\\\/www.facebook.com\\\/natuerlicher.kalkputz\\\/\",\"https:\\\/\\\/x.com\\\/StuccoNaturale\",\"https:\\\/\\\/www.instagram.com\\\/stucco_naturale\\\/?hl=de\"],\"vatID\":\"ATU78081825\"}]}<\/script>\n<!-- \/ Yoast SEO Premium plugin. -->","yoast_head_json":{"title":"\u015aciernica do polerowania Mirka 4000 - Stucco naturale","description":"\u015aciernica polerska 4000 mikron\u00f3w do polerowania Stiuk Wenecki. Tutaj mog\u0105 Pa\u0144stwo zam\u00f3wi\u0107 je tanio i bezpiecznie online.","robots":{"index":"index","follow":"follow","max-snippet":"max-snippet:-1","max-image-preview":"max-image-preview:large","max-video-preview":"max-video-preview:-1"},"canonical":"https:\/\/www.stucco-naturale.com\/pl\/produkt\/tarcza-szlifierska-do-polerowania\/","og_locale":"pl_PL","og_type":"article","og_title":"Tarcza szlifierska do polerowania","og_description":"\u015aciernica polerska 4000 mikron\u00f3w do polerowania Stiuk Wenecki. Tutaj mog\u0105 Pa\u0144stwo zam\u00f3wi\u0107 je tanio i bezpiecznie online.","og_url":"https:\/\/www.stucco-naturale.com\/pl\/produkt\/tarcza-szlifierska-do-polerowania\/","og_site_name":"Stucco naturale","article_publisher":"https:\/\/www.facebook.com\/natuerlicher.kalkputz\/","article_modified_time":"2026-03-27T17:26:24+00:00","og_image":[{"width":800,"height":800,"url":"https:\/\/www.stucco-naturale.com\/wp-content\/uploads\/Schleifscheibe-Abralon-P4000.jpg","type":"image\/jpeg"}],"twitter_card":"summary_large_image","twitter_site":"@StuccoNaturale","schema":{"@context":"https:\/\/schema.org","@graph":[{"@type":"WebPage","@id":"https:\/\/www.stucco-naturale.com\/pl\/produkt\/tarcza-szlifierska-do-polerowania\/","url":"https:\/\/www.stucco-naturale.com\/pl\/produkt\/tarcza-szlifierska-do-polerowania\/","name":"\u015aciernica do polerowania Mirka 4000 - Stucco naturale","isPartOf":{"@id":"https:\/\/www.stucco-naturale.com\/pl\/#website"},"primaryImageOfPage":{"@id":"https:\/\/www.stucco-naturale.com\/pl\/produkt\/tarcza-szlifierska-do-polerowania\/#primaryimage"},"image":{"@id":"https:\/\/www.stucco-naturale.com\/pl\/produkt\/tarcza-szlifierska-do-polerowania\/#primaryimage"},"thumbnailUrl":"https:\/\/www.stucco-naturale.com\/wp-content\/uploads\/Schleifscheibe-Abralon-P4000.jpg","datePublished":"2017-01-26T16:17:06+00:00","dateModified":"2026-03-27T17:26:24+00:00","description":"\u015aciernica polerska 4000 mikron\u00f3w do polerowania Stiuk Wenecki. Tutaj mog\u0105 Pa\u0144stwo zam\u00f3wi\u0107 je tanio i bezpiecznie online.","breadcrumb":{"@id":"https:\/\/www.stucco-naturale.com\/pl\/produkt\/tarcza-szlifierska-do-polerowania\/#breadcrumb"},"inLanguage":"pl-PL","potentialAction":[{"@type":"ReadAction","target":["https:\/\/www.stucco-naturale.com\/pl\/produkt\/tarcza-szlifierska-do-polerowania\/"]}]},{"@type":"ImageObject","inLanguage":"pl-PL","@id":"https:\/\/www.stucco-naturale.com\/pl\/produkt\/tarcza-szlifierska-do-polerowania\/#primaryimage","url":"https:\/\/www.stucco-naturale.com\/wp-content\/uploads\/Schleifscheibe-Abralon-P4000.jpg","contentUrl":"https:\/\/www.stucco-naturale.com\/wp-content\/uploads\/Schleifscheibe-Abralon-P4000.jpg","width":800,"height":800,"caption":"Schleifscheibe Abralon P4000"},{"@type":"BreadcrumbList","@id":"https:\/\/www.stucco-naturale.com\/pl\/produkt\/tarcza-szlifierska-do-polerowania\/#breadcrumb","itemListElement":[{"@type":"ListItem","position":1,"name":"Page d'accueil","item":"https:\/\/www.stucco-naturale.com\/pl\/"},{"@type":"ListItem","position":2,"name":"Sklep","item":"https:\/\/www.stucco-naturale.com\/shop\/"},{"@type":"ListItem","position":3,"name":"Tarcza szlifierska do polerowania"}]},{"@type":"WebSite","@id":"https:\/\/www.stucco-naturale.com\/pl\/#website","url":"https:\/\/www.stucco-naturale.com\/pl\/","name":"Stucco naturale","description":"Sklep dla Stucco Veneziano, Marmorino i akcesoria","publisher":{"@id":"https:\/\/www.stucco-naturale.com\/pl\/#organization"},"potentialAction":[{"@type":"SearchAction","target":{"@type":"EntryPoint","urlTemplate":"https:\/\/www.stucco-naturale.com\/pl\/?s={search_term_string}"},"query-input":{"@type":"PropertyValueSpecification","valueRequired":true,"valueName":"search_term_string"}}],"inLanguage":"pl-PL"},{"@type":"Organization","@id":"https:\/\/www.stucco-naturale.com\/pl\/#organization","name":"Stucco naturale","url":"https:\/\/www.stucco-naturale.com\/pl\/","logo":{"@type":"ImageObject","inLanguage":"pl-PL","@id":"https:\/\/www.stucco-naturale.com\/pl\/#\/schema\/logo\/image\/","url":"https:\/\/www.stucco-naturale.com\/wp-content\/uploads\/logo_stucco-naturale.jpg","contentUrl":"https:\/\/www.stucco-naturale.com\/wp-content\/uploads\/logo_stucco-naturale.jpg","width":400,"height":600,"caption":"Stucco naturale"},"image":{"@id":"https:\/\/www.stucco-naturale.com\/pl\/#\/schema\/logo\/image\/"},"sameAs":["https:\/\/www.facebook.com\/natuerlicher.kalkputz\/","https:\/\/x.com\/StuccoNaturale","https:\/\/www.instagram.com\/stucco_naturale\/?hl=de"],"vatID":"ATU78081825"}]}},"_links":{"self":[{"href":"https:\/\/www.stucco-naturale.com\/pl\/wp-json\/wp\/v2\/product\/57379","targetHints":{"allow":["GET"]}}],"collection":[{"href":"https:\/\/www.stucco-naturale.com\/pl\/wp-json\/wp\/v2\/product"}],"about":[{"href":"https:\/\/www.stucco-naturale.com\/pl\/wp-json\/wp\/v2\/types\/product"}],"wp:featuredmedia":[{"embeddable":true,"href":"https:\/\/www.stucco-naturale.com\/pl\/wp-json\/wp\/v2\/media\/55382"}],"wp:attachment":[{"href":"https:\/\/www.stucco-naturale.com\/pl\/wp-json\/wp\/v2\/media?parent=57379"}],"wp:term":[{"taxonomy":"product_brand","embeddable":true,"href":"https:\/\/www.stucco-naturale.com\/pl\/wp-json\/wp\/v2\/product_brand?post=57379"},{"taxonomy":"product_cat","embeddable":true,"href":"https:\/\/www.stucco-naturale.com\/pl\/wp-json\/wp\/v2\/product_cat?post=57379"},{"taxonomy":"product_tag","embeddable":true,"href":"https:\/\/www.stucco-naturale.com\/pl\/wp-json\/wp\/v2\/product_tag?post=57379"}],"curies":[{"name":"wp","href":"https:\/\/api.w.org\/{rel}","templated":true}]}}