{"id":56876,"date":"2017-01-30T15:51:21","date_gmt":"2017-01-30T14:51:21","guid":{"rendered":"https:\/\/www.stucco-naturale.com\/platnosc-i-wysylka\/"},"modified":"2026-04-24T22:11:02","modified_gmt":"2026-04-24T20:11:02","slug":"platnosc-i-wysylka","status":"publish","type":"page","link":"https:\/\/www.stucco-naturale.com\/pl\/platnosc-i-wysylka\/","title":{"rendered":"P\u0142atno\u015b\u0107 i wysy\u0142ka"},"content":{"rendered":"<div class=\"et_pb_section_0 et_pb_section et_section_regular et_block_section\">\n<div class=\"et_pb_row_0 et_pb_row et_block_row\">\n<div class=\"et_pb_column_0 et_pb_column et_pb_column_4_4 et-last-child et_block_column et_pb_css_mix_blend_mode_passthrough\">\n<div class=\"et_pb_text_0 et_pb_text et_pb_bg_layout_light et_pb_module et_block_module\"><div class=\"et_pb_text_inner\"><h2>P\u0142atno\u015b\u0107 i wysy\u0142ka<\/h2>\n<p><\/p>\n<h3>Warunki p\u0142atno\u015bci<\/h3>\n<p><\/p>\n<p>W przypadku dostaw na terenie Austrii, do Niemiec, pozosta\u0142ych kraj\u00f3w UE, Norwegii, Serbii, Wielkiej Brytanii i Szwajcarii dost\u0119pne s\u0105 nast\u0119puj\u0105ce opcje p\u0142atno\u015bci:<\/p>\n<p><\/p>\n<p>- P\u0142atno\u015b\u0107 z g\u00f3ry przelewem bankowym<br \/>- P\u0142atno\u015b\u0107 za pobraniem (plus op\u0142ata za pobranie w wysoko\u015bci 16,50 \u20ac) \u2013 dost\u0119pna tylko w Niemczech i Austrii oraz wy\u0142\u0105cznie na zapytanie przes\u0142ane poczt\u0105 elektroniczn\u0105!<br \/>- P\u0142atno\u015b\u0107 przez Amazon Pay<br \/>- P\u0142atno\u015b\u0107 przez PayPal<\/p>\n<p><\/p>\n<p><strong>O Mollie:<\/strong><br \/>- P\u0142atno\u015b\u0107 kart\u0105 kredytow\u0105 \u2013 Visa \u2013 MasterCard \u2013 American Express<br \/>- P\u0142atno\u015b\u0107 przez Apple Pay<br \/>- P\u0142atno\u015b\u0107 przez Google Pay<br \/>- P\u0142atno\u015b\u0107 przez P24<br \/>- P\u0142atno\u015b\u0107 przez Multibanco<br \/>- P\u0142atno\u015b\u0107 przez iDeal<br \/>- P\u0142atno\u015b\u0107 przez Bancontact<br \/>- P\u0142atno\u015b\u0107 przez Klarna<\/p>\n<p><\/p>\n<p><strong>Wi\u0119cej szczeg\u00f3\u0142\u00f3w dotycz\u0105cych p\u0142atno\u015bci<\/strong><\/p>\n<p><\/p>\n<p>W przypadku p\u0142atno\u015bci kart\u0105 kredytow\u0105 (bez korzystania z us\u0142ug dostawcy us\u0142ug p\u0142atniczych) obci\u0105\u017cenie konta karty kredytowej nast\u0119puje w momencie zawarcia umowy.<\/p>\n<p><\/p>\n<p><strong>Nasze dane bankowe:<\/strong><\/p>\n<p><\/p>\n<p>W\u0142a\u015bciciel konta: Freunde gesunder Lebensart<br \/>IBAN: AT97 4239 0030 0008 8487<br \/>BIC: VBOEATWWINN<\/p>\n<p><\/p>\n<h3>Warunki wysy\u0142ki<\/h3>\n<p><\/p>\n<ul>\n<li>Dostawa odbywa si\u0119 <strong>na terenie Austrii<\/strong>, do <strong>wszystkich pozosta\u0142ych kraj\u00f3w UE <\/strong>oraz do <strong>Szwajcarii<\/strong>. Prosimy pami\u0119ta\u0107, \u017ce wysy\u0142ka na Grenlandi\u0119 nie jest dozwolona. <strong>Wyspy Kanaryjskie, Ceuta, Melilla, Wyspy Normandzkie, B\u00fcsingen, Helgoland<\/strong> s\u0105 jednak r\u00f3wnie\u017c obs\u0142ugiwane. Koszty wysy\u0142ki zawieraj\u0105 ustawowy podatek VAT<\/li>\n<li><strong>Serbia i Norwegia<\/strong> s\u0105 dostarczane bez podatku; dzi\u0119ki zastosowaniu numeru EORI <strong>nie jest naliczany podatek VAT<\/strong> od koszt\u00f3w wysy\u0142ki i towar\u00f3w. <em>Uwaga<\/em> zostan\u0105 naliczone op\u0142aty celne, kt\u00f3re ponosi kupuj\u0105cy<\/li>\n<\/ul>\n<p><\/p>\n<p><strong>Dostawy na terenie Austrii:<\/strong><\/p>\n<p><\/p>\n<p>Koszty wysy\u0142ki zale\u017c\u0105 od ca\u0142kowitej wagi zam\u00f3wienia.<br \/>W przypadku zam\u00f3wie\u0144 do 10 kg pobieramy op\u0142at\u0119 w wysoko\u015bci 5,90 \u20ac.<br \/>W przypadku zam\u00f3wie\u0144 o wadze od 10,01 do 35 kg koszty wysy\u0142ki wynosz\u0105 8,90 \u20ac. <br \/>W przypadku zam\u00f3wie\u0144 o wadze powy\u017cej 35,01 kg obowi\u0105zuje sta\u0142a op\u0142ata w wysoko\u015bci 12,90 \u20ac za zam\u00f3wienie.<\/p>\n<p><\/p>\n<p>Wszystkie ceny zawieraj\u0105 ustawowy podatek VAT<\/p>\n<p><\/p>\n<p><strong>Dostawy do Niemiec:<\/strong><br \/>Koszty wysy\u0142ki zale\u017c\u0105 od ca\u0142kowitej wagi zam\u00f3wienia. <br \/>W przypadku zam\u00f3wie\u0144 do 35 kg pobieramy op\u0142at\u0119 w wysoko\u015bci 9,90 \u20ac.<br \/>W przypadku zam\u00f3wie\u0144 o wadze od 35,01 do 70 kg pobieramy op\u0142at\u0119 w wysoko\u015bci 14,90 \u20ac.<br \/>W przypadku zam\u00f3wie\u0144 o wadze powy\u017cej 70,01 kg pobieramy rycza\u0142tow\u0105 op\u0142at\u0119 w wysoko\u015bci 19,90 \u20ac za zam\u00f3wienie.<\/p>\n<p><\/p>\n<p>Wszystkie ceny zawieraj\u0105 ustawowy podatek VAT<\/p>\n<p><\/p>\n<p><strong>Dostawy do pozosta\u0142ych kraj\u00f3w UE:<\/strong><\/p>\n<p><\/p>\n<p>Koszty wysy\u0142ki s\u0105 wy\u015bwietlane w koszyku po wprowadzeniu kraju i kodu pocztowego.<br \/>Stale \u015bledzimy aktualne oferty, aby wybra\u0107 najlepszego dostawc\u0119 us\u0142ug wysy\u0142kowych i utrzyma\u0107 koszty na jak najni\u017cszym poziomie.<\/p>\n<p><\/p>\n<p><strong>Dostawa do Szwajcarii:<\/strong><\/p>\n<p><\/p>\n<p>Dostawa do domu, po odprawie celnej i opodatkowaniu \u2013 op\u0142aty s\u0105 wy\u015bwietlane w koszyku po wprowadzeniu kraju i kodu pocztowego.<br \/>Stale \u015bledzimy aktualne oferty, aby wybra\u0107 najlepszego dostawc\u0119 us\u0142ug wysy\u0142kowych i utrzyma\u0107 koszty na jak najni\u017cszym poziomie.<\/p>\n<p><\/p>\n<p><strong>Dostawy do Serbii i Norwegii:<\/strong><\/p>\n<p><\/p>\n<p>Koszty wysy\u0142ki s\u0105 wy\u015bwietlane w koszyku po wprowadzeniu kraju i kodu pocztowego.<br \/>Stale \u015bledzimy aktualne informacje, aby wybra\u0107 najlepszego dostawc\u0119 us\u0142ug wysy\u0142kowych i utrzyma\u0107 koszty na jak najni\u017cszym poziomie.<\/p>\n<p><\/p>\n<p><strong>Dostawy do Wielkiej Brytanii:<\/strong><\/p>\n<p><\/p>\n<p>Minimalna warto\u015b\u0107 zam\u00f3wienia dla dostaw do Wielkiej Brytanii wynosi 180 \u20ac bez VAT. Koszty wysy\u0142ki s\u0105 wy\u015bwietlane w koszyku po wprowadzeniu kraju i kodu pocztowego. Stale \u015bledzimy aktualne informacje, aby wybra\u0107 najlepszego dostawc\u0119 us\u0142ug wysy\u0142kowych i utrzyma\u0107 koszty na jak najni\u017cszym poziomie. <br \/><strong>Uwaga:<\/strong> Podatek VAT od importu, c\u0142o importowe oraz op\u0142aty administracyjne ponosi klient. Koszty te s\u0105 doliczane do ceny zakupu. Kwota ta zostanie naliczona bezpo\u015brednio przez angielskie s\u0142u\u017cby celne. Nie jeste\u015bmy w stanie przewidzie\u0107 wysoko\u015bci tych koszt\u00f3w.<\/p>\n<p><\/p>\n<h3>Terminy dostawy<\/h3>\n<p><\/p>\n<div class=\"elementToProof\">O ile w opisie produktu nie podano innych termin\u00f3w dostawy, wysy\u0142ka towaru nast\u0119puje po potwierdzeniu zam\u00f3wienia w nast\u0119puj\u0105cych terminach:<\/div>\n<p><\/p>\n<ul data-end=\"\u201e444\u201d\" data-start=\"\u201e259\u201d\">\n<li>\n<div class=\"elementToProof\" role=\"presentation\"><b>Austria:<\/b> 1\u20132 dni robocze<\/div>\n<\/li>\n<li>\n<div class=\"elementToProof\" role=\"presentation\"><b>Niemcy i Szwajcaria:<\/b> 2\u20135 dni roboczych<\/div>\n<\/li>\n<li>\n<div class=\"elementToProof\" role=\"presentation\"><b>Cypr, Grecja i Malta:<\/b> 14\u201321 dni roboczych<\/div>\n<\/li>\n<li>\n<div class=\"elementToProof\" role=\"presentation\"><b>Pozosta\u0142e kraje UE, Norwegia i Serbia:<\/b> 3\u20137 dni roboczych<\/div>\n<\/li>\n<li>\n<div class=\"elementToProof\" role=\"presentation\"><b>Wielka Brytania:<\/b> 5\u20139 dni roboczych<\/div>\n<\/li>\n<\/ul>\n<p><\/p>\n<div class=\"elementToProof\">W przypadku wyboru formy p\u0142atno\u015bci <i>przedp\u0142ata<\/i> termin dostawy rozpoczyna si\u0119 z chwil\u0105 otrzymania p\u0142atno\u015bci.<\/div>\n<p><\/p>\n<p>W razie pyta\u0144 nasze dane kontaktowe znajdziesz <a href=\"https:\/\/www.stucco-naturale.com\/pl\/kontakt\/\">tutaj<\/a>.<\/p>\n<\/div><\/div>\n<\/div>\n<\/div>\n<\/div><span class=\"et_bloom_bottom_trigger\"><\/span>","protected":false},"excerpt":{"rendered":"","protected":false},"author":1,"featured_media":0,"parent":0,"menu_order":0,"comment_status":"closed","ping_status":"closed","template":"","meta":{"footnotes":""},"class_list":["post-56876","page","type-page","status-publish","hentry"],"yoast_head":"<!-- This site is optimized with the Yoast SEO Premium plugin v27.4 (Yoast SEO v27.4) - https:\/\/yoast.com\/product\/yoast-seo-premium-wordpress\/ -->\n<title>P\u0142atno\u015b\u0107 i wysy\u0142ka - Stucco naturale<\/title>\n<meta name=\"robots\" content=\"noindex, nofollow\" \/>\n<meta property=\"og:locale\" content=\"pl_PL\" \/>\n<meta property=\"og:type\" content=\"article\" \/>\n<meta property=\"og:title\" content=\"P\u0142atno\u015b\u0107 i wysy\u0142ka\" \/>\n<meta property=\"og:url\" content=\"https:\/\/www.stucco-naturale.com\/pl\/platnosc-i-wysylka\/\" \/>\n<meta property=\"og:site_name\" content=\"Stucco naturale\" \/>\n<meta property=\"article:publisher\" content=\"https:\/\/www.facebook.com\/natuerlicher.kalkputz\/\" \/>\n<meta property=\"article:modified_time\" content=\"2026-04-24T20:11:02+00:00\" \/>\n<meta name=\"twitter:card\" content=\"summary_large_image\" \/>\n<meta name=\"twitter:site\" content=\"@StuccoNaturale\" \/>\n<script type=\"application\/ld+json\" class=\"yoast-schema-graph\">{\"@context\":\"https:\\\/\\\/schema.org\",\"@graph\":[{\"@type\":\"WebPage\",\"@id\":\"https:\\\/\\\/www.stucco-naturale.com\\\/pl\\\/platnosc-i-wysylka\\\/\",\"url\":\"https:\\\/\\\/www.stucco-naturale.com\\\/pl\\\/platnosc-i-wysylka\\\/\",\"name\":\"P\u0142atno\u015b\u0107 i wysy\u0142ka - Stucco naturale\",\"isPartOf\":{\"@id\":\"https:\\\/\\\/www.stucco-naturale.com\\\/pl\\\/#website\"},\"datePublished\":\"2017-01-30T14:51:21+00:00\",\"dateModified\":\"2026-04-24T20:11:02+00:00\",\"breadcrumb\":{\"@id\":\"https:\\\/\\\/www.stucco-naturale.com\\\/pl\\\/platnosc-i-wysylka\\\/#breadcrumb\"},\"inLanguage\":\"pl-PL\",\"potentialAction\":[{\"@type\":\"ReadAction\",\"target\":[\"https:\\\/\\\/www.stucco-naturale.com\\\/pl\\\/platnosc-i-wysylka\\\/\"]}]},{\"@type\":\"BreadcrumbList\",\"@id\":\"https:\\\/\\\/www.stucco-naturale.com\\\/pl\\\/platnosc-i-wysylka\\\/#breadcrumb\",\"itemListElement\":[{\"@type\":\"ListItem\",\"position\":1,\"name\":\"Page d'accueil\",\"item\":\"https:\\\/\\\/www.stucco-naturale.com\\\/pl\\\/\"},{\"@type\":\"ListItem\",\"position\":2,\"name\":\"P\u0142atno\u015b\u0107 i wysy\u0142ka\"}]},{\"@type\":\"WebSite\",\"@id\":\"https:\\\/\\\/www.stucco-naturale.com\\\/pl\\\/#website\",\"url\":\"https:\\\/\\\/www.stucco-naturale.com\\\/pl\\\/\",\"name\":\"Stucco naturale\",\"description\":\"Sklep dla Stucco Veneziano, Marmorino i akcesoria\",\"publisher\":{\"@id\":\"https:\\\/\\\/www.stucco-naturale.com\\\/pl\\\/#organization\"},\"potentialAction\":[{\"@type\":\"SearchAction\",\"target\":{\"@type\":\"EntryPoint\",\"urlTemplate\":\"https:\\\/\\\/www.stucco-naturale.com\\\/pl\\\/?s={search_term_string}\"},\"query-input\":{\"@type\":\"PropertyValueSpecification\",\"valueRequired\":true,\"valueName\":\"search_term_string\"}}],\"inLanguage\":\"pl-PL\"},{\"@type\":\"Organization\",\"@id\":\"https:\\\/\\\/www.stucco-naturale.com\\\/pl\\\/#organization\",\"name\":\"Stucco naturale\",\"url\":\"https:\\\/\\\/www.stucco-naturale.com\\\/pl\\\/\",\"logo\":{\"@type\":\"ImageObject\",\"inLanguage\":\"pl-PL\",\"@id\":\"https:\\\/\\\/www.stucco-naturale.com\\\/pl\\\/#\\\/schema\\\/logo\\\/image\\\/\",\"url\":\"https:\\\/\\\/www.stucco-naturale.com\\\/wp-content\\\/uploads\\\/logo_stucco-naturale.jpg\",\"contentUrl\":\"https:\\\/\\\/www.stucco-naturale.com\\\/wp-content\\\/uploads\\\/logo_stucco-naturale.jpg\",\"width\":400,\"height\":600,\"caption\":\"Stucco naturale\"},\"image\":{\"@id\":\"https:\\\/\\\/www.stucco-naturale.com\\\/pl\\\/#\\\/schema\\\/logo\\\/image\\\/\"},\"sameAs\":[\"https:\\\/\\\/www.facebook.com\\\/natuerlicher.kalkputz\\\/\",\"https:\\\/\\\/x.com\\\/StuccoNaturale\",\"https:\\\/\\\/www.instagram.com\\\/stucco_naturale\\\/?hl=de\"],\"vatID\":\"ATU78081825\"}]}<\/script>\n<!-- \/ Yoast SEO Premium plugin. -->","yoast_head_json":{"title":"P\u0142atno\u015b\u0107 i wysy\u0142ka - Stucco naturale","robots":{"index":"noindex","follow":"nofollow"},"og_locale":"pl_PL","og_type":"article","og_title":"P\u0142atno\u015b\u0107 i wysy\u0142ka","og_url":"https:\/\/www.stucco-naturale.com\/pl\/platnosc-i-wysylka\/","og_site_name":"Stucco naturale","article_publisher":"https:\/\/www.facebook.com\/natuerlicher.kalkputz\/","article_modified_time":"2026-04-24T20:11:02+00:00","twitter_card":"summary_large_image","twitter_site":"@StuccoNaturale","schema":{"@context":"https:\/\/schema.org","@graph":[{"@type":"WebPage","@id":"https:\/\/www.stucco-naturale.com\/pl\/platnosc-i-wysylka\/","url":"https:\/\/www.stucco-naturale.com\/pl\/platnosc-i-wysylka\/","name":"P\u0142atno\u015b\u0107 i wysy\u0142ka - Stucco naturale","isPartOf":{"@id":"https:\/\/www.stucco-naturale.com\/pl\/#website"},"datePublished":"2017-01-30T14:51:21+00:00","dateModified":"2026-04-24T20:11:02+00:00","breadcrumb":{"@id":"https:\/\/www.stucco-naturale.com\/pl\/platnosc-i-wysylka\/#breadcrumb"},"inLanguage":"pl-PL","potentialAction":[{"@type":"ReadAction","target":["https:\/\/www.stucco-naturale.com\/pl\/platnosc-i-wysylka\/"]}]},{"@type":"BreadcrumbList","@id":"https:\/\/www.stucco-naturale.com\/pl\/platnosc-i-wysylka\/#breadcrumb","itemListElement":[{"@type":"ListItem","position":1,"name":"Page d'accueil","item":"https:\/\/www.stucco-naturale.com\/pl\/"},{"@type":"ListItem","position":2,"name":"P\u0142atno\u015b\u0107 i wysy\u0142ka"}]},{"@type":"WebSite","@id":"https:\/\/www.stucco-naturale.com\/pl\/#website","url":"https:\/\/www.stucco-naturale.com\/pl\/","name":"Stucco naturale","description":"Sklep dla Stucco Veneziano, Marmorino i akcesoria","publisher":{"@id":"https:\/\/www.stucco-naturale.com\/pl\/#organization"},"potentialAction":[{"@type":"SearchAction","target":{"@type":"EntryPoint","urlTemplate":"https:\/\/www.stucco-naturale.com\/pl\/?s={search_term_string}"},"query-input":{"@type":"PropertyValueSpecification","valueRequired":true,"valueName":"search_term_string"}}],"inLanguage":"pl-PL"},{"@type":"Organization","@id":"https:\/\/www.stucco-naturale.com\/pl\/#organization","name":"Stucco naturale","url":"https:\/\/www.stucco-naturale.com\/pl\/","logo":{"@type":"ImageObject","inLanguage":"pl-PL","@id":"https:\/\/www.stucco-naturale.com\/pl\/#\/schema\/logo\/image\/","url":"https:\/\/www.stucco-naturale.com\/wp-content\/uploads\/logo_stucco-naturale.jpg","contentUrl":"https:\/\/www.stucco-naturale.com\/wp-content\/uploads\/logo_stucco-naturale.jpg","width":400,"height":600,"caption":"Stucco naturale"},"image":{"@id":"https:\/\/www.stucco-naturale.com\/pl\/#\/schema\/logo\/image\/"},"sameAs":["https:\/\/www.facebook.com\/natuerlicher.kalkputz\/","https:\/\/x.com\/StuccoNaturale","https:\/\/www.instagram.com\/stucco_naturale\/?hl=de"],"vatID":"ATU78081825"}]}},"_links":{"self":[{"href":"https:\/\/www.stucco-naturale.com\/pl\/wp-json\/wp\/v2\/pages\/56876","targetHints":{"allow":["GET"]}}],"collection":[{"href":"https:\/\/www.stucco-naturale.com\/pl\/wp-json\/wp\/v2\/pages"}],"about":[{"href":"https:\/\/www.stucco-naturale.com\/pl\/wp-json\/wp\/v2\/types\/page"}],"author":[{"embeddable":true,"href":"https:\/\/www.stucco-naturale.com\/pl\/wp-json\/wp\/v2\/users\/1"}],"replies":[{"embeddable":true,"href":"https:\/\/www.stucco-naturale.com\/pl\/wp-json\/wp\/v2\/comments?post=56876"}],"version-history":[{"count":1,"href":"https:\/\/www.stucco-naturale.com\/pl\/wp-json\/wp\/v2\/pages\/56876\/revisions"}],"predecessor-version":[{"id":72677,"href":"https:\/\/www.stucco-naturale.com\/pl\/wp-json\/wp\/v2\/pages\/56876\/revisions\/72677"}],"wp:attachment":[{"href":"https:\/\/www.stucco-naturale.com\/pl\/wp-json\/wp\/v2\/media?parent=56876"}],"curies":[{"name":"wp","href":"https:\/\/api.w.org\/{rel}","templated":true}]}}