{"id":56871,"date":"2017-01-16T13:52:22","date_gmt":"2017-01-16T12:52:22","guid":{"rendered":"https:\/\/www.stucco-naturale.com\/polityka-anulowania\/"},"modified":"2026-03-31T10:44:35","modified_gmt":"2026-03-31T08:44:35","slug":"polityka-anulowania","status":"publish","type":"page","link":"https:\/\/www.stucco-naturale.com\/pl\/polityka-anulowania\/","title":{"rendered":"Polityka anulowania"},"content":{"rendered":"<div class=\"et_pb_section_0 et_pb_section et_section_regular et_block_section\">\n<div class=\"et_pb_row_0 et_pb_row et_block_row\">\n<div class=\"et_pb_column_0 et_pb_column et_pb_column_4_4 et-last-child et_block_column et_pb_css_mix_blend_mode_passthrough\">\n<div class=\"et_pb_text_0 et_pb_text et_pb_bg_layout_light et_pb_module et_block_module\"><div class=\"et_pb_text_inner\"><p><strong>Prawo do odst\u0105pienia od umowy dla konsument\u00f3w <\/strong><br \/>(Konsumentem jest ka\u017cda osoba fizyczna, kt\u00f3ra zawiera transakcj\u0119 prawn\u0105 w celach, kt\u00f3rych nie mo\u017cna przypisa\u0107 g\u0142\u00f3wnie ani jej dzia\u0142alno\u015bci gospodarczej, ani samodzielnej dzia\u0142alno\u015bci zawodowej.)<\/p>\n<p><\/p>\n<h2><strong>Informacja o prawie do odst\u0105pienia od umowy<\/strong><\/h2>\n<p><\/p>\n<p><strong>Prawo do odst\u0105pienia od umowy<\/strong><br \/>Maj\u0105 Pa\u0144stwo prawo do odst\u0105pienia od niniejszej umowy w ci\u0105gu czternastu dni bez podania przyczyny.<br \/>Termin na odst\u0105pienie od umowy wynosi 14 dni od dnia,<\/p>\n<p><\/p>\n<p>- w kt\u00f3rym Pa\u0144stwo lub wskazana przez Pa\u0144stwa osoba trzecia, nieb\u0119d\u0105ca przewo\u017anikiem, wesz\u0142a w posiadanie towar\u00f3w, o ile zam\u00f3wili Pa\u0144stwo jeden lub wi\u0119cej towar\u00f3w w ramach jednego zam\u00f3wienia i s\u0105 one dostarczane \u0142\u0105cznie;<\/p>\n<p><\/p>\n<p>- w kt\u00f3rym Pa\u0144stwo lub wskazana przez Pa\u0144stwa osoba trzecia, nieb\u0119d\u0105ca przewo\u017anikiem, wesz\u0142a w posiadanie ostatniego towaru, o ile zam\u00f3wili Pa\u0144stwo kilka towar\u00f3w w ramach jednego zam\u00f3wienia i s\u0105 one dostarczane oddzielnie;<\/p>\n<p><\/p>\n<p>- w dniu, w kt\u00f3rym Pa\u0144stwo lub wskazana przez Pa\u0144stwa osoba trzecia, nieb\u0119d\u0105ca przewo\u017anikiem, przej\u0119li ostatni\u0105 cz\u0119\u015bciow\u0105 przesy\u0142k\u0119 lub ostatni\u0105 sztuk\u0119, o ile zam\u00f3wili Pa\u0144stwo towar, kt\u00f3ry jest dostarczany w kilku cz\u0119\u015bciowych przesy\u0142kach lub sztukach;<\/p>\n<p><\/p>\n<p>Aby skorzysta\u0107 z prawa do odst\u0105pienia od umowy, nale\u017cy przes\u0142a\u0107 do nas <strong>(Freunde gesunder Lebensart, Dorfstra\u00dfe 63 b\/2, 6241 Radfeld, nr tel.: +43 660 6413 331, adres e-mail: info@stucco-naturale.com)<\/strong> za pomoc\u0105 jednoznacznego o\u015bwiadczenia (np. list wys\u0142any poczt\u0105, faks lub e-mail) o swojej decyzji o odst\u0105pieniu od niniejszej umowy. W tym celu mo\u017cna skorzysta\u0107 z za\u0142\u0105czonego wzoru formularza odst\u0105pienia od umowy, co jednak nie jest obowi\u0105zkowe.<\/p>\n<p><\/p>\n<p>Aby zachowa\u0107 termin odst\u0105pienia od umowy, wystarczy, \u017ce wy\u015blesz informacj\u0119 o skorzystaniu z prawa do odst\u0105pienia przed up\u0142ywem terminu odst\u0105pienia.<\/p>\n<p><\/p>\n<p><strong>Skutki odst\u0105pienia od umowy<\/strong><\/p>\n<p><\/p>\n<p>W przypadku odst\u0105pienia od niniejszej umowy zwr\u00f3cimy Pa\u0144stwu wszystkie otrzymane od Pa\u0144stwa p\u0142atno\u015bci, w tym koszty dostawy (z wyj\u0105tkiem dodatkowych koszt\u00f3w wynikaj\u0105cych z wyboru przez Pa\u0144stwa innego rodzaju dostawy ni\u017c najta\u0144sza standardowa dostawa oferowana przez nas), niezw\u0142ocznie, a najp\u00f3\u017aniej w ci\u0105gu 14 dni od dnia, w kt\u00f3rym otrzymali\u015bmy informacj\u0119 o odst\u0105pieniu od niniejszej umowy. Do zwrotu p\u0142atno\u015bci u\u017cyjemy tego samego \u015brodka p\u0142atniczego, kt\u00f3rego u\u017cy\u0142e\u015b w pierwotnej transakcji, chyba \u017ce wyra\u017anie uzgodniono z Tob\u0105 inaczej; w \u017cadnym wypadku nie zostan\u0105 Ci naliczone op\u0142aty z tytu\u0142u tego zwrotu.<\/p>\n<p><\/p>\n<p>Mo\u017cemy wstrzyma\u0107 si\u0119 ze zwrotem koszt\u00f3w do czasu otrzymania towaru lub do czasu dostarczenia przez Pa\u0144stwa dowodu jego odes\u0142ania, w zale\u017cno\u015bci od tego, kt\u00f3ra z tych okoliczno\u015bci nast\u0105pi wcze\u015bniej.<\/p>\n<p><\/p>\n<p>Musisz odes\u0142a\u0107 lub przekaza\u0107 nam towar niezw\u0142ocznie, a w ka\u017cdym razie najp\u00f3\u017aniej w ci\u0105gu 14 dni od dnia, w kt\u00f3rym poinformowa\u0142e\u015b nas o odst\u0105pieniu od niniejszej umowy, na adres Schmelzerweg 18, 6250 Kundl, Austria. Termin jest zachowany, je\u015bli wy\u015blesz towar przed up\u0142ywem 14 dni.<\/p>\n<p><\/p>\n<p>Klient ponosi bezpo\u015brednie koszty zwrotu towar\u00f3w, kt\u00f3re mo\u017cna wys\u0142a\u0107 paczk\u0105, oraz bezpo\u015brednie koszty zwrotu towar\u00f3w, kt\u00f3rych nie mo\u017cna wys\u0142a\u0107 paczk\u0105.<\/p>\n<p><\/p>\n<p>Konsument ponosi odpowiedzialno\u015b\u0107 za ewentualn\u0105 utrat\u0119 warto\u015bci towar\u00f3w tylko wtedy, gdy utrata ta wynika z obchodzenia si\u0119 z nimi w spos\u00f3b nieb\u0119d\u0105cy konieczny do sprawdzenia ich charakteru, w\u0142a\u015bciwo\u015bci i funkcjonowania.<\/p>\n<p><\/p>\n<p><strong>Przyczyny wy\u0142\u0105czenia lub wyga\u015bni\u0119cia prawa do odst\u0105pienia od umowy<\/strong><\/p>\n<p><\/p>\n<p>Prawo do odst\u0105pienia od umowy nie przys\u0142uguje w przypadku um\u00f3w<\/p>\n<p><\/p>\n<p>- dotycz\u0105cych dostawy wszelkiego rodzaju szablon\u00f3w<br \/>- dotycz\u0105cych dostawy towar\u00f3w, kt\u00f3re nie s\u0105 prefabrykowane i kt\u00f3rych produkcja wymaga indywidualnego wyboru lub okre\u015blenia przez konsumenta lub kt\u00f3re s\u0105 wyra\u017anie dostosowane do osobistych potrzeb konsumenta;<br \/>- dotycz\u0105cych dostawy towar\u00f3w, kt\u00f3re mog\u0105 szybko ulec zepsuciu lub kt\u00f3rych termin przydatno\u015bci do spo\u017cycia szybko up\u0142ynie; <br \/>- dotycz\u0105cych dostawy napoj\u00f3w alkoholowych, kt\u00f3rych cena zosta\u0142a uzgodniona w momencie zawarcia umowy, ale kt\u00f3re mog\u0105 zosta\u0107 dostarczone najwcze\u015bniej 30 dni po zawarciu umowy, a kt\u00f3rych aktualna warto\u015b\u0107 zale\u017cy od waha\u0144 na rynku, na kt\u00f3re przedsi\u0119biorca nie ma wp\u0142ywu;<br \/>- dotycz\u0105cych dostawy gazet, czasopism lub magazyn\u00f3w, z wyj\u0105tkiem um\u00f3w abonamentowych.<\/p>\n<p><\/p>\n<p>Prawo do odst\u0105pienia od umowy wygasa przedwcze\u015bnie w przypadku um\u00f3w<\/p>\n<p><\/p>\n<p>- dotycz\u0105cych dostawy towar\u00f3w zapiecz\u0119towanych, kt\u00f3re ze wzgl\u0119d\u00f3w ochrony zdrowia lub higieny nie nadaj\u0105 si\u0119 do zwrotu, je\u017celi ich zapiecz\u0119towanie zosta\u0142o usuni\u0119te po dostawie; <br \/>- dotycz\u0105cych dostawy towar\u00f3w, je\u017celi po dostawie zosta\u0142y one ze wzgl\u0119du na sw\u00f3j charakter nierozerwalnie po\u0142\u0105czone z innymi towarami;<br \/>- dotycz\u0105cych dostawy nagra\u0144 audio lub wideo lub oprogramowania komputerowego w zapiecz\u0119towanym opakowaniu, je\u017celi po dostawie zapiecz\u0119towanie zosta\u0142o usuni\u0119te.<\/p>\n<p><\/p>\n<div class=\"elementToProof\"><strong>Nieprzyj\u0119cie \/ nieodebranie przesy\u0142ek<\/strong><\/div>\n<p><\/p>\n<div class=\"elementToProof\">Samo nieprzyj\u0119cie dostawy lub nieodebranie przesy\u0142ki w punkcie odbioru nie stanowi skutecznego wykonania prawa do odst\u0105pienia od umowy.<\/div>\n<p><\/p>\n<div class=\"elementToProof\">Je\u015bli przesy\u0142ka zostanie z tego powodu zwr\u00f3cona do sprzedawcy bez wyra\u017anego o\u015bwiadczenia o odst\u0105pieniu od umowy, zastrzegamy sobie prawo do potr\u0105cenia poniesionych przez nas koszt\u00f3w wysy\u0142ki i zwrotu z kwoty zwrotu.<\/div>\n<p><\/p>\n<div class=\"elementToProof\">Nie ma to wp\u0142ywu na ustawowe prawa klienta, w szczeg\u00f3lno\u015bci prawo do odst\u0105pienia od umowy.<\/div>\n<p><\/p>\n<div class=\"elementToProof\">\u00a0<\/div>\n<p><\/p>\n<hr \/>\n<p><\/p>\n<p><strong>Wz\u00f3r formularza odst\u0105pienia od umowy<\/strong><\/p>\n<p><\/p>\n<p>(Je\u015bli chc\u0105 Pa\u0144stwo odst\u0105pi\u0107 od umowy, prosimy o wype\u0142nienie niniejszego formularza i odes\u0142anie go.)<\/p>\n<p><\/p>\n<p>- An Freunde gesunder Lebensart, Dorfstra\u00dfe 63 b\/2, 6241 Radfeld, adres e-mail: info@stucco-naturale.com :<\/p>\n<p><\/p>\n<p>- Niniejszym odst\u0119puj\u0119\/odst\u0119pujemy (*) od zawartej przeze mnie\/nas (*) umowy dotycz\u0105cej zakupu nast\u0119puj\u0105cych towar\u00f3w (*)\/<br \/>\u015bwiadczenia nast\u0119puj\u0105cych us\u0142ug (*)<\/p>\n<p><\/p>\n<p>- Zam\u00f3wione w dniu (*)\/ otrzymane w dniu (*)<\/p>\n<p><\/p>\n<p>- Imi\u0119 i nazwisko konsumenta\/konsument\u00f3w<br \/>- Adres konsumenta\/konsument\u00f3w<br \/>- Podpis konsumenta\/konsument\u00f3w (tylko w przypadku zg\u0142oszenia w formie papierowej)<br \/>- Data<\/p>\n<p><\/p>\n<p>(*) Niepotrzebne skre\u015bli\u0107.<\/p>\n<\/div><\/div>\n<\/div>\n<\/div>\n<\/div><span class=\"et_bloom_bottom_trigger\"><\/span>","protected":false},"excerpt":{"rendered":"","protected":false},"author":1,"featured_media":0,"parent":0,"menu_order":0,"comment_status":"closed","ping_status":"closed","template":"","meta":{"footnotes":""},"class_list":["post-56871","page","type-page","status-publish","hentry"],"yoast_head":"<!-- This site is optimized with the Yoast SEO Premium plugin v27.3 (Yoast SEO v27.3) - https:\/\/yoast.com\/product\/yoast-seo-premium-wordpress\/ -->\n<title>Polityka anulowania - Stucco naturale<\/title>\n<meta name=\"robots\" content=\"noindex, nofollow\" \/>\n<meta property=\"og:locale\" content=\"pl_PL\" \/>\n<meta property=\"og:type\" content=\"article\" \/>\n<meta property=\"og:title\" content=\"Polityka anulowania\" \/>\n<meta property=\"og:url\" content=\"https:\/\/www.stucco-naturale.com\/pl\/polityka-anulowania\/\" \/>\n<meta property=\"og:site_name\" content=\"Stucco naturale\" \/>\n<meta property=\"article:publisher\" content=\"https:\/\/www.facebook.com\/natuerlicher.kalkputz\/\" \/>\n<meta property=\"article:modified_time\" content=\"2026-03-31T08:44:35+00:00\" \/>\n<meta name=\"twitter:card\" content=\"summary_large_image\" \/>\n<meta name=\"twitter:site\" content=\"@StuccoNaturale\" \/>\n<script type=\"application\/ld+json\" class=\"yoast-schema-graph\">{\"@context\":\"https:\\\/\\\/schema.org\",\"@graph\":[{\"@type\":\"WebPage\",\"@id\":\"https:\\\/\\\/www.stucco-naturale.com\\\/pl\\\/polityka-anulowania\\\/\",\"url\":\"https:\\\/\\\/www.stucco-naturale.com\\\/pl\\\/polityka-anulowania\\\/\",\"name\":\"Polityka anulowania - Stucco naturale\",\"isPartOf\":{\"@id\":\"https:\\\/\\\/www.stucco-naturale.com\\\/pl\\\/#website\"},\"datePublished\":\"2017-01-16T12:52:22+00:00\",\"dateModified\":\"2026-03-31T08:44:35+00:00\",\"breadcrumb\":{\"@id\":\"https:\\\/\\\/www.stucco-naturale.com\\\/pl\\\/polityka-anulowania\\\/#breadcrumb\"},\"inLanguage\":\"pl-PL\",\"potentialAction\":[{\"@type\":\"ReadAction\",\"target\":[\"https:\\\/\\\/www.stucco-naturale.com\\\/pl\\\/polityka-anulowania\\\/\"]}]},{\"@type\":\"BreadcrumbList\",\"@id\":\"https:\\\/\\\/www.stucco-naturale.com\\\/pl\\\/polityka-anulowania\\\/#breadcrumb\",\"itemListElement\":[{\"@type\":\"ListItem\",\"position\":1,\"name\":\"Page d'accueil\",\"item\":\"https:\\\/\\\/www.stucco-naturale.com\\\/pl\\\/\"},{\"@type\":\"ListItem\",\"position\":2,\"name\":\"Polityka anulowania\"}]},{\"@type\":\"WebSite\",\"@id\":\"https:\\\/\\\/www.stucco-naturale.com\\\/pl\\\/#website\",\"url\":\"https:\\\/\\\/www.stucco-naturale.com\\\/pl\\\/\",\"name\":\"Stucco naturale\",\"description\":\"Sklep dla Stucco Veneziano, Marmorino i akcesoria\",\"publisher\":{\"@id\":\"https:\\\/\\\/www.stucco-naturale.com\\\/pl\\\/#organization\"},\"potentialAction\":[{\"@type\":\"SearchAction\",\"target\":{\"@type\":\"EntryPoint\",\"urlTemplate\":\"https:\\\/\\\/www.stucco-naturale.com\\\/pl\\\/?s={search_term_string}\"},\"query-input\":{\"@type\":\"PropertyValueSpecification\",\"valueRequired\":true,\"valueName\":\"search_term_string\"}}],\"inLanguage\":\"pl-PL\"},{\"@type\":\"Organization\",\"@id\":\"https:\\\/\\\/www.stucco-naturale.com\\\/pl\\\/#organization\",\"name\":\"Stucco naturale\",\"url\":\"https:\\\/\\\/www.stucco-naturale.com\\\/pl\\\/\",\"logo\":{\"@type\":\"ImageObject\",\"inLanguage\":\"pl-PL\",\"@id\":\"https:\\\/\\\/www.stucco-naturale.com\\\/pl\\\/#\\\/schema\\\/logo\\\/image\\\/\",\"url\":\"https:\\\/\\\/www.stucco-naturale.com\\\/wp-content\\\/uploads\\\/logo_stucco-naturale.jpg\",\"contentUrl\":\"https:\\\/\\\/www.stucco-naturale.com\\\/wp-content\\\/uploads\\\/logo_stucco-naturale.jpg\",\"width\":400,\"height\":600,\"caption\":\"Stucco naturale\"},\"image\":{\"@id\":\"https:\\\/\\\/www.stucco-naturale.com\\\/pl\\\/#\\\/schema\\\/logo\\\/image\\\/\"},\"sameAs\":[\"https:\\\/\\\/www.facebook.com\\\/natuerlicher.kalkputz\\\/\",\"https:\\\/\\\/x.com\\\/StuccoNaturale\",\"https:\\\/\\\/www.instagram.com\\\/stucco_naturale\\\/?hl=de\"],\"vatID\":\"ATU78081825\"}]}<\/script>\n<!-- \/ Yoast SEO Premium plugin. -->","yoast_head_json":{"title":"Polityka anulowania - Stucco naturale","robots":{"index":"noindex","follow":"nofollow"},"og_locale":"pl_PL","og_type":"article","og_title":"Polityka anulowania","og_url":"https:\/\/www.stucco-naturale.com\/pl\/polityka-anulowania\/","og_site_name":"Stucco naturale","article_publisher":"https:\/\/www.facebook.com\/natuerlicher.kalkputz\/","article_modified_time":"2026-03-31T08:44:35+00:00","twitter_card":"summary_large_image","twitter_site":"@StuccoNaturale","schema":{"@context":"https:\/\/schema.org","@graph":[{"@type":"WebPage","@id":"https:\/\/www.stucco-naturale.com\/pl\/polityka-anulowania\/","url":"https:\/\/www.stucco-naturale.com\/pl\/polityka-anulowania\/","name":"Polityka anulowania - Stucco naturale","isPartOf":{"@id":"https:\/\/www.stucco-naturale.com\/pl\/#website"},"datePublished":"2017-01-16T12:52:22+00:00","dateModified":"2026-03-31T08:44:35+00:00","breadcrumb":{"@id":"https:\/\/www.stucco-naturale.com\/pl\/polityka-anulowania\/#breadcrumb"},"inLanguage":"pl-PL","potentialAction":[{"@type":"ReadAction","target":["https:\/\/www.stucco-naturale.com\/pl\/polityka-anulowania\/"]}]},{"@type":"BreadcrumbList","@id":"https:\/\/www.stucco-naturale.com\/pl\/polityka-anulowania\/#breadcrumb","itemListElement":[{"@type":"ListItem","position":1,"name":"Page d'accueil","item":"https:\/\/www.stucco-naturale.com\/pl\/"},{"@type":"ListItem","position":2,"name":"Polityka anulowania"}]},{"@type":"WebSite","@id":"https:\/\/www.stucco-naturale.com\/pl\/#website","url":"https:\/\/www.stucco-naturale.com\/pl\/","name":"Stucco naturale","description":"Sklep dla Stucco Veneziano, Marmorino i akcesoria","publisher":{"@id":"https:\/\/www.stucco-naturale.com\/pl\/#organization"},"potentialAction":[{"@type":"SearchAction","target":{"@type":"EntryPoint","urlTemplate":"https:\/\/www.stucco-naturale.com\/pl\/?s={search_term_string}"},"query-input":{"@type":"PropertyValueSpecification","valueRequired":true,"valueName":"search_term_string"}}],"inLanguage":"pl-PL"},{"@type":"Organization","@id":"https:\/\/www.stucco-naturale.com\/pl\/#organization","name":"Stucco naturale","url":"https:\/\/www.stucco-naturale.com\/pl\/","logo":{"@type":"ImageObject","inLanguage":"pl-PL","@id":"https:\/\/www.stucco-naturale.com\/pl\/#\/schema\/logo\/image\/","url":"https:\/\/www.stucco-naturale.com\/wp-content\/uploads\/logo_stucco-naturale.jpg","contentUrl":"https:\/\/www.stucco-naturale.com\/wp-content\/uploads\/logo_stucco-naturale.jpg","width":400,"height":600,"caption":"Stucco naturale"},"image":{"@id":"https:\/\/www.stucco-naturale.com\/pl\/#\/schema\/logo\/image\/"},"sameAs":["https:\/\/www.facebook.com\/natuerlicher.kalkputz\/","https:\/\/x.com\/StuccoNaturale","https:\/\/www.instagram.com\/stucco_naturale\/?hl=de"],"vatID":"ATU78081825"}]}},"_links":{"self":[{"href":"https:\/\/www.stucco-naturale.com\/pl\/wp-json\/wp\/v2\/pages\/56871","targetHints":{"allow":["GET"]}}],"collection":[{"href":"https:\/\/www.stucco-naturale.com\/pl\/wp-json\/wp\/v2\/pages"}],"about":[{"href":"https:\/\/www.stucco-naturale.com\/pl\/wp-json\/wp\/v2\/types\/page"}],"author":[{"embeddable":true,"href":"https:\/\/www.stucco-naturale.com\/pl\/wp-json\/wp\/v2\/users\/1"}],"replies":[{"embeddable":true,"href":"https:\/\/www.stucco-naturale.com\/pl\/wp-json\/wp\/v2\/comments?post=56871"}],"version-history":[{"count":0,"href":"https:\/\/www.stucco-naturale.com\/pl\/wp-json\/wp\/v2\/pages\/56871\/revisions"}],"wp:attachment":[{"href":"https:\/\/www.stucco-naturale.com\/pl\/wp-json\/wp\/v2\/media?parent=56871"}],"curies":[{"name":"wp","href":"https:\/\/api.w.org\/{rel}","templated":true}]}}