{"id":56856,"date":"2017-01-16T13:52:22","date_gmt":"2017-01-16T12:52:22","guid":{"rendered":"https:\/\/www.stucco-naturale.com\/metody-wysylki\/"},"modified":"2026-03-27T17:50:47","modified_gmt":"2026-03-27T16:50:47","slug":"metody-wysylki","status":"publish","type":"page","link":"https:\/\/www.stucco-naturale.com\/pl\/metody-wysylki\/","title":{"rendered":"Metody wysy\u0142ki"},"content":{"rendered":"<div class=\"et_pb_section_0 et_pb_section et_section_regular et_block_section\"><div class=\"et_pb_row_0 et_pb_row et_block_row\"><div class=\"et_pb_column_0 et_pb_column et_pb_column_4_4 et-last-child et_block_column et_pb_css_mix_blend_mode_passthrough\"><div class=\"et_pb_text_0 et_pb_text et_pb_bg_layout_light et_pb_module et_block_module\"><div class=\"et_pb_text_inner\"><h1>Informacje o warunkach i kosztach wysy\u0142ki<\/h1>\n<\/div><\/div><div class=\"et_pb_text_1 et_pb_text et_pb_bg_layout_light et_pb_module et_block_module\"><div class=\"et_pb_text_inner\"><div class=\"h2neu\">\n<div class=\"h3neu\">\n<h3>Warunki wysy\u0142ki<\/h3>\n<ul>\n<li>Dostawa odbywa si\u0119 <strong>na terenie Austrii<\/strong>, do <strong>wszystkich pozosta\u0142ych kraj\u00f3w UE <\/strong>oraz do<strong> Szwajcarii<\/strong>. Prosz\u0119 pami\u0119ta\u0107, \u017ce wysy\u0142ka na Grenlandi\u0119 nie jest mo\u017cliwa. <strong>Wyspy Kanaryjskie, Ceuta, Melilla, Wyspy Normandzkie, B\u00fcsingen, Helgoland<\/strong> s\u0105 jednak r\u00f3wnie\u017c obs\u0142ugiwane. Koszty wysy\u0142ki zawieraj\u0105 podatek VAT zgodnie z przepisami prawa.<\/li>\n<li><strong>Serbia i Norwegia<\/strong> s\u0105 obj\u0119te dostaw\u0105 bez podatku; dzi\u0119ki zastosowaniu numeru EORI <strong>nie jest naliczany podatek VAT<\/strong> od koszt\u00f3w wysy\u0142ki i towar\u00f3w. <em>Uwaga<\/em>: naliczane s\u0105 op\u0142aty celne, kt\u00f3re ponosi kupuj\u0105cy<\/li>\n<\/ul>\n<p><strong>Dostawy na terenie Austrii:<\/strong><\/p>\n<p>Pobieramy rycza\u0142tow\u0105 op\u0142at\u0119 za wysy\u0142k\u0119 w wysoko\u015bci 8,90 \u20ac. <br \/>Stale \u015bledzimy rynek, aby znale\u017a\u0107 najlepszego dostawc\u0119 us\u0142ug wysy\u0142kowych i utrzyma\u0107 koszty na jak najni\u017cszym poziomie.<\/p>\n<p>Przy warto\u015bci zam\u00f3wienia powy\u017cej 175,00 \u20ac wysy\u0142ka jest bezp\u0142atna.<\/p>\n<p><strong>Dostawy do Niemiec:<\/strong><\/p>\n<p>Pobieramy sta\u0142\u0105 op\u0142at\u0119 za wysy\u0142k\u0119 w wysoko\u015bci 9,90 \u20ac. <br \/>Stale \u015bledzimy rynek, aby znale\u017a\u0107 najlepszego dostawc\u0119 us\u0142ug wysy\u0142kowych i utrzyma\u0107 koszty na jak najni\u017cszym poziomie.<\/p>\n<p><strong>Dostawy do pozosta\u0142ych kraj\u00f3w UE:<\/strong><\/p>\n<p>Koszty wysy\u0142ki zostan\u0105 wy\u015bwietlone w koszyku po wprowadzeniu kraju i kodu pocztowego. Jeste\u015bmy zawsze na bie\u017c\u0105co, aby zapewni\u0107 Pa\u0144stwu najlepszego dostawc\u0119 us\u0142ug wysy\u0142kowych i utrzyma\u0107 koszty na jak najni\u017cszym poziomie.<\/p>\n<p><strong>Dostawa do Szwajcarii:<\/strong><\/p>\n<p>Dostawa do domu, op\u0142acone c\u0142o i podatek \u2013 op\u0142aty zostan\u0105 wy\u015bwietlone w koszyku po wprowadzeniu kraju i kodu pocztowego. Jeste\u015bmy na bie\u017c\u0105co, aby zapewni\u0107 najlepszego dostawc\u0119 us\u0142ug wysy\u0142kowych i utrzyma\u0107 koszty na jak najni\u017cszym poziomie.<\/p>\n<p><strong>Dostawy do Serbii i Norwegii:<\/strong><\/p>\n<p>Koszty wysy\u0142ki zostan\u0105 wy\u015bwietlone w koszyku po wprowadzeniu kraju i kodu pocztowego. Jeste\u015bmy zawsze na bie\u017c\u0105co, aby zapewni\u0107 najlepszego dostawc\u0119 us\u0142ug wysy\u0142kowych i utrzyma\u0107 koszty na jak najni\u017cszym poziomie.<\/p>\n<p><strong>Dostawy do Wielkiej Brytanii:<\/strong><\/p>\n<p>Minimalna warto\u015b\u0107 zam\u00f3wienia dla dostaw do Wielkiej Brytanii wynosi 180 \u20ac bez VAT. Koszty wysy\u0142ki s\u0105 wy\u015bwietlane w koszyku po wprowadzeniu kraju i kodu pocztowego. Stale \u015bledzimy rynek, aby zapewni\u0107 Pa\u0144stwu najlepszego dostawc\u0119 us\u0142ug wysy\u0142kowych i utrzyma\u0107 koszty na jak najni\u017cszym poziomie.<br \/><strong>Uwaga:<\/strong> Podatek VAT, c\u0142o importowe oraz op\u0142aty administracyjne ponosi klient. Koszty te s\u0105 doliczane do ceny zakupu. Pieni\u0105dze s\u0105 pobierane bezpo\u015brednio przez angielskie s\u0142u\u017cby celne. Nie jeste\u015bmy w stanie przewidzie\u0107 wysoko\u015bci tych koszt\u00f3w.<\/p>\n<h3>Terminy dostaw<\/h3>\n<p>O ile w opisie produktu nie podano innego terminu, dostawa towaru na terenie Austrii nast\u0119puje w ci\u0105gu 1\u20132 dni roboczych, do Niemiec i Szwajcarii w ci\u0105gu 2\u20135 dni roboczych, do pozosta\u0142ych kraj\u00f3w UE oraz do Norwegii i Serbii w ci\u0105gu 3\u20137 dni roboczych, do Wielkiej Brytanii w ci\u0105gu 5\u20139 dni roboczych od potwierdzenia zam\u00f3wienia. W przypadku wyboru opcji p\u0142atno\u015bci \u201eprzedp\u0142ata\u201d dostawa rozpoczyna si\u0119 po otrzymaniu p\u0142atno\u015bci.<\/p>\n<p>W razie pyta\u0144 prosimy o kontakt, nasze <a href=\"https:\/\/www.stucco-naturale.com\/pl\/kontakt\/\">dane kontaktowe<\/a> znajduj\u0105 si\u0119 tutaj.<\/p>\n<\/div>\n<p><\/div>\n<\/div><\/div><\/div><\/div><\/div><span class=\"et_bloom_bottom_trigger\"><\/span>","protected":false},"excerpt":{"rendered":"","protected":false},"author":1,"featured_media":0,"parent":0,"menu_order":0,"comment_status":"closed","ping_status":"closed","template":"","meta":{"footnotes":""},"class_list":["post-56856","page","type-page","status-publish","hentry"],"yoast_head":"<!-- This site is optimized with the Yoast SEO Premium plugin v27.3 (Yoast SEO v27.3) - https:\/\/yoast.com\/product\/yoast-seo-premium-wordpress\/ -->\n<title>Metody wysy\u0142ki - Stucco naturale<\/title>\n<meta name=\"robots\" content=\"noindex, nofollow\" \/>\n<meta property=\"og:locale\" content=\"pl_PL\" \/>\n<meta property=\"og:type\" content=\"article\" \/>\n<meta property=\"og:title\" content=\"Metody wysy\u0142ki\" \/>\n<meta property=\"og:url\" content=\"https:\/\/www.stucco-naturale.com\/pl\/metody-wysylki\/\" \/>\n<meta property=\"og:site_name\" content=\"Stucco naturale\" \/>\n<meta property=\"article:publisher\" content=\"https:\/\/www.facebook.com\/natuerlicher.kalkputz\/\" \/>\n<meta property=\"article:modified_time\" content=\"2026-03-27T16:50:47+00:00\" \/>\n<meta name=\"twitter:card\" content=\"summary_large_image\" \/>\n<meta name=\"twitter:site\" content=\"@StuccoNaturale\" \/>\n<script type=\"application\/ld+json\" class=\"yoast-schema-graph\">{\"@context\":\"https:\\\/\\\/schema.org\",\"@graph\":[{\"@type\":\"WebPage\",\"@id\":\"https:\\\/\\\/www.stucco-naturale.com\\\/pl\\\/metody-wysylki\\\/\",\"url\":\"https:\\\/\\\/www.stucco-naturale.com\\\/pl\\\/metody-wysylki\\\/\",\"name\":\"Metody wysy\u0142ki - Stucco naturale\",\"isPartOf\":{\"@id\":\"https:\\\/\\\/www.stucco-naturale.com\\\/pl\\\/#website\"},\"datePublished\":\"2017-01-16T12:52:22+00:00\",\"dateModified\":\"2026-03-27T16:50:47+00:00\",\"breadcrumb\":{\"@id\":\"https:\\\/\\\/www.stucco-naturale.com\\\/pl\\\/metody-wysylki\\\/#breadcrumb\"},\"inLanguage\":\"pl-PL\",\"potentialAction\":[{\"@type\":\"ReadAction\",\"target\":[\"https:\\\/\\\/www.stucco-naturale.com\\\/pl\\\/metody-wysylki\\\/\"]}]},{\"@type\":\"BreadcrumbList\",\"@id\":\"https:\\\/\\\/www.stucco-naturale.com\\\/pl\\\/metody-wysylki\\\/#breadcrumb\",\"itemListElement\":[{\"@type\":\"ListItem\",\"position\":1,\"name\":\"Page d'accueil\",\"item\":\"https:\\\/\\\/www.stucco-naturale.com\\\/pl\\\/\"},{\"@type\":\"ListItem\",\"position\":2,\"name\":\"Metody wysy\u0142ki\"}]},{\"@type\":\"WebSite\",\"@id\":\"https:\\\/\\\/www.stucco-naturale.com\\\/pl\\\/#website\",\"url\":\"https:\\\/\\\/www.stucco-naturale.com\\\/pl\\\/\",\"name\":\"Stucco naturale\",\"description\":\"Sklep dla Stucco Veneziano, Marmorino i akcesoria\",\"publisher\":{\"@id\":\"https:\\\/\\\/www.stucco-naturale.com\\\/pl\\\/#organization\"},\"potentialAction\":[{\"@type\":\"SearchAction\",\"target\":{\"@type\":\"EntryPoint\",\"urlTemplate\":\"https:\\\/\\\/www.stucco-naturale.com\\\/pl\\\/?s={search_term_string}\"},\"query-input\":{\"@type\":\"PropertyValueSpecification\",\"valueRequired\":true,\"valueName\":\"search_term_string\"}}],\"inLanguage\":\"pl-PL\"},{\"@type\":\"Organization\",\"@id\":\"https:\\\/\\\/www.stucco-naturale.com\\\/pl\\\/#organization\",\"name\":\"Stucco naturale\",\"url\":\"https:\\\/\\\/www.stucco-naturale.com\\\/pl\\\/\",\"logo\":{\"@type\":\"ImageObject\",\"inLanguage\":\"pl-PL\",\"@id\":\"https:\\\/\\\/www.stucco-naturale.com\\\/pl\\\/#\\\/schema\\\/logo\\\/image\\\/\",\"url\":\"https:\\\/\\\/www.stucco-naturale.com\\\/wp-content\\\/uploads\\\/logo_stucco-naturale.jpg\",\"contentUrl\":\"https:\\\/\\\/www.stucco-naturale.com\\\/wp-content\\\/uploads\\\/logo_stucco-naturale.jpg\",\"width\":400,\"height\":600,\"caption\":\"Stucco naturale\"},\"image\":{\"@id\":\"https:\\\/\\\/www.stucco-naturale.com\\\/pl\\\/#\\\/schema\\\/logo\\\/image\\\/\"},\"sameAs\":[\"https:\\\/\\\/www.facebook.com\\\/natuerlicher.kalkputz\\\/\",\"https:\\\/\\\/x.com\\\/StuccoNaturale\",\"https:\\\/\\\/www.instagram.com\\\/stucco_naturale\\\/?hl=de\"],\"vatID\":\"ATU78081825\"}]}<\/script>\n<!-- \/ Yoast SEO Premium plugin. -->","yoast_head_json":{"title":"Metody wysy\u0142ki - Stucco naturale","robots":{"index":"noindex","follow":"nofollow"},"og_locale":"pl_PL","og_type":"article","og_title":"Metody wysy\u0142ki","og_url":"https:\/\/www.stucco-naturale.com\/pl\/metody-wysylki\/","og_site_name":"Stucco naturale","article_publisher":"https:\/\/www.facebook.com\/natuerlicher.kalkputz\/","article_modified_time":"2026-03-27T16:50:47+00:00","twitter_card":"summary_large_image","twitter_site":"@StuccoNaturale","schema":{"@context":"https:\/\/schema.org","@graph":[{"@type":"WebPage","@id":"https:\/\/www.stucco-naturale.com\/pl\/metody-wysylki\/","url":"https:\/\/www.stucco-naturale.com\/pl\/metody-wysylki\/","name":"Metody wysy\u0142ki - Stucco naturale","isPartOf":{"@id":"https:\/\/www.stucco-naturale.com\/pl\/#website"},"datePublished":"2017-01-16T12:52:22+00:00","dateModified":"2026-03-27T16:50:47+00:00","breadcrumb":{"@id":"https:\/\/www.stucco-naturale.com\/pl\/metody-wysylki\/#breadcrumb"},"inLanguage":"pl-PL","potentialAction":[{"@type":"ReadAction","target":["https:\/\/www.stucco-naturale.com\/pl\/metody-wysylki\/"]}]},{"@type":"BreadcrumbList","@id":"https:\/\/www.stucco-naturale.com\/pl\/metody-wysylki\/#breadcrumb","itemListElement":[{"@type":"ListItem","position":1,"name":"Page d'accueil","item":"https:\/\/www.stucco-naturale.com\/pl\/"},{"@type":"ListItem","position":2,"name":"Metody wysy\u0142ki"}]},{"@type":"WebSite","@id":"https:\/\/www.stucco-naturale.com\/pl\/#website","url":"https:\/\/www.stucco-naturale.com\/pl\/","name":"Stucco naturale","description":"Sklep dla Stucco Veneziano, Marmorino i akcesoria","publisher":{"@id":"https:\/\/www.stucco-naturale.com\/pl\/#organization"},"potentialAction":[{"@type":"SearchAction","target":{"@type":"EntryPoint","urlTemplate":"https:\/\/www.stucco-naturale.com\/pl\/?s={search_term_string}"},"query-input":{"@type":"PropertyValueSpecification","valueRequired":true,"valueName":"search_term_string"}}],"inLanguage":"pl-PL"},{"@type":"Organization","@id":"https:\/\/www.stucco-naturale.com\/pl\/#organization","name":"Stucco naturale","url":"https:\/\/www.stucco-naturale.com\/pl\/","logo":{"@type":"ImageObject","inLanguage":"pl-PL","@id":"https:\/\/www.stucco-naturale.com\/pl\/#\/schema\/logo\/image\/","url":"https:\/\/www.stucco-naturale.com\/wp-content\/uploads\/logo_stucco-naturale.jpg","contentUrl":"https:\/\/www.stucco-naturale.com\/wp-content\/uploads\/logo_stucco-naturale.jpg","width":400,"height":600,"caption":"Stucco naturale"},"image":{"@id":"https:\/\/www.stucco-naturale.com\/pl\/#\/schema\/logo\/image\/"},"sameAs":["https:\/\/www.facebook.com\/natuerlicher.kalkputz\/","https:\/\/x.com\/StuccoNaturale","https:\/\/www.instagram.com\/stucco_naturale\/?hl=de"],"vatID":"ATU78081825"}]}},"_links":{"self":[{"href":"https:\/\/www.stucco-naturale.com\/pl\/wp-json\/wp\/v2\/pages\/56856","targetHints":{"allow":["GET"]}}],"collection":[{"href":"https:\/\/www.stucco-naturale.com\/pl\/wp-json\/wp\/v2\/pages"}],"about":[{"href":"https:\/\/www.stucco-naturale.com\/pl\/wp-json\/wp\/v2\/types\/page"}],"author":[{"embeddable":true,"href":"https:\/\/www.stucco-naturale.com\/pl\/wp-json\/wp\/v2\/users\/1"}],"replies":[{"embeddable":true,"href":"https:\/\/www.stucco-naturale.com\/pl\/wp-json\/wp\/v2\/comments?post=56856"}],"version-history":[{"count":0,"href":"https:\/\/www.stucco-naturale.com\/pl\/wp-json\/wp\/v2\/pages\/56856\/revisions"}],"wp:attachment":[{"href":"https:\/\/www.stucco-naturale.com\/pl\/wp-json\/wp\/v2\/media?parent=56856"}],"curies":[{"name":"wp","href":"https:\/\/api.w.org\/{rel}","templated":true}]}}