{"id":56854,"date":"2016-12-14T22:06:47","date_gmt":"2016-12-14T21:06:47","guid":{"rendered":"https:\/\/www.stucco-naturale.com\/moje-konto\/"},"modified":"2026-03-27T17:49:32","modified_gmt":"2026-03-27T16:49:32","slug":"moje-konto","status":"publish","type":"page","link":"https:\/\/www.stucco-naturale.com\/pl\/moje-konto\/","title":{"rendered":"Moje konto"},"content":{"rendered":"<span class=\"et_bloom_bottom_trigger\"><\/span>","protected":false},"excerpt":{"rendered":"","protected":false},"author":1,"featured_media":0,"parent":0,"menu_order":0,"comment_status":"closed","ping_status":"closed","template":"","meta":{"footnotes":""},"class_list":["post-56854","page","type-page","status-publish","hentry"],"yoast_head":"<!-- This site is optimized with the Yoast SEO Premium plugin v27.3 (Yoast SEO v27.3) - https:\/\/yoast.com\/product\/yoast-seo-premium-wordpress\/ -->\n<title>Moje konto<\/title>\n<meta name=\"description\" content=\"Korzystaj z przegl\u0105du zam\u00f3wie\u0144 i zarz\u0105dzaj adresami rozliczeniowymi i dostawy.\" \/>\n<meta name=\"robots\" content=\"noindex, follow\" \/>\n<meta property=\"og:locale\" content=\"pl_PL\" \/>\n<meta property=\"og:type\" content=\"article\" \/>\n<meta property=\"og:title\" content=\"Moje konto\" \/>\n<meta property=\"og:description\" content=\"Korzystaj z przegl\u0105du zam\u00f3wie\u0144 i zarz\u0105dzaj adresami rozliczeniowymi i dostawy.\" \/>\n<meta property=\"og:url\" content=\"https:\/\/www.stucco-naturale.com\/pl\/moje-konto\/\" \/>\n<meta property=\"og:site_name\" content=\"Stucco naturale\" \/>\n<meta property=\"article:publisher\" content=\"https:\/\/www.facebook.com\/natuerlicher.kalkputz\/\" \/>\n<meta property=\"article:modified_time\" content=\"2026-03-27T16:49:32+00:00\" \/>\n<meta name=\"twitter:card\" content=\"summary_large_image\" \/>\n<meta name=\"twitter:site\" content=\"@StuccoNaturale\" \/>\n<script type=\"application\/ld+json\" class=\"yoast-schema-graph\">{\"@context\":\"https:\\\/\\\/schema.org\",\"@graph\":[{\"@type\":\"WebPage\",\"@id\":\"https:\\\/\\\/www.stucco-naturale.com\\\/pl\\\/moje-konto\\\/\",\"url\":\"https:\\\/\\\/www.stucco-naturale.com\\\/pl\\\/moje-konto\\\/\",\"name\":\"Moje konto\",\"isPartOf\":{\"@id\":\"https:\\\/\\\/www.stucco-naturale.com\\\/pl\\\/#website\"},\"datePublished\":\"2016-12-14T21:06:47+00:00\",\"dateModified\":\"2026-03-27T16:49:32+00:00\",\"description\":\"Korzystaj z przegl\u0105du zam\u00f3wie\u0144 i zarz\u0105dzaj adresami rozliczeniowymi i dostawy.\",\"breadcrumb\":{\"@id\":\"https:\\\/\\\/www.stucco-naturale.com\\\/pl\\\/moje-konto\\\/#breadcrumb\"},\"inLanguage\":\"pl-PL\",\"potentialAction\":[{\"@type\":\"ReadAction\",\"target\":[\"https:\\\/\\\/www.stucco-naturale.com\\\/pl\\\/moje-konto\\\/\"]}]},{\"@type\":\"BreadcrumbList\",\"@id\":\"https:\\\/\\\/www.stucco-naturale.com\\\/pl\\\/moje-konto\\\/#breadcrumb\",\"itemListElement\":[{\"@type\":\"ListItem\",\"position\":1,\"name\":\"Page d'accueil\",\"item\":\"https:\\\/\\\/www.stucco-naturale.com\\\/pl\\\/\"},{\"@type\":\"ListItem\",\"position\":2,\"name\":\"Moje konto\"}]},{\"@type\":\"WebSite\",\"@id\":\"https:\\\/\\\/www.stucco-naturale.com\\\/pl\\\/#website\",\"url\":\"https:\\\/\\\/www.stucco-naturale.com\\\/pl\\\/\",\"name\":\"Stucco naturale\",\"description\":\"Sklep dla Stucco Veneziano, Marmorino i akcesoria\",\"publisher\":{\"@id\":\"https:\\\/\\\/www.stucco-naturale.com\\\/pl\\\/#organization\"},\"potentialAction\":[{\"@type\":\"SearchAction\",\"target\":{\"@type\":\"EntryPoint\",\"urlTemplate\":\"https:\\\/\\\/www.stucco-naturale.com\\\/pl\\\/?s={search_term_string}\"},\"query-input\":{\"@type\":\"PropertyValueSpecification\",\"valueRequired\":true,\"valueName\":\"search_term_string\"}}],\"inLanguage\":\"pl-PL\"},{\"@type\":\"Organization\",\"@id\":\"https:\\\/\\\/www.stucco-naturale.com\\\/pl\\\/#organization\",\"name\":\"Stucco naturale\",\"url\":\"https:\\\/\\\/www.stucco-naturale.com\\\/pl\\\/\",\"logo\":{\"@type\":\"ImageObject\",\"inLanguage\":\"pl-PL\",\"@id\":\"https:\\\/\\\/www.stucco-naturale.com\\\/pl\\\/#\\\/schema\\\/logo\\\/image\\\/\",\"url\":\"https:\\\/\\\/www.stucco-naturale.com\\\/wp-content\\\/uploads\\\/logo_stucco-naturale.jpg\",\"contentUrl\":\"https:\\\/\\\/www.stucco-naturale.com\\\/wp-content\\\/uploads\\\/logo_stucco-naturale.jpg\",\"width\":400,\"height\":600,\"caption\":\"Stucco naturale\"},\"image\":{\"@id\":\"https:\\\/\\\/www.stucco-naturale.com\\\/pl\\\/#\\\/schema\\\/logo\\\/image\\\/\"},\"sameAs\":[\"https:\\\/\\\/www.facebook.com\\\/natuerlicher.kalkputz\\\/\",\"https:\\\/\\\/x.com\\\/StuccoNaturale\",\"https:\\\/\\\/www.instagram.com\\\/stucco_naturale\\\/?hl=de\"],\"vatID\":\"ATU78081825\"}]}<\/script>\n<!-- \/ Yoast SEO Premium plugin. -->","yoast_head_json":{"title":"Moje konto","description":"Korzystaj z przegl\u0105du zam\u00f3wie\u0144 i zarz\u0105dzaj adresami rozliczeniowymi i dostawy.","robots":{"index":"noindex","follow":"follow"},"og_locale":"pl_PL","og_type":"article","og_title":"Moje konto","og_description":"Korzystaj z przegl\u0105du zam\u00f3wie\u0144 i zarz\u0105dzaj adresami rozliczeniowymi i dostawy.","og_url":"https:\/\/www.stucco-naturale.com\/pl\/moje-konto\/","og_site_name":"Stucco naturale","article_publisher":"https:\/\/www.facebook.com\/natuerlicher.kalkputz\/","article_modified_time":"2026-03-27T16:49:32+00:00","twitter_card":"summary_large_image","twitter_site":"@StuccoNaturale","schema":{"@context":"https:\/\/schema.org","@graph":[{"@type":"WebPage","@id":"https:\/\/www.stucco-naturale.com\/pl\/moje-konto\/","url":"https:\/\/www.stucco-naturale.com\/pl\/moje-konto\/","name":"Moje konto","isPartOf":{"@id":"https:\/\/www.stucco-naturale.com\/pl\/#website"},"datePublished":"2016-12-14T21:06:47+00:00","dateModified":"2026-03-27T16:49:32+00:00","description":"Korzystaj z przegl\u0105du zam\u00f3wie\u0144 i zarz\u0105dzaj adresami rozliczeniowymi i dostawy.","breadcrumb":{"@id":"https:\/\/www.stucco-naturale.com\/pl\/moje-konto\/#breadcrumb"},"inLanguage":"pl-PL","potentialAction":[{"@type":"ReadAction","target":["https:\/\/www.stucco-naturale.com\/pl\/moje-konto\/"]}]},{"@type":"BreadcrumbList","@id":"https:\/\/www.stucco-naturale.com\/pl\/moje-konto\/#breadcrumb","itemListElement":[{"@type":"ListItem","position":1,"name":"Page d'accueil","item":"https:\/\/www.stucco-naturale.com\/pl\/"},{"@type":"ListItem","position":2,"name":"Moje konto"}]},{"@type":"WebSite","@id":"https:\/\/www.stucco-naturale.com\/pl\/#website","url":"https:\/\/www.stucco-naturale.com\/pl\/","name":"Stucco naturale","description":"Sklep dla Stucco Veneziano, Marmorino i akcesoria","publisher":{"@id":"https:\/\/www.stucco-naturale.com\/pl\/#organization"},"potentialAction":[{"@type":"SearchAction","target":{"@type":"EntryPoint","urlTemplate":"https:\/\/www.stucco-naturale.com\/pl\/?s={search_term_string}"},"query-input":{"@type":"PropertyValueSpecification","valueRequired":true,"valueName":"search_term_string"}}],"inLanguage":"pl-PL"},{"@type":"Organization","@id":"https:\/\/www.stucco-naturale.com\/pl\/#organization","name":"Stucco naturale","url":"https:\/\/www.stucco-naturale.com\/pl\/","logo":{"@type":"ImageObject","inLanguage":"pl-PL","@id":"https:\/\/www.stucco-naturale.com\/pl\/#\/schema\/logo\/image\/","url":"https:\/\/www.stucco-naturale.com\/wp-content\/uploads\/logo_stucco-naturale.jpg","contentUrl":"https:\/\/www.stucco-naturale.com\/wp-content\/uploads\/logo_stucco-naturale.jpg","width":400,"height":600,"caption":"Stucco naturale"},"image":{"@id":"https:\/\/www.stucco-naturale.com\/pl\/#\/schema\/logo\/image\/"},"sameAs":["https:\/\/www.facebook.com\/natuerlicher.kalkputz\/","https:\/\/x.com\/StuccoNaturale","https:\/\/www.instagram.com\/stucco_naturale\/?hl=de"],"vatID":"ATU78081825"}]}},"_links":{"self":[{"href":"https:\/\/www.stucco-naturale.com\/pl\/wp-json\/wp\/v2\/pages\/56854","targetHints":{"allow":["GET"]}}],"collection":[{"href":"https:\/\/www.stucco-naturale.com\/pl\/wp-json\/wp\/v2\/pages"}],"about":[{"href":"https:\/\/www.stucco-naturale.com\/pl\/wp-json\/wp\/v2\/types\/page"}],"author":[{"embeddable":true,"href":"https:\/\/www.stucco-naturale.com\/pl\/wp-json\/wp\/v2\/users\/1"}],"replies":[{"embeddable":true,"href":"https:\/\/www.stucco-naturale.com\/pl\/wp-json\/wp\/v2\/comments?post=56854"}],"version-history":[{"count":0,"href":"https:\/\/www.stucco-naturale.com\/pl\/wp-json\/wp\/v2\/pages\/56854\/revisions"}],"wp:attachment":[{"href":"https:\/\/www.stucco-naturale.com\/pl\/wp-json\/wp\/v2\/media?parent=56854"}],"curies":[{"name":"wp","href":"https:\/\/api.w.org\/{rel}","templated":true}]}}