{"id":56851,"date":"2017-01-27T19:16:38","date_gmt":"2017-01-27T18:16:38","guid":{"rendered":"https:\/\/www.stucco-naturale.com\/kontakt\/"},"modified":"2026-03-27T17:54:11","modified_gmt":"2026-03-27T16:54:11","slug":"kontakt","status":"publish","type":"page","link":"https:\/\/www.stucco-naturale.com\/pl\/kontakt\/","title":{"rendered":"Kontakt"},"content":{"rendered":"\n<div class=\"et_pb_section_0 et_pb_section et_section_regular et_block_section\"><div class=\"et_pb_row_0 et_pb_row et_block_row\"><div class=\"et_pb_column_0 et_pb_column et_pb_column_4_4 et-last-child et_block_column et_pb_css_mix_blend_mode_passthrough\"><div class=\"et_pb_text_0 et_pb_text et_pb_bg_layout_light et_pb_module et_block_module\"><div class=\"et_pb_text_inner\"><h1 style=\"text-align: center;\"><strong>Jeste\u015bmy tu dla Pa\u0144stwa<\/strong><\/h1>\n<\/div><\/div><\/div><\/div><\/div><div class=\"et_pb_section_1 et_pb_section et_section_regular et_block_section\"><div class=\"et_pb_row_1 et_pb_row et_block_row\"><div class=\"et_pb_column_1 et_pb_column et_pb_column_4_4 et-last-child et_block_column et_pb_css_mix_blend_mode_passthrough\"><div class=\"et_pb_text_1 et_pb_text et_pb_bg_layout_light et_pb_module et_block_module\"><div class=\"et_pb_text_inner\"><h2>Czy masz jakie\u015b pytania lub sugestie dotycz\u0105ce sklepu internetowego Stucco naturale?<\/h2>\n<p>Maj\u0105 Pa\u0144stwo pytania dotycz\u0105ce naszych produkt\u00f3w <a title=\"Stiuk Veneziano kaufen\" href=\"https:\/\/www.stucco-naturale.com\/pl\/produkt\/stiuk-wenecki\/\" target=\"_self\" rel=\"noopener noreferrer\">Stiuk Wenecki<\/a>, <a title=\"Marmorino kaufen\" href=\"https:\/\/www.stucco-naturale.com\/pl\/produkt\/stiuk-marmorino\/\" target=\"_self\" rel=\"noopener noreferrer\">Marmorino<\/a>, <a title=\"Farbpigmente kaufen\" href=\"https:\/\/www. Stiuk.com\/product-category\/colour-pigments\/\" target=\"_self\" rel=\"noopener noreferrer\">pigmenty kolorowe<\/a>, <a title=\"Paca wenecka wyg\u0142adzaj\u0105ca\" href=\"https:\/\/www.stucco-naturale.com\/produkt-kategorie\/venezianische-glaettekellen\/\" target=\"_self\" rel=\"noopener noreferrer\">paca wenecka wyg\u0142adzaj\u0105ca<\/a> lub inne produkty? Prosz\u0119 skorzysta\u0107 z naszego formularza kontaktowego, napisa\u0107 do nas e-mail.<\/p>\n<\/div><\/div><\/div><\/div><div class=\"et_pb_row_2 et_pb_row et_pb_row_1-4_1-4_1-2 et_block_row et_block_row_1-4_1-4_1-2\"><div class=\"et_pb_column_2 et_pb_column et_pb_column_1_4 et_block_column et_pb_css_mix_blend_mode_passthrough\"><div class=\"et_pb_text_2 et_pb_text et_pb_bg_layout_light et_pb_module et_block_module\"><div class=\"et_pb_text_inner\"><h3>Pytania dotycz\u0105ce zam\u00f3wienia, p\u0142atno\u015bci lub wysy\u0142ki<\/h3>\n<p><img decoding=\"async\" class=\"size-full wp-image-3496 aligncenter\" src=\"https:\/\/www.stucco-naturale.com\/wp-content\/uploads\/Betty-Walcher-Rosenbogen.jpg\" alt=\"Strona kontaktowa Betty\" width=\"200\" height=\"200\" \/><\/p>\n<p>Elisabeth Walcher<br \/>Schmelzerweg 18<br \/>6250 Kundl<br \/>Austria<\/p>\n<p>E-mail: <a href=\"mailto:office@stucco-naturale.com\">office@stucco-naturale.com<\/a><\/p>\n<p>Mobile: <a href=\"tel:+4369910242700\">+43 699 102 42 700<\/a> (M\u00f3wimy po niemiecku i angielsku)<\/p>\n<p>Dost\u0119pny telefonicznie od poniedzia\u0142ku do pi\u0105tku w godzinach od 08:00 do 18:00!<\/p>\n<\/div><\/div><\/div><div class=\"et_pb_column_3 et_pb_column et_pb_column_1_4 et_block_column et_pb_css_mix_blend_mode_passthrough\"><div class=\"et_pb_text_3 et_pb_text et_pb_bg_layout_light et_pb_module et_block_module\"><div class=\"et_pb_text_inner\"><h3>Pytania dotycz\u0105ce naszych produkt\u00f3w lub przetwarzania<\/h3>\n<p><img decoding=\"async\" class=\"size-full wp-image-3496 aligncenter\" src=\"https:\/\/www.stucco-naturale.com\/wp-content\/uploads\/Stefan-Fischer.jpg\" alt=\"Strona kontaktowa Stefan\" width=\"200\" height=\"200\" \/><\/p>\n<p>Stefan Fischer<br \/>Schmelzerweg 18<br \/>6250 Kundl<br \/>Austria<\/p>\n<p>E-mail: <a href=\"mailto:info@stucco-naturale.com\">info@stucco-naturale.com<\/a><\/p>\n<p>Mobile: <a href=\"tel:+436606413331\">+43 660 641 3331<\/a> (M\u00f3wimy po niemiecku i angielsku)<\/p>\n<p>Dost\u0119pny telefonicznie od poniedzia\u0142ku do pi\u0105tku w godzinach od 08.00 do 18.00!<\/p>\n<\/div><\/div><\/div><div class=\"et_pb_column_4 et_pb_column et_pb_column_1_2 et-last-child et_block_column et_pb_css_mix_blend_mode_passthrough\"><div class=\"et_pb_contact_form_0 et_pb_contact_form_container clearfix et_pb_module et_flex_module\" data-form_unique_num=\"0\" data-form_unique_id=\"5a298d68-1da1-4eba-89ad-f4786bd2d363\" id=\"et_pb_contact_form_5a298d68-1da1-4eba-89ad-f4786bd2d363\"><h2 class=\"et_pb_contact_main_title\">Formularz kontaktowy<\/h2><div class=\"et-pb-contact-message\"><\/div><div class=\"et_pb_contact\"><form class=\"et_pb_contact_form et_flex_module\" method=\"post\" action=\"https:\/\/www.stucco-naturale.com\/pl\/wp-json\/wp\/v2\/pages\/56851\"><div class=\"et_pb_contact_field_0 et_pb_contact_field et_pb_module et_flex_module et_flex_column_12_24 et_flex_column_12_24_tablet et_flex_column_12_24_phone\" data-id=\"name\" data-type=\"input\"><label class=\"et_pb_contact_form_label\" for=\"et_pb_contact_0_name_0\">Nazwa<\/label><input type=\"text\" name=\"et_pb_contact_0_name_0\" id=\"et_pb_contact_0_name_0\" class=\"input\" data-required_mark=\"required\" data-field_type=\"input\" data-original_id=\"name\" placeholder=\"Nazwa\" title=\"\" value=\"\" \/><\/div><div class=\"et_pb_contact_field_1 et_pb_contact_field et_pb_module et_flex_module et_flex_column_12_24 et_flex_column_12_24_tablet et_flex_column_12_24_phone\" data-id=\"email\" data-type=\"email\"><label class=\"et_pb_contact_form_label\" for=\"et_pb_contact_0_email_1\">Adres e-mail<\/label><input type=\"text\" name=\"et_pb_contact_0_email_1\" id=\"et_pb_contact_0_email_1\" class=\"input\" data-required_mark=\"required\" data-field_type=\"email\" data-original_id=\"email\" placeholder=\"Adres e-mail\" title=\"\" value=\"\" \/><\/div><div class=\"et_pb_contact_field_2 et_pb_contact_field et_pb_module et_flex_module et_flex_column_24_24 et_flex_column_24_24_tablet et_flex_column_24_24_phone\" data-id=\"message\" data-type=\"text\"><label class=\"et_pb_contact_form_label\" for=\"et_pb_contact_0_message_2\">Wiadomo\u015b\u0107<\/label><textarea name=\"et_pb_contact_0_message_2\" id=\"et_pb_contact_0_message_2\" class=\"et_pb_contact_message input\" data-required_mark=\"required\" data-field_type=\"text\" data-original_id=\"message\" placeholder=\"Wiadomo\u015b\u0107\"><\/textarea><\/div><div class=\"et_pb_contact_field_3 et_pb_contact_field et_pb_module et_flex_module et_flex_column_24_24 et_flex_column_24_24_tablet et_flex_column_24_24_phone\" data-id=\"dsgvo_checkbox\" data-type=\"checkbox\"><label class=\"et_pb_contact_form_label\">Musisz zaakceptowa\u0107 polityk\u0119 prywatno\u015bci zgodnie z DSGVO. Zaznacz nast\u0119puj\u0105ce pole:<\/label><input type=\"hidden\" name=\"et_pb_contact_0_dsgvo_checkbox_3\" class=\"et_pb_checkbox_handle\" data-required_mark=\"required\" data-field_type=\"checkbox\" data-original_id=\"dsgvo_checkbox\" \/><span class=\"et_pb_contact_field_options_wrapper\"><span class=\"et_pb_contact_field_options_title\">Musisz zaakceptowa\u0107 polityk\u0119 prywatno\u015bci zgodnie z DSGVO. Zaznacz nast\u0119puj\u0105ce pole:<\/span><span class=\"et_pb_contact_field_options_list\"><span class=\"et_pb_contact_field_checkbox\"><input type=\"checkbox\" id=\"et_pb_contact_0_dsgvo_checkbox_3_0\" class=\"input\" value=\"Szczeg\u00f3\u0142y mo\u017cna znale\u017a\u0107 w polityce prywatno\u015bci\" data-required_mark=\"required\" data-field_type=\"checkbox\" data-original_id=\"dsgvo_checkbox\" \/><label for=\"et_pb_contact_0_dsgvo_checkbox_3_0\"><i><\/i>Szczeg\u00f3\u0142y mo\u017cna znale\u017a\u0107 w polityce prywatno\u015bci <a target=\"_blank\" href=\"https:\/\/www.stucco-naturale.com\/datenschutzerklaerung\/\">https:\/\/www.stucco-naturale.com\/datenschutzerklaerung\/<\/a><\/label><\/span><\/span><\/span><\/div><input type=\"hidden\" name=\"et_pb_contactform_submit_5a298d68-1da1-4eba-89ad-f4786bd2d363\" value=\"et_contact_proccess\" \/><div class=\"et_contact_bottom_container\"><div class=\"et_pb_contact_right et_pb_contact_field\"><p class=\"clearfix\"><label><span class=\"et_pb_contact_captcha_question\">6 + 9<\/span> = <input type=\"text\" size=\"2\" class=\"input et_pb_contact_captcha\" data-first_digit=\"6\" data-second_digit=\"9\" data-required_mark=\"required\" name=\"et_pb_contact_captcha_5a298d68-1da1-4eba-89ad-f4786bd2d363\" autocomplete=\"off\" \/><\/label><\/p><\/div><div class=\"et_pb_button_wrapper\"><button type=\"submit\" name=\"et_builder_submit_button\" class=\"et_pb_button et_pb_contact_submit\">Prze\u015blij<\/button><\/div><\/div><input type=\"hidden\" id=\"_wpnonce-et-pb-contact-form-submitted-5a298d68-1da1-4eba-89ad-f4786bd2d363\" name=\"_wpnonce-et-pb-contact-form-submitted-5a298d68-1da1-4eba-89ad-f4786bd2d363\" value=\"5e7a787049\" \/><input type=\"hidden\" name=\"_wp_http_referer\" value=\"\/pl\/wp-json\/wp\/v2\/pages\/56851\" \/><\/form><\/div><\/div><\/div><\/div><\/div><div class=\"et_pb_section_2 et_pb_section et_section_regular et_block_section\"><div class=\"et_pb_row_3 et_pb_row et_pb_row_1-2_1-4_1-4 et_block_row et_block_row_1-2_1-4_1-4\"><div class=\"et_pb_column_5 et_pb_column et_pb_column_1_2 et_block_column et_pb_css_mix_blend_mode_passthrough\"><div class=\"et_pb_text_4 et_pb_text et_pb_bg_layout_light et_pb_module et_block_module\"><div class=\"et_pb_text_inner\"><h3>Od poniedzia\u0142ku do pi\u0105tku w godzinach od 8:00 do 18:00 mo\u017cesz r\u00f3wnie\u017c skontaktowa\u0107 si\u0119 z nami przez WhatsApp i Telegram!<\/p>\n<p>Wystarczy klikn\u0105\u0107 na poni\u017csze ikony.<\/p>\n<\/div><\/div><\/div><div class=\"et_pb_column_6 et_pb_column et_pb_column_1_4 et_block_column et_pb_css_mix_blend_mode_passthrough\"><div class=\"et_pb_code_0 et_pb_code et_pb_text_align_center et_pb_module\"><div class=\"et_pb_code_inner\"><p><a href=\"https:\/\/t.me\/Fischer_Stefan\" target=\"_blank\" rel=\"noopener noreferrer\"><img decoding=\"async\" src=\"https:\/\/www.stucco-naturale.com\/wp-content\/uploads\/Telegram-1.png\" \/><\/a><\/p><\/div><\/div><\/div><div class=\"et_pb_column_7 et_pb_column et_pb_column_1_4 et-last-child et_block_column et_pb_css_mix_blend_mode_passthrough\"><div class=\"et_pb_code_1 et_pb_code et_pb_text_align_center et_pb_module\"><div class=\"et_pb_code_inner\"><a href=\"https:\/\/wa.me\/00436606413331\" \" target=\"_blank\" rel=\"noopener noreferrer\"><img decoding=\"async\" src=\"https:\/\/www.stucco-naturale.com\/wp-content\/uploads\/Whatsapp-Logo.png\"><\/a><\/div><\/div><\/div><\/div><\/div>\n<span class=\"et_bloom_bottom_trigger\"><\/span>","protected":false},"excerpt":{"rendered":"","protected":false},"author":1,"featured_media":0,"parent":0,"menu_order":0,"comment_status":"closed","ping_status":"closed","template":"","meta":{"footnotes":""},"class_list":["post-56851","page","type-page","status-publish","hentry"],"yoast_head":"<!-- This site is optimized with the Yoast SEO Premium plugin v27.3 (Yoast SEO v27.3) - https:\/\/yoast.com\/product\/yoast-seo-premium-wordpress\/ -->\n<title>Kontakt z Stucco naturale<\/title>\n<meta name=\"description\" content=\"Og\u00f3lne informacje dotycz\u0105ce kontaktu z firm\u0105 Stucco Naturale. Uzyskaj informacje lub bezp\u0142atn\u0105 wycen\u0119 ju\u017c teraz.\" \/>\n<meta name=\"robots\" content=\"index, follow, max-snippet:-1, max-image-preview:large, max-video-preview:-1\" \/>\n<link rel=\"canonical\" href=\"https:\/\/www.stucco-naturale.com\/pl\/kontakt\/\" \/>\n<meta property=\"og:locale\" content=\"pl_PL\" \/>\n<meta property=\"og:type\" content=\"article\" \/>\n<meta property=\"og:title\" content=\"Kontakt\" \/>\n<meta property=\"og:description\" content=\"Og\u00f3lne informacje dotycz\u0105ce kontaktu z firm\u0105 Stucco Naturale. Uzyskaj informacje lub bezp\u0142atn\u0105 wycen\u0119 ju\u017c teraz.\" \/>\n<meta property=\"og:url\" content=\"https:\/\/www.stucco-naturale.com\/pl\/kontakt\/\" \/>\n<meta property=\"og:site_name\" content=\"Stucco naturale\" \/>\n<meta property=\"article:publisher\" content=\"https:\/\/www.facebook.com\/natuerlicher.kalkputz\/\" \/>\n<meta property=\"article:modified_time\" content=\"2026-03-27T16:54:11+00:00\" \/>\n<meta name=\"twitter:card\" content=\"summary_large_image\" \/>\n<meta name=\"twitter:site\" content=\"@StuccoNaturale\" \/>\n<script type=\"application\/ld+json\" class=\"yoast-schema-graph\">{\"@context\":\"https:\\\/\\\/schema.org\",\"@graph\":[{\"@type\":\"WebPage\",\"@id\":\"https:\\\/\\\/www.stucco-naturale.com\\\/pl\\\/kontakt\\\/\",\"url\":\"https:\\\/\\\/www.stucco-naturale.com\\\/pl\\\/kontakt\\\/\",\"name\":\"Kontakt z Stucco naturale\",\"isPartOf\":{\"@id\":\"https:\\\/\\\/www.stucco-naturale.com\\\/pl\\\/#website\"},\"datePublished\":\"2017-01-27T18:16:38+00:00\",\"dateModified\":\"2026-03-27T16:54:11+00:00\",\"description\":\"Og\u00f3lne informacje dotycz\u0105ce kontaktu z firm\u0105 Stucco Naturale. Uzyskaj informacje lub bezp\u0142atn\u0105 wycen\u0119 ju\u017c teraz.\",\"breadcrumb\":{\"@id\":\"https:\\\/\\\/www.stucco-naturale.com\\\/pl\\\/kontakt\\\/#breadcrumb\"},\"inLanguage\":\"pl-PL\",\"potentialAction\":[{\"@type\":\"ReadAction\",\"target\":[\"https:\\\/\\\/www.stucco-naturale.com\\\/pl\\\/kontakt\\\/\"]}]},{\"@type\":\"BreadcrumbList\",\"@id\":\"https:\\\/\\\/www.stucco-naturale.com\\\/pl\\\/kontakt\\\/#breadcrumb\",\"itemListElement\":[{\"@type\":\"ListItem\",\"position\":1,\"name\":\"Page d'accueil\",\"item\":\"https:\\\/\\\/www.stucco-naturale.com\\\/pl\\\/\"},{\"@type\":\"ListItem\",\"position\":2,\"name\":\"Kontakt\"}]},{\"@type\":\"WebSite\",\"@id\":\"https:\\\/\\\/www.stucco-naturale.com\\\/pl\\\/#website\",\"url\":\"https:\\\/\\\/www.stucco-naturale.com\\\/pl\\\/\",\"name\":\"Stucco naturale\",\"description\":\"Sklep dla Stucco Veneziano, Marmorino i akcesoria\",\"publisher\":{\"@id\":\"https:\\\/\\\/www.stucco-naturale.com\\\/pl\\\/#organization\"},\"potentialAction\":[{\"@type\":\"SearchAction\",\"target\":{\"@type\":\"EntryPoint\",\"urlTemplate\":\"https:\\\/\\\/www.stucco-naturale.com\\\/pl\\\/?s={search_term_string}\"},\"query-input\":{\"@type\":\"PropertyValueSpecification\",\"valueRequired\":true,\"valueName\":\"search_term_string\"}}],\"inLanguage\":\"pl-PL\"},{\"@type\":\"Organization\",\"@id\":\"https:\\\/\\\/www.stucco-naturale.com\\\/pl\\\/#organization\",\"name\":\"Stucco naturale\",\"url\":\"https:\\\/\\\/www.stucco-naturale.com\\\/pl\\\/\",\"logo\":{\"@type\":\"ImageObject\",\"inLanguage\":\"pl-PL\",\"@id\":\"https:\\\/\\\/www.stucco-naturale.com\\\/pl\\\/#\\\/schema\\\/logo\\\/image\\\/\",\"url\":\"https:\\\/\\\/www.stucco-naturale.com\\\/wp-content\\\/uploads\\\/logo_stucco-naturale.jpg\",\"contentUrl\":\"https:\\\/\\\/www.stucco-naturale.com\\\/wp-content\\\/uploads\\\/logo_stucco-naturale.jpg\",\"width\":400,\"height\":600,\"caption\":\"Stucco naturale\"},\"image\":{\"@id\":\"https:\\\/\\\/www.stucco-naturale.com\\\/pl\\\/#\\\/schema\\\/logo\\\/image\\\/\"},\"sameAs\":[\"https:\\\/\\\/www.facebook.com\\\/natuerlicher.kalkputz\\\/\",\"https:\\\/\\\/x.com\\\/StuccoNaturale\",\"https:\\\/\\\/www.instagram.com\\\/stucco_naturale\\\/?hl=de\"],\"vatID\":\"ATU78081825\"}]}<\/script>\n<!-- \/ Yoast SEO Premium plugin. -->","yoast_head_json":{"title":"Kontakt z Stucco naturale","description":"Og\u00f3lne informacje dotycz\u0105ce kontaktu z firm\u0105 Stucco Naturale. Uzyskaj informacje lub bezp\u0142atn\u0105 wycen\u0119 ju\u017c teraz.","robots":{"index":"index","follow":"follow","max-snippet":"max-snippet:-1","max-image-preview":"max-image-preview:large","max-video-preview":"max-video-preview:-1"},"canonical":"https:\/\/www.stucco-naturale.com\/pl\/kontakt\/","og_locale":"pl_PL","og_type":"article","og_title":"Kontakt","og_description":"Og\u00f3lne informacje dotycz\u0105ce kontaktu z firm\u0105 Stucco Naturale. Uzyskaj informacje lub bezp\u0142atn\u0105 wycen\u0119 ju\u017c teraz.","og_url":"https:\/\/www.stucco-naturale.com\/pl\/kontakt\/","og_site_name":"Stucco naturale","article_publisher":"https:\/\/www.facebook.com\/natuerlicher.kalkputz\/","article_modified_time":"2026-03-27T16:54:11+00:00","twitter_card":"summary_large_image","twitter_site":"@StuccoNaturale","schema":{"@context":"https:\/\/schema.org","@graph":[{"@type":"WebPage","@id":"https:\/\/www.stucco-naturale.com\/pl\/kontakt\/","url":"https:\/\/www.stucco-naturale.com\/pl\/kontakt\/","name":"Kontakt z Stucco naturale","isPartOf":{"@id":"https:\/\/www.stucco-naturale.com\/pl\/#website"},"datePublished":"2017-01-27T18:16:38+00:00","dateModified":"2026-03-27T16:54:11+00:00","description":"Og\u00f3lne informacje dotycz\u0105ce kontaktu z firm\u0105 Stucco Naturale. Uzyskaj informacje lub bezp\u0142atn\u0105 wycen\u0119 ju\u017c teraz.","breadcrumb":{"@id":"https:\/\/www.stucco-naturale.com\/pl\/kontakt\/#breadcrumb"},"inLanguage":"pl-PL","potentialAction":[{"@type":"ReadAction","target":["https:\/\/www.stucco-naturale.com\/pl\/kontakt\/"]}]},{"@type":"BreadcrumbList","@id":"https:\/\/www.stucco-naturale.com\/pl\/kontakt\/#breadcrumb","itemListElement":[{"@type":"ListItem","position":1,"name":"Page d'accueil","item":"https:\/\/www.stucco-naturale.com\/pl\/"},{"@type":"ListItem","position":2,"name":"Kontakt"}]},{"@type":"WebSite","@id":"https:\/\/www.stucco-naturale.com\/pl\/#website","url":"https:\/\/www.stucco-naturale.com\/pl\/","name":"Stucco naturale","description":"Sklep dla Stucco Veneziano, Marmorino i akcesoria","publisher":{"@id":"https:\/\/www.stucco-naturale.com\/pl\/#organization"},"potentialAction":[{"@type":"SearchAction","target":{"@type":"EntryPoint","urlTemplate":"https:\/\/www.stucco-naturale.com\/pl\/?s={search_term_string}"},"query-input":{"@type":"PropertyValueSpecification","valueRequired":true,"valueName":"search_term_string"}}],"inLanguage":"pl-PL"},{"@type":"Organization","@id":"https:\/\/www.stucco-naturale.com\/pl\/#organization","name":"Stucco naturale","url":"https:\/\/www.stucco-naturale.com\/pl\/","logo":{"@type":"ImageObject","inLanguage":"pl-PL","@id":"https:\/\/www.stucco-naturale.com\/pl\/#\/schema\/logo\/image\/","url":"https:\/\/www.stucco-naturale.com\/wp-content\/uploads\/logo_stucco-naturale.jpg","contentUrl":"https:\/\/www.stucco-naturale.com\/wp-content\/uploads\/logo_stucco-naturale.jpg","width":400,"height":600,"caption":"Stucco naturale"},"image":{"@id":"https:\/\/www.stucco-naturale.com\/pl\/#\/schema\/logo\/image\/"},"sameAs":["https:\/\/www.facebook.com\/natuerlicher.kalkputz\/","https:\/\/x.com\/StuccoNaturale","https:\/\/www.instagram.com\/stucco_naturale\/?hl=de"],"vatID":"ATU78081825"}]}},"_links":{"self":[{"href":"https:\/\/www.stucco-naturale.com\/pl\/wp-json\/wp\/v2\/pages\/56851","targetHints":{"allow":["GET"]}}],"collection":[{"href":"https:\/\/www.stucco-naturale.com\/pl\/wp-json\/wp\/v2\/pages"}],"about":[{"href":"https:\/\/www.stucco-naturale.com\/pl\/wp-json\/wp\/v2\/types\/page"}],"author":[{"embeddable":true,"href":"https:\/\/www.stucco-naturale.com\/pl\/wp-json\/wp\/v2\/users\/1"}],"replies":[{"embeddable":true,"href":"https:\/\/www.stucco-naturale.com\/pl\/wp-json\/wp\/v2\/comments?post=56851"}],"version-history":[{"count":0,"href":"https:\/\/www.stucco-naturale.com\/pl\/wp-json\/wp\/v2\/pages\/56851\/revisions"}],"wp:attachment":[{"href":"https:\/\/www.stucco-naturale.com\/pl\/wp-json\/wp\/v2\/media?parent=56851"}],"curies":[{"name":"wp","href":"https:\/\/api.w.org\/{rel}","templated":true}]}}