{"id":56846,"date":"2017-01-16T13:52:22","date_gmt":"2017-01-16T12:52:22","guid":{"rendered":"https:\/\/www.stucco-naturale.com\/nadruk\/"},"modified":"2026-03-27T17:50:43","modified_gmt":"2026-03-27T16:50:43","slug":"nadruk","status":"publish","type":"page","link":"https:\/\/www.stucco-naturale.com\/pl\/nadruk\/","title":{"rendered":"Nadruk"},"content":{"rendered":"<div class=\"et_pb_section_0 et_pb_section et_section_regular et_block_section\"><div class=\"et_pb_row_0 et_pb_row et_block_row\"><div class=\"et_pb_column_0 et_pb_column et_pb_column_4_4 et-last-child et_block_column et_pb_css_mix_blend_mode_passthrough\"><div class=\"et_pb_text_0 et_pb_text et_pb_bg_layout_light et_pb_module et_block_module\"><div class=\"et_pb_text_inner\"><h2>Nadruk<\/h2>\n<p><\/p>\n<p>Identyfikacja dostawcy us\u0142ug prawnych:<br \/><strong><br \/>Freunde gesunder Lebensart<br \/>Dorfstra\u00dfe 63 b\/2<br \/>6241 Radfeld<br \/>Austria<br \/>Reprezentowana przez cz\u0142onka zarz\u0105du Stefan Fischer<br \/>Telefon\/WhatsApp: +43 660 6413 331<br \/>E-mail: info@stucco-naturale.com<br \/>Nr VAT.: ATU78081825<br \/>Cz\u0142onek WKO<br \/>Zezwolenia na prowadzenie dzia\u0142alno\u015bci gospodarczej: Dzia\u0142alno\u015b\u0107 handlowa z wyj\u0105tkiem dzia\u0142alno\u015bci handlowej podlegaj\u0105cej regulacjom\/numer GISA 34966624, produkcja materia\u0142\u00f3w budowlanych\/numer GISA 34966563<br \/>Rejestr stowarzysze\u0144 - Numer ZVR: 1894884607<br \/>Administracja okr\u0119gowa Kufstein - organ nadzorczy<br \/>Numer EORI: ATEOS1000124991<br \/>Osoba odpowiedzialna zgodnie z \u00a7 18 Abs. 2 MStV:<br \/>Stefan Fischer, Dorfstra\u00dfe 63 b\/2, 6241 Radfeld, Austria<\/strong><\/p>\n<p><\/p>\n<p>Nie jeste\u015bmy sk\u0142onni ani zobowi\u0105zani do udzia\u0142u w post\u0119powaniach rozstrzygaj\u0105cych spory przed konsumenckimi organami arbitra\u017cowymi.<\/p>\n<p><\/p>\n<p><!-- Beginn des H&auml;ndlerbund HTML-Code --><!-- Der HTML-Code darf im Sinne der einwandfreien Funktionalit\u00e4t nicht ver&auml;ndert werden! --> <a href=\"https:\/\/logo.haendlerbund.de\/show.php?uuid=58c7fe38-3240-11e5-b74f-14dae9b38da3-7571034354\" target=\"_blank\" rel=\"noopener\"> <img decoding=\"async\" title=\"H\u00e4ndlerbund Mitglied\" src=\"https:\/\/logo.haendlerbund.de\/logo.php?uuid=58c7fe38-3240-11e5-b74f-14dae9b38da3-7571034354&amp;size=120&amp;variant=2\" alt=\"Mitglied im H\u00e4ndlerbund\" border=\"0\" hspace=\"5\" vspace=\"5\" \/> <\/a> <!-- Ende des H&auml;ndlerbund HTML-Code --><br \/>Kupujesz od cz\u0142onka H\u00e4ndlerbund. Kliknij na logo H\u00e4ndlerbund, aby zobaczy\u0107 cz\u0142onkostwo.<\/p>\n<p><\/p>\n<p><strong>Jeste\u015bmy cz\u0142onkiem inicjatywy \"FairCommerce\" od 24.07.2015.<\/strong><br \/>Wi\u0119cej informacji mo\u017cna znale\u017a\u0107 na stronie www.fair-commerce.de.<\/p>\n<p><\/p>\n<p><strong>Photo credits: <\/strong>\u00a9 slavun- fotolia.com (obraz nag\u0142\u00f3wka strony g\u0142\u00f3wnej, kompletny zestaw na blogu) \u00a9 Robert Kneschke - fotoalia.com (podk\u0142ad tynkarski na blogu) <strong>\u00a9<\/strong> licencja Shutterstock 752946424\/1086541685 (ikona Whatsapp \/ ikona \u017cmii na stronie kontaktowej) <strong>\u00a9 <\/strong>stucco naturale (wszystkie pozosta\u0142e obrazy)<\/p>\n<p><\/p>\n<p><strong>Zarejestrowany znak towarowy<\/strong><\/p>\n<p><\/p>\n<p>Znak towarowy stucco naturale \u00ae zosta\u0142 zg\u0142oszony i zarejestrowany przez kancelari\u0119 prawn\u0105 Horak Rechtsanw\u00e4lte\/Fachanw\u00e4lte, kt\u00f3ra zajmuje si\u0119 prawem znak\u00f3w towarowych.<\/p>\n<p><\/p>\n<p><strong>Uwaga dotycz\u0105ca uczestnictwa w systemie zbi\u00f3rki i recyklingu Europejskiej Platformy Recyklingu (ERP) Austria GmbH<\/strong><\/p>\n<p><\/p>\n<p>W odniesieniu do opakowa\u0144 wprowadzanych przez nas do obrotu, kt\u00f3re podlegaj\u0105 licencjonowaniu, nasza firma przyst\u0105pi\u0142a do og\u00f3lnokrajowego systemu zbi\u00f3rki i odzysku Europejskiej Platformy Recyklingu (ERP) Austria GmbH w celu zapewnienia zgodno\u015bci z naszym obowi\u0105zkiem prawnym zgodnie z \u00a7 13 g (2) AWG. Wi\u0119cej informacji mo\u017cna znale\u017a\u0107 na stronie internetowej Europejskiej Platformy Recyklingu (ERP) Austria GmbH.<\/p>\n<\/div><\/div><\/div><\/div><\/div><span class=\"et_bloom_bottom_trigger\"><\/span>","protected":false},"excerpt":{"rendered":"","protected":false},"author":1,"featured_media":0,"parent":0,"menu_order":0,"comment_status":"closed","ping_status":"closed","template":"","meta":{"footnotes":""},"class_list":["post-56846","page","type-page","status-publish","hentry"],"yoast_head":"<!-- This site is optimized with the Yoast SEO Premium plugin v27.5 (Yoast SEO v27.5) - https:\/\/yoast.com\/product\/yoast-seo-premium-wordpress\/ -->\n<title>Nadruk<\/title>\n<meta name=\"description\" content=\"Szczeg\u00f3\u0142y i informacje o osobie odpowiedzialnej za tre\u015b\u0107 zgodnie z \u00a7 55 RStV\" \/>\n<meta name=\"robots\" content=\"noindex, nofollow\" \/>\n<meta property=\"og:locale\" content=\"pl_PL\" \/>\n<meta property=\"og:type\" content=\"article\" \/>\n<meta property=\"og:title\" content=\"Nadruk\" \/>\n<meta property=\"og:description\" content=\"Szczeg\u00f3\u0142y i informacje o osobie odpowiedzialnej za tre\u015b\u0107 zgodnie z \u00a7 55 RStV\" \/>\n<meta property=\"og:url\" content=\"https:\/\/www.stucco-naturale.com\/pl\/nadruk\/\" \/>\n<meta property=\"og:site_name\" content=\"Stucco naturale\" \/>\n<meta property=\"article:publisher\" content=\"https:\/\/www.facebook.com\/natuerlicher.kalkputz\/\" \/>\n<meta property=\"article:modified_time\" content=\"2026-03-27T16:50:43+00:00\" \/>\n<meta name=\"twitter:card\" content=\"summary_large_image\" \/>\n<meta name=\"twitter:site\" content=\"@StuccoNaturale\" \/>\n<script type=\"application\/ld+json\" class=\"yoast-schema-graph\">{\"@context\":\"https:\\\/\\\/schema.org\",\"@graph\":[{\"@type\":\"WebPage\",\"@id\":\"https:\\\/\\\/www.stucco-naturale.com\\\/pl\\\/nadruk\\\/\",\"url\":\"https:\\\/\\\/www.stucco-naturale.com\\\/pl\\\/nadruk\\\/\",\"name\":\"Nadruk\",\"isPartOf\":{\"@id\":\"https:\\\/\\\/www.stucco-naturale.com\\\/pl\\\/#website\"},\"datePublished\":\"2017-01-16T12:52:22+00:00\",\"dateModified\":\"2026-03-27T16:50:43+00:00\",\"description\":\"Szczeg\u00f3\u0142y i informacje o osobie odpowiedzialnej za tre\u015b\u0107 zgodnie z \u00a7 55 RStV\",\"breadcrumb\":{\"@id\":\"https:\\\/\\\/www.stucco-naturale.com\\\/pl\\\/nadruk\\\/#breadcrumb\"},\"inLanguage\":\"pl-PL\",\"potentialAction\":[{\"@type\":\"ReadAction\",\"target\":[\"https:\\\/\\\/www.stucco-naturale.com\\\/pl\\\/nadruk\\\/\"]}]},{\"@type\":\"BreadcrumbList\",\"@id\":\"https:\\\/\\\/www.stucco-naturale.com\\\/pl\\\/nadruk\\\/#breadcrumb\",\"itemListElement\":[{\"@type\":\"ListItem\",\"position\":1,\"name\":\"Page d'accueil\",\"item\":\"https:\\\/\\\/www.stucco-naturale.com\\\/pl\\\/\"},{\"@type\":\"ListItem\",\"position\":2,\"name\":\"Nadruk\"}]},{\"@type\":\"WebSite\",\"@id\":\"https:\\\/\\\/www.stucco-naturale.com\\\/pl\\\/#website\",\"url\":\"https:\\\/\\\/www.stucco-naturale.com\\\/pl\\\/\",\"name\":\"Stucco naturale\",\"description\":\"Sklep dla Stucco Veneziano, Marmorino i akcesoria\",\"publisher\":{\"@id\":\"https:\\\/\\\/www.stucco-naturale.com\\\/pl\\\/#organization\"},\"potentialAction\":[{\"@type\":\"SearchAction\",\"target\":{\"@type\":\"EntryPoint\",\"urlTemplate\":\"https:\\\/\\\/www.stucco-naturale.com\\\/pl\\\/?s={search_term_string}\"},\"query-input\":{\"@type\":\"PropertyValueSpecification\",\"valueRequired\":true,\"valueName\":\"search_term_string\"}}],\"inLanguage\":\"pl-PL\"},{\"@type\":\"Organization\",\"@id\":\"https:\\\/\\\/www.stucco-naturale.com\\\/pl\\\/#organization\",\"name\":\"Stucco naturale\",\"url\":\"https:\\\/\\\/www.stucco-naturale.com\\\/pl\\\/\",\"logo\":{\"@type\":\"ImageObject\",\"inLanguage\":\"pl-PL\",\"@id\":\"https:\\\/\\\/www.stucco-naturale.com\\\/pl\\\/#\\\/schema\\\/logo\\\/image\\\/\",\"url\":\"https:\\\/\\\/www.stucco-naturale.com\\\/wp-content\\\/uploads\\\/logo_stucco-naturale.jpg\",\"contentUrl\":\"https:\\\/\\\/www.stucco-naturale.com\\\/wp-content\\\/uploads\\\/logo_stucco-naturale.jpg\",\"width\":400,\"height\":600,\"caption\":\"Stucco naturale\"},\"image\":{\"@id\":\"https:\\\/\\\/www.stucco-naturale.com\\\/pl\\\/#\\\/schema\\\/logo\\\/image\\\/\"},\"sameAs\":[\"https:\\\/\\\/www.facebook.com\\\/natuerlicher.kalkputz\\\/\",\"https:\\\/\\\/x.com\\\/StuccoNaturale\",\"https:\\\/\\\/www.instagram.com\\\/stucco_naturale\\\/?hl=de\"],\"vatID\":\"ATU78081825\"}]}<\/script>\n<!-- \/ Yoast SEO Premium plugin. -->","yoast_head_json":{"title":"Nadruk","description":"Szczeg\u00f3\u0142y i informacje o osobie odpowiedzialnej za tre\u015b\u0107 zgodnie z \u00a7 55 RStV","robots":{"index":"noindex","follow":"nofollow"},"og_locale":"pl_PL","og_type":"article","og_title":"Nadruk","og_description":"Szczeg\u00f3\u0142y i informacje o osobie odpowiedzialnej za tre\u015b\u0107 zgodnie z \u00a7 55 RStV","og_url":"https:\/\/www.stucco-naturale.com\/pl\/nadruk\/","og_site_name":"Stucco naturale","article_publisher":"https:\/\/www.facebook.com\/natuerlicher.kalkputz\/","article_modified_time":"2026-03-27T16:50:43+00:00","twitter_card":"summary_large_image","twitter_site":"@StuccoNaturale","schema":{"@context":"https:\/\/schema.org","@graph":[{"@type":"WebPage","@id":"https:\/\/www.stucco-naturale.com\/pl\/nadruk\/","url":"https:\/\/www.stucco-naturale.com\/pl\/nadruk\/","name":"Nadruk","isPartOf":{"@id":"https:\/\/www.stucco-naturale.com\/pl\/#website"},"datePublished":"2017-01-16T12:52:22+00:00","dateModified":"2026-03-27T16:50:43+00:00","description":"Szczeg\u00f3\u0142y i informacje o osobie odpowiedzialnej za tre\u015b\u0107 zgodnie z \u00a7 55 RStV","breadcrumb":{"@id":"https:\/\/www.stucco-naturale.com\/pl\/nadruk\/#breadcrumb"},"inLanguage":"pl-PL","potentialAction":[{"@type":"ReadAction","target":["https:\/\/www.stucco-naturale.com\/pl\/nadruk\/"]}]},{"@type":"BreadcrumbList","@id":"https:\/\/www.stucco-naturale.com\/pl\/nadruk\/#breadcrumb","itemListElement":[{"@type":"ListItem","position":1,"name":"Page d'accueil","item":"https:\/\/www.stucco-naturale.com\/pl\/"},{"@type":"ListItem","position":2,"name":"Nadruk"}]},{"@type":"WebSite","@id":"https:\/\/www.stucco-naturale.com\/pl\/#website","url":"https:\/\/www.stucco-naturale.com\/pl\/","name":"Stucco naturale","description":"Sklep dla Stucco Veneziano, Marmorino i akcesoria","publisher":{"@id":"https:\/\/www.stucco-naturale.com\/pl\/#organization"},"potentialAction":[{"@type":"SearchAction","target":{"@type":"EntryPoint","urlTemplate":"https:\/\/www.stucco-naturale.com\/pl\/?s={search_term_string}"},"query-input":{"@type":"PropertyValueSpecification","valueRequired":true,"valueName":"search_term_string"}}],"inLanguage":"pl-PL"},{"@type":"Organization","@id":"https:\/\/www.stucco-naturale.com\/pl\/#organization","name":"Stucco naturale","url":"https:\/\/www.stucco-naturale.com\/pl\/","logo":{"@type":"ImageObject","inLanguage":"pl-PL","@id":"https:\/\/www.stucco-naturale.com\/pl\/#\/schema\/logo\/image\/","url":"https:\/\/www.stucco-naturale.com\/wp-content\/uploads\/logo_stucco-naturale.jpg","contentUrl":"https:\/\/www.stucco-naturale.com\/wp-content\/uploads\/logo_stucco-naturale.jpg","width":400,"height":600,"caption":"Stucco naturale"},"image":{"@id":"https:\/\/www.stucco-naturale.com\/pl\/#\/schema\/logo\/image\/"},"sameAs":["https:\/\/www.facebook.com\/natuerlicher.kalkputz\/","https:\/\/x.com\/StuccoNaturale","https:\/\/www.instagram.com\/stucco_naturale\/?hl=de"],"vatID":"ATU78081825"}]}},"_links":{"self":[{"href":"https:\/\/www.stucco-naturale.com\/pl\/wp-json\/wp\/v2\/pages\/56846","targetHints":{"allow":["GET"]}}],"collection":[{"href":"https:\/\/www.stucco-naturale.com\/pl\/wp-json\/wp\/v2\/pages"}],"about":[{"href":"https:\/\/www.stucco-naturale.com\/pl\/wp-json\/wp\/v2\/types\/page"}],"author":[{"embeddable":true,"href":"https:\/\/www.stucco-naturale.com\/pl\/wp-json\/wp\/v2\/users\/1"}],"replies":[{"embeddable":true,"href":"https:\/\/www.stucco-naturale.com\/pl\/wp-json\/wp\/v2\/comments?post=56846"}],"version-history":[{"count":0,"href":"https:\/\/www.stucco-naturale.com\/pl\/wp-json\/wp\/v2\/pages\/56846\/revisions"}],"wp:attachment":[{"href":"https:\/\/www.stucco-naturale.com\/pl\/wp-json\/wp\/v2\/media?parent=56846"}],"curies":[{"name":"wp","href":"https:\/\/api.w.org\/{rel}","templated":true}]}}