{"id":56823,"date":"2017-01-22T19:33:09","date_gmt":"2017-01-22T18:33:09","guid":{"rendered":"https:\/\/www.stucco-naturale.com\/instrukcje-dotyczace-stucco-veneziano\/"},"modified":"2026-03-27T17:51:41","modified_gmt":"2026-03-27T16:51:41","slug":"instrukcje-dotyczace-stucco-veneziano","status":"publish","type":"page","link":"https:\/\/www.stucco-naturale.com\/pl\/instrukcje-dotyczace-stucco-veneziano\/","title":{"rendered":"Instrukcje dotycz\u0105ce Stucco Veneziano"},"content":{"rendered":"<div class=\"et_pb_section_0 et_pb_section et_section_regular et_block_section\"><div class=\"et_pb_row_0 et_pb_row et_block_row\"><div class=\"et_pb_column_0 et_pb_column et_pb_column_4_4 et-last-child et_block_column et_pb_css_mix_blend_mode_passthrough\"><div class=\"et_pb_text_0 et_pb_text et_pb_bg_layout_light et_pb_module et_block_module\"><div class=\"et_pb_text_inner\"><h1>Instrukcje dotycz\u0105ce Stucco Veneziano<\/h1>\n<\/div><\/div><div class=\"et_pb_text_1 et_pb_text et_pb_bg_layout_light et_pb_module et_block_module\"><div class=\"et_pb_text_inner\"><p>Jak uzyska\u0107 klasyczny efekt za pomoc\u0105 <a href=\"https:\/\/www.stucco-naturale.com\/pl\/produkt\/stiuk-wenecki\/\">Stucco Veneziano<\/a><\/p>\n<h2>Instrukcje krok po kroku Stucco Veneziano<\/h2>\n<p>1) Je\u015bli jako baza tynku dost\u0119pny jest tynk wapienny, cementowy lub gipsowo-cementowy, mo\u017cna od razu rozpocz\u0105\u0107 podstawowe zacieranie. Je\u015bli jednak nie masz \u017cadnych pod\u0142o\u017cy mineralnych, takich jak farby emulsyjne, p\u0142yty gipsowo-kartonowe, szk\u0142o, p\u0142ytki, MDF, a tak\u017ce \u017celbet itp. zagruntuj powierzchni\u0119 podk\u0142adem samoprzylepnym. <a href=\"https:\/\/www.stucco-naturale.com\/pl\/produkt\/podklad-adhezyjny-z-proszkiem-marmurowym\/\" target=\"_self\" rel=\"noopener noreferrer\">podk\u0142ad adhezyjny z proszkiem marmurowym<\/a> musi schn\u0105\u0107 przez co najmniej 12 godzin, z <a href=\"https:\/\/www.stucco-naturale.com\/pl\/produkt\/podklad-adhezyjny-z-kazeina-roslinna\/\" target=\"_self\" rel=\"noopener noreferrer\">podk\u0142adem adhezyjnym z kazein\u0105 ro\u015blinn\u0105<\/a> mo\u017cna r\u00f3wnie\u017c pracowa\u0107 na mokro. Na to nak\u0142ada si\u0119 cienk\u0105 warstw\u0119 tynku kreatywnego lub na p\u0142ytki najpierw wapienny tynk samoprzylepny z osadzon\u0105 tkanin\u0105 wzmacniaj\u0105c\u0105, a nast\u0119pnie warstw\u0119 tynku kreatywnego.<\/p>\n<p>2) Teraz na\u0142\u00f3\u017c podstawowy wype\u0142niacz (bez pigment\u00f3w). Materia\u0142 nale\u017cy wcze\u015bniej bardzo dobrze wymiesza\u0107. W razie potrzeby mo\u017cna doda\u0107 do 1,5% wody. Na\u0142\u00f3\u017c tyle, aby podk\u0142ad tynkarski by\u0142 dobrze pokryty. Najlepiej jest u\u017cy\u0107 <a href=\"https:\/\/www.stucco-naturale.com\/pl\/produkt\/paca-wygladzajaca-821-i\/\">packi wyg\u0142adzaj\u0105cej<\/a> ze sztywnym ostrzem. Zu\u017cycie pierwszej warstwy wynosi oko\u0142o 1000-1300 gram\u00f3w\/m\u00b2 <a href=\"https:\/\/www.stucco-naturale.com\/pl\/produkt\/tynk-kreatywny\/\">tynku kreatywnego<\/a> lub oko\u0142o 700 gram\u00f3w\/m\u00b2 Stucco Veneziano, zaczynaj\u0105c od bazy z podk\u0142adem samoprzylepnym. Warstwa bazowa, zwana r\u00f3wnie\u017c podk\u0142adem, z kreatywnym tynkiem wybacza niewielkie nier\u00f3wno\u015bci. Je\u015bli pierwsza warstwa jest zacierana za pomoc\u0105 Stucco Veneziano, nale\u017cy uzyska\u0107 dok\u0142adnie wyg\u0142adzon\u0105 powierzchni\u0119. Zalet\u0105 stosowania tynku kreatywnego jako podk\u0142adu jest to, \u017ce pow\u0142oka jest bardziej skuteczna kapilarnie, poniewa\u017c maksymalna wielko\u015b\u0107 ziarna tynku kreatywnego wynosi 500 \u00b5m, a Stucco Veneziano tylko 32 \u00b5m. Oznacza to, \u017ce z pomieszcze\u0144 poch\u0142aniana jest wi\u0119ksza ilo\u015b\u0107 wilgoci. Czas schni\u0119cia pierwszej warstwy: od 8 do 12 godzin, w zale\u017cno\u015bci od temperatury i wilgotno\u015bci powietrza.<\/p>\n<p>3) Teraz szpachl\u00f3wka jest barwiona i pozostawiana na 2-3 godziny. Barwienie mo\u017cna r\u00f3wnie\u017c wykona\u0107 dzie\u0144 wcze\u015bniej. Aby uzyska\u0107 szczeg\u00f3\u0142owe informacje na temat barwienia, zobacz <a href=\"https:\/\/www.stucco-naturale.com\/produkt-kategorie\/farbpigmente\/\" target=\"_self\" rel=\"noopener noreferrer\">Suche kolory<\/a> i kolorowe ciasta poni\u017cej. Od tej chwili nale\u017cy u\u017cywa\u0107 <a href=\"https:\/\/www.stucco-naturale.com\/produkt-kategorie\/venezianische-glaettekellen\/\" target=\"_self\" rel=\"noopener noreferrer\">weneckiej packi wyg\u0142adzaj\u0105cej<\/a>. Aby zapewni\u0107 wystarczaj\u0105c\u0105 ilo\u015b\u0107 czasu na na\u0142o\u017cenie masy wyg\u0142adzaj\u0105cej, ca\u0142\u0105 powierzchni\u0119 nale\u017cy wst\u0119pnie zwil\u017cy\u0107 butelk\u0105 z rozpylaczem, a\u017c do nasycenia tynku bazowego. Jednak na powierzchni nie powinno by\u0107 ju\u017c wi\u0119cej wody. Na drug\u0105 warstw\u0119 potrzeba oko\u0142o 350 gram\u00f3w\/m\u00b2 Stucco Veneziano. Warstwa ta powinna przykry\u0107 pierwsz\u0105, tak aby widoczny by\u0142 jednolity kolor. Pracuj z wyczuciem i nie wywieraj jeszcze zbyt du\u017cego nacisku. Czas schni\u0119cia wynosi oko\u0142o 3-4 godzin. W zale\u017cno\u015bci od dost\u0119pnego czasu lub wielko\u015bci projektu, mo\u017cliwe jest kontynuowanie pracy nast\u0119pnego dnia.<\/p>\n<p>4) Na trzeci\u0105 warstw\u0119 potrzeba oko\u0142o 150 gram\u00f3w\/m\u00b2. Powierzchnia jest ponownie wst\u0119pnie zwil\u017cana. Z niewielk\u0105 ilo\u015bci\u0105 materia\u0142u na Kielni, kielnia jest ci\u0105gni\u0119ta po powierzchni pod p\u0142ytkim k\u0105tem z umiarkowanym naciskiem, tak aby kryszta\u0142y wapna zosta\u0142y \u0142adnie \u015bci\u015bni\u0119te. Powierzchnia zaczyna b\u0142yszcze\u0107; na matowe obszary nale\u017cy na\u0142o\u017cy\u0107 nieco wi\u0119cej materia\u0142u. Nast\u0119pnie mo\u017cna zobaczy\u0107 marmurkowanie. W zale\u017cno\u015bci od stopnia zadowolenia z rezultatu mo\u017cna na\u0142o\u017cy\u0107 czwart\u0105 warstw\u0119 po 3-4 godzinach schni\u0119cia. Mo\u017ce si\u0119 zdarzy\u0107, \u017ce w niekt\u00f3rych miejscach zastosowano zbyt du\u017ce zag\u0119szczenie i materia\u0142 zsuwa si\u0119. Zszorstkuj te obszary za pomoc\u0105 tarczy szlifierskiej, na\u0142\u00f3\u017c kolejn\u0105 warstw\u0119 materia\u0142u i zag\u0119\u015b\u0107. Moje zalecenie: Je\u015bli przy trzeciej warstwie szpachl\u00f3wka zostanie zmieszana z 5% <a href=\"https:\/\/www.stucco-naturale.com\/pl\/produkt\/mydlo-weneckie\/\" target=\"_self\" rel=\"noopener noreferrer\">myd\u0142em weneckim<\/a>, a w razie potrzeby z niewielk\u0105 ilo\u015bci\u0105 wody, b\u0119dzie znacznie g\u0142adsza i prawie nie b\u0119dzie odchodzenia materia\u0142u. Aby zwi\u0119kszy\u0107 po\u0142ysk, po czasie schni\u0119cia od dw\u00f3ch do trzech godzin, wewn\u0119trzne naro\u017cniki powinny by\u0107 r\u00f3wnie\u017c suche, powierzchnia jest pokryta myd\u0142em weneckim i wyg\u0142adzona z naciskiem. Pow\u0142ok\u0119 mydlan\u0105 mo\u017cna r\u00f3wnie\u017c na\u0142o\u017cy\u0107 nast\u0119pnego dnia. Praca z produktami wapiennymi jest wy\u0142\u0105cznie kwesti\u0105 praktyki i mo\u017ce by\u0107 wykonywana przez ka\u017cdego. Sztukateria Veneziano jest wra\u017cliwa na kwasy, takie jak ocet i kwasy owocowe lub niekt\u00f3re kosmetyki stosowane w \u0142azience. Powierzchnie w tych miejscach musz\u0105 by\u0107 zabezpieczone <a href=\"https:\/\/www.stucco-naturale.com\/pl\/produkt\/balsam-z-wosku-pszczelego-z-woskiem-carnauba\/\" target=\"_self\" rel=\"noopener noreferrer\">woskiem<\/a>. Intensywno\u015b\u0107 koloru jest dodatkowo zwi\u0119kszona przez woskowanie, a woda sp\u0142ywa. Pow\u0142ok\u0119 woskow\u0105 mo\u017cna powtarza\u0107 co roku. Przedtem jednak nale\u017cy oczy\u015bci\u0107 powierzchni\u0119 za pomoc\u0105 <a href=\"https:\/\/www.stucco-naturale.com\/pl\/produkt\/mydlo-weneckie\/\">roztworu myd\u0142a weneckiego<\/a>. Szczeg\u00f3\u0142y dotycz\u0105ce pow\u0142oki woskowej mo\u017cna znale\u017a\u0107 poni\u017cej.<\/p>\n<h2>Suche kolory i kolorowe ciasta<\/h2>\n<p>Do szpachl\u00f3wki mo\u017cna doda\u0107 do 10% <a href=\"https:\/\/www.stucco-naturale.com\/produkt-kategorie\/farbpigmente\/\" target=\"_self\" rel=\"noopener noreferrer\">pigment\u00f3w<\/a> (wagowo). Wapno nie jest w stanie zwi\u0105za\u0107 wi\u0119cej ni\u017c to i mo\u017ce doj\u015b\u0107 do kredowania. Kiedy suche kolory, zwane r\u00f3wnie\u017c pigmentami, s\u0105 mieszane z mas\u0105 szpachlow\u0105, powstaje pi\u0119kna kolorowa masa. Istnieje jednak du\u017ce prawdopodobie\u0144stwo, \u017ce pojawi\u0105 si\u0119 plamy pigmentu, tj. niekt\u00f3re pigmenty zostan\u0105 pozostawione w postaci kolc\u00f3w lub \u015blad\u00f3w po szpachlowaniu. Niekoniecznie jest to wada, mo\u017ce by\u0107 r\u00f3wnie\u017c postrzegane jako przyjemny efekt uboczny. Ale je\u015bli chcesz unikn\u0105\u0107 tych plam pigmentu, przygotuj kolorow\u0105 past\u0119. Oto jak to dzia\u0142a: Na 1000 g pigment\u00f3w zu\u017cywa si\u0119 ok. 800 ml p\u0142ynu (160 ml \u015brodka zwil\u017caj\u0105cego i 640 ml wody). Wla\u0107 p\u0142yny do pojemnika i doda\u0107 pigmenty, dobrze wymiesza\u0107 za pomoc\u0105 <a href=\"https:\/\/www.stucco-naturale.com\/pl\/produkt\/noz-malarski-noz-do-palet\/\">szpatu\u0142ki<\/a> lub \u0142y\u017cki i rozdrobni\u0107; wszelkie grudki rozgnie\u015b\u0107 na kraw\u0119dzi pojemnika. Najlepiej jest zanotowa\u0107 przepis mieszania, aby m\u00f3c ponownie uzyska\u0107 ten sam odcie\u0144. Pozostaw mieszanin\u0119 na 3 godziny, a nast\u0119pnie wymieszaj j\u0105 z mas\u0105 szpachlow\u0105. Pigmenty maj\u0105 najwy\u017csz\u0105 intensywno\u015b\u0107 koloru i nie wyznaczaj\u0105 granic kreatywno\u015bci. Nale\u017cy u\u017cywa\u0107 wy\u0142\u0105cznie pigment\u00f3w kompatybilnych z wapnem.<\/p>\n<h3>Porada:<\/h3>\n<p>Podczas pracy z zielonym tlenkiem chromu, b\u0142\u0119kitem kobaltowym, biel\u0105 tytanow\u0105 lub podobnymi twardymi pigmentami, u\u017cyj <a href=\"https:\/\/www.stucco-naturale.com\/pl\/produkt\/paca-wenecka-do-wygladzania-pvc\/\" target=\"_self\" rel=\"noopener noreferrer\">weneckiej kielni wyg\u0142adzaj\u0105cej PVC<\/a>, aby je zag\u0119\u015bci\u0107.<\/p>\n<h3>Pow\u0142oka woskowa i myd\u0142o weneckie<\/h3>\n<p><a href=\"https:\/\/www.stucco-naturale.com\/pl\/produkt\/wosk-punicki-przezroczysty\/\" target=\"_self\" rel=\"noopener noreferrer\">wosk punicki przezroczysty<\/a> lub balsam z wosku pszczelego nak\u0142ada si\u0119 bardzo cienko za pomoc\u0105 <a href=\"https:\/\/www.stucco-naturale.com\/produkt-kategorie\/venezianische-glaettekellen\/\" target=\"_self\" rel=\"noopener noreferrer\">packi weneckiej do wyg\u0142adzania<\/a>. Warstwa wosku musi by\u0107 bardzo cienka. Po up\u0142ywie 1-2 godzin mo\u017cna j\u0105 wypolerowa\u0107 \u015bciereczk\u0105 z mikrofibry. W przypadku du\u017cych powierzchni mo\u017cna r\u00f3wnie\u017c u\u017cy\u0107 maszyny polerskiej. Dwie do trzech warstw sprawiaj\u0105, \u017ce \u015bciana jest prawie wodoodporna, a pow\u0142oka nadal pozostaje otwarta na dyfuzj\u0119. Czas schni\u0119cia mi\u0119dzy warstwami powinien wynosi\u0107 30-60 minut dla wosku punickiego i do 8 godzin dla balsamu z wosku pszczelego. Aby uzyska\u0107 wysoki po\u0142ysk, stosuje si\u0119 myd\u0142o weneckie, jak opisano powy\u017cej w punkcie 4. Myd\u0142o weneckie jest r\u00f3wnie\u017c u\u017cywane na zewn\u0105trz. <a href=\"https:\/\/www.stucco-naturale.com\/pl\/produkt\/mydlo-weneckie\/\" target=\"_self\" rel=\"noopener noreferrer\">Myd\u0142o weneckie<\/a> jest r\u00f3wnie\u017c u\u017cywane na zewn\u0105trz. Ostatni\u0105 warstw\u0119 Stucco Veneziano lub Marmorino nale\u017cy pozostawi\u0107 do zwi\u0105zania na 2 godziny, a nast\u0119pnie na\u0142o\u017cy\u0107 myd\u0142o weneckie za pomoc\u0105 weneckiej kielni wyg\u0142adzaj\u0105cej i usun\u0105\u0107 jego nadmiar. Myd\u0142o wapienne tworzy si\u0119 na \u015bwie\u017cym wapnie. Ta cienka warstwa sprawia, \u017ce pow\u0142oka jest wodoodporna, a tym samym chroni j\u0105 przed kwa\u015bnymi deszczami, kt\u00f3re w przeciwnym razie przekszta\u0142ci\u0142yby wapno w tynk i zniszczy\u0142y go. Polerowanie odbywa si\u0119 za pomoc\u0105 kielni lub <a href=\"https:\/\/www.stucco-naturale.com\/pl\/produkt\/sciereczka-z-mikrofibry\/\" target=\"_self\" rel=\"noopener noreferrer\">\u015bciereczki z mikrofibry<\/a>.<\/p>\n<h3>Informacje o produkcie<\/h3>\n<p>Stucco Veneziano to naturalna bia\u0142a szpachl\u00f3wka do stosowania w dekoracyjnym projektowaniu \u015bcian. Dzi\u0119ki wysokiej zasadowo\u015bci jest odporny na ple\u015b\u0144 i bardzo otwarty na dyfuzj\u0119 pary wodnej ze wzgl\u0119du na porowato\u015b\u0107 wapna.<\/p>\n<p><strong>Pe\u0142ny sk\u0142ad:<\/strong> Wapno bagienne [Ca(OH)\u00b2], proszek marmurowy [CaCO\u00b3], woda, celuloza i olej lniany.<\/p>\n<p><strong>Wydajno\u015b\u0107:<\/strong> ok. 1200 g\/m\u00b2 przy 3 warstwach; w zale\u017cno\u015bci od pod\u0142o\u017ca i zastosowania mo\u017cliwe r\u00f3wnie\u017c wi\u0119ksze zu\u017cycie!<\/p>\n<p><strong>Ci\u0119\u017car w\u0142a\u015bciwy:<\/strong> ok. 1,31 kg\/l<\/p>\n<p><strong>Warto\u015b\u0107 pH:<\/strong> 12,5<\/p>\n<p><strong>Warunki przechowywania:<\/strong> Bez mrozu i w zamkni\u0119tych pojemnikach, przykryte foli\u0105 PVC i warstw\u0105 wody, mog\u0105 by\u0107 przechowywane przez wiele lat.<\/p>\n<p><strong>Wskaz\u00f3wki bezpiecze\u0144stwa:<\/strong> R36\/38: Dzia\u0142a dra\u017cni\u0105co na oczy i sk\u00f3r\u0119.<\/p>\n<\/div><\/div><\/div><\/div><\/div><span class=\"et_bloom_bottom_trigger\"><\/span>","protected":false},"excerpt":{"rendered":"","protected":false},"author":1,"featured_media":0,"parent":0,"menu_order":0,"comment_status":"closed","ping_status":"closed","template":"","meta":{"footnotes":""},"class_list":["post-56823","page","type-page","status-publish","hentry"],"yoast_head":"<!-- This site is optimized with the Yoast SEO Premium plugin v27.5 (Yoast SEO v27.5) - https:\/\/yoast.com\/product\/yoast-seo-premium-wordpress\/ -->\n<title>Instrukcje dla Stucco Veneziano - Stucco naturale<\/title>\n<meta name=\"description\" content=\"Instrukcje dotycz\u0105ce przetwarzania i stosowania Stucco Veneziano. Tutaj mo\u017cna uzyska\u0107 te informacje bezp\u0142atnie.\" \/>\n<meta name=\"robots\" content=\"index, follow, max-snippet:-1, max-image-preview:large, max-video-preview:-1\" \/>\n<link rel=\"canonical\" href=\"https:\/\/www.stucco-naturale.com\/pl\/instrukcje-dotyczace-stucco-veneziano\/\" \/>\n<meta property=\"og:locale\" content=\"pl_PL\" \/>\n<meta property=\"og:type\" content=\"article\" \/>\n<meta property=\"og:title\" content=\"Instrukcje dotycz\u0105ce Stucco Veneziano\" \/>\n<meta property=\"og:description\" content=\"Instrukcje dotycz\u0105ce przetwarzania i stosowania Stucco Veneziano. Tutaj mo\u017cna uzyska\u0107 te informacje bezp\u0142atnie.\" \/>\n<meta property=\"og:url\" content=\"https:\/\/www.stucco-naturale.com\/pl\/instrukcje-dotyczace-stucco-veneziano\/\" \/>\n<meta property=\"og:site_name\" content=\"Stucco naturale\" \/>\n<meta property=\"article:publisher\" content=\"https:\/\/www.facebook.com\/natuerlicher.kalkputz\/\" \/>\n<meta property=\"article:modified_time\" content=\"2026-03-27T16:51:41+00:00\" \/>\n<meta name=\"twitter:card\" content=\"summary_large_image\" \/>\n<meta name=\"twitter:site\" content=\"@StuccoNaturale\" \/>\n<script type=\"application\/ld+json\" class=\"yoast-schema-graph\">{\"@context\":\"https:\\\/\\\/schema.org\",\"@graph\":[{\"@type\":\"WebPage\",\"@id\":\"https:\\\/\\\/www.stucco-naturale.com\\\/pl\\\/instrukcje-dotyczace-stucco-veneziano\\\/\",\"url\":\"https:\\\/\\\/www.stucco-naturale.com\\\/pl\\\/instrukcje-dotyczace-stucco-veneziano\\\/\",\"name\":\"Instrukcje dla Stucco Veneziano - Stucco naturale\",\"isPartOf\":{\"@id\":\"https:\\\/\\\/www.stucco-naturale.com\\\/pl\\\/#website\"},\"datePublished\":\"2017-01-22T18:33:09+00:00\",\"dateModified\":\"2026-03-27T16:51:41+00:00\",\"description\":\"Instrukcje dotycz\u0105ce przetwarzania i stosowania Stucco Veneziano. Tutaj mo\u017cna uzyska\u0107 te informacje bezp\u0142atnie.\",\"breadcrumb\":{\"@id\":\"https:\\\/\\\/www.stucco-naturale.com\\\/pl\\\/instrukcje-dotyczace-stucco-veneziano\\\/#breadcrumb\"},\"inLanguage\":\"pl-PL\",\"potentialAction\":[{\"@type\":\"ReadAction\",\"target\":[\"https:\\\/\\\/www.stucco-naturale.com\\\/pl\\\/instrukcje-dotyczace-stucco-veneziano\\\/\"]}]},{\"@type\":\"BreadcrumbList\",\"@id\":\"https:\\\/\\\/www.stucco-naturale.com\\\/pl\\\/instrukcje-dotyczace-stucco-veneziano\\\/#breadcrumb\",\"itemListElement\":[{\"@type\":\"ListItem\",\"position\":1,\"name\":\"Page d'accueil\",\"item\":\"https:\\\/\\\/www.stucco-naturale.com\\\/pl\\\/\"},{\"@type\":\"ListItem\",\"position\":2,\"name\":\"Instrukcje dotycz\u0105ce Stucco Veneziano\"}]},{\"@type\":\"WebSite\",\"@id\":\"https:\\\/\\\/www.stucco-naturale.com\\\/pl\\\/#website\",\"url\":\"https:\\\/\\\/www.stucco-naturale.com\\\/pl\\\/\",\"name\":\"Stucco naturale\",\"description\":\"Sklep dla Stucco Veneziano, Marmorino i akcesoria\",\"publisher\":{\"@id\":\"https:\\\/\\\/www.stucco-naturale.com\\\/pl\\\/#organization\"},\"potentialAction\":[{\"@type\":\"SearchAction\",\"target\":{\"@type\":\"EntryPoint\",\"urlTemplate\":\"https:\\\/\\\/www.stucco-naturale.com\\\/pl\\\/?s={search_term_string}\"},\"query-input\":{\"@type\":\"PropertyValueSpecification\",\"valueRequired\":true,\"valueName\":\"search_term_string\"}}],\"inLanguage\":\"pl-PL\"},{\"@type\":\"Organization\",\"@id\":\"https:\\\/\\\/www.stucco-naturale.com\\\/pl\\\/#organization\",\"name\":\"Stucco naturale\",\"url\":\"https:\\\/\\\/www.stucco-naturale.com\\\/pl\\\/\",\"logo\":{\"@type\":\"ImageObject\",\"inLanguage\":\"pl-PL\",\"@id\":\"https:\\\/\\\/www.stucco-naturale.com\\\/pl\\\/#\\\/schema\\\/logo\\\/image\\\/\",\"url\":\"https:\\\/\\\/www.stucco-naturale.com\\\/wp-content\\\/uploads\\\/logo_stucco-naturale.jpg\",\"contentUrl\":\"https:\\\/\\\/www.stucco-naturale.com\\\/wp-content\\\/uploads\\\/logo_stucco-naturale.jpg\",\"width\":400,\"height\":600,\"caption\":\"Stucco naturale\"},\"image\":{\"@id\":\"https:\\\/\\\/www.stucco-naturale.com\\\/pl\\\/#\\\/schema\\\/logo\\\/image\\\/\"},\"sameAs\":[\"https:\\\/\\\/www.facebook.com\\\/natuerlicher.kalkputz\\\/\",\"https:\\\/\\\/x.com\\\/StuccoNaturale\",\"https:\\\/\\\/www.instagram.com\\\/stucco_naturale\\\/?hl=de\"],\"vatID\":\"ATU78081825\"}]}<\/script>\n<!-- \/ Yoast SEO Premium plugin. -->","yoast_head_json":{"title":"Instrukcje dla Stucco Veneziano - Stucco naturale","description":"Instrukcje dotycz\u0105ce przetwarzania i stosowania Stucco Veneziano. Tutaj mo\u017cna uzyska\u0107 te informacje bezp\u0142atnie.","robots":{"index":"index","follow":"follow","max-snippet":"max-snippet:-1","max-image-preview":"max-image-preview:large","max-video-preview":"max-video-preview:-1"},"canonical":"https:\/\/www.stucco-naturale.com\/pl\/instrukcje-dotyczace-stucco-veneziano\/","og_locale":"pl_PL","og_type":"article","og_title":"Instrukcje dotycz\u0105ce Stucco Veneziano","og_description":"Instrukcje dotycz\u0105ce przetwarzania i stosowania Stucco Veneziano. Tutaj mo\u017cna uzyska\u0107 te informacje bezp\u0142atnie.","og_url":"https:\/\/www.stucco-naturale.com\/pl\/instrukcje-dotyczace-stucco-veneziano\/","og_site_name":"Stucco naturale","article_publisher":"https:\/\/www.facebook.com\/natuerlicher.kalkputz\/","article_modified_time":"2026-03-27T16:51:41+00:00","twitter_card":"summary_large_image","twitter_site":"@StuccoNaturale","schema":{"@context":"https:\/\/schema.org","@graph":[{"@type":"WebPage","@id":"https:\/\/www.stucco-naturale.com\/pl\/instrukcje-dotyczace-stucco-veneziano\/","url":"https:\/\/www.stucco-naturale.com\/pl\/instrukcje-dotyczace-stucco-veneziano\/","name":"Instrukcje dla Stucco Veneziano - Stucco naturale","isPartOf":{"@id":"https:\/\/www.stucco-naturale.com\/pl\/#website"},"datePublished":"2017-01-22T18:33:09+00:00","dateModified":"2026-03-27T16:51:41+00:00","description":"Instrukcje dotycz\u0105ce przetwarzania i stosowania Stucco Veneziano. Tutaj mo\u017cna uzyska\u0107 te informacje bezp\u0142atnie.","breadcrumb":{"@id":"https:\/\/www.stucco-naturale.com\/pl\/instrukcje-dotyczace-stucco-veneziano\/#breadcrumb"},"inLanguage":"pl-PL","potentialAction":[{"@type":"ReadAction","target":["https:\/\/www.stucco-naturale.com\/pl\/instrukcje-dotyczace-stucco-veneziano\/"]}]},{"@type":"BreadcrumbList","@id":"https:\/\/www.stucco-naturale.com\/pl\/instrukcje-dotyczace-stucco-veneziano\/#breadcrumb","itemListElement":[{"@type":"ListItem","position":1,"name":"Page d'accueil","item":"https:\/\/www.stucco-naturale.com\/pl\/"},{"@type":"ListItem","position":2,"name":"Instrukcje dotycz\u0105ce Stucco Veneziano"}]},{"@type":"WebSite","@id":"https:\/\/www.stucco-naturale.com\/pl\/#website","url":"https:\/\/www.stucco-naturale.com\/pl\/","name":"Stucco naturale","description":"Sklep dla Stucco Veneziano, Marmorino i akcesoria","publisher":{"@id":"https:\/\/www.stucco-naturale.com\/pl\/#organization"},"potentialAction":[{"@type":"SearchAction","target":{"@type":"EntryPoint","urlTemplate":"https:\/\/www.stucco-naturale.com\/pl\/?s={search_term_string}"},"query-input":{"@type":"PropertyValueSpecification","valueRequired":true,"valueName":"search_term_string"}}],"inLanguage":"pl-PL"},{"@type":"Organization","@id":"https:\/\/www.stucco-naturale.com\/pl\/#organization","name":"Stucco naturale","url":"https:\/\/www.stucco-naturale.com\/pl\/","logo":{"@type":"ImageObject","inLanguage":"pl-PL","@id":"https:\/\/www.stucco-naturale.com\/pl\/#\/schema\/logo\/image\/","url":"https:\/\/www.stucco-naturale.com\/wp-content\/uploads\/logo_stucco-naturale.jpg","contentUrl":"https:\/\/www.stucco-naturale.com\/wp-content\/uploads\/logo_stucco-naturale.jpg","width":400,"height":600,"caption":"Stucco naturale"},"image":{"@id":"https:\/\/www.stucco-naturale.com\/pl\/#\/schema\/logo\/image\/"},"sameAs":["https:\/\/www.facebook.com\/natuerlicher.kalkputz\/","https:\/\/x.com\/StuccoNaturale","https:\/\/www.instagram.com\/stucco_naturale\/?hl=de"],"vatID":"ATU78081825"}]}},"_links":{"self":[{"href":"https:\/\/www.stucco-naturale.com\/pl\/wp-json\/wp\/v2\/pages\/56823","targetHints":{"allow":["GET"]}}],"collection":[{"href":"https:\/\/www.stucco-naturale.com\/pl\/wp-json\/wp\/v2\/pages"}],"about":[{"href":"https:\/\/www.stucco-naturale.com\/pl\/wp-json\/wp\/v2\/types\/page"}],"author":[{"embeddable":true,"href":"https:\/\/www.stucco-naturale.com\/pl\/wp-json\/wp\/v2\/users\/1"}],"replies":[{"embeddable":true,"href":"https:\/\/www.stucco-naturale.com\/pl\/wp-json\/wp\/v2\/comments?post=56823"}],"version-history":[{"count":0,"href":"https:\/\/www.stucco-naturale.com\/pl\/wp-json\/wp\/v2\/pages\/56823\/revisions"}],"wp:attachment":[{"href":"https:\/\/www.stucco-naturale.com\/pl\/wp-json\/wp\/v2\/media?parent=56823"}],"curies":[{"name":"wp","href":"https:\/\/api.w.org\/{rel}","templated":true}]}}