{"id":56811,"date":"2018-01-22T23:31:22","date_gmt":"2018-01-22T22:31:22","guid":{"rendered":"https:\/\/www.stucco-naturale.com\/instrukcje-dotyczace-aplikacji-stucco-extra\/"},"modified":"2026-03-27T17:55:43","modified_gmt":"2026-03-27T16:55:43","slug":"instrukcje-dotyczace-aplikacji-stucco-extra","status":"publish","type":"page","link":"https:\/\/www.stucco-naturale.com\/pl\/instrukcje-dotyczace-aplikacji-stucco-extra\/","title":{"rendered":"Instrukcje dotycz\u0105ce aplikacji Stucco Extra"},"content":{"rendered":"<div class=\"et_pb_section_0 et_pb_section et_section_regular et_block_section\"><div class=\"et_pb_row_0 et_pb_row et_block_row\"><div class=\"et_pb_column_0 et_pb_column et_pb_column_4_4 et-last-child et_block_column et_pb_css_mix_blend_mode_passthrough\"><div class=\"et_pb_text_0 et_pb_text et_pb_bg_layout_light et_pb_module et_block_module\"><div class=\"et_pb_text_inner\"><h1>Instrukcje dotycz\u0105ce nak\u0142adania posadzki zacieranej za pomoc\u0105 Stucco Extra<\/h1>\n<\/div><\/div><div class=\"et_pb_text_1 et_pb_text et_pb_bg_layout_light et_pb_module et_block_module\"><div class=\"et_pb_text_inner\"><h2>Instrukcje krok po kroku dla Stucco Extra<\/h2>\n<p><\/p>\n<p>&nbsp;<\/p>\n<p><\/p>\n<h3>1) Przygotowanie pod\u0142o\u017ca:<\/h3>\n<p><\/p>\n<p><strong>W przypadku stosowania na pod\u0142odze:<\/strong><\/p>\n<p><\/p>\n<p>Je\u015bli jastrych jest \u0142adnie wyg\u0142adzony, mo\u017cna od razu zacz\u0105\u0107 od pierwszej warstwy; je\u015bli pod\u0142o\u017ce jest pop\u0119kane lub piaszczyste, nale\u017cy zacz\u0105\u0107 od <a href=\"https:\/\/www.awin1.com\/cread.php?awinmid=18314&amp;awinaffid=698033&amp;clickref=&amp;ued=https%3A%2F%2Fbenz24. at%2Fpci-ft-klebemoertel-tile-adhesive.html&amp;pref1=instructionStuccoExtra\" target=\"_blank\" rel=\"noopener\">prefabrykowany klej do p\u0142ytek<\/a> i sprawdzony z <a href=\"https:\/\/www.stucco-naturale.com\/pl\/produkt\/siatka-wzmacniajaca\/\">tkanin\u0105 wzmacniaj\u0105c\u0105<\/a>.<\/p>\n<p><\/p>\n<p><strong>W przypadku stosowania na \u015bcianach:<\/strong><\/p>\n<p><\/p>\n<p>Je\u015bli jako podk\u0142ad tynkarski dost\u0119pny jest tynk wapienny, cementowy lub gipsowo-cementowy, podstawowe szpachlowanie mo\u017cna rozpocz\u0105\u0107 natychmiast. Je\u015bli jednak nie ma \u017cadnych pod\u0142o\u017cy mineralnych, takich jak farby emulsyjne, p\u0142yty gipsowo-kartonowe, szk\u0142o, MDF, a tak\u017ce \u017celbet itp. nale\u017cy zagruntowa\u0107 powierzchni\u0119 podk\u0142adem adhezyjnym. <a href=\"https:\/\/www.stucco-naturale.com\/pl\/produkt\/podklad-adhezyjny-z-proszkiem-marmurowym\/\" target=\"_self\" rel=\"noopener noreferrer\">podk\u0142ad adhezyjny z proszkiem marmurowym<\/a> musi schn\u0105\u0107 przez co najmniej 12 godzin. Og\u00f3lnie rzecz bior\u0105c, zaleca si\u0119 stosowanie podk\u0142adu, poniewa\u017c dostosowuje on w\u0142a\u015bciwo\u015bci absorpcyjne, a tym samym u\u0142atwia aplikacj\u0119. Je\u015bli p\u0142ytki maj\u0105 zosta\u0107 pokryte, <a href=\"https:\/\/www.stucco-naturale.com\/pl\/stiuk-wenecki-i-inne-tynki-marmurowe-na-plytkach\/\">tutaj<\/a> znajduj\u0105 si\u0119 instrukcje dotycz\u0105ce przygotowania pod\u0142o\u017ca.<\/p>\n<p><\/p>\n<p><strong>Do stosowania na schodach:<\/strong><\/p>\n<p><\/p>\n<p>W przypadku schod\u00f3w wymaga odpowiedniego przygotowania. Kraw\u0119dzie p\u0142ytek ze stali nierdzewnej s\u0105 zacierane, aby zapewni\u0107 solidne kraw\u0119dzie i stabilny stopie\u0144. Pasuj\u0105ce <a href=\"https:\/\/www.stucco-naturale.com\/pl\/szyna-ze-stali-nierdzewnej-do-schodow\/\" target=\"_blank\" rel=\"noopener\">kraw\u0119dzie p\u0142ytek mo\u017cna znale\u017a\u0107 tutaj<\/a>.<\/p>\n<p><\/p>\n<h3>2) Struktura pow\u0142oki:<\/h3>\n<p><\/p>\n<p>Stucco Extra jest barwione past\u0105 kolorystyczn\u0105 do wybranego odcienia. Przyk\u0142ady kolor\u00f3w z kolorowymi pigmentami zosta\u0142y wykonane przy u\u017cyciu Stucco Veneziano. Tabele mieszania umo\u017cliwiaj\u0105ce uzyskanie tego odcienia r\u00f3wnie\u017c w przypadku grubszych tynk\u00f3w mo\u017cna znale\u017a\u0107 pod tym linkiem. (<a href=\"https:\/\/www.stucco-naturale.com\/pl\/instrukcje-dotyczace-mieszania-kolorowych-ciast\/\">Kliknij tutaj<\/a>) W dalszej cz\u0119\u015bci tekstu mo\u017cna przeczyta\u0107 instrukcje dotycz\u0105ce przygotowania kolorowego ciasta. Bia\u0142\u0105 lub kolorow\u0105 mas\u0119 szpachlow\u0105 nak\u0142ada si\u0119 na przygotowane pod\u0142o\u017ce na grubo\u015b\u0107 ziarna, a nast\u0119pnie pozostawia do wyschni\u0119cia na 12 godzin. Materia\u0142 nale\u017cy wcze\u015bniej bardzo dobrze wymiesza\u0107, a w razie potrzeby mo\u017cna doda\u0107 do 1% wody. Na\u0142o\u017cy\u0107 tyle, aby \u0142adnie pokry\u0107 podk\u0142ad tynkarski. Najlepiej jest u\u017cy\u0107 <a href=\"https:\/\/www.stucco-naturale.com\/pl\/produkt\/paca-wygladzajaca-821-i\/\">packi wyg\u0142adzaj\u0105cej ze sztywnym ostrzem<\/a>. Zu\u017cycie dla pierwszej warstwy wynosi oko\u0142o 1000 gram\u00f3w\/m\u00b2. Warstw\u0119 t\u0119 nale\u017cy pozostawi\u0107 do wyschni\u0119cia na 12 godzin. Teraz nale\u017cy zeskroba\u0107 powierzchni\u0119 za pomoc\u0105 kielni, aby nie by\u0142o ju\u017c drapi\u0105cych ziaren ani szorstkich poci\u0105gni\u0119\u0107 kielni\u0105. Oczy\u015b\u0107 powierzchni\u0119 odkurzaczem. Powt\u00f3rz t\u0119 czynno\u015b\u0107, aby uzyska\u0107 wytrzyma\u0142\u0105 i bardzo g\u0142adk\u0105 powierzchni\u0119. Aby to zrobi\u0107, wyg\u0142ad\u017a z naciskiem za pomoc\u0105 <a href=\"https:\/\/www.stucco-naturale.com\/pl\/produkt\/paca-wenecka-wygladzajaca-844-i\/\">packi weneckiej<\/a>. W przypadku bia\u0142ej pow\u0142oki zaleca si\u0119 u\u017cycie <a href=\"https:\/\/www.stucco-naturale.com\/pl\/produkt\/kielnia-wenecka-pvc-817-rs\/\">packi wyg\u0142adzaj\u0105cej Venetian PVC<\/a>, aby unikn\u0105\u0107 \u015blad\u00f3w \u015bcierania metalu. Je\u015bli powierzchnia nie jest wystarczaj\u0105co g\u0142adka, do jej wyko\u0144czenia mo\u017cna u\u017cy\u0107 niewielkiej ilo\u015bci <a href=\"https:\/\/www.stucco-naturale.com\/pl\/produkt\/stiuk-wenecki\/\">Stucco Veneziano<\/a>. Powierzchnia jest nast\u0119pnie szlifowana przy u\u017cyciu P400 i odkurzana. Szlifowanie powoduje r\u00f3wnie\u017c, \u017ce kolor staje si\u0119 bardziej r\u00f3wnomierny i nie zmienia si\u0119 tak bardzo po impregnacji olejem kamiennym. Po wyschni\u0119ciu pow\u0142oka jest gotowa do uszczelnienia.<\/p>\n<p><\/p>\n<h3>3) Pow\u0142oka ko\u0144cowa - uszczelnienie<\/h3>\n<p><\/p>\n<p>Aby chroni\u0107 pod\u0142og\u0119 przed zu\u017cyciem i zabrudzeniami, zalecamy <a href=\"https:\/\/www.stucco-naturale.com\/pl\/produkt\/impregnacja-olejem-kamiennym\/\">zaimpregnowanie jej olejem do kamienia<\/a>. Powierzchnia staje si\u0119 jedwabi\u015bcie matowa i mniej wra\u017cliwa na zabrudzenia. Woda nie jest wch\u0142aniana przez pod\u0142og\u0119 i mo\u017cna j\u0105 \u0142atwo zetrze\u0107. Dzi\u0119ki temu powierzchnia staje si\u0119 twardsza, mniej podatna na zarysowania i \u0142atwiejsza do czyszczenia. Kolory s\u0105 mocno wypalone i ciemniejsze.<\/p>\n<p><\/p>\n<h3>Suche kolory i kolorowe ciasta<\/h3>\n<p><\/p>\n<p>Do szpachl\u00f3wki mo\u017cna doda\u0107 do 10% <a href=\"https:\/\/www.stucco-naturale.com\/pl\/kategoria-produktu\/pigmenty-barwiace\/\" target=\"_self\" rel=\"noopener noreferrer\">pigment\u00f3w<\/a> (wagowo). Wapno nie jest w stanie zwi\u0105za\u0107 wi\u0119cej i mo\u017ce doj\u015b\u0107 do kredowania. Kiedy suche kolory, zwane r\u00f3wnie\u017c pigmentami, s\u0105 mieszane z mas\u0105 szpachlow\u0105, powstaje pi\u0119kna kolorowa masa. Istnieje jednak du\u017ce prawdopodobie\u0144stwo, \u017ce pojawi\u0105 si\u0119 plamy pigmentu. Oznacza to, \u017ce niekt\u00f3re pigmenty pozostawi\u0105 \u015blady w postaci pask\u00f3w lub kropek, gdy masa zostanie wymieszana szpachelk\u0105. Niekoniecznie musi to by\u0107 wad\u0105, mo\u017ce by\u0107 r\u00f3wnie\u017c postrzegane jako mi\u0142y efekt uboczny. Je\u015bli jednak chcesz unikn\u0105\u0107 tych plam pigmentu, wymieszaj sobie kolorow\u0105 past\u0119.<\/p>\n<p><\/p>\n<p>Tak to dzia\u0142a: Na 1000 g pigment\u00f3w u\u017cyj oko\u0142o 800 ml p\u0142ynu (160 ml \u015brodka zwil\u017caj\u0105cego i 640 ml wody). Wlej p\u0142yny do pojemnika i dodaj pigmenty, dobrze wymieszaj i zmiel; zgnie\u0107 grudki na kraw\u0119dzi pojemnika. U\u017cyj do tego <a href=\"https:\/\/www.stucco-naturale.com\/pl\/produkt\/szpachelka-uniwersalna-dwustronna\/\">szpatu\u0142ki<\/a> lub <a href=\"https:\/\/www.stucco-naturale.com\/pl\/produkt\/noz-malarski-noz-do-palet\/\">no\u017ca malarskiego<\/a>. Najlepiej jest zapisa\u0107 przepis mieszania, aby m\u00f3c ponownie uzyska\u0107 ten sam odcie\u0144. Pozostaw ciasto do zastygni\u0119cia na co najmniej 3 godziny. Mo\u017cna jednak bez problemu pozostawi\u0107 ciasto na noc. W tym czasie pojemnik powinien by\u0107 przykryty. Nast\u0119pnie wmiesza\u0107 do masy szpachlowej i dobrze wymiesza\u0107. Najlepszy rezultat mieszania uzyskuje si\u0119 poprzez opr\u00f3\u017cnienie zawarto\u015bci do osobnego wiaderka i ponowne dok\u0142adne wymieszanie za pomoc\u0105 mieszad\u0142a. Szpachl\u00f3wka jest wtedy natychmiast gotowa do u\u017cycia. Pigmenty maj\u0105 najwy\u017csz\u0105 intensywno\u015b\u0107 koloru i nie stawiaj\u0105 granic kreatywno\u015bci. Nale\u017cy jednak u\u017cywa\u0107 wy\u0142\u0105cznie pigment\u00f3w kompatybilnych z wapnem.<\/p>\n<p><\/p>\n<p>Szpachl\u00f3wki, zar\u00f3wno kolorowe, jak i naturalnie bia\u0142e, mog\u0105 by\u0107 przechowywane przez wiele lat, je\u015bli s\u0105 prawid\u0142owo przechowywane. W tym celu szpachl\u0119 nale\u017cy przykry\u0107 foli\u0105, a pojemnik szczelnie zamkn\u0105\u0107.<\/p>\n<p><\/p>\n<p>Wyj\u0105tek: Ultramaryna niebieska musi by\u0107 zawsze przetwarzana tego samego dnia i nie mo\u017ce by\u0107 przechowywana.<\/p>\n<p><\/p>\n<p><strong>Porada: <\/strong>Podczas przetwarzania zielonego tlenku chromu, b\u0142\u0119kitu kobaltowego, bieli tytanowej lub podobnych twardych pigment\u00f3w, u\u017cyj <a href=\"https:\/\/www.stucco-naturale.com\/pl\/produkt\/paca-wenecka-do-wygladzania-pvc\/\">packi weneckiej z PVC<\/a> do zag\u0119szczania. W przypadku zag\u0119szczania pac\u0105 stalow\u0105, pigmenty b\u0119d\u0105 \u015bciera\u0107 stal i w rezultacie powstan\u0105 \u015blady \u015bcierania metalu - szare smugi i plamy.<\/p>\n<p><\/p>\n<h3>Informacje o produkcie<\/h3>\n<p><\/p>\n<p>Stucco Extra to naturalna bia\u0142a masa szpachlowa do stosowania w dekoracyjnym projektowaniu \u015bcian i pod\u0142\u00f3g, a tak\u017ce w pomieszczeniach mokrych i kabinach prysznicowych. Odporna na ple\u015b\u0144 dzi\u0119ki wysokiej zasadowo\u015bci. Bardzo otwarta na dyfuzj\u0119 pary wodnej.<\/p>\n<p><\/p>\n<p><strong>Pe\u0142ny sk\u0142ad:<\/strong><br \/>Wapno gaszone [Ca(OH)\u00b2], proszek marmurowy [CaCO\u00b3], krystobalit, woda, celuloza.<\/p>\n<p><\/p>\n<p><strong>Wydajno\u015b\u0107:<\/strong><\/p>\n<p><\/p>\n<p>ok. 2000 g\/m\u00b2 dla 2 warstw; zu\u017cycie mo\u017ce si\u0119 r\u00f3\u017cni\u0107 w zale\u017cno\u015bci od pod\u0142o\u017ca i zastosowania!<\/p>\n<p><\/p>\n<p><strong>Ci\u0119\u017car w\u0142a\u015bciwy:<\/strong><br \/>ok. 1,48 kg\/l<\/p>\n<p><\/p>\n<p><strong>Warto\u015b\u0107 pH:<\/strong><br \/>12,5<\/p>\n<p><\/p>\n<p><strong>Warunki przechowywania:<\/strong><br \/>Bez mrozu i w zamkni\u0119tych pojemnikach, przykryty foli\u0105 PVC i warstw\u0105 wody, Nale\u017cy zu\u017cy\u0107 w ci\u0105gu 2 miesi\u0119cy od dostawy, poniewa\u017c masa szpachlowa utwardza si\u0119 po tym czasie.<\/p>\n<p><\/p>\n<p><strong>Uwagi dotycz\u0105ce bezpiecze\u0144stwa:<\/strong><br \/>R36\/38: Dzia\u0142a dra\u017cni\u0105co na oczy i sk\u00f3r\u0119<\/p>\n<\/div><\/div><\/div><\/div><\/div><span class=\"et_bloom_bottom_trigger\"><\/span>","protected":false},"excerpt":{"rendered":"","protected":false},"author":1,"featured_media":0,"parent":0,"menu_order":0,"comment_status":"closed","ping_status":"closed","template":"","meta":{"footnotes":""},"class_list":["post-56811","page","type-page","status-publish","hentry"],"yoast_head":"<!-- This site is optimized with the Yoast SEO Premium plugin v27.5 (Yoast SEO v27.5) - https:\/\/yoast.com\/product\/yoast-seo-premium-wordpress\/ -->\n<title>Instrukcje dotycz\u0105ce przetwarzania Stucco Extra - Stucco naturale<\/title>\n<meta name=\"description\" content=\"Aplikacja Stucco Extra na powierzchnie bezspoinowe nie jest trudna. Instrukcje mo\u017cna przeczyta\u0107 tutaj.\" \/>\n<meta name=\"robots\" content=\"index, follow, max-snippet:-1, max-image-preview:large, max-video-preview:-1\" \/>\n<link rel=\"canonical\" href=\"https:\/\/www.stucco-naturale.com\/pl\/instrukcje-dotyczace-aplikacji-stucco-extra\/\" \/>\n<meta property=\"og:locale\" content=\"pl_PL\" \/>\n<meta property=\"og:type\" content=\"article\" \/>\n<meta property=\"og:title\" content=\"Instrukcje dotycz\u0105ce aplikacji Stucco Extra\" \/>\n<meta property=\"og:description\" content=\"Aplikacja Stucco Extra na powierzchnie bezspoinowe nie jest trudna. Instrukcje mo\u017cna przeczyta\u0107 tutaj.\" \/>\n<meta property=\"og:url\" content=\"https:\/\/www.stucco-naturale.com\/pl\/instrukcje-dotyczace-aplikacji-stucco-extra\/\" \/>\n<meta property=\"og:site_name\" content=\"Stucco naturale\" \/>\n<meta property=\"article:publisher\" content=\"https:\/\/www.facebook.com\/natuerlicher.kalkputz\/\" \/>\n<meta property=\"article:modified_time\" content=\"2026-03-27T16:55:43+00:00\" \/>\n<meta name=\"twitter:card\" content=\"summary_large_image\" \/>\n<meta name=\"twitter:site\" content=\"@StuccoNaturale\" \/>\n<script type=\"application\/ld+json\" class=\"yoast-schema-graph\">{\"@context\":\"https:\\\/\\\/schema.org\",\"@graph\":[{\"@type\":\"WebPage\",\"@id\":\"https:\\\/\\\/www.stucco-naturale.com\\\/pl\\\/instrukcje-dotyczace-aplikacji-stucco-extra\\\/\",\"url\":\"https:\\\/\\\/www.stucco-naturale.com\\\/pl\\\/instrukcje-dotyczace-aplikacji-stucco-extra\\\/\",\"name\":\"Instrukcje dotycz\u0105ce przetwarzania Stucco Extra - Stucco naturale\",\"isPartOf\":{\"@id\":\"https:\\\/\\\/www.stucco-naturale.com\\\/pl\\\/#website\"},\"datePublished\":\"2018-01-22T22:31:22+00:00\",\"dateModified\":\"2026-03-27T16:55:43+00:00\",\"description\":\"Aplikacja Stucco Extra na powierzchnie bezspoinowe nie jest trudna. Instrukcje mo\u017cna przeczyta\u0107 tutaj.\",\"breadcrumb\":{\"@id\":\"https:\\\/\\\/www.stucco-naturale.com\\\/pl\\\/instrukcje-dotyczace-aplikacji-stucco-extra\\\/#breadcrumb\"},\"inLanguage\":\"pl-PL\",\"potentialAction\":[{\"@type\":\"ReadAction\",\"target\":[\"https:\\\/\\\/www.stucco-naturale.com\\\/pl\\\/instrukcje-dotyczace-aplikacji-stucco-extra\\\/\"]}]},{\"@type\":\"BreadcrumbList\",\"@id\":\"https:\\\/\\\/www.stucco-naturale.com\\\/pl\\\/instrukcje-dotyczace-aplikacji-stucco-extra\\\/#breadcrumb\",\"itemListElement\":[{\"@type\":\"ListItem\",\"position\":1,\"name\":\"Page d'accueil\",\"item\":\"https:\\\/\\\/www.stucco-naturale.com\\\/pl\\\/\"},{\"@type\":\"ListItem\",\"position\":2,\"name\":\"Instrukcje dotycz\u0105ce aplikacji Stucco Extra\"}]},{\"@type\":\"WebSite\",\"@id\":\"https:\\\/\\\/www.stucco-naturale.com\\\/pl\\\/#website\",\"url\":\"https:\\\/\\\/www.stucco-naturale.com\\\/pl\\\/\",\"name\":\"Stucco naturale\",\"description\":\"Sklep dla Stucco Veneziano, Marmorino i akcesoria\",\"publisher\":{\"@id\":\"https:\\\/\\\/www.stucco-naturale.com\\\/pl\\\/#organization\"},\"potentialAction\":[{\"@type\":\"SearchAction\",\"target\":{\"@type\":\"EntryPoint\",\"urlTemplate\":\"https:\\\/\\\/www.stucco-naturale.com\\\/pl\\\/?s={search_term_string}\"},\"query-input\":{\"@type\":\"PropertyValueSpecification\",\"valueRequired\":true,\"valueName\":\"search_term_string\"}}],\"inLanguage\":\"pl-PL\"},{\"@type\":\"Organization\",\"@id\":\"https:\\\/\\\/www.stucco-naturale.com\\\/pl\\\/#organization\",\"name\":\"Stucco naturale\",\"url\":\"https:\\\/\\\/www.stucco-naturale.com\\\/pl\\\/\",\"logo\":{\"@type\":\"ImageObject\",\"inLanguage\":\"pl-PL\",\"@id\":\"https:\\\/\\\/www.stucco-naturale.com\\\/pl\\\/#\\\/schema\\\/logo\\\/image\\\/\",\"url\":\"https:\\\/\\\/www.stucco-naturale.com\\\/wp-content\\\/uploads\\\/logo_stucco-naturale.jpg\",\"contentUrl\":\"https:\\\/\\\/www.stucco-naturale.com\\\/wp-content\\\/uploads\\\/logo_stucco-naturale.jpg\",\"width\":400,\"height\":600,\"caption\":\"Stucco naturale\"},\"image\":{\"@id\":\"https:\\\/\\\/www.stucco-naturale.com\\\/pl\\\/#\\\/schema\\\/logo\\\/image\\\/\"},\"sameAs\":[\"https:\\\/\\\/www.facebook.com\\\/natuerlicher.kalkputz\\\/\",\"https:\\\/\\\/x.com\\\/StuccoNaturale\",\"https:\\\/\\\/www.instagram.com\\\/stucco_naturale\\\/?hl=de\"],\"vatID\":\"ATU78081825\"}]}<\/script>\n<!-- \/ Yoast SEO Premium plugin. -->","yoast_head_json":{"title":"Instrukcje dotycz\u0105ce przetwarzania Stucco Extra - Stucco naturale","description":"Aplikacja Stucco Extra na powierzchnie bezspoinowe nie jest trudna. Instrukcje mo\u017cna przeczyta\u0107 tutaj.","robots":{"index":"index","follow":"follow","max-snippet":"max-snippet:-1","max-image-preview":"max-image-preview:large","max-video-preview":"max-video-preview:-1"},"canonical":"https:\/\/www.stucco-naturale.com\/pl\/instrukcje-dotyczace-aplikacji-stucco-extra\/","og_locale":"pl_PL","og_type":"article","og_title":"Instrukcje dotycz\u0105ce aplikacji Stucco Extra","og_description":"Aplikacja Stucco Extra na powierzchnie bezspoinowe nie jest trudna. Instrukcje mo\u017cna przeczyta\u0107 tutaj.","og_url":"https:\/\/www.stucco-naturale.com\/pl\/instrukcje-dotyczace-aplikacji-stucco-extra\/","og_site_name":"Stucco naturale","article_publisher":"https:\/\/www.facebook.com\/natuerlicher.kalkputz\/","article_modified_time":"2026-03-27T16:55:43+00:00","twitter_card":"summary_large_image","twitter_site":"@StuccoNaturale","schema":{"@context":"https:\/\/schema.org","@graph":[{"@type":"WebPage","@id":"https:\/\/www.stucco-naturale.com\/pl\/instrukcje-dotyczace-aplikacji-stucco-extra\/","url":"https:\/\/www.stucco-naturale.com\/pl\/instrukcje-dotyczace-aplikacji-stucco-extra\/","name":"Instrukcje dotycz\u0105ce przetwarzania Stucco Extra - Stucco naturale","isPartOf":{"@id":"https:\/\/www.stucco-naturale.com\/pl\/#website"},"datePublished":"2018-01-22T22:31:22+00:00","dateModified":"2026-03-27T16:55:43+00:00","description":"Aplikacja Stucco Extra na powierzchnie bezspoinowe nie jest trudna. Instrukcje mo\u017cna przeczyta\u0107 tutaj.","breadcrumb":{"@id":"https:\/\/www.stucco-naturale.com\/pl\/instrukcje-dotyczace-aplikacji-stucco-extra\/#breadcrumb"},"inLanguage":"pl-PL","potentialAction":[{"@type":"ReadAction","target":["https:\/\/www.stucco-naturale.com\/pl\/instrukcje-dotyczace-aplikacji-stucco-extra\/"]}]},{"@type":"BreadcrumbList","@id":"https:\/\/www.stucco-naturale.com\/pl\/instrukcje-dotyczace-aplikacji-stucco-extra\/#breadcrumb","itemListElement":[{"@type":"ListItem","position":1,"name":"Page d'accueil","item":"https:\/\/www.stucco-naturale.com\/pl\/"},{"@type":"ListItem","position":2,"name":"Instrukcje dotycz\u0105ce aplikacji Stucco Extra"}]},{"@type":"WebSite","@id":"https:\/\/www.stucco-naturale.com\/pl\/#website","url":"https:\/\/www.stucco-naturale.com\/pl\/","name":"Stucco naturale","description":"Sklep dla Stucco Veneziano, Marmorino i akcesoria","publisher":{"@id":"https:\/\/www.stucco-naturale.com\/pl\/#organization"},"potentialAction":[{"@type":"SearchAction","target":{"@type":"EntryPoint","urlTemplate":"https:\/\/www.stucco-naturale.com\/pl\/?s={search_term_string}"},"query-input":{"@type":"PropertyValueSpecification","valueRequired":true,"valueName":"search_term_string"}}],"inLanguage":"pl-PL"},{"@type":"Organization","@id":"https:\/\/www.stucco-naturale.com\/pl\/#organization","name":"Stucco naturale","url":"https:\/\/www.stucco-naturale.com\/pl\/","logo":{"@type":"ImageObject","inLanguage":"pl-PL","@id":"https:\/\/www.stucco-naturale.com\/pl\/#\/schema\/logo\/image\/","url":"https:\/\/www.stucco-naturale.com\/wp-content\/uploads\/logo_stucco-naturale.jpg","contentUrl":"https:\/\/www.stucco-naturale.com\/wp-content\/uploads\/logo_stucco-naturale.jpg","width":400,"height":600,"caption":"Stucco naturale"},"image":{"@id":"https:\/\/www.stucco-naturale.com\/pl\/#\/schema\/logo\/image\/"},"sameAs":["https:\/\/www.facebook.com\/natuerlicher.kalkputz\/","https:\/\/x.com\/StuccoNaturale","https:\/\/www.instagram.com\/stucco_naturale\/?hl=de"],"vatID":"ATU78081825"}]}},"_links":{"self":[{"href":"https:\/\/www.stucco-naturale.com\/pl\/wp-json\/wp\/v2\/pages\/56811","targetHints":{"allow":["GET"]}}],"collection":[{"href":"https:\/\/www.stucco-naturale.com\/pl\/wp-json\/wp\/v2\/pages"}],"about":[{"href":"https:\/\/www.stucco-naturale.com\/pl\/wp-json\/wp\/v2\/types\/page"}],"author":[{"embeddable":true,"href":"https:\/\/www.stucco-naturale.com\/pl\/wp-json\/wp\/v2\/users\/1"}],"replies":[{"embeddable":true,"href":"https:\/\/www.stucco-naturale.com\/pl\/wp-json\/wp\/v2\/comments?post=56811"}],"version-history":[{"count":0,"href":"https:\/\/www.stucco-naturale.com\/pl\/wp-json\/wp\/v2\/pages\/56811\/revisions"}],"wp:attachment":[{"href":"https:\/\/www.stucco-naturale.com\/pl\/wp-json\/wp\/v2\/media?parent=56811"}],"curies":[{"name":"wp","href":"https:\/\/api.w.org\/{rel}","templated":true}]}}