{"id":56808,"date":"2020-06-26T18:38:56","date_gmt":"2020-06-26T16:38:56","guid":{"rendered":"https:\/\/www.stucco-naturale.com\/instrukcje-dotyczace-nakladania-wapiennego-tynku-samoprzylepnego\/"},"modified":"2026-03-27T17:56:45","modified_gmt":"2026-03-27T16:56:45","slug":"instrukcje-dotyczace-nakladania-wapiennego-tynku-samoprzylepnego","status":"publish","type":"page","link":"https:\/\/www.stucco-naturale.com\/pl\/instrukcje-dotyczace-nakladania-wapiennego-tynku-samoprzylepnego\/","title":{"rendered":"Instrukcje dotycz\u0105ce nak\u0142adania wapiennego tynku samoprzylepnego"},"content":{"rendered":"<div class=\"et_pb_section_0 et_pb_section et_section_regular et_block_section\"><div class=\"et_pb_row_0 et_pb_row et_block_row\"><div class=\"et_pb_column_0 et_pb_column et_pb_column_4_4 et-last-child et_block_column et_pb_css_mix_blend_mode_passthrough\"><div class=\"et_pb_text_0 et_pb_text et_pb_bg_layout_light et_pb_module et_block_module\"><div class=\"et_pb_text_inner\"><h1>Instrukcje pracy z tynkiem samoprzylepnym<\/h1>\n<p>Jak uzyska\u0107 dobry efekt przy u\u017cyciu <a href=\"https:\/\/www.stucco-naturale.com\/pl\/produkt\/wapienny-tynk-samoprzylepny\/\">tynku wapiennego<\/a>.<\/p>\n<h2>Do stosowania jako podk\u0142ad pod kolejne pow\u0142oki mineralne<\/h2>\n<p>&nbsp;<\/p>\n<h3>Odpowiednie pod\u0142o\u017ca:<\/h3>\n<ul>\n<li>Wszystkie pod\u0142o\u017ca mineralne (tynki wapienne, gipsowe i cementowe)<\/li>\n<li>Powierzchnie betonowe<\/li>\n<li>Ceg\u0142y licowe z betonu kom\u00f3rkowego<\/li>\n<li>P\u0142yty gipsowo-kartonowe\/p\u0142yty gipsowo-w\u0142\u00f3knowe<\/li>\n<\/ul>\n<h3>Pod\u0142o\u017ca te wymagaj\u0105 gruntowania przed u\u017cyciem tynku wi\u0105\u017c\u0105cego:<\/h3>\n<ul>\n<li>Tynk p\u0142aski<\/li>\n<li>Bardzo g\u0142adkie pod\u0142o\u017ca mineralne<\/li>\n<li>Tynki o sk\u0142adzie syntetycznym<\/li>\n<li>P\u0142yty wi\u00f3rowe<\/li>\n<li>P\u0142ytki (<a href=\"https:\/\/www.stucco-naturale.com\/pl\/stiuk-wenecki-i-inne-tynki-marmurowe-na-plytkach\/\">artyku\u0142 na temat aplikacji na p\u0142ytkach mo\u017cna przeczyta\u0107 tutaj<\/a>)<\/li>\n<\/ul>\n<h2>Obr\u00f3bka:<\/h2>\n<p>Pod\u0142o\u017ce powinno by\u0107 wolne od kurzu i t\u0142uszczu, sta\u0142e i suche. Wapienny tynk wi\u0105\u017c\u0105cy nak\u0142ada si\u0119 na grubo\u015b\u0107 ziarna i lekko wyg\u0142adza. Je\u015bli chcesz przygotowa\u0107 pod\u0142o\u017ce mieszane, jak to cz\u0119sto ma miejsce w przypadku konwersji, osadzana jest <a href=\"https:\/\/www.stucco-naturale.com\/pl\/produkt\/siatka-wzmacniajaca\/\">tkanina wzmacniaj\u0105ca<\/a>. Po 12-24 godzinach schni\u0119cia mo\u017cna na\u0142o\u017cy\u0107 warstw\u0119 naszych <a href=\"https:\/\/www.stucco-naturale.com\/produkt-kategorie\/marmorputze\/\">tynk\u00f3w marmurowych<\/a>. Je\u015bli chcesz u\u017cy\u0107 <a href=\"https:\/\/www.stucco-naturale.com\/pl\/produkt\/stiuk-wenecki\/\">Stucco Veneziano<\/a>, zaleca si\u0119 na\u0142o\u017cenie kielni\u0105 warstwy <a href=\"https:\/\/www.stucco-naturale.com\/pl\/produkt\/tynk-kreatywny\/\">Tynku Kreatywnego<\/a>, a nast\u0119pnie dw\u00f3ch do trzech warstw Stucco Veneziano.<\/p>\n<p>Tynk samoprzylepny mo\u017cna r\u00f3wnie\u017c filcowa\u0107 za pomoc\u0105 <a href=\"https:\/\/www.stucco-naturale.com\/pl\/produkt\/gabka-drobnoziarnista\/\">g\u0105bki<\/a> lub teksturowa\u0107 za pomoc\u0105 <a href=\"https:\/\/www.stucco-naturale.com\/pl\/produkt\/kielnia-do-wygladzania-804-s\/\">packi wyg\u0142adzaj\u0105cej<\/a>. Nie ma potrzeby malowania, tynk samoprzylepny daje pi\u0119kne bia\u0142e wyko\u0144czenie.<\/p>\n<p><strong>Pe\u0142na deklaracja:<\/strong><\/p>\n<p>Wapno gaszone [Ca(OH)\u00b2], m\u0105czka marmurowa [CaCO\u00b3] o r\u00f3\u017cnej gradacji, woda, skrobia pszenna, metyloceluloza.<\/p>\n<p><strong>Wydajno\u015b\u0107:<\/strong><\/p>\n<p>Oko\u0142o 1500 g\/m\u00b2 na jedn\u0105 warstw\u0119 w zale\u017cno\u015bci od przygotowania pod\u0142o\u017ca, w przypadku osadzenia tkaniny wzmacniaj\u0105cej, aby zapobiec p\u0119kaniu, zu\u017cycie wzrasta do oko\u0142o 2,5 - 3 kg.<\/p>\n<p><strong>Waga w\u0142a\u015bciwa:<\/strong><\/p>\n<p>Oko\u0142o 1,46 kg\/l<\/p>\n<p><strong>Warto\u015b\u0107 pH:<\/strong><\/p>\n<p>Oko\u0142o 12,5<\/p>\n<p><strong>Warunki przechowywania:<\/strong><\/p>\n<p>Bez mrozu i w zamkni\u0119tych pojemnikach, przykryty foli\u0105 PVC i warstw\u0105 wody, b\u0119dzie przechowywany przez wiele lat.<\/p>\n<p><strong>Instrukcje bezpiecze\u0144stwa:<\/strong><\/p>\n<p>R36\/38: Dzia\u0142a dra\u017cni\u0105co na oczy i sk\u00f3r\u0119.<\/p>\n<\/div><\/div><\/div><\/div><\/div><span class=\"et_bloom_bottom_trigger\"><\/span>","protected":false},"excerpt":{"rendered":"","protected":false},"author":1,"featured_media":0,"parent":0,"menu_order":0,"comment_status":"closed","ping_status":"closed","template":"","meta":{"footnotes":""},"class_list":["post-56808","page","type-page","status-publish","hentry"],"yoast_head":"<!-- This site is optimized with the Yoast SEO Premium plugin v27.5 (Yoast SEO v27.5) - https:\/\/yoast.com\/product\/yoast-seo-premium-wordpress\/ -->\n<title>Instrukcje dotycz\u0105ce nak\u0142adania wapiennego tynku samoprzylepnego - Stucco naturale<\/title>\n<meta name=\"description\" content=\"Tutaj znajdziesz instrukcje dotycz\u0105ce nak\u0142adania tynku klejowo-wapiennego. Do przygotowania pod\u0142o\u017ca mineralnego lub jako tynk wyko\u0144czeniowy.\" \/>\n<meta name=\"robots\" content=\"index, follow, max-snippet:-1, max-image-preview:large, max-video-preview:-1\" \/>\n<link rel=\"canonical\" href=\"https:\/\/www.stucco-naturale.com\/pl\/instrukcje-dotyczace-nakladania-wapiennego-tynku-samoprzylepnego\/\" \/>\n<meta property=\"og:locale\" content=\"pl_PL\" \/>\n<meta property=\"og:type\" content=\"article\" \/>\n<meta property=\"og:title\" content=\"Instrukcje dotycz\u0105ce nak\u0142adania wapiennego tynku samoprzylepnego\" \/>\n<meta property=\"og:description\" content=\"Tutaj znajdziesz instrukcje dotycz\u0105ce nak\u0142adania tynku klejowo-wapiennego. Do przygotowania pod\u0142o\u017ca mineralnego lub jako tynk wyko\u0144czeniowy.\" \/>\n<meta property=\"og:url\" content=\"https:\/\/www.stucco-naturale.com\/pl\/instrukcje-dotyczace-nakladania-wapiennego-tynku-samoprzylepnego\/\" \/>\n<meta property=\"og:site_name\" content=\"Stucco naturale\" \/>\n<meta property=\"article:publisher\" content=\"https:\/\/www.facebook.com\/natuerlicher.kalkputz\/\" \/>\n<meta property=\"article:modified_time\" content=\"2026-03-27T16:56:45+00:00\" \/>\n<meta name=\"twitter:card\" content=\"summary_large_image\" \/>\n<meta name=\"twitter:site\" content=\"@StuccoNaturale\" \/>\n<script type=\"application\/ld+json\" class=\"yoast-schema-graph\">{\"@context\":\"https:\\\/\\\/schema.org\",\"@graph\":[{\"@type\":\"WebPage\",\"@id\":\"https:\\\/\\\/www.stucco-naturale.com\\\/pl\\\/instrukcje-dotyczace-nakladania-wapiennego-tynku-samoprzylepnego\\\/\",\"url\":\"https:\\\/\\\/www.stucco-naturale.com\\\/pl\\\/instrukcje-dotyczace-nakladania-wapiennego-tynku-samoprzylepnego\\\/\",\"name\":\"Instrukcje dotycz\u0105ce nak\u0142adania wapiennego tynku samoprzylepnego - Stucco naturale\",\"isPartOf\":{\"@id\":\"https:\\\/\\\/www.stucco-naturale.com\\\/pl\\\/#website\"},\"datePublished\":\"2020-06-26T16:38:56+00:00\",\"dateModified\":\"2026-03-27T16:56:45+00:00\",\"description\":\"Tutaj znajdziesz instrukcje dotycz\u0105ce nak\u0142adania tynku klejowo-wapiennego. Do przygotowania pod\u0142o\u017ca mineralnego lub jako tynk wyko\u0144czeniowy.\",\"breadcrumb\":{\"@id\":\"https:\\\/\\\/www.stucco-naturale.com\\\/pl\\\/instrukcje-dotyczace-nakladania-wapiennego-tynku-samoprzylepnego\\\/#breadcrumb\"},\"inLanguage\":\"pl-PL\",\"potentialAction\":[{\"@type\":\"ReadAction\",\"target\":[\"https:\\\/\\\/www.stucco-naturale.com\\\/pl\\\/instrukcje-dotyczace-nakladania-wapiennego-tynku-samoprzylepnego\\\/\"]}]},{\"@type\":\"BreadcrumbList\",\"@id\":\"https:\\\/\\\/www.stucco-naturale.com\\\/pl\\\/instrukcje-dotyczace-nakladania-wapiennego-tynku-samoprzylepnego\\\/#breadcrumb\",\"itemListElement\":[{\"@type\":\"ListItem\",\"position\":1,\"name\":\"Page d'accueil\",\"item\":\"https:\\\/\\\/www.stucco-naturale.com\\\/pl\\\/\"},{\"@type\":\"ListItem\",\"position\":2,\"name\":\"Instrukcje dotycz\u0105ce nak\u0142adania wapiennego tynku samoprzylepnego\"}]},{\"@type\":\"WebSite\",\"@id\":\"https:\\\/\\\/www.stucco-naturale.com\\\/pl\\\/#website\",\"url\":\"https:\\\/\\\/www.stucco-naturale.com\\\/pl\\\/\",\"name\":\"Stucco naturale\",\"description\":\"Sklep dla Stucco Veneziano, Marmorino i akcesoria\",\"publisher\":{\"@id\":\"https:\\\/\\\/www.stucco-naturale.com\\\/pl\\\/#organization\"},\"potentialAction\":[{\"@type\":\"SearchAction\",\"target\":{\"@type\":\"EntryPoint\",\"urlTemplate\":\"https:\\\/\\\/www.stucco-naturale.com\\\/pl\\\/?s={search_term_string}\"},\"query-input\":{\"@type\":\"PropertyValueSpecification\",\"valueRequired\":true,\"valueName\":\"search_term_string\"}}],\"inLanguage\":\"pl-PL\"},{\"@type\":\"Organization\",\"@id\":\"https:\\\/\\\/www.stucco-naturale.com\\\/pl\\\/#organization\",\"name\":\"Stucco naturale\",\"url\":\"https:\\\/\\\/www.stucco-naturale.com\\\/pl\\\/\",\"logo\":{\"@type\":\"ImageObject\",\"inLanguage\":\"pl-PL\",\"@id\":\"https:\\\/\\\/www.stucco-naturale.com\\\/pl\\\/#\\\/schema\\\/logo\\\/image\\\/\",\"url\":\"https:\\\/\\\/www.stucco-naturale.com\\\/wp-content\\\/uploads\\\/logo_stucco-naturale.jpg\",\"contentUrl\":\"https:\\\/\\\/www.stucco-naturale.com\\\/wp-content\\\/uploads\\\/logo_stucco-naturale.jpg\",\"width\":400,\"height\":600,\"caption\":\"Stucco naturale\"},\"image\":{\"@id\":\"https:\\\/\\\/www.stucco-naturale.com\\\/pl\\\/#\\\/schema\\\/logo\\\/image\\\/\"},\"sameAs\":[\"https:\\\/\\\/www.facebook.com\\\/natuerlicher.kalkputz\\\/\",\"https:\\\/\\\/x.com\\\/StuccoNaturale\",\"https:\\\/\\\/www.instagram.com\\\/stucco_naturale\\\/?hl=de\"],\"vatID\":\"ATU78081825\"}]}<\/script>\n<!-- \/ Yoast SEO Premium plugin. -->","yoast_head_json":{"title":"Instrukcje dotycz\u0105ce nak\u0142adania wapiennego tynku samoprzylepnego - Stucco naturale","description":"Tutaj znajdziesz instrukcje dotycz\u0105ce nak\u0142adania tynku klejowo-wapiennego. Do przygotowania pod\u0142o\u017ca mineralnego lub jako tynk wyko\u0144czeniowy.","robots":{"index":"index","follow":"follow","max-snippet":"max-snippet:-1","max-image-preview":"max-image-preview:large","max-video-preview":"max-video-preview:-1"},"canonical":"https:\/\/www.stucco-naturale.com\/pl\/instrukcje-dotyczace-nakladania-wapiennego-tynku-samoprzylepnego\/","og_locale":"pl_PL","og_type":"article","og_title":"Instrukcje dotycz\u0105ce nak\u0142adania wapiennego tynku samoprzylepnego","og_description":"Tutaj znajdziesz instrukcje dotycz\u0105ce nak\u0142adania tynku klejowo-wapiennego. Do przygotowania pod\u0142o\u017ca mineralnego lub jako tynk wyko\u0144czeniowy.","og_url":"https:\/\/www.stucco-naturale.com\/pl\/instrukcje-dotyczace-nakladania-wapiennego-tynku-samoprzylepnego\/","og_site_name":"Stucco naturale","article_publisher":"https:\/\/www.facebook.com\/natuerlicher.kalkputz\/","article_modified_time":"2026-03-27T16:56:45+00:00","twitter_card":"summary_large_image","twitter_site":"@StuccoNaturale","schema":{"@context":"https:\/\/schema.org","@graph":[{"@type":"WebPage","@id":"https:\/\/www.stucco-naturale.com\/pl\/instrukcje-dotyczace-nakladania-wapiennego-tynku-samoprzylepnego\/","url":"https:\/\/www.stucco-naturale.com\/pl\/instrukcje-dotyczace-nakladania-wapiennego-tynku-samoprzylepnego\/","name":"Instrukcje dotycz\u0105ce nak\u0142adania wapiennego tynku samoprzylepnego - Stucco naturale","isPartOf":{"@id":"https:\/\/www.stucco-naturale.com\/pl\/#website"},"datePublished":"2020-06-26T16:38:56+00:00","dateModified":"2026-03-27T16:56:45+00:00","description":"Tutaj znajdziesz instrukcje dotycz\u0105ce nak\u0142adania tynku klejowo-wapiennego. Do przygotowania pod\u0142o\u017ca mineralnego lub jako tynk wyko\u0144czeniowy.","breadcrumb":{"@id":"https:\/\/www.stucco-naturale.com\/pl\/instrukcje-dotyczace-nakladania-wapiennego-tynku-samoprzylepnego\/#breadcrumb"},"inLanguage":"pl-PL","potentialAction":[{"@type":"ReadAction","target":["https:\/\/www.stucco-naturale.com\/pl\/instrukcje-dotyczace-nakladania-wapiennego-tynku-samoprzylepnego\/"]}]},{"@type":"BreadcrumbList","@id":"https:\/\/www.stucco-naturale.com\/pl\/instrukcje-dotyczace-nakladania-wapiennego-tynku-samoprzylepnego\/#breadcrumb","itemListElement":[{"@type":"ListItem","position":1,"name":"Page d'accueil","item":"https:\/\/www.stucco-naturale.com\/pl\/"},{"@type":"ListItem","position":2,"name":"Instrukcje dotycz\u0105ce nak\u0142adania wapiennego tynku samoprzylepnego"}]},{"@type":"WebSite","@id":"https:\/\/www.stucco-naturale.com\/pl\/#website","url":"https:\/\/www.stucco-naturale.com\/pl\/","name":"Stucco naturale","description":"Sklep dla Stucco Veneziano, Marmorino i akcesoria","publisher":{"@id":"https:\/\/www.stucco-naturale.com\/pl\/#organization"},"potentialAction":[{"@type":"SearchAction","target":{"@type":"EntryPoint","urlTemplate":"https:\/\/www.stucco-naturale.com\/pl\/?s={search_term_string}"},"query-input":{"@type":"PropertyValueSpecification","valueRequired":true,"valueName":"search_term_string"}}],"inLanguage":"pl-PL"},{"@type":"Organization","@id":"https:\/\/www.stucco-naturale.com\/pl\/#organization","name":"Stucco naturale","url":"https:\/\/www.stucco-naturale.com\/pl\/","logo":{"@type":"ImageObject","inLanguage":"pl-PL","@id":"https:\/\/www.stucco-naturale.com\/pl\/#\/schema\/logo\/image\/","url":"https:\/\/www.stucco-naturale.com\/wp-content\/uploads\/logo_stucco-naturale.jpg","contentUrl":"https:\/\/www.stucco-naturale.com\/wp-content\/uploads\/logo_stucco-naturale.jpg","width":400,"height":600,"caption":"Stucco naturale"},"image":{"@id":"https:\/\/www.stucco-naturale.com\/pl\/#\/schema\/logo\/image\/"},"sameAs":["https:\/\/www.facebook.com\/natuerlicher.kalkputz\/","https:\/\/x.com\/StuccoNaturale","https:\/\/www.instagram.com\/stucco_naturale\/?hl=de"],"vatID":"ATU78081825"}]}},"_links":{"self":[{"href":"https:\/\/www.stucco-naturale.com\/pl\/wp-json\/wp\/v2\/pages\/56808","targetHints":{"allow":["GET"]}}],"collection":[{"href":"https:\/\/www.stucco-naturale.com\/pl\/wp-json\/wp\/v2\/pages"}],"about":[{"href":"https:\/\/www.stucco-naturale.com\/pl\/wp-json\/wp\/v2\/types\/page"}],"author":[{"embeddable":true,"href":"https:\/\/www.stucco-naturale.com\/pl\/wp-json\/wp\/v2\/users\/1"}],"replies":[{"embeddable":true,"href":"https:\/\/www.stucco-naturale.com\/pl\/wp-json\/wp\/v2\/comments?post=56808"}],"version-history":[{"count":0,"href":"https:\/\/www.stucco-naturale.com\/pl\/wp-json\/wp\/v2\/pages\/56808\/revisions"}],"wp:attachment":[{"href":"https:\/\/www.stucco-naturale.com\/pl\/wp-json\/wp\/v2\/media?parent=56808"}],"curies":[{"name":"wp","href":"https:\/\/api.w.org\/{rel}","templated":true}]}}