{"id":56799,"date":"2017-01-22T19:46:27","date_gmt":"2017-01-22T18:46:27","guid":{"rendered":"https:\/\/www.stucco-naturale.com\/instrukcje-dotyczace-balsamu-z-woskiem-pszczelim-i-karnauba\/"},"modified":"2026-03-27T17:52:39","modified_gmt":"2026-03-27T16:52:39","slug":"instrukcje-dotyczace-balsamu-z-woskiem-pszczelim-i-karnauba","status":"publish","type":"page","link":"https:\/\/www.stucco-naturale.com\/pl\/instrukcje-dotyczace-balsamu-z-woskiem-pszczelim-i-karnauba\/","title":{"rendered":"Instrukcje dotycz\u0105ce balsamu z woskiem pszczelim i karnaub\u0105"},"content":{"rendered":"<div class=\"et_pb_section_0 et_pb_section et_section_regular et_block_section\"><div class=\"et_pb_row_0 et_pb_row et_block_row\"><div class=\"et_pb_column_0 et_pb_column et_pb_column_4_4 et-last-child et_block_column et_pb_css_mix_blend_mode_passthrough\"><div class=\"et_pb_text_0 et_pb_text et_pb_bg_layout_light et_pb_module et_block_module\"><div class=\"et_pb_text_inner\"><h1>Instrukcja przetwarzania balsamu z wosku pszczelego z carnaub\u0105<\/h1>\n<\/div><\/div><div class=\"et_pb_text_1 et_pb_text et_pb_bg_layout_light et_pb_module et_block_module\"><div class=\"et_pb_text_inner\"><h2>Balsam z wosku pszczelego z woskiem carnauba<\/h2>\n<p>Naturalny balsam wykonany z wosku pszczelego i wosku carnauba chroni powierzchnie wapienne (<a href=\"https:\/\/www.stucco-naturale.com\/pl\/produkt\/stiuk-wenecki\/\">Stucco Veneziano<\/a>, <a href=\"https:\/\/www.stucco-naturale.com\/pl\/produkt\/stiuk-marmorino\/\">Marmorino<\/a> itp.) przed kwasami i brudem, ma dzia\u0142anie antystatyczne i utrzymuje pow\u0142ok\u0119 otwart\u0105 na dyfuzj\u0119. Balsam nadaje si\u0119 r\u00f3wnie\u017c do od\u015bwie\u017cania drewnianych mebli.<\/p>\n<h3>Pe\u0142na deklaracja:<\/h3>\n<p>Wosk pszczeli, wosk carnauba i rozpuszczalniki w\u0119glowodorowe.<\/p>\n<h3>Spos\u00f3b u\u017cycia:<\/h3>\n<p>Zapewni\u0107 dobr\u0105 wentylacj\u0119 podczas aplikacji, poniewa\u017c rozpuszczalnik odparowuje. Sucha pow\u0142oka woskowa jest nieszkodliwa dla zdrowia. Nak\u0142ada\u0107 za pomoc\u0105 <a href=\"https:\/\/www.stucco-naturale.com\/produkt-kategorie\/venezianische-glaettekellen\/\" target=\"_self\" rel=\"noopener noreferrer\">weneckiej pacy wyg\u0142adzaj\u0105cej<\/a> i po czasie odparowania wynosz\u0105cym 1\/2 - 1 godzin\u0119, wypolerowa\u0107 na wysoki po\u0142ysk za pomoc\u0105 <a href=\"https:\/\/www.stucco-naturale.com\/pl\/produkt\/sciereczka-z-mikrofibry\/\" target=\"_self\" rel=\"noopener noreferrer\">\u015bciereczki z mikrofibry<\/a> lub maszyny polerskiej. W razie potrzeby mo\u017cna na\u0142o\u017cy\u0107 wi\u0119cej warstw, ale czas schni\u0119cia wynosi do 8 godzin, w zale\u017cno\u015bci od temperatury i wilgotno\u015bci.<\/p>\n<h3>Przechowywanie:<\/h3>\n<p>Ch\u0142\u00f3d i mr\u00f3z. Okres trwa\u0142o\u015bci 5 lat w nieotwartym pojemniku.<\/p>\n<h3>Zu\u017cycie:<\/h3>\n<p>20 - 50 ml \/ m\u00b2<\/p>\n<h3>Waga w\u0142a\u015bciwa:<\/h3>\n<p>ok. 0,8 kg \/ l<\/p>\n<h3>Informacje dotycz\u0105ce bezpiecze\u0144stwa:<\/h3>\n<p>Zawiera izoalkany C9-12. H226 Ciecz i pary s\u0105 \u0142atwopalne. H304 Po\u0142kni\u0119cie i dostanie si\u0119 przez drogi oddechowe mo\u017ce grozi\u0107 \u015bmierci\u0105. H413 Mo\u017ce dzia\u0142a\u0107 szkodliwie na organizmy wodne, powoduj\u0105c d\u0142ugotrwa\u0142e skutki. P405 Przechowywa\u0107 pod zamkni\u0119ciem. P210: Przechowywa\u0107 z dala od \u017ar\u00f3de\u0142 ciep\u0142a\/iskrzenia\/otwartego ognia\/gor\u0105cych powierzchni. Nie pali\u0107 tytoniu. P241: Stosowa\u0107 przeciwwybuchowy sprz\u0119t elektryczny\/wentylacyjny\/o\u015bwietleniowy. P301 +P310 w przypadku po\u0142kni\u0119cia: Natychmiast skontaktowa\u0107 si\u0119 z o\u015brodkiem zatru\u0107 lub lekarzem. P303 +P361+ P353: W przypadku kontaktu ze sk\u00f3r\u0105: Natychmiast zdj\u0105\u0107 ca\u0142\u0105 zanieczyszczon\u0105, nas\u0105czon\u0105 odzie\u017c. Umy\u0107 sk\u00f3r\u0119 wod\u0105.<\/p>\n<p>&nbsp;<\/p>\n<p>&nbsp;<\/p>\n<\/div><\/div><\/div><\/div><\/div><span class=\"et_bloom_bottom_trigger\"><\/span>","protected":false},"excerpt":{"rendered":"","protected":false},"author":1,"featured_media":0,"parent":0,"menu_order":0,"comment_status":"closed","ping_status":"closed","template":"","meta":{"footnotes":""},"class_list":["post-56799","page","type-page","status-publish","hentry"],"yoast_head":"<!-- This site is optimized with the Yoast SEO Premium plugin v27.5 (Yoast SEO v27.5) - https:\/\/yoast.com\/product\/yoast-seo-premium-wordpress\/ -->\n<title>Instrukcje dotycz\u0105ce przetwarzania balsamu z wosku pszczelego<\/title>\n<meta name=\"description\" content=\"Poni\u017cej znajduj\u0105 si\u0119 instrukcje Balsam z wosku pszczelego z carnaub\u0105. Tutaj mo\u017cesz uzyska\u0107 te informacje bezp\u0142atnie.\" \/>\n<meta name=\"robots\" content=\"index, follow, max-snippet:-1, max-image-preview:large, max-video-preview:-1\" \/>\n<link rel=\"canonical\" href=\"https:\/\/www.stucco-naturale.com\/pl\/instrukcje-dotyczace-balsamu-z-woskiem-pszczelim-i-karnauba\/\" \/>\n<meta property=\"og:locale\" content=\"pl_PL\" \/>\n<meta property=\"og:type\" content=\"article\" \/>\n<meta property=\"og:title\" content=\"Instrukcje dotycz\u0105ce balsamu z woskiem pszczelim i karnaub\u0105\" \/>\n<meta property=\"og:description\" content=\"Poni\u017cej znajduj\u0105 si\u0119 instrukcje Balsam z wosku pszczelego z carnaub\u0105. Tutaj mo\u017cesz uzyska\u0107 te informacje bezp\u0142atnie.\" \/>\n<meta property=\"og:url\" content=\"https:\/\/www.stucco-naturale.com\/pl\/instrukcje-dotyczace-balsamu-z-woskiem-pszczelim-i-karnauba\/\" \/>\n<meta property=\"og:site_name\" content=\"Stucco naturale\" \/>\n<meta property=\"article:publisher\" content=\"https:\/\/www.facebook.com\/natuerlicher.kalkputz\/\" \/>\n<meta property=\"article:modified_time\" content=\"2026-03-27T16:52:39+00:00\" \/>\n<meta name=\"twitter:card\" content=\"summary_large_image\" \/>\n<meta name=\"twitter:site\" content=\"@StuccoNaturale\" \/>\n<script type=\"application\/ld+json\" class=\"yoast-schema-graph\">{\"@context\":\"https:\\\/\\\/schema.org\",\"@graph\":[{\"@type\":\"WebPage\",\"@id\":\"https:\\\/\\\/www.stucco-naturale.com\\\/pl\\\/instrukcje-dotyczace-balsamu-z-woskiem-pszczelim-i-karnauba\\\/\",\"url\":\"https:\\\/\\\/www.stucco-naturale.com\\\/pl\\\/instrukcje-dotyczace-balsamu-z-woskiem-pszczelim-i-karnauba\\\/\",\"name\":\"Instrukcje dotycz\u0105ce przetwarzania balsamu z wosku pszczelego\",\"isPartOf\":{\"@id\":\"https:\\\/\\\/www.stucco-naturale.com\\\/pl\\\/#website\"},\"datePublished\":\"2017-01-22T18:46:27+00:00\",\"dateModified\":\"2026-03-27T16:52:39+00:00\",\"description\":\"Poni\u017cej znajduj\u0105 si\u0119 instrukcje Balsam z wosku pszczelego z carnaub\u0105. Tutaj mo\u017cesz uzyska\u0107 te informacje bezp\u0142atnie.\",\"breadcrumb\":{\"@id\":\"https:\\\/\\\/www.stucco-naturale.com\\\/pl\\\/instrukcje-dotyczace-balsamu-z-woskiem-pszczelim-i-karnauba\\\/#breadcrumb\"},\"inLanguage\":\"pl-PL\",\"potentialAction\":[{\"@type\":\"ReadAction\",\"target\":[\"https:\\\/\\\/www.stucco-naturale.com\\\/pl\\\/instrukcje-dotyczace-balsamu-z-woskiem-pszczelim-i-karnauba\\\/\"]}]},{\"@type\":\"BreadcrumbList\",\"@id\":\"https:\\\/\\\/www.stucco-naturale.com\\\/pl\\\/instrukcje-dotyczace-balsamu-z-woskiem-pszczelim-i-karnauba\\\/#breadcrumb\",\"itemListElement\":[{\"@type\":\"ListItem\",\"position\":1,\"name\":\"Page d'accueil\",\"item\":\"https:\\\/\\\/www.stucco-naturale.com\\\/pl\\\/\"},{\"@type\":\"ListItem\",\"position\":2,\"name\":\"Instrukcje dotycz\u0105ce balsamu z woskiem pszczelim i karnaub\u0105\"}]},{\"@type\":\"WebSite\",\"@id\":\"https:\\\/\\\/www.stucco-naturale.com\\\/pl\\\/#website\",\"url\":\"https:\\\/\\\/www.stucco-naturale.com\\\/pl\\\/\",\"name\":\"Stucco naturale\",\"description\":\"Sklep dla Stucco Veneziano, Marmorino i akcesoria\",\"publisher\":{\"@id\":\"https:\\\/\\\/www.stucco-naturale.com\\\/pl\\\/#organization\"},\"potentialAction\":[{\"@type\":\"SearchAction\",\"target\":{\"@type\":\"EntryPoint\",\"urlTemplate\":\"https:\\\/\\\/www.stucco-naturale.com\\\/pl\\\/?s={search_term_string}\"},\"query-input\":{\"@type\":\"PropertyValueSpecification\",\"valueRequired\":true,\"valueName\":\"search_term_string\"}}],\"inLanguage\":\"pl-PL\"},{\"@type\":\"Organization\",\"@id\":\"https:\\\/\\\/www.stucco-naturale.com\\\/pl\\\/#organization\",\"name\":\"Stucco naturale\",\"url\":\"https:\\\/\\\/www.stucco-naturale.com\\\/pl\\\/\",\"logo\":{\"@type\":\"ImageObject\",\"inLanguage\":\"pl-PL\",\"@id\":\"https:\\\/\\\/www.stucco-naturale.com\\\/pl\\\/#\\\/schema\\\/logo\\\/image\\\/\",\"url\":\"https:\\\/\\\/www.stucco-naturale.com\\\/wp-content\\\/uploads\\\/logo_stucco-naturale.jpg\",\"contentUrl\":\"https:\\\/\\\/www.stucco-naturale.com\\\/wp-content\\\/uploads\\\/logo_stucco-naturale.jpg\",\"width\":400,\"height\":600,\"caption\":\"Stucco naturale\"},\"image\":{\"@id\":\"https:\\\/\\\/www.stucco-naturale.com\\\/pl\\\/#\\\/schema\\\/logo\\\/image\\\/\"},\"sameAs\":[\"https:\\\/\\\/www.facebook.com\\\/natuerlicher.kalkputz\\\/\",\"https:\\\/\\\/x.com\\\/StuccoNaturale\",\"https:\\\/\\\/www.instagram.com\\\/stucco_naturale\\\/?hl=de\"],\"vatID\":\"ATU78081825\"}]}<\/script>\n<!-- \/ Yoast SEO Premium plugin. -->","yoast_head_json":{"title":"Instrukcje dotycz\u0105ce przetwarzania balsamu z wosku pszczelego","description":"Poni\u017cej znajduj\u0105 si\u0119 instrukcje Balsam z wosku pszczelego z carnaub\u0105. Tutaj mo\u017cesz uzyska\u0107 te informacje bezp\u0142atnie.","robots":{"index":"index","follow":"follow","max-snippet":"max-snippet:-1","max-image-preview":"max-image-preview:large","max-video-preview":"max-video-preview:-1"},"canonical":"https:\/\/www.stucco-naturale.com\/pl\/instrukcje-dotyczace-balsamu-z-woskiem-pszczelim-i-karnauba\/","og_locale":"pl_PL","og_type":"article","og_title":"Instrukcje dotycz\u0105ce balsamu z woskiem pszczelim i karnaub\u0105","og_description":"Poni\u017cej znajduj\u0105 si\u0119 instrukcje Balsam z wosku pszczelego z carnaub\u0105. Tutaj mo\u017cesz uzyska\u0107 te informacje bezp\u0142atnie.","og_url":"https:\/\/www.stucco-naturale.com\/pl\/instrukcje-dotyczace-balsamu-z-woskiem-pszczelim-i-karnauba\/","og_site_name":"Stucco naturale","article_publisher":"https:\/\/www.facebook.com\/natuerlicher.kalkputz\/","article_modified_time":"2026-03-27T16:52:39+00:00","twitter_card":"summary_large_image","twitter_site":"@StuccoNaturale","schema":{"@context":"https:\/\/schema.org","@graph":[{"@type":"WebPage","@id":"https:\/\/www.stucco-naturale.com\/pl\/instrukcje-dotyczace-balsamu-z-woskiem-pszczelim-i-karnauba\/","url":"https:\/\/www.stucco-naturale.com\/pl\/instrukcje-dotyczace-balsamu-z-woskiem-pszczelim-i-karnauba\/","name":"Instrukcje dotycz\u0105ce przetwarzania balsamu z wosku pszczelego","isPartOf":{"@id":"https:\/\/www.stucco-naturale.com\/pl\/#website"},"datePublished":"2017-01-22T18:46:27+00:00","dateModified":"2026-03-27T16:52:39+00:00","description":"Poni\u017cej znajduj\u0105 si\u0119 instrukcje Balsam z wosku pszczelego z carnaub\u0105. Tutaj mo\u017cesz uzyska\u0107 te informacje bezp\u0142atnie.","breadcrumb":{"@id":"https:\/\/www.stucco-naturale.com\/pl\/instrukcje-dotyczace-balsamu-z-woskiem-pszczelim-i-karnauba\/#breadcrumb"},"inLanguage":"pl-PL","potentialAction":[{"@type":"ReadAction","target":["https:\/\/www.stucco-naturale.com\/pl\/instrukcje-dotyczace-balsamu-z-woskiem-pszczelim-i-karnauba\/"]}]},{"@type":"BreadcrumbList","@id":"https:\/\/www.stucco-naturale.com\/pl\/instrukcje-dotyczace-balsamu-z-woskiem-pszczelim-i-karnauba\/#breadcrumb","itemListElement":[{"@type":"ListItem","position":1,"name":"Page d'accueil","item":"https:\/\/www.stucco-naturale.com\/pl\/"},{"@type":"ListItem","position":2,"name":"Instrukcje dotycz\u0105ce balsamu z woskiem pszczelim i karnaub\u0105"}]},{"@type":"WebSite","@id":"https:\/\/www.stucco-naturale.com\/pl\/#website","url":"https:\/\/www.stucco-naturale.com\/pl\/","name":"Stucco naturale","description":"Sklep dla Stucco Veneziano, Marmorino i akcesoria","publisher":{"@id":"https:\/\/www.stucco-naturale.com\/pl\/#organization"},"potentialAction":[{"@type":"SearchAction","target":{"@type":"EntryPoint","urlTemplate":"https:\/\/www.stucco-naturale.com\/pl\/?s={search_term_string}"},"query-input":{"@type":"PropertyValueSpecification","valueRequired":true,"valueName":"search_term_string"}}],"inLanguage":"pl-PL"},{"@type":"Organization","@id":"https:\/\/www.stucco-naturale.com\/pl\/#organization","name":"Stucco naturale","url":"https:\/\/www.stucco-naturale.com\/pl\/","logo":{"@type":"ImageObject","inLanguage":"pl-PL","@id":"https:\/\/www.stucco-naturale.com\/pl\/#\/schema\/logo\/image\/","url":"https:\/\/www.stucco-naturale.com\/wp-content\/uploads\/logo_stucco-naturale.jpg","contentUrl":"https:\/\/www.stucco-naturale.com\/wp-content\/uploads\/logo_stucco-naturale.jpg","width":400,"height":600,"caption":"Stucco naturale"},"image":{"@id":"https:\/\/www.stucco-naturale.com\/pl\/#\/schema\/logo\/image\/"},"sameAs":["https:\/\/www.facebook.com\/natuerlicher.kalkputz\/","https:\/\/x.com\/StuccoNaturale","https:\/\/www.instagram.com\/stucco_naturale\/?hl=de"],"vatID":"ATU78081825"}]}},"_links":{"self":[{"href":"https:\/\/www.stucco-naturale.com\/pl\/wp-json\/wp\/v2\/pages\/56799","targetHints":{"allow":["GET"]}}],"collection":[{"href":"https:\/\/www.stucco-naturale.com\/pl\/wp-json\/wp\/v2\/pages"}],"about":[{"href":"https:\/\/www.stucco-naturale.com\/pl\/wp-json\/wp\/v2\/types\/page"}],"author":[{"embeddable":true,"href":"https:\/\/www.stucco-naturale.com\/pl\/wp-json\/wp\/v2\/users\/1"}],"replies":[{"embeddable":true,"href":"https:\/\/www.stucco-naturale.com\/pl\/wp-json\/wp\/v2\/comments?post=56799"}],"version-history":[{"count":0,"href":"https:\/\/www.stucco-naturale.com\/pl\/wp-json\/wp\/v2\/pages\/56799\/revisions"}],"wp:attachment":[{"href":"https:\/\/www.stucco-naturale.com\/pl\/wp-json\/wp\/v2\/media?parent=56799"}],"curies":[{"name":"wp","href":"https:\/\/api.w.org\/{rel}","templated":true}]}}