{"id":63922,"date":"2024-06-09T20:19:42","date_gmt":"2024-06-09T18:19:42","guid":{"rendered":"https:\/\/www.stucco-naturale.com\/produkt\/lessive-aux-olives-pour-la-laine-et-la-soie-sensitive\/"},"modified":"2026-03-27T19:57:50","modified_gmt":"2026-03-27T18:57:50","slug":"lessive-aux-olives-pour-la-laine-et-la-soie-sensitive","status":"publish","type":"product","link":"https:\/\/www.stucco-naturale.com\/fr\/produit\/lessive-aux-olives-pour-la-laine-et-la-soie-sensitive\/","title":{"rendered":"Lessive aux olives pour la laine et la soie sensitive"},"content":{"rendered":"\n<div class=\"et_pb_section_0 et_pb_section et_section_regular et_block_section\"><div class=\"et_pb_row_0 et_pb_row et_block_row\"><div class=\"et_pb_column_0 et_pb_column et_pb_column_4_4 et-last-child et_block_column et_pb_css_mix_blend_mode_passthrough\"><div class=\"et_pb_wc_cart_notice_0 et_pb_wc_cart_notice et_pb_fields_layout_default et_pb_module\"><div class=\"et_pb_module_inner\">\n\t<div class=\"woocommerce-message\" role=\"alert\">\n\t\t&ldquo;Product Name&rdquo; has been added to cart.\t<\/div>\n<\/div><\/div><\/div><\/div><div class=\"et_pb_row_1 et_pb_row et_block_row\"><div class=\"et_pb_column_1 et_pb_column et_pb_column_1_2 et_block_column et_pb_css_mix_blend_mode_passthrough\"><div class=\"et_pb_wc_images_0 et_pb_wc_images et_pb_module\"><div class=\"et_pb_module_inner\"><\/div><\/div><\/div><div class=\"et_pb_column_2 et_pb_column et_pb_column_1_2 et-last-child et_block_column et_pb_css_mix_blend_mode_passthrough\"><div class=\"et_pb_wc_title_0 et_pb_wc_title et_pb_bg_layout_light et_pb_module\"><div class=\"et_pb_module_inner\">\n\t\t<h1>Lessive aux olives pour la laine et la soie sensitive<\/h1><\/div><\/div><\/div><\/div><div class=\"et_pb_row_2 et_pb_row et_block_row\"><div class=\"et_pb_column_3 et_pb_column et_pb_column_4_4 et-last-child et_block_column et_pb_css_mix_blend_mode_passthrough\"><div class=\"et_pb_wc_tabs_0 et_pb_wc_tabs et_pb_tabs et_pb_module\"><div class=\"et_pb_module_inner\"><ul class=\"et_pb_tabs_controls clearfix\"><\/ul><div class=\"et_pb_all_tabs\"><\/div><\/div><\/div><\/div><\/div><\/div>\n<span class=\"et_bloom_bottom_trigger\"><\/span>","protected":false},"excerpt":{"rendered":"<ul>\n<li>20 &#8211; 40\u00b0C<\/li>\n<li>Plus que des tensioactifs v\u00e9g\u00e9taux<\/li>\n<li>Sans ingr\u00e9dients p\u00e9trochimiques<\/li>\n<li>Sans parfums, colorants, agents complexants<\/li>\n<li>Sans conservateurs<\/li>\n<li>Sans enzymes, sans g\u00e9nie g\u00e9n\u00e9tique<\/li>\n<li>100% biod\u00e9gradable<\/li>\n<li>Avec du savon pur \u00e0 l&rsquo;huile d&rsquo;olive bio<\/li>\n<\/ul>\n","protected":false},"featured_media":63919,"template":"","meta":[],"product_brand":[],"product_cat":[542],"product_tag":[],"class_list":{"0":"post-63922","1":"product","2":"type-product","3":"status-publish","4":"has-post-thumbnail","6":"product_cat-lartisan-propre","7":"product_shipping_class-livraison-de-colis","9":"first","10":"instock","11":"taxable","12":"shipping-taxable","13":"purchasable","14":"product-type-simple"},"yoast_head":"<!-- This site is optimized with the Yoast SEO Premium plugin v27.4 (Yoast SEO v27.4) - https:\/\/yoast.com\/product\/yoast-seo-premium-wordpress\/ -->\n<title>Lessive aux olives pour la laine et la soie sensitive - Stucco naturale<\/title>\n<meta name=\"description\" content=\"Lessive douce aux olives pour la laine et la soie. Biologique, doux pour la peau et efficace. Id\u00e9al pour les textiles d\u00e9licats. Pour le lavage \u00e0 la main et en machine.\" \/>\n<meta name=\"robots\" content=\"index, follow, max-snippet:-1, max-image-preview:large, max-video-preview:-1\" \/>\n<link rel=\"canonical\" href=\"https:\/\/www.stucco-naturale.com\/fr\/produit\/lessive-aux-olives-pour-la-laine-et-la-soie-sensitive\/\" \/>\n<meta property=\"og:locale\" content=\"fr_FR\" \/>\n<meta property=\"og:type\" content=\"article\" \/>\n<meta property=\"og:title\" content=\"Lessive aux olives pour la laine et la soie sensitive\" \/>\n<meta property=\"og:description\" content=\"Lessive douce aux olives pour la laine et la soie. Biologique, doux pour la peau et efficace. Id\u00e9al pour les textiles d\u00e9licats. Pour le lavage \u00e0 la main et en machine.\" \/>\n<meta property=\"og:url\" content=\"https:\/\/www.stucco-naturale.com\/fr\/produit\/lessive-aux-olives-pour-la-laine-et-la-soie-sensitive\/\" \/>\n<meta property=\"og:site_name\" content=\"Stucco naturale\" \/>\n<meta property=\"article:publisher\" content=\"https:\/\/www.facebook.com\/natuerlicher.kalkputz\/\" \/>\n<meta property=\"article:modified_time\" content=\"2026-03-27T18:57:50+00:00\" \/>\n<meta property=\"og:image\" content=\"https:\/\/www.stucco-naturale.com\/wp-content\/uploads\/sonett_olivenwaschmittel-fuer-wolle-und-seide_sensitiv_1l.jpg\" \/>\n\t<meta property=\"og:image:width\" content=\"800\" \/>\n\t<meta property=\"og:image:height\" content=\"800\" \/>\n\t<meta property=\"og:image:type\" content=\"image\/jpeg\" \/>\n<meta name=\"twitter:card\" content=\"summary_large_image\" \/>\n<meta name=\"twitter:site\" content=\"@StuccoNaturale\" \/>\n<script type=\"application\/ld+json\" class=\"yoast-schema-graph\">{\"@context\":\"https:\\\/\\\/schema.org\",\"@graph\":[{\"@type\":\"WebPage\",\"@id\":\"https:\\\/\\\/www.stucco-naturale.com\\\/fr\\\/produit\\\/lessive-aux-olives-pour-la-laine-et-la-soie-sensitive\\\/\",\"url\":\"https:\\\/\\\/www.stucco-naturale.com\\\/fr\\\/produit\\\/lessive-aux-olives-pour-la-laine-et-la-soie-sensitive\\\/\",\"name\":\"Lessive aux olives pour la laine et la soie sensitive - Stucco naturale\",\"isPartOf\":{\"@id\":\"https:\\\/\\\/www.stucco-naturale.com\\\/fr\\\/#website\"},\"primaryImageOfPage\":{\"@id\":\"https:\\\/\\\/www.stucco-naturale.com\\\/fr\\\/produit\\\/lessive-aux-olives-pour-la-laine-et-la-soie-sensitive\\\/#primaryimage\"},\"image\":{\"@id\":\"https:\\\/\\\/www.stucco-naturale.com\\\/fr\\\/produit\\\/lessive-aux-olives-pour-la-laine-et-la-soie-sensitive\\\/#primaryimage\"},\"thumbnailUrl\":\"https:\\\/\\\/www.stucco-naturale.com\\\/wp-content\\\/uploads\\\/sonett_olivenwaschmittel-fuer-wolle-und-seide_sensitiv_1l.jpg\",\"datePublished\":\"2024-06-09T18:19:42+00:00\",\"dateModified\":\"2026-03-27T18:57:50+00:00\",\"description\":\"Lessive douce aux olives pour la laine et la soie. Biologique, doux pour la peau et efficace. Id\u00e9al pour les textiles d\u00e9licats. Pour le lavage \u00e0 la main et en machine.\",\"breadcrumb\":{\"@id\":\"https:\\\/\\\/www.stucco-naturale.com\\\/fr\\\/produit\\\/lessive-aux-olives-pour-la-laine-et-la-soie-sensitive\\\/#breadcrumb\"},\"inLanguage\":\"fr-FR\",\"potentialAction\":[{\"@type\":\"ReadAction\",\"target\":[\"https:\\\/\\\/www.stucco-naturale.com\\\/fr\\\/produit\\\/lessive-aux-olives-pour-la-laine-et-la-soie-sensitive\\\/\"]}]},{\"@type\":\"ImageObject\",\"inLanguage\":\"fr-FR\",\"@id\":\"https:\\\/\\\/www.stucco-naturale.com\\\/fr\\\/produit\\\/lessive-aux-olives-pour-la-laine-et-la-soie-sensitive\\\/#primaryimage\",\"url\":\"https:\\\/\\\/www.stucco-naturale.com\\\/wp-content\\\/uploads\\\/sonett_olivenwaschmittel-fuer-wolle-und-seide_sensitiv_1l.jpg\",\"contentUrl\":\"https:\\\/\\\/www.stucco-naturale.com\\\/wp-content\\\/uploads\\\/sonett_olivenwaschmittel-fuer-wolle-und-seide_sensitiv_1l.jpg\",\"width\":800,\"height\":800,\"caption\":\"sonett_d\u00e9tergent-olive-pour-laine-et-soie_sensible_1l\"},{\"@type\":\"BreadcrumbList\",\"@id\":\"https:\\\/\\\/www.stucco-naturale.com\\\/fr\\\/produit\\\/lessive-aux-olives-pour-la-laine-et-la-soie-sensitive\\\/#breadcrumb\",\"itemListElement\":[{\"@type\":\"ListItem\",\"position\":1,\"name\":\"Page d'accueil\",\"item\":\"https:\\\/\\\/www.stucco-naturale.com\\\/fr\\\/\"},{\"@type\":\"ListItem\",\"position\":2,\"name\":\"Boutique\",\"item\":\"https:\\\/\\\/www.stucco-naturale.com\\\/shop\\\/\"},{\"@type\":\"ListItem\",\"position\":3,\"name\":\"Lessive aux olives pour la laine et la soie sensitive\"}]},{\"@type\":\"WebSite\",\"@id\":\"https:\\\/\\\/www.stucco-naturale.com\\\/fr\\\/#website\",\"url\":\"https:\\\/\\\/www.stucco-naturale.com\\\/fr\\\/\",\"name\":\"Stucco naturale\",\"description\":\"Boutique pour Stucco Veneziano, Marmorino & Accessoires\",\"publisher\":{\"@id\":\"https:\\\/\\\/www.stucco-naturale.com\\\/fr\\\/#organization\"},\"potentialAction\":[{\"@type\":\"SearchAction\",\"target\":{\"@type\":\"EntryPoint\",\"urlTemplate\":\"https:\\\/\\\/www.stucco-naturale.com\\\/fr\\\/?s={search_term_string}\"},\"query-input\":{\"@type\":\"PropertyValueSpecification\",\"valueRequired\":true,\"valueName\":\"search_term_string\"}}],\"inLanguage\":\"fr-FR\"},{\"@type\":\"Organization\",\"@id\":\"https:\\\/\\\/www.stucco-naturale.com\\\/fr\\\/#organization\",\"name\":\"Stucco naturale\",\"url\":\"https:\\\/\\\/www.stucco-naturale.com\\\/fr\\\/\",\"logo\":{\"@type\":\"ImageObject\",\"inLanguage\":\"fr-FR\",\"@id\":\"https:\\\/\\\/www.stucco-naturale.com\\\/fr\\\/#\\\/schema\\\/logo\\\/image\\\/\",\"url\":\"https:\\\/\\\/www.stucco-naturale.com\\\/wp-content\\\/uploads\\\/logo_stucco-naturale.jpg\",\"contentUrl\":\"https:\\\/\\\/www.stucco-naturale.com\\\/wp-content\\\/uploads\\\/logo_stucco-naturale.jpg\",\"width\":400,\"height\":600,\"caption\":\"Stucco naturale\"},\"image\":{\"@id\":\"https:\\\/\\\/www.stucco-naturale.com\\\/fr\\\/#\\\/schema\\\/logo\\\/image\\\/\"},\"sameAs\":[\"https:\\\/\\\/www.facebook.com\\\/natuerlicher.kalkputz\\\/\",\"https:\\\/\\\/x.com\\\/StuccoNaturale\",\"https:\\\/\\\/www.instagram.com\\\/stucco_naturale\\\/?hl=de\"],\"vatID\":\"ATU78081825\"}]}<\/script>\n<!-- \/ Yoast SEO Premium plugin. -->","yoast_head_json":{"title":"Lessive aux olives pour la laine et la soie sensitive - Stucco naturale","description":"Lessive douce aux olives pour la laine et la soie. Biologique, doux pour la peau et efficace. Id\u00e9al pour les textiles d\u00e9licats. Pour le lavage \u00e0 la main et en machine.","robots":{"index":"index","follow":"follow","max-snippet":"max-snippet:-1","max-image-preview":"max-image-preview:large","max-video-preview":"max-video-preview:-1"},"canonical":"https:\/\/www.stucco-naturale.com\/fr\/produit\/lessive-aux-olives-pour-la-laine-et-la-soie-sensitive\/","og_locale":"fr_FR","og_type":"article","og_title":"Lessive aux olives pour la laine et la soie sensitive","og_description":"Lessive douce aux olives pour la laine et la soie. Biologique, doux pour la peau et efficace. Id\u00e9al pour les textiles d\u00e9licats. Pour le lavage \u00e0 la main et en machine.","og_url":"https:\/\/www.stucco-naturale.com\/fr\/produit\/lessive-aux-olives-pour-la-laine-et-la-soie-sensitive\/","og_site_name":"Stucco naturale","article_publisher":"https:\/\/www.facebook.com\/natuerlicher.kalkputz\/","article_modified_time":"2026-03-27T18:57:50+00:00","og_image":[{"width":800,"height":800,"url":"https:\/\/www.stucco-naturale.com\/wp-content\/uploads\/sonett_olivenwaschmittel-fuer-wolle-und-seide_sensitiv_1l.jpg","type":"image\/jpeg"}],"twitter_card":"summary_large_image","twitter_site":"@StuccoNaturale","schema":{"@context":"https:\/\/schema.org","@graph":[{"@type":"WebPage","@id":"https:\/\/www.stucco-naturale.com\/fr\/produit\/lessive-aux-olives-pour-la-laine-et-la-soie-sensitive\/","url":"https:\/\/www.stucco-naturale.com\/fr\/produit\/lessive-aux-olives-pour-la-laine-et-la-soie-sensitive\/","name":"Lessive aux olives pour la laine et la soie sensitive - Stucco naturale","isPartOf":{"@id":"https:\/\/www.stucco-naturale.com\/fr\/#website"},"primaryImageOfPage":{"@id":"https:\/\/www.stucco-naturale.com\/fr\/produit\/lessive-aux-olives-pour-la-laine-et-la-soie-sensitive\/#primaryimage"},"image":{"@id":"https:\/\/www.stucco-naturale.com\/fr\/produit\/lessive-aux-olives-pour-la-laine-et-la-soie-sensitive\/#primaryimage"},"thumbnailUrl":"https:\/\/www.stucco-naturale.com\/wp-content\/uploads\/sonett_olivenwaschmittel-fuer-wolle-und-seide_sensitiv_1l.jpg","datePublished":"2024-06-09T18:19:42+00:00","dateModified":"2026-03-27T18:57:50+00:00","description":"Lessive douce aux olives pour la laine et la soie. Biologique, doux pour la peau et efficace. Id\u00e9al pour les textiles d\u00e9licats. Pour le lavage \u00e0 la main et en machine.","breadcrumb":{"@id":"https:\/\/www.stucco-naturale.com\/fr\/produit\/lessive-aux-olives-pour-la-laine-et-la-soie-sensitive\/#breadcrumb"},"inLanguage":"fr-FR","potentialAction":[{"@type":"ReadAction","target":["https:\/\/www.stucco-naturale.com\/fr\/produit\/lessive-aux-olives-pour-la-laine-et-la-soie-sensitive\/"]}]},{"@type":"ImageObject","inLanguage":"fr-FR","@id":"https:\/\/www.stucco-naturale.com\/fr\/produit\/lessive-aux-olives-pour-la-laine-et-la-soie-sensitive\/#primaryimage","url":"https:\/\/www.stucco-naturale.com\/wp-content\/uploads\/sonett_olivenwaschmittel-fuer-wolle-und-seide_sensitiv_1l.jpg","contentUrl":"https:\/\/www.stucco-naturale.com\/wp-content\/uploads\/sonett_olivenwaschmittel-fuer-wolle-und-seide_sensitiv_1l.jpg","width":800,"height":800,"caption":"sonett_d\u00e9tergent-olive-pour-laine-et-soie_sensible_1l"},{"@type":"BreadcrumbList","@id":"https:\/\/www.stucco-naturale.com\/fr\/produit\/lessive-aux-olives-pour-la-laine-et-la-soie-sensitive\/#breadcrumb","itemListElement":[{"@type":"ListItem","position":1,"name":"Page d'accueil","item":"https:\/\/www.stucco-naturale.com\/fr\/"},{"@type":"ListItem","position":2,"name":"Boutique","item":"https:\/\/www.stucco-naturale.com\/shop\/"},{"@type":"ListItem","position":3,"name":"Lessive aux olives pour la laine et la soie sensitive"}]},{"@type":"WebSite","@id":"https:\/\/www.stucco-naturale.com\/fr\/#website","url":"https:\/\/www.stucco-naturale.com\/fr\/","name":"Stucco naturale","description":"Boutique pour Stucco Veneziano, Marmorino & Accessoires","publisher":{"@id":"https:\/\/www.stucco-naturale.com\/fr\/#organization"},"potentialAction":[{"@type":"SearchAction","target":{"@type":"EntryPoint","urlTemplate":"https:\/\/www.stucco-naturale.com\/fr\/?s={search_term_string}"},"query-input":{"@type":"PropertyValueSpecification","valueRequired":true,"valueName":"search_term_string"}}],"inLanguage":"fr-FR"},{"@type":"Organization","@id":"https:\/\/www.stucco-naturale.com\/fr\/#organization","name":"Stucco naturale","url":"https:\/\/www.stucco-naturale.com\/fr\/","logo":{"@type":"ImageObject","inLanguage":"fr-FR","@id":"https:\/\/www.stucco-naturale.com\/fr\/#\/schema\/logo\/image\/","url":"https:\/\/www.stucco-naturale.com\/wp-content\/uploads\/logo_stucco-naturale.jpg","contentUrl":"https:\/\/www.stucco-naturale.com\/wp-content\/uploads\/logo_stucco-naturale.jpg","width":400,"height":600,"caption":"Stucco naturale"},"image":{"@id":"https:\/\/www.stucco-naturale.com\/fr\/#\/schema\/logo\/image\/"},"sameAs":["https:\/\/www.facebook.com\/natuerlicher.kalkputz\/","https:\/\/x.com\/StuccoNaturale","https:\/\/www.instagram.com\/stucco_naturale\/?hl=de"],"vatID":"ATU78081825"}]}},"_links":{"self":[{"href":"https:\/\/www.stucco-naturale.com\/fr\/wp-json\/wp\/v2\/product\/63922","targetHints":{"allow":["GET"]}}],"collection":[{"href":"https:\/\/www.stucco-naturale.com\/fr\/wp-json\/wp\/v2\/product"}],"about":[{"href":"https:\/\/www.stucco-naturale.com\/fr\/wp-json\/wp\/v2\/types\/product"}],"wp:featuredmedia":[{"embeddable":true,"href":"https:\/\/www.stucco-naturale.com\/fr\/wp-json\/wp\/v2\/media\/63919"}],"wp:attachment":[{"href":"https:\/\/www.stucco-naturale.com\/fr\/wp-json\/wp\/v2\/media?parent=63922"}],"wp:term":[{"taxonomy":"product_brand","embeddable":true,"href":"https:\/\/www.stucco-naturale.com\/fr\/wp-json\/wp\/v2\/product_brand?post=63922"},{"taxonomy":"product_cat","embeddable":true,"href":"https:\/\/www.stucco-naturale.com\/fr\/wp-json\/wp\/v2\/product_cat?post=63922"},{"taxonomy":"product_tag","embeddable":true,"href":"https:\/\/www.stucco-naturale.com\/fr\/wp-json\/wp\/v2\/product_tag?post=63922"}],"curies":[{"name":"wp","href":"https:\/\/api.w.org\/{rel}","templated":true}]}}