{"id":62142,"date":"2024-03-12T16:12:32","date_gmt":"2024-03-12T15:12:32","guid":{"rendered":"https:\/\/www.stucco-naturale.com\/produkt\/set-de-pinceaux-a-peindre-artist\/"},"modified":"2026-03-27T19:54:04","modified_gmt":"2026-03-27T18:54:04","slug":"set-de-pinceaux-a-peindre-artist","status":"publish","type":"product","link":"https:\/\/www.stucco-naturale.com\/fr\/produit\/set-de-pinceaux-a-peindre-artist\/","title":{"rendered":"Set de pinceaux \u00e0 peindre Artist"},"content":{"rendered":"<span class=\"et_bloom_bottom_trigger\"><\/span>","protected":false},"excerpt":{"rendered":"<p>Set de 5 pi\u00e8ces<\/p>\n","protected":false},"featured_media":62136,"template":"","meta":[],"product_brand":[],"product_cat":[290,527],"product_tag":[],"class_list":{"0":"post-62142","1":"product","2":"type-product","3":"status-publish","4":"has-post-thumbnail","6":"product_cat-outils","7":"product_cat-outils-de-peinture","8":"product_shipping_class-livraison-de-colis","10":"first","11":"instock","12":"taxable","13":"shipping-taxable","14":"purchasable","15":"product-type-simple"},"yoast_head":"<!-- This site is optimized with the Yoast SEO Premium plugin v27.4 (Yoast SEO v27.4) - https:\/\/yoast.com\/product\/yoast-seo-premium-wordpress\/ -->\n<title>Set de pinceaux \u00e0 peindre Artist - Stucco naturale<\/title>\n<meta name=\"description\" content=\"5 pinceaux de peinture de diff\u00e9rentes tailles pour les artistes et les \u00e9l\u00e8ves. Bonne stabilit\u00e9 dimensionnelle et grande \u00e9lasticit\u00e9 pour toutes les peintures \u00e0 faible viscosit\u00e9 comme l&#039;acrylique.\" \/>\n<meta name=\"robots\" content=\"index, follow, max-snippet:-1, max-image-preview:large, max-video-preview:-1\" \/>\n<link rel=\"canonical\" href=\"https:\/\/www.stucco-naturale.com\/fr\/produit\/set-de-pinceaux-a-peindre-artist\/\" \/>\n<meta property=\"og:locale\" content=\"fr_FR\" \/>\n<meta property=\"og:type\" content=\"article\" \/>\n<meta property=\"og:title\" content=\"Set de pinceaux \u00e0 peindre Artist\" \/>\n<meta property=\"og:description\" content=\"5 pinceaux de peinture de diff\u00e9rentes tailles pour les artistes et les \u00e9l\u00e8ves. Bonne stabilit\u00e9 dimensionnelle et grande \u00e9lasticit\u00e9 pour toutes les peintures \u00e0 faible viscosit\u00e9 comme l&#039;acrylique.\" \/>\n<meta property=\"og:url\" content=\"https:\/\/www.stucco-naturale.com\/fr\/produit\/set-de-pinceaux-a-peindre-artist\/\" \/>\n<meta property=\"og:site_name\" content=\"Stucco naturale\" \/>\n<meta property=\"article:publisher\" content=\"https:\/\/www.facebook.com\/natuerlicher.kalkputz\/\" \/>\n<meta property=\"article:modified_time\" content=\"2026-03-27T18:54:04+00:00\" \/>\n<meta property=\"og:image\" content=\"https:\/\/www.stucco-naturale.com\/wp-content\/uploads\/Schuller-ATELIER-SCHOOL-SET.jpg\" \/>\n\t<meta property=\"og:image:width\" content=\"800\" \/>\n\t<meta property=\"og:image:height\" content=\"800\" \/>\n\t<meta property=\"og:image:type\" content=\"image\/jpeg\" \/>\n<meta name=\"twitter:card\" content=\"summary_large_image\" \/>\n<meta name=\"twitter:site\" content=\"@StuccoNaturale\" \/>\n<script type=\"application\/ld+json\" class=\"yoast-schema-graph\">{\"@context\":\"https:\\\/\\\/schema.org\",\"@graph\":[{\"@type\":\"WebPage\",\"@id\":\"https:\\\/\\\/www.stucco-naturale.com\\\/fr\\\/produit\\\/set-de-pinceaux-a-peindre-artist\\\/\",\"url\":\"https:\\\/\\\/www.stucco-naturale.com\\\/fr\\\/produit\\\/set-de-pinceaux-a-peindre-artist\\\/\",\"name\":\"Set de pinceaux \u00e0 peindre Artist - Stucco naturale\",\"isPartOf\":{\"@id\":\"https:\\\/\\\/www.stucco-naturale.com\\\/fr\\\/#website\"},\"primaryImageOfPage\":{\"@id\":\"https:\\\/\\\/www.stucco-naturale.com\\\/fr\\\/produit\\\/set-de-pinceaux-a-peindre-artist\\\/#primaryimage\"},\"image\":{\"@id\":\"https:\\\/\\\/www.stucco-naturale.com\\\/fr\\\/produit\\\/set-de-pinceaux-a-peindre-artist\\\/#primaryimage\"},\"thumbnailUrl\":\"https:\\\/\\\/www.stucco-naturale.com\\\/wp-content\\\/uploads\\\/Schuller-ATELIER-SCHOOL-SET.jpg\",\"datePublished\":\"2024-03-12T15:12:32+00:00\",\"dateModified\":\"2026-03-27T18:54:04+00:00\",\"description\":\"5 pinceaux de peinture de diff\u00e9rentes tailles pour les artistes et les \u00e9l\u00e8ves. Bonne stabilit\u00e9 dimensionnelle et grande \u00e9lasticit\u00e9 pour toutes les peintures \u00e0 faible viscosit\u00e9 comme l'acrylique.\",\"breadcrumb\":{\"@id\":\"https:\\\/\\\/www.stucco-naturale.com\\\/fr\\\/produit\\\/set-de-pinceaux-a-peindre-artist\\\/#breadcrumb\"},\"inLanguage\":\"fr-FR\",\"potentialAction\":[{\"@type\":\"ReadAction\",\"target\":[\"https:\\\/\\\/www.stucco-naturale.com\\\/fr\\\/produit\\\/set-de-pinceaux-a-peindre-artist\\\/\"]}]},{\"@type\":\"ImageObject\",\"inLanguage\":\"fr-FR\",\"@id\":\"https:\\\/\\\/www.stucco-naturale.com\\\/fr\\\/produit\\\/set-de-pinceaux-a-peindre-artist\\\/#primaryimage\",\"url\":\"https:\\\/\\\/www.stucco-naturale.com\\\/wp-content\\\/uploads\\\/Schuller-ATELIER-SCHOOL-SET.jpg\",\"contentUrl\":\"https:\\\/\\\/www.stucco-naturale.com\\\/wp-content\\\/uploads\\\/Schuller-ATELIER-SCHOOL-SET.jpg\",\"width\":800,\"height\":800,\"caption\":\"Malpinsel Set 5 teilig\"},{\"@type\":\"BreadcrumbList\",\"@id\":\"https:\\\/\\\/www.stucco-naturale.com\\\/fr\\\/produit\\\/set-de-pinceaux-a-peindre-artist\\\/#breadcrumb\",\"itemListElement\":[{\"@type\":\"ListItem\",\"position\":1,\"name\":\"Page d'accueil\",\"item\":\"https:\\\/\\\/www.stucco-naturale.com\\\/fr\\\/\"},{\"@type\":\"ListItem\",\"position\":2,\"name\":\"Boutique\",\"item\":\"https:\\\/\\\/www.stucco-naturale.com\\\/shop\\\/\"},{\"@type\":\"ListItem\",\"position\":3,\"name\":\"Set de pinceaux \u00e0 peindre Artist\"}]},{\"@type\":\"WebSite\",\"@id\":\"https:\\\/\\\/www.stucco-naturale.com\\\/fr\\\/#website\",\"url\":\"https:\\\/\\\/www.stucco-naturale.com\\\/fr\\\/\",\"name\":\"Stucco naturale\",\"description\":\"Boutique pour Stucco Veneziano, Marmorino & Accessoires\",\"publisher\":{\"@id\":\"https:\\\/\\\/www.stucco-naturale.com\\\/fr\\\/#organization\"},\"potentialAction\":[{\"@type\":\"SearchAction\",\"target\":{\"@type\":\"EntryPoint\",\"urlTemplate\":\"https:\\\/\\\/www.stucco-naturale.com\\\/fr\\\/?s={search_term_string}\"},\"query-input\":{\"@type\":\"PropertyValueSpecification\",\"valueRequired\":true,\"valueName\":\"search_term_string\"}}],\"inLanguage\":\"fr-FR\"},{\"@type\":\"Organization\",\"@id\":\"https:\\\/\\\/www.stucco-naturale.com\\\/fr\\\/#organization\",\"name\":\"Stucco naturale\",\"url\":\"https:\\\/\\\/www.stucco-naturale.com\\\/fr\\\/\",\"logo\":{\"@type\":\"ImageObject\",\"inLanguage\":\"fr-FR\",\"@id\":\"https:\\\/\\\/www.stucco-naturale.com\\\/fr\\\/#\\\/schema\\\/logo\\\/image\\\/\",\"url\":\"https:\\\/\\\/www.stucco-naturale.com\\\/wp-content\\\/uploads\\\/logo_stucco-naturale.jpg\",\"contentUrl\":\"https:\\\/\\\/www.stucco-naturale.com\\\/wp-content\\\/uploads\\\/logo_stucco-naturale.jpg\",\"width\":400,\"height\":600,\"caption\":\"Stucco naturale\"},\"image\":{\"@id\":\"https:\\\/\\\/www.stucco-naturale.com\\\/fr\\\/#\\\/schema\\\/logo\\\/image\\\/\"},\"sameAs\":[\"https:\\\/\\\/www.facebook.com\\\/natuerlicher.kalkputz\\\/\",\"https:\\\/\\\/x.com\\\/StuccoNaturale\",\"https:\\\/\\\/www.instagram.com\\\/stucco_naturale\\\/?hl=de\"],\"vatID\":\"ATU78081825\"}]}<\/script>\n<!-- \/ Yoast SEO Premium plugin. -->","yoast_head_json":{"title":"Set de pinceaux \u00e0 peindre Artist - Stucco naturale","description":"5 pinceaux de peinture de diff\u00e9rentes tailles pour les artistes et les \u00e9l\u00e8ves. Bonne stabilit\u00e9 dimensionnelle et grande \u00e9lasticit\u00e9 pour toutes les peintures \u00e0 faible viscosit\u00e9 comme l'acrylique.","robots":{"index":"index","follow":"follow","max-snippet":"max-snippet:-1","max-image-preview":"max-image-preview:large","max-video-preview":"max-video-preview:-1"},"canonical":"https:\/\/www.stucco-naturale.com\/fr\/produit\/set-de-pinceaux-a-peindre-artist\/","og_locale":"fr_FR","og_type":"article","og_title":"Set de pinceaux \u00e0 peindre Artist","og_description":"5 pinceaux de peinture de diff\u00e9rentes tailles pour les artistes et les \u00e9l\u00e8ves. Bonne stabilit\u00e9 dimensionnelle et grande \u00e9lasticit\u00e9 pour toutes les peintures \u00e0 faible viscosit\u00e9 comme l'acrylique.","og_url":"https:\/\/www.stucco-naturale.com\/fr\/produit\/set-de-pinceaux-a-peindre-artist\/","og_site_name":"Stucco naturale","article_publisher":"https:\/\/www.facebook.com\/natuerlicher.kalkputz\/","article_modified_time":"2026-03-27T18:54:04+00:00","og_image":[{"width":800,"height":800,"url":"https:\/\/www.stucco-naturale.com\/wp-content\/uploads\/Schuller-ATELIER-SCHOOL-SET.jpg","type":"image\/jpeg"}],"twitter_card":"summary_large_image","twitter_site":"@StuccoNaturale","schema":{"@context":"https:\/\/schema.org","@graph":[{"@type":"WebPage","@id":"https:\/\/www.stucco-naturale.com\/fr\/produit\/set-de-pinceaux-a-peindre-artist\/","url":"https:\/\/www.stucco-naturale.com\/fr\/produit\/set-de-pinceaux-a-peindre-artist\/","name":"Set de pinceaux \u00e0 peindre Artist - Stucco naturale","isPartOf":{"@id":"https:\/\/www.stucco-naturale.com\/fr\/#website"},"primaryImageOfPage":{"@id":"https:\/\/www.stucco-naturale.com\/fr\/produit\/set-de-pinceaux-a-peindre-artist\/#primaryimage"},"image":{"@id":"https:\/\/www.stucco-naturale.com\/fr\/produit\/set-de-pinceaux-a-peindre-artist\/#primaryimage"},"thumbnailUrl":"https:\/\/www.stucco-naturale.com\/wp-content\/uploads\/Schuller-ATELIER-SCHOOL-SET.jpg","datePublished":"2024-03-12T15:12:32+00:00","dateModified":"2026-03-27T18:54:04+00:00","description":"5 pinceaux de peinture de diff\u00e9rentes tailles pour les artistes et les \u00e9l\u00e8ves. Bonne stabilit\u00e9 dimensionnelle et grande \u00e9lasticit\u00e9 pour toutes les peintures \u00e0 faible viscosit\u00e9 comme l'acrylique.","breadcrumb":{"@id":"https:\/\/www.stucco-naturale.com\/fr\/produit\/set-de-pinceaux-a-peindre-artist\/#breadcrumb"},"inLanguage":"fr-FR","potentialAction":[{"@type":"ReadAction","target":["https:\/\/www.stucco-naturale.com\/fr\/produit\/set-de-pinceaux-a-peindre-artist\/"]}]},{"@type":"ImageObject","inLanguage":"fr-FR","@id":"https:\/\/www.stucco-naturale.com\/fr\/produit\/set-de-pinceaux-a-peindre-artist\/#primaryimage","url":"https:\/\/www.stucco-naturale.com\/wp-content\/uploads\/Schuller-ATELIER-SCHOOL-SET.jpg","contentUrl":"https:\/\/www.stucco-naturale.com\/wp-content\/uploads\/Schuller-ATELIER-SCHOOL-SET.jpg","width":800,"height":800,"caption":"Malpinsel Set 5 teilig"},{"@type":"BreadcrumbList","@id":"https:\/\/www.stucco-naturale.com\/fr\/produit\/set-de-pinceaux-a-peindre-artist\/#breadcrumb","itemListElement":[{"@type":"ListItem","position":1,"name":"Page d'accueil","item":"https:\/\/www.stucco-naturale.com\/fr\/"},{"@type":"ListItem","position":2,"name":"Boutique","item":"https:\/\/www.stucco-naturale.com\/shop\/"},{"@type":"ListItem","position":3,"name":"Set de pinceaux \u00e0 peindre Artist"}]},{"@type":"WebSite","@id":"https:\/\/www.stucco-naturale.com\/fr\/#website","url":"https:\/\/www.stucco-naturale.com\/fr\/","name":"Stucco naturale","description":"Boutique pour Stucco Veneziano, Marmorino & Accessoires","publisher":{"@id":"https:\/\/www.stucco-naturale.com\/fr\/#organization"},"potentialAction":[{"@type":"SearchAction","target":{"@type":"EntryPoint","urlTemplate":"https:\/\/www.stucco-naturale.com\/fr\/?s={search_term_string}"},"query-input":{"@type":"PropertyValueSpecification","valueRequired":true,"valueName":"search_term_string"}}],"inLanguage":"fr-FR"},{"@type":"Organization","@id":"https:\/\/www.stucco-naturale.com\/fr\/#organization","name":"Stucco naturale","url":"https:\/\/www.stucco-naturale.com\/fr\/","logo":{"@type":"ImageObject","inLanguage":"fr-FR","@id":"https:\/\/www.stucco-naturale.com\/fr\/#\/schema\/logo\/image\/","url":"https:\/\/www.stucco-naturale.com\/wp-content\/uploads\/logo_stucco-naturale.jpg","contentUrl":"https:\/\/www.stucco-naturale.com\/wp-content\/uploads\/logo_stucco-naturale.jpg","width":400,"height":600,"caption":"Stucco naturale"},"image":{"@id":"https:\/\/www.stucco-naturale.com\/fr\/#\/schema\/logo\/image\/"},"sameAs":["https:\/\/www.facebook.com\/natuerlicher.kalkputz\/","https:\/\/x.com\/StuccoNaturale","https:\/\/www.instagram.com\/stucco_naturale\/?hl=de"],"vatID":"ATU78081825"}]}},"_links":{"self":[{"href":"https:\/\/www.stucco-naturale.com\/fr\/wp-json\/wp\/v2\/product\/62142","targetHints":{"allow":["GET"]}}],"collection":[{"href":"https:\/\/www.stucco-naturale.com\/fr\/wp-json\/wp\/v2\/product"}],"about":[{"href":"https:\/\/www.stucco-naturale.com\/fr\/wp-json\/wp\/v2\/types\/product"}],"wp:featuredmedia":[{"embeddable":true,"href":"https:\/\/www.stucco-naturale.com\/fr\/wp-json\/wp\/v2\/media\/62136"}],"wp:attachment":[{"href":"https:\/\/www.stucco-naturale.com\/fr\/wp-json\/wp\/v2\/media?parent=62142"}],"wp:term":[{"taxonomy":"product_brand","embeddable":true,"href":"https:\/\/www.stucco-naturale.com\/fr\/wp-json\/wp\/v2\/product_brand?post=62142"},{"taxonomy":"product_cat","embeddable":true,"href":"https:\/\/www.stucco-naturale.com\/fr\/wp-json\/wp\/v2\/product_cat?post=62142"},{"taxonomy":"product_tag","embeddable":true,"href":"https:\/\/www.stucco-naturale.com\/fr\/wp-json\/wp\/v2\/product_tag?post=62142"}],"curies":[{"name":"wp","href":"https:\/\/api.w.org\/{rel}","templated":true}]}}