{"id":60545,"date":"2023-11-17T14:18:28","date_gmt":"2023-11-17T13:18:28","guid":{"rendered":"https:\/\/www.stucco-naturale.com\/produkt\/abranet-p40\/"},"modified":"2026-03-30T22:45:46","modified_gmt":"2026-03-30T20:45:46","slug":"abranet-p40","status":"publish","type":"product","link":"https:\/\/www.stucco-naturale.com\/fr\/produit\/abranet-p40\/","title":{"rendered":"Abranet P40"},"content":{"rendered":"<div class=\"et_pb_section_0 et_pb_section et_section_regular et_block_section\">\n<div class=\"et_pb_row_0 et_pb_row et_block_row\">\n<div class=\"et_pb_column_0 et_pb_column et_pb_column_4_4 et-last-child et_block_column et_pb_css_mix_blend_mode_passthrough\">\n\n\n<div class=\"et_pb_wc_cart_notice_0 et_pb_wc_cart_notice et_pb_fields_layout_default et_pb_module\"><div class=\"et_pb_module_inner\">\n\t<div class=\"woocommerce-message\" role=\"alert\">\n\t\t&ldquo;Product Name&rdquo; has been added to cart.\t<\/div>\n<\/div><\/div>\n<\/div>\n<\/div>\n\n<div class=\"et_pb_row_1 et_pb_row et_block_row\">\n<div class=\"et_pb_column_1 et_pb_column et_pb_column_1_2 et_block_column et_pb_css_mix_blend_mode_passthrough\">\n<div class=\"et_pb_wc_images_0 et_pb_wc_images et_pb_module\"><div class=\"et_pb_module_inner\"><\/div><\/div>\n<\/div>\n\n<div class=\"et_pb_column_2 et_pb_column et_pb_column_1_2 et-last-child et_block_column et_pb_css_mix_blend_mode_passthrough\">\n<div class=\"et_pb_wc_title_0 et_pb_wc_title et_pb_bg_layout_light et_pb_module\"><div class=\"et_pb_module_inner\">\n\t\t<h1>Abranet P40<\/h1><\/div><\/div>\n\n\n\n\n\n\n\n\n\n\n<\/div>\n<\/div>\n\n<div class=\"et_pb_row_2 et_pb_row et_block_row\">\n<div class=\"et_pb_column_3 et_pb_column et_pb_column_4_4 et-last-child et_block_column et_pb_css_mix_blend_mode_passthrough\">\n<div class=\"et_pb_wc_tabs_0 et_pb_wc_tabs et_pb_tabs et_pb_module\"><div class=\"et_pb_module_inner\"><ul class=\"et_pb_tabs_controls clearfix\"><\/ul><div class=\"et_pb_all_tabs\"><\/div><\/div><\/div>\n\n\n\n\n<\/div>\n<\/div>\n<\/div><span class=\"et_bloom_bottom_trigger\"><\/span>","protected":false},"excerpt":{"rendered":"","protected":false},"featured_media":60540,"template":"","meta":[],"product_brand":[],"product_cat":[306,527],"product_tag":[],"class_list":{"0":"post-60545","1":"product","2":"type-product","3":"status-publish","4":"has-post-thumbnail","6":"product_cat-accessoires","7":"product_cat-outils-de-peinture","8":"product_shipping_class-livraison-de-colis","10":"first","11":"instock","12":"taxable","13":"shipping-taxable","14":"purchasable","15":"product-type-simple"},"yoast_head":"<!-- This site is optimized with the Yoast SEO Premium plugin v27.3 (Yoast SEO v27.3) - https:\/\/yoast.com\/product\/yoast-seo-premium-wordpress\/ -->\n<title>Abranet P40 - Stucco naturale<\/title>\n<meta name=\"description\" content=\"Abranet P40 est un abrasif grillag\u00e9 de haute qualit\u00e9 pour les ponceuses \u00e0 fixation auto-agrippante diam\u00e8tre 150 mm. Acheter ici en ligne \u00e0 l&#039;unit\u00e9.\" \/>\n<meta name=\"robots\" content=\"index, follow, max-snippet:-1, max-image-preview:large, max-video-preview:-1\" \/>\n<link rel=\"canonical\" href=\"https:\/\/www.stucco-naturale.com\/fr\/produit\/abranet-p40\/\" \/>\n<meta property=\"og:locale\" content=\"fr_FR\" \/>\n<meta property=\"og:type\" content=\"article\" \/>\n<meta property=\"og:title\" content=\"Abranet P40\" \/>\n<meta property=\"og:description\" content=\"Abranet P40 est un abrasif grillag\u00e9 de haute qualit\u00e9 pour les ponceuses \u00e0 fixation auto-agrippante diam\u00e8tre 150 mm. Acheter ici en ligne \u00e0 l&#039;unit\u00e9.\" \/>\n<meta property=\"og:url\" content=\"https:\/\/www.stucco-naturale.com\/fr\/produit\/abranet-p40\/\" \/>\n<meta property=\"og:site_name\" content=\"Stucco naturale\" \/>\n<meta property=\"article:publisher\" content=\"https:\/\/www.facebook.com\/natuerlicher.kalkputz\/\" \/>\n<meta property=\"article:modified_time\" content=\"2026-03-30T20:45:46+00:00\" \/>\n<meta property=\"og:image\" content=\"https:\/\/www.stucco-naturale.com\/wp-content\/uploads\/Abranet-P40.jpg\" \/>\n\t<meta property=\"og:image:width\" content=\"800\" \/>\n\t<meta property=\"og:image:height\" content=\"800\" \/>\n\t<meta property=\"og:image:type\" content=\"image\/jpeg\" \/>\n<meta name=\"twitter:card\" content=\"summary_large_image\" \/>\n<meta name=\"twitter:site\" content=\"@StuccoNaturale\" \/>\n<script type=\"application\/ld+json\" class=\"yoast-schema-graph\">{\"@context\":\"https:\\\/\\\/schema.org\",\"@graph\":[{\"@type\":\"WebPage\",\"@id\":\"https:\\\/\\\/www.stucco-naturale.com\\\/fr\\\/produit\\\/abranet-p40\\\/\",\"url\":\"https:\\\/\\\/www.stucco-naturale.com\\\/fr\\\/produit\\\/abranet-p40\\\/\",\"name\":\"Abranet P40 - Stucco naturale\",\"isPartOf\":{\"@id\":\"https:\\\/\\\/www.stucco-naturale.com\\\/fr\\\/#website\"},\"primaryImageOfPage\":{\"@id\":\"https:\\\/\\\/www.stucco-naturale.com\\\/fr\\\/produit\\\/abranet-p40\\\/#primaryimage\"},\"image\":{\"@id\":\"https:\\\/\\\/www.stucco-naturale.com\\\/fr\\\/produit\\\/abranet-p40\\\/#primaryimage\"},\"thumbnailUrl\":\"https:\\\/\\\/www.stucco-naturale.com\\\/wp-content\\\/uploads\\\/Abranet-P40.jpg\",\"datePublished\":\"2023-11-17T13:18:28+00:00\",\"dateModified\":\"2026-03-30T20:45:46+00:00\",\"description\":\"Abranet P40 est un abrasif grillag\u00e9 de haute qualit\u00e9 pour les ponceuses \u00e0 fixation auto-agrippante diam\u00e8tre 150 mm. Acheter ici en ligne \u00e0 l'unit\u00e9.\",\"breadcrumb\":{\"@id\":\"https:\\\/\\\/www.stucco-naturale.com\\\/fr\\\/produit\\\/abranet-p40\\\/#breadcrumb\"},\"inLanguage\":\"fr-FR\",\"potentialAction\":[{\"@type\":\"ReadAction\",\"target\":[\"https:\\\/\\\/www.stucco-naturale.com\\\/fr\\\/produit\\\/abranet-p40\\\/\"]}]},{\"@type\":\"ImageObject\",\"inLanguage\":\"fr-FR\",\"@id\":\"https:\\\/\\\/www.stucco-naturale.com\\\/fr\\\/produit\\\/abranet-p40\\\/#primaryimage\",\"url\":\"https:\\\/\\\/www.stucco-naturale.com\\\/wp-content\\\/uploads\\\/Abranet-P40.jpg\",\"contentUrl\":\"https:\\\/\\\/www.stucco-naturale.com\\\/wp-content\\\/uploads\\\/Abranet-P40.jpg\",\"width\":800,\"height\":800,\"caption\":\"Abranet P40\"},{\"@type\":\"BreadcrumbList\",\"@id\":\"https:\\\/\\\/www.stucco-naturale.com\\\/fr\\\/produit\\\/abranet-p40\\\/#breadcrumb\",\"itemListElement\":[{\"@type\":\"ListItem\",\"position\":1,\"name\":\"Page d'accueil\",\"item\":\"https:\\\/\\\/www.stucco-naturale.com\\\/fr\\\/\"},{\"@type\":\"ListItem\",\"position\":2,\"name\":\"Boutique\",\"item\":\"https:\\\/\\\/www.stucco-naturale.com\\\/shop\\\/\"},{\"@type\":\"ListItem\",\"position\":3,\"name\":\"Abranet P40\"}]},{\"@type\":\"WebSite\",\"@id\":\"https:\\\/\\\/www.stucco-naturale.com\\\/fr\\\/#website\",\"url\":\"https:\\\/\\\/www.stucco-naturale.com\\\/fr\\\/\",\"name\":\"Stucco naturale\",\"description\":\"Boutique pour Stucco Veneziano, Marmorino & Accessoires\",\"publisher\":{\"@id\":\"https:\\\/\\\/www.stucco-naturale.com\\\/fr\\\/#organization\"},\"potentialAction\":[{\"@type\":\"SearchAction\",\"target\":{\"@type\":\"EntryPoint\",\"urlTemplate\":\"https:\\\/\\\/www.stucco-naturale.com\\\/fr\\\/?s={search_term_string}\"},\"query-input\":{\"@type\":\"PropertyValueSpecification\",\"valueRequired\":true,\"valueName\":\"search_term_string\"}}],\"inLanguage\":\"fr-FR\"},{\"@type\":\"Organization\",\"@id\":\"https:\\\/\\\/www.stucco-naturale.com\\\/fr\\\/#organization\",\"name\":\"Stucco naturale\",\"url\":\"https:\\\/\\\/www.stucco-naturale.com\\\/fr\\\/\",\"logo\":{\"@type\":\"ImageObject\",\"inLanguage\":\"fr-FR\",\"@id\":\"https:\\\/\\\/www.stucco-naturale.com\\\/fr\\\/#\\\/schema\\\/logo\\\/image\\\/\",\"url\":\"https:\\\/\\\/www.stucco-naturale.com\\\/wp-content\\\/uploads\\\/logo_stucco-naturale.jpg\",\"contentUrl\":\"https:\\\/\\\/www.stucco-naturale.com\\\/wp-content\\\/uploads\\\/logo_stucco-naturale.jpg\",\"width\":400,\"height\":600,\"caption\":\"Stucco naturale\"},\"image\":{\"@id\":\"https:\\\/\\\/www.stucco-naturale.com\\\/fr\\\/#\\\/schema\\\/logo\\\/image\\\/\"},\"sameAs\":[\"https:\\\/\\\/www.facebook.com\\\/natuerlicher.kalkputz\\\/\",\"https:\\\/\\\/x.com\\\/StuccoNaturale\",\"https:\\\/\\\/www.instagram.com\\\/stucco_naturale\\\/?hl=de\"],\"vatID\":\"ATU78081825\"}]}<\/script>\n<!-- \/ Yoast SEO Premium plugin. -->","yoast_head_json":{"title":"Abranet P40 - Stucco naturale","description":"Abranet P40 est un abrasif grillag\u00e9 de haute qualit\u00e9 pour les ponceuses \u00e0 fixation auto-agrippante diam\u00e8tre 150 mm. Acheter ici en ligne \u00e0 l'unit\u00e9.","robots":{"index":"index","follow":"follow","max-snippet":"max-snippet:-1","max-image-preview":"max-image-preview:large","max-video-preview":"max-video-preview:-1"},"canonical":"https:\/\/www.stucco-naturale.com\/fr\/produit\/abranet-p40\/","og_locale":"fr_FR","og_type":"article","og_title":"Abranet P40","og_description":"Abranet P40 est un abrasif grillag\u00e9 de haute qualit\u00e9 pour les ponceuses \u00e0 fixation auto-agrippante diam\u00e8tre 150 mm. Acheter ici en ligne \u00e0 l'unit\u00e9.","og_url":"https:\/\/www.stucco-naturale.com\/fr\/produit\/abranet-p40\/","og_site_name":"Stucco naturale","article_publisher":"https:\/\/www.facebook.com\/natuerlicher.kalkputz\/","article_modified_time":"2026-03-30T20:45:46+00:00","og_image":[{"width":800,"height":800,"url":"https:\/\/www.stucco-naturale.com\/wp-content\/uploads\/Abranet-P40.jpg","type":"image\/jpeg"}],"twitter_card":"summary_large_image","twitter_site":"@StuccoNaturale","schema":{"@context":"https:\/\/schema.org","@graph":[{"@type":"WebPage","@id":"https:\/\/www.stucco-naturale.com\/fr\/produit\/abranet-p40\/","url":"https:\/\/www.stucco-naturale.com\/fr\/produit\/abranet-p40\/","name":"Abranet P40 - Stucco naturale","isPartOf":{"@id":"https:\/\/www.stucco-naturale.com\/fr\/#website"},"primaryImageOfPage":{"@id":"https:\/\/www.stucco-naturale.com\/fr\/produit\/abranet-p40\/#primaryimage"},"image":{"@id":"https:\/\/www.stucco-naturale.com\/fr\/produit\/abranet-p40\/#primaryimage"},"thumbnailUrl":"https:\/\/www.stucco-naturale.com\/wp-content\/uploads\/Abranet-P40.jpg","datePublished":"2023-11-17T13:18:28+00:00","dateModified":"2026-03-30T20:45:46+00:00","description":"Abranet P40 est un abrasif grillag\u00e9 de haute qualit\u00e9 pour les ponceuses \u00e0 fixation auto-agrippante diam\u00e8tre 150 mm. Acheter ici en ligne \u00e0 l'unit\u00e9.","breadcrumb":{"@id":"https:\/\/www.stucco-naturale.com\/fr\/produit\/abranet-p40\/#breadcrumb"},"inLanguage":"fr-FR","potentialAction":[{"@type":"ReadAction","target":["https:\/\/www.stucco-naturale.com\/fr\/produit\/abranet-p40\/"]}]},{"@type":"ImageObject","inLanguage":"fr-FR","@id":"https:\/\/www.stucco-naturale.com\/fr\/produit\/abranet-p40\/#primaryimage","url":"https:\/\/www.stucco-naturale.com\/wp-content\/uploads\/Abranet-P40.jpg","contentUrl":"https:\/\/www.stucco-naturale.com\/wp-content\/uploads\/Abranet-P40.jpg","width":800,"height":800,"caption":"Abranet P40"},{"@type":"BreadcrumbList","@id":"https:\/\/www.stucco-naturale.com\/fr\/produit\/abranet-p40\/#breadcrumb","itemListElement":[{"@type":"ListItem","position":1,"name":"Page d'accueil","item":"https:\/\/www.stucco-naturale.com\/fr\/"},{"@type":"ListItem","position":2,"name":"Boutique","item":"https:\/\/www.stucco-naturale.com\/shop\/"},{"@type":"ListItem","position":3,"name":"Abranet P40"}]},{"@type":"WebSite","@id":"https:\/\/www.stucco-naturale.com\/fr\/#website","url":"https:\/\/www.stucco-naturale.com\/fr\/","name":"Stucco naturale","description":"Boutique pour Stucco Veneziano, Marmorino & Accessoires","publisher":{"@id":"https:\/\/www.stucco-naturale.com\/fr\/#organization"},"potentialAction":[{"@type":"SearchAction","target":{"@type":"EntryPoint","urlTemplate":"https:\/\/www.stucco-naturale.com\/fr\/?s={search_term_string}"},"query-input":{"@type":"PropertyValueSpecification","valueRequired":true,"valueName":"search_term_string"}}],"inLanguage":"fr-FR"},{"@type":"Organization","@id":"https:\/\/www.stucco-naturale.com\/fr\/#organization","name":"Stucco naturale","url":"https:\/\/www.stucco-naturale.com\/fr\/","logo":{"@type":"ImageObject","inLanguage":"fr-FR","@id":"https:\/\/www.stucco-naturale.com\/fr\/#\/schema\/logo\/image\/","url":"https:\/\/www.stucco-naturale.com\/wp-content\/uploads\/logo_stucco-naturale.jpg","contentUrl":"https:\/\/www.stucco-naturale.com\/wp-content\/uploads\/logo_stucco-naturale.jpg","width":400,"height":600,"caption":"Stucco naturale"},"image":{"@id":"https:\/\/www.stucco-naturale.com\/fr\/#\/schema\/logo\/image\/"},"sameAs":["https:\/\/www.facebook.com\/natuerlicher.kalkputz\/","https:\/\/x.com\/StuccoNaturale","https:\/\/www.instagram.com\/stucco_naturale\/?hl=de"],"vatID":"ATU78081825"}]}},"_links":{"self":[{"href":"https:\/\/www.stucco-naturale.com\/fr\/wp-json\/wp\/v2\/product\/60545","targetHints":{"allow":["GET"]}}],"collection":[{"href":"https:\/\/www.stucco-naturale.com\/fr\/wp-json\/wp\/v2\/product"}],"about":[{"href":"https:\/\/www.stucco-naturale.com\/fr\/wp-json\/wp\/v2\/types\/product"}],"wp:featuredmedia":[{"embeddable":true,"href":"https:\/\/www.stucco-naturale.com\/fr\/wp-json\/wp\/v2\/media\/60540"}],"wp:attachment":[{"href":"https:\/\/www.stucco-naturale.com\/fr\/wp-json\/wp\/v2\/media?parent=60545"}],"wp:term":[{"taxonomy":"product_brand","embeddable":true,"href":"https:\/\/www.stucco-naturale.com\/fr\/wp-json\/wp\/v2\/product_brand?post=60545"},{"taxonomy":"product_cat","embeddable":true,"href":"https:\/\/www.stucco-naturale.com\/fr\/wp-json\/wp\/v2\/product_cat?post=60545"},{"taxonomy":"product_tag","embeddable":true,"href":"https:\/\/www.stucco-naturale.com\/fr\/wp-json\/wp\/v2\/product_tag?post=60545"}],"curies":[{"name":"wp","href":"https:\/\/api.w.org\/{rel}","templated":true}]}}