{"id":35300,"date":"2017-01-24T15:05:41","date_gmt":"2017-01-24T14:05:41","guid":{"rendered":"https:\/\/www.stucco-naturale.com\/produkt\/oxyde-de-fer-jaune\/"},"modified":"2026-03-27T18:16:24","modified_gmt":"2026-03-27T17:16:24","slug":"oxyde-de-fer-jaune","status":"publish","type":"product","link":"https:\/\/www.stucco-naturale.com\/fr\/produit\/oxyde-de-fer-jaune\/","title":{"rendered":"Oxyde de fer jaune"},"content":{"rendered":"\n<div class=\"et_pb_section_0 et_pb_section et_section_regular et_block_section\"><div class=\"et_pb_row_0 et_pb_row et_block_row\"><div class=\"et_pb_column_0 et_pb_column et_pb_column_4_4 et-last-child et_block_column et_pb_css_mix_blend_mode_passthrough\"><div class=\"et_pb_wc_cart_notice_0 et_pb_wc_cart_notice et_pb_fields_layout_default et_pb_module\"><div class=\"et_pb_module_inner\">\n\t<div class=\"woocommerce-message\" role=\"alert\">\n\t\t&ldquo;Product Name&rdquo; has been added to cart.\t<\/div>\n<\/div><\/div><\/div><\/div><div class=\"et_pb_row_1 et_pb_row et_block_row\"><div class=\"et_pb_column_1 et_pb_column et_pb_column_1_2 et_block_column et_pb_css_mix_blend_mode_passthrough\"><div class=\"et_pb_wc_images_0 et_pb_wc_images et_pb_module\"><div class=\"et_pb_module_inner\"><\/div><\/div><\/div><div class=\"et_pb_column_2 et_pb_column et_pb_column_1_2 et-last-child et_block_column et_pb_css_mix_blend_mode_passthrough\"><div class=\"et_pb_wc_title_0 et_pb_wc_title et_pb_bg_layout_light et_pb_module\"><div class=\"et_pb_module_inner\">\n\t\t<h1>Oxyde de fer jaune<\/h1><\/div><\/div><\/div><\/div><div class=\"et_pb_row_2 et_pb_row et_block_row\"><div class=\"et_pb_column_3 et_pb_column et_pb_column_4_4 et-last-child et_block_column et_pb_css_mix_blend_mode_passthrough\"><div class=\"et_pb_wc_tabs_0 et_pb_wc_tabs et_pb_tabs et_pb_module\"><div class=\"et_pb_module_inner\"><ul class=\"et_pb_tabs_controls clearfix\"><\/ul><div class=\"et_pb_all_tabs\"><\/div><\/div><\/div><\/div><\/div><\/div>\n<span class=\"et_bloom_bottom_trigger\"><\/span>","protected":false},"excerpt":{"rendered":"","protected":false},"featured_media":35304,"template":"","meta":[],"product_brand":[],"product_cat":[294],"product_tag":[],"class_list":{"0":"post-35300","1":"product","2":"type-product","3":"status-publish","4":"has-post-thumbnail","6":"product_cat-pigments-de-couleur","7":"product_shipping_class-livraison-de-colis","9":"first","10":"instock","11":"taxable","12":"shipping-taxable","13":"purchasable","14":"product-type-variable","15":"has-default-attributes"},"yoast_head":"<!-- This site is optimized with the Yoast SEO Premium plugin v27.4 (Yoast SEO v27.4) - https:\/\/yoast.com\/product\/yoast-seo-premium-wordpress\/ -->\n<title>Pigments color\u00e9s Oxyde de fer jaune - Stucco naturale<\/title>\n<meta name=\"description\" content=\"Des peintures s\u00e8ches de haute qualit\u00e9 \u00e0 un prix avantageux. Ici, vous pouvez acheter des pigments de couleur jaune d&#039;oxyde de fer et bien d&#039;autres en ligne rapidement et en toute s\u00e9curit\u00e9.\" \/>\n<meta name=\"robots\" content=\"index, follow, max-snippet:-1, max-image-preview:large, max-video-preview:-1\" \/>\n<link rel=\"canonical\" href=\"https:\/\/www.stucco-naturale.com\/fr\/produit\/oxyde-de-fer-jaune\/\" \/>\n<meta property=\"og:locale\" content=\"fr_FR\" \/>\n<meta property=\"og:type\" content=\"article\" \/>\n<meta property=\"og:title\" content=\"Oxyde de fer jaune\" \/>\n<meta property=\"og:description\" content=\"Des peintures s\u00e8ches de haute qualit\u00e9 \u00e0 un prix avantageux. Ici, vous pouvez acheter des pigments de couleur jaune d&#039;oxyde de fer et bien d&#039;autres en ligne rapidement et en toute s\u00e9curit\u00e9.\" \/>\n<meta property=\"og:url\" content=\"https:\/\/www.stucco-naturale.com\/fr\/produit\/oxyde-de-fer-jaune\/\" \/>\n<meta property=\"og:site_name\" content=\"Stucco naturale\" \/>\n<meta property=\"article:publisher\" content=\"https:\/\/www.facebook.com\/natuerlicher.kalkputz\/\" \/>\n<meta property=\"article:modified_time\" content=\"2026-03-27T17:16:24+00:00\" \/>\n<meta property=\"og:image\" content=\"https:\/\/www.stucco-naturale.com\/wp-content\/uploads\/Eisenoxydgelb-Pigmente.jpg\" \/>\n\t<meta property=\"og:image:width\" content=\"800\" \/>\n\t<meta property=\"og:image:height\" content=\"800\" \/>\n\t<meta property=\"og:image:type\" content=\"image\/jpeg\" \/>\n<meta name=\"twitter:card\" content=\"summary_large_image\" \/>\n<meta name=\"twitter:site\" content=\"@StuccoNaturale\" \/>\n<script type=\"application\/ld+json\" class=\"yoast-schema-graph\">{\"@context\":\"https:\\\/\\\/schema.org\",\"@graph\":[{\"@type\":\"WebPage\",\"@id\":\"https:\\\/\\\/www.stucco-naturale.com\\\/fr\\\/produit\\\/oxyde-de-fer-jaune\\\/\",\"url\":\"https:\\\/\\\/www.stucco-naturale.com\\\/fr\\\/produit\\\/oxyde-de-fer-jaune\\\/\",\"name\":\"Pigments color\u00e9s Oxyde de fer jaune - Stucco naturale\",\"isPartOf\":{\"@id\":\"https:\\\/\\\/www.stucco-naturale.com\\\/fr\\\/#website\"},\"primaryImageOfPage\":{\"@id\":\"https:\\\/\\\/www.stucco-naturale.com\\\/fr\\\/produit\\\/oxyde-de-fer-jaune\\\/#primaryimage\"},\"image\":{\"@id\":\"https:\\\/\\\/www.stucco-naturale.com\\\/fr\\\/produit\\\/oxyde-de-fer-jaune\\\/#primaryimage\"},\"thumbnailUrl\":\"https:\\\/\\\/www.stucco-naturale.com\\\/wp-content\\\/uploads\\\/Eisenoxydgelb-Pigmente.jpg\",\"datePublished\":\"2017-01-24T14:05:41+00:00\",\"dateModified\":\"2026-03-27T17:16:24+00:00\",\"description\":\"Des peintures s\u00e8ches de haute qualit\u00e9 \u00e0 un prix avantageux. Ici, vous pouvez acheter des pigments de couleur jaune d'oxyde de fer et bien d'autres en ligne rapidement et en toute s\u00e9curit\u00e9.\",\"breadcrumb\":{\"@id\":\"https:\\\/\\\/www.stucco-naturale.com\\\/fr\\\/produit\\\/oxyde-de-fer-jaune\\\/#breadcrumb\"},\"inLanguage\":\"fr-FR\",\"potentialAction\":[{\"@type\":\"ReadAction\",\"target\":[\"https:\\\/\\\/www.stucco-naturale.com\\\/fr\\\/produit\\\/oxyde-de-fer-jaune\\\/\"]}]},{\"@type\":\"ImageObject\",\"inLanguage\":\"fr-FR\",\"@id\":\"https:\\\/\\\/www.stucco-naturale.com\\\/fr\\\/produit\\\/oxyde-de-fer-jaune\\\/#primaryimage\",\"url\":\"https:\\\/\\\/www.stucco-naturale.com\\\/wp-content\\\/uploads\\\/Eisenoxydgelb-Pigmente.jpg\",\"contentUrl\":\"https:\\\/\\\/www.stucco-naturale.com\\\/wp-content\\\/uploads\\\/Eisenoxydgelb-Pigmente.jpg\",\"width\":800,\"height\":800,\"caption\":\"Eisenoxydgelb Pigmente\"},{\"@type\":\"BreadcrumbList\",\"@id\":\"https:\\\/\\\/www.stucco-naturale.com\\\/fr\\\/produit\\\/oxyde-de-fer-jaune\\\/#breadcrumb\",\"itemListElement\":[{\"@type\":\"ListItem\",\"position\":1,\"name\":\"Page d'accueil\",\"item\":\"https:\\\/\\\/www.stucco-naturale.com\\\/fr\\\/\"},{\"@type\":\"ListItem\",\"position\":2,\"name\":\"Boutique\",\"item\":\"https:\\\/\\\/www.stucco-naturale.com\\\/shop\\\/\"},{\"@type\":\"ListItem\",\"position\":3,\"name\":\"Oxyde de fer jaune\"}]},{\"@type\":\"WebSite\",\"@id\":\"https:\\\/\\\/www.stucco-naturale.com\\\/fr\\\/#website\",\"url\":\"https:\\\/\\\/www.stucco-naturale.com\\\/fr\\\/\",\"name\":\"Stucco naturale\",\"description\":\"Boutique pour Stucco Veneziano, Marmorino & Accessoires\",\"publisher\":{\"@id\":\"https:\\\/\\\/www.stucco-naturale.com\\\/fr\\\/#organization\"},\"potentialAction\":[{\"@type\":\"SearchAction\",\"target\":{\"@type\":\"EntryPoint\",\"urlTemplate\":\"https:\\\/\\\/www.stucco-naturale.com\\\/fr\\\/?s={search_term_string}\"},\"query-input\":{\"@type\":\"PropertyValueSpecification\",\"valueRequired\":true,\"valueName\":\"search_term_string\"}}],\"inLanguage\":\"fr-FR\"},{\"@type\":\"Organization\",\"@id\":\"https:\\\/\\\/www.stucco-naturale.com\\\/fr\\\/#organization\",\"name\":\"Stucco naturale\",\"url\":\"https:\\\/\\\/www.stucco-naturale.com\\\/fr\\\/\",\"logo\":{\"@type\":\"ImageObject\",\"inLanguage\":\"fr-FR\",\"@id\":\"https:\\\/\\\/www.stucco-naturale.com\\\/fr\\\/#\\\/schema\\\/logo\\\/image\\\/\",\"url\":\"https:\\\/\\\/www.stucco-naturale.com\\\/wp-content\\\/uploads\\\/logo_stucco-naturale.jpg\",\"contentUrl\":\"https:\\\/\\\/www.stucco-naturale.com\\\/wp-content\\\/uploads\\\/logo_stucco-naturale.jpg\",\"width\":400,\"height\":600,\"caption\":\"Stucco naturale\"},\"image\":{\"@id\":\"https:\\\/\\\/www.stucco-naturale.com\\\/fr\\\/#\\\/schema\\\/logo\\\/image\\\/\"},\"sameAs\":[\"https:\\\/\\\/www.facebook.com\\\/natuerlicher.kalkputz\\\/\",\"https:\\\/\\\/x.com\\\/StuccoNaturale\",\"https:\\\/\\\/www.instagram.com\\\/stucco_naturale\\\/?hl=de\"],\"vatID\":\"ATU78081825\"}]}<\/script>\n<!-- \/ Yoast SEO Premium plugin. -->","yoast_head_json":{"title":"Pigments color\u00e9s Oxyde de fer jaune - Stucco naturale","description":"Des peintures s\u00e8ches de haute qualit\u00e9 \u00e0 un prix avantageux. Ici, vous pouvez acheter des pigments de couleur jaune d'oxyde de fer et bien d'autres en ligne rapidement et en toute s\u00e9curit\u00e9.","robots":{"index":"index","follow":"follow","max-snippet":"max-snippet:-1","max-image-preview":"max-image-preview:large","max-video-preview":"max-video-preview:-1"},"canonical":"https:\/\/www.stucco-naturale.com\/fr\/produit\/oxyde-de-fer-jaune\/","og_locale":"fr_FR","og_type":"article","og_title":"Oxyde de fer jaune","og_description":"Des peintures s\u00e8ches de haute qualit\u00e9 \u00e0 un prix avantageux. Ici, vous pouvez acheter des pigments de couleur jaune d'oxyde de fer et bien d'autres en ligne rapidement et en toute s\u00e9curit\u00e9.","og_url":"https:\/\/www.stucco-naturale.com\/fr\/produit\/oxyde-de-fer-jaune\/","og_site_name":"Stucco naturale","article_publisher":"https:\/\/www.facebook.com\/natuerlicher.kalkputz\/","article_modified_time":"2026-03-27T17:16:24+00:00","og_image":[{"width":800,"height":800,"url":"https:\/\/www.stucco-naturale.com\/wp-content\/uploads\/Eisenoxydgelb-Pigmente.jpg","type":"image\/jpeg"}],"twitter_card":"summary_large_image","twitter_site":"@StuccoNaturale","schema":{"@context":"https:\/\/schema.org","@graph":[{"@type":"WebPage","@id":"https:\/\/www.stucco-naturale.com\/fr\/produit\/oxyde-de-fer-jaune\/","url":"https:\/\/www.stucco-naturale.com\/fr\/produit\/oxyde-de-fer-jaune\/","name":"Pigments color\u00e9s Oxyde de fer jaune - Stucco naturale","isPartOf":{"@id":"https:\/\/www.stucco-naturale.com\/fr\/#website"},"primaryImageOfPage":{"@id":"https:\/\/www.stucco-naturale.com\/fr\/produit\/oxyde-de-fer-jaune\/#primaryimage"},"image":{"@id":"https:\/\/www.stucco-naturale.com\/fr\/produit\/oxyde-de-fer-jaune\/#primaryimage"},"thumbnailUrl":"https:\/\/www.stucco-naturale.com\/wp-content\/uploads\/Eisenoxydgelb-Pigmente.jpg","datePublished":"2017-01-24T14:05:41+00:00","dateModified":"2026-03-27T17:16:24+00:00","description":"Des peintures s\u00e8ches de haute qualit\u00e9 \u00e0 un prix avantageux. Ici, vous pouvez acheter des pigments de couleur jaune d'oxyde de fer et bien d'autres en ligne rapidement et en toute s\u00e9curit\u00e9.","breadcrumb":{"@id":"https:\/\/www.stucco-naturale.com\/fr\/produit\/oxyde-de-fer-jaune\/#breadcrumb"},"inLanguage":"fr-FR","potentialAction":[{"@type":"ReadAction","target":["https:\/\/www.stucco-naturale.com\/fr\/produit\/oxyde-de-fer-jaune\/"]}]},{"@type":"ImageObject","inLanguage":"fr-FR","@id":"https:\/\/www.stucco-naturale.com\/fr\/produit\/oxyde-de-fer-jaune\/#primaryimage","url":"https:\/\/www.stucco-naturale.com\/wp-content\/uploads\/Eisenoxydgelb-Pigmente.jpg","contentUrl":"https:\/\/www.stucco-naturale.com\/wp-content\/uploads\/Eisenoxydgelb-Pigmente.jpg","width":800,"height":800,"caption":"Eisenoxydgelb Pigmente"},{"@type":"BreadcrumbList","@id":"https:\/\/www.stucco-naturale.com\/fr\/produit\/oxyde-de-fer-jaune\/#breadcrumb","itemListElement":[{"@type":"ListItem","position":1,"name":"Page d'accueil","item":"https:\/\/www.stucco-naturale.com\/fr\/"},{"@type":"ListItem","position":2,"name":"Boutique","item":"https:\/\/www.stucco-naturale.com\/shop\/"},{"@type":"ListItem","position":3,"name":"Oxyde de fer jaune"}]},{"@type":"WebSite","@id":"https:\/\/www.stucco-naturale.com\/fr\/#website","url":"https:\/\/www.stucco-naturale.com\/fr\/","name":"Stucco naturale","description":"Boutique pour Stucco Veneziano, Marmorino & Accessoires","publisher":{"@id":"https:\/\/www.stucco-naturale.com\/fr\/#organization"},"potentialAction":[{"@type":"SearchAction","target":{"@type":"EntryPoint","urlTemplate":"https:\/\/www.stucco-naturale.com\/fr\/?s={search_term_string}"},"query-input":{"@type":"PropertyValueSpecification","valueRequired":true,"valueName":"search_term_string"}}],"inLanguage":"fr-FR"},{"@type":"Organization","@id":"https:\/\/www.stucco-naturale.com\/fr\/#organization","name":"Stucco naturale","url":"https:\/\/www.stucco-naturale.com\/fr\/","logo":{"@type":"ImageObject","inLanguage":"fr-FR","@id":"https:\/\/www.stucco-naturale.com\/fr\/#\/schema\/logo\/image\/","url":"https:\/\/www.stucco-naturale.com\/wp-content\/uploads\/logo_stucco-naturale.jpg","contentUrl":"https:\/\/www.stucco-naturale.com\/wp-content\/uploads\/logo_stucco-naturale.jpg","width":400,"height":600,"caption":"Stucco naturale"},"image":{"@id":"https:\/\/www.stucco-naturale.com\/fr\/#\/schema\/logo\/image\/"},"sameAs":["https:\/\/www.facebook.com\/natuerlicher.kalkputz\/","https:\/\/x.com\/StuccoNaturale","https:\/\/www.instagram.com\/stucco_naturale\/?hl=de"],"vatID":"ATU78081825"}]}},"_links":{"self":[{"href":"https:\/\/www.stucco-naturale.com\/fr\/wp-json\/wp\/v2\/product\/35300","targetHints":{"allow":["GET"]}}],"collection":[{"href":"https:\/\/www.stucco-naturale.com\/fr\/wp-json\/wp\/v2\/product"}],"about":[{"href":"https:\/\/www.stucco-naturale.com\/fr\/wp-json\/wp\/v2\/types\/product"}],"wp:featuredmedia":[{"embeddable":true,"href":"https:\/\/www.stucco-naturale.com\/fr\/wp-json\/wp\/v2\/media\/35304"}],"wp:attachment":[{"href":"https:\/\/www.stucco-naturale.com\/fr\/wp-json\/wp\/v2\/media?parent=35300"}],"wp:term":[{"taxonomy":"product_brand","embeddable":true,"href":"https:\/\/www.stucco-naturale.com\/fr\/wp-json\/wp\/v2\/product_brand?post=35300"},{"taxonomy":"product_cat","embeddable":true,"href":"https:\/\/www.stucco-naturale.com\/fr\/wp-json\/wp\/v2\/product_cat?post=35300"},{"taxonomy":"product_tag","embeddable":true,"href":"https:\/\/www.stucco-naturale.com\/fr\/wp-json\/wp\/v2\/product_tag?post=35300"}],"curies":[{"name":"wp","href":"https:\/\/api.w.org\/{rel}","templated":true}]}}