{"id":35052,"date":"2017-01-26T17:22:35","date_gmt":"2017-01-26T16:22:35","guid":{"rendered":"https:\/\/www.stucco-naturale.com\/produkt\/disques-de-polissage-pour-meules-de-polissage\/"},"modified":"2026-03-27T18:26:31","modified_gmt":"2026-03-27T17:26:31","slug":"disques-de-polissage-pour-meules-de-polissage","status":"publish","type":"product","link":"https:\/\/www.stucco-naturale.com\/fr\/produit\/disques-de-polissage-pour-meules-de-polissage\/","title":{"rendered":"Disques de polissage pour meules de polissage"},"content":{"rendered":"\n<div class=\"et_pb_section_0 et_pb_section et_section_regular et_block_section\"><div class=\"et_pb_row_0 et_pb_row et_block_row\"><div class=\"et_pb_column_0 et_pb_column et_pb_column_4_4 et-last-child et_block_column et_pb_css_mix_blend_mode_passthrough\"><div class=\"et_pb_wc_cart_notice_0 et_pb_wc_cart_notice et_pb_fields_layout_default et_pb_module\"><div class=\"et_pb_module_inner\">\n\t<div class=\"woocommerce-message\" role=\"alert\">\n\t\t&ldquo;Product Name&rdquo; has been added to cart.\t<\/div>\n<\/div><\/div><\/div><\/div><div class=\"et_pb_row_1 et_pb_row et_block_row\"><div class=\"et_pb_column_1 et_pb_column et_pb_column_1_2 et_block_column et_pb_css_mix_blend_mode_passthrough\"><div class=\"et_pb_wc_images_0 et_pb_wc_images et_pb_module\"><div class=\"et_pb_module_inner\"><\/div><\/div><\/div><div class=\"et_pb_column_2 et_pb_column et_pb_column_1_2 et-last-child et_block_column et_pb_css_mix_blend_mode_passthrough\"><div class=\"et_pb_wc_title_0 et_pb_wc_title et_pb_bg_layout_light et_pb_module\"><div class=\"et_pb_module_inner\">\n\t\t<h1>Disques de polissage pour meules de polissage<\/h1><\/div><\/div><\/div><\/div><div class=\"et_pb_row_2 et_pb_row et_block_row\"><div class=\"et_pb_column_3 et_pb_column et_pb_column_4_4 et-last-child et_block_column et_pb_css_mix_blend_mode_passthrough\"><div class=\"et_pb_wc_tabs_0 et_pb_wc_tabs et_pb_tabs et_pb_module\"><div class=\"et_pb_module_inner\"><ul class=\"et_pb_tabs_controls clearfix\"><\/ul><div class=\"et_pb_all_tabs\"><\/div><\/div><\/div><\/div><\/div><div class=\"et_pb_row_3 et_pb_row et_block_row\"><div class=\"et_pb_column_4 et_pb_column et_pb_column_4_4 et-last-child et_block_column et_pb_css_mix_blend_mode_passthrough\"><div class=\"et_pb_text_0 et_pb_text et_pb_bg_layout_light et_pb_module et_block_module\"><div class=\"et_pb_text_inner\"><h2>Offre : Machines \u00e0 polir de haute qualit\u00e9 \u00e0 prix sp\u00e9cial<\/h2>\n<p>Pour tous ceux qui pr\u00e9f\u00e8rent polir avec la machine, il existe maintenant une offre exceptionnelle.<br \/>Produits de marque avec des remises sp\u00e9ciales pour \u00e9conomiser du travail et du temps.<\/p>\n<\/div><\/div><\/div><\/div><div class=\"et_pb_row_4 et_pb_row et_block_row\"><div class=\"et_pb_column_5 et_pb_column et_pb_column_1_2 et_block_column et_pb_css_mix_blend_mode_passthrough\"><div class=\"et_pb_text_1 et_pb_text et_pb_bg_layout_light et_pb_module et_block_module et_pb_text_align_center\"><div class=\"et_pb_text_inner\"><h3>GINOUR - bon march\u00e9 et bon<\/h3>\n<\/div><\/div><div class=\"et_pb_image_0 et_pb_image et_pb_module et_block_module\"><span class=\"et_pb_image_wrap\"><img decoding=\"async\" src=\"https:\/\/www.stucco-naturale.com\/wp-content\/uploads\/Ginour-Poliermaschine-Amazon.jpg\" width=\"300\" height=\"300\" srcset=\"https:\/\/www.stucco-naturale.com\/wp-content\/uploads\/Ginour-Poliermaschine-Amazon.jpg 300w, https:\/\/www.stucco-naturale.com\/wp-content\/uploads\/Ginour-Poliermaschine-Amazon-150x150.jpg 150w, https:\/\/www.stucco-naturale.com\/wp-content\/uploads\/Ginour-Poliermaschine-Amazon-100x100.jpg 100w\" sizes=\"(max-width: 300px) 100vw, 300px\" class=\"wp-image-57393\" title=\"&lt;p&gt;Polisseuse Ginour-Amazon&lt;\/p&gt;\" alt=\"&lt;p&gt;Kit de polissage 150 mm&lt;\/p&gt;\" \/><\/span><\/div><div class=\"et_pb_module et_pb_button_module_wrapper et_pb_button_0_wrapper\"><a class=\"et_pb_button_0 et_pb_button et_pb_bg_layout_dark et_pb_module et_block_module\" href=\"\" target=\"_blank\">&lt;p&gt;Cliquez ici pour acc\u00e9der \u00e0 l&amp;apos;offre GINOUR *&lt;\/p&gt;<\/a><\/div><div class=\"et_pb_text_2 et_pb_text et_pb_bg_layout_light et_pb_module et_block_module et_pb_text_align_center\"><div class=\"et_pb_text_inner\"><p>*Affiliate Link<\/p>\n<\/div><\/div><\/div><div class=\"et_pb_column_6 et_pb_column et_pb_column_1_2 et-last-child et_block_column et_pb_css_mix_blend_mode_passthrough\"><div class=\"et_pb_text_3 et_pb_text et_pb_bg_layout_light et_pb_module et_block_module et_pb_text_align_center\"><div class=\"et_pb_text_inner\"><h3>FESTOOL - des appareils professionnels avec de nombreux accessoires<\/h3>\n<\/div><\/div><div class=\"et_pb_image_1 et_pb_image et_pb_module et_block_module\"><a href=\"\"><span class=\"et_pb_image_wrap\"><img decoding=\"async\" src=\"https:\/\/www.stucco-naturale.com\/wp-content\/uploads\/Festool-RO-150-Amazon.jpg\" width=\"300\" height=\"298\" srcset=\"https:\/\/www.stucco-naturale.com\/wp-content\/uploads\/Festool-RO-150-Amazon.jpg 300w, https:\/\/www.stucco-naturale.com\/wp-content\/uploads\/Festool-RO-150-Amazon-150x150.jpg 150w, https:\/\/www.stucco-naturale.com\/wp-content\/uploads\/Festool-RO-150-Amazon-100x100.jpg 100w\" sizes=\"(max-width: 300px) 100vw, 300px\" class=\"wp-image-57397\" title=\"&lt;p&gt;Festool-RO-150-Amazon&lt;\/p&gt;\" alt=\"&lt;p&gt;Festool-RO-150-Amazon&lt;\/p&gt;\" \/><\/span><\/a><\/div><div class=\"et_pb_module et_pb_button_module_wrapper et_pb_button_1_wrapper\"><a class=\"et_pb_button_1 et_pb_button et_pb_bg_layout_dark et_pb_module et_block_module\" href=\"\" target=\"_blank\">&lt;p&gt;Cliquez ici pour l&amp;apos;offre Festool *&lt;\/p&gt;<\/a><\/div><\/div><\/div><\/div>\n<span class=\"et_bloom_bottom_trigger\"><\/span>","protected":false},"excerpt":{"rendered":"","protected":false},"featured_media":35055,"template":"","meta":[],"product_brand":[],"product_cat":[306,290],"product_tag":[],"class_list":{"0":"post-35052","1":"product","2":"type-product","3":"status-publish","4":"has-post-thumbnail","6":"product_cat-accessoires","7":"product_cat-outils","8":"product_shipping_class-livraison-de-colis","10":"first","11":"instock","12":"taxable","13":"shipping-taxable","14":"purchasable","15":"product-type-simple"},"yoast_head":"<!-- This site is optimized with the Yoast SEO Premium plugin v27.3 (Yoast SEO v27.3) - https:\/\/yoast.com\/product\/yoast-seo-premium-wordpress\/ -->\n<title>Disques de polissage pour meules de polissage - Stucco naturale<\/title>\n<meta name=\"description\" content=\"Chez Stucco Naturale, vous trouverez des outils de qualit\u00e9 pour la transformation du Stuc V\u00e9nitien. Par exemple, les disques de pon\u00e7age \u00e0 main pour les meules de polissage.\" \/>\n<meta name=\"robots\" content=\"index, follow, max-snippet:-1, max-image-preview:large, max-video-preview:-1\" \/>\n<link rel=\"canonical\" href=\"https:\/\/www.stucco-naturale.com\/fr\/produit\/disques-de-polissage-pour-meules-de-polissage\/\" \/>\n<meta property=\"og:locale\" content=\"fr_FR\" \/>\n<meta property=\"og:type\" content=\"article\" \/>\n<meta property=\"og:title\" content=\"Disques de polissage pour meules de polissage\" \/>\n<meta property=\"og:description\" content=\"Chez Stucco Naturale, vous trouverez des outils de qualit\u00e9 pour la transformation du Stuc V\u00e9nitien. Par exemple, les disques de pon\u00e7age \u00e0 main pour les meules de polissage.\" \/>\n<meta property=\"og:url\" content=\"https:\/\/www.stucco-naturale.com\/fr\/produit\/disques-de-polissage-pour-meules-de-polissage\/\" \/>\n<meta property=\"og:site_name\" content=\"Stucco naturale\" \/>\n<meta property=\"article:publisher\" content=\"https:\/\/www.facebook.com\/natuerlicher.kalkputz\/\" \/>\n<meta property=\"article:modified_time\" content=\"2026-03-27T17:26:31+00:00\" \/>\n<meta property=\"og:image\" content=\"https:\/\/www.stucco-naturale.com\/wp-content\/uploads\/Hand-Schleifpad-150mm.jpg\" \/>\n\t<meta property=\"og:image:width\" content=\"800\" \/>\n\t<meta property=\"og:image:height\" content=\"800\" \/>\n\t<meta property=\"og:image:type\" content=\"image\/jpeg\" \/>\n<meta name=\"twitter:card\" content=\"summary_large_image\" \/>\n<meta name=\"twitter:site\" content=\"@StuccoNaturale\" \/>\n<script type=\"application\/ld+json\" class=\"yoast-schema-graph\">{\"@context\":\"https:\\\/\\\/schema.org\",\"@graph\":[{\"@type\":\"WebPage\",\"@id\":\"https:\\\/\\\/www.stucco-naturale.com\\\/fr\\\/produit\\\/disques-de-polissage-pour-meules-de-polissage\\\/\",\"url\":\"https:\\\/\\\/www.stucco-naturale.com\\\/fr\\\/produit\\\/disques-de-polissage-pour-meules-de-polissage\\\/\",\"name\":\"Disques de polissage pour meules de polissage - Stucco naturale\",\"isPartOf\":{\"@id\":\"https:\\\/\\\/www.stucco-naturale.com\\\/fr\\\/#website\"},\"primaryImageOfPage\":{\"@id\":\"https:\\\/\\\/www.stucco-naturale.com\\\/fr\\\/produit\\\/disques-de-polissage-pour-meules-de-polissage\\\/#primaryimage\"},\"image\":{\"@id\":\"https:\\\/\\\/www.stucco-naturale.com\\\/fr\\\/produit\\\/disques-de-polissage-pour-meules-de-polissage\\\/#primaryimage\"},\"thumbnailUrl\":\"https:\\\/\\\/www.stucco-naturale.com\\\/wp-content\\\/uploads\\\/Hand-Schleifpad-150mm.jpg\",\"datePublished\":\"2017-01-26T16:22:35+00:00\",\"dateModified\":\"2026-03-27T17:26:31+00:00\",\"description\":\"Chez Stucco Naturale, vous trouverez des outils de qualit\u00e9 pour la transformation du Stuc V\u00e9nitien. Par exemple, les disques de pon\u00e7age \u00e0 main pour les meules de polissage.\",\"breadcrumb\":{\"@id\":\"https:\\\/\\\/www.stucco-naturale.com\\\/fr\\\/produit\\\/disques-de-polissage-pour-meules-de-polissage\\\/#breadcrumb\"},\"inLanguage\":\"fr-FR\",\"potentialAction\":[{\"@type\":\"ReadAction\",\"target\":[\"https:\\\/\\\/www.stucco-naturale.com\\\/fr\\\/produit\\\/disques-de-polissage-pour-meules-de-polissage\\\/\"]}]},{\"@type\":\"ImageObject\",\"inLanguage\":\"fr-FR\",\"@id\":\"https:\\\/\\\/www.stucco-naturale.com\\\/fr\\\/produit\\\/disques-de-polissage-pour-meules-de-polissage\\\/#primaryimage\",\"url\":\"https:\\\/\\\/www.stucco-naturale.com\\\/wp-content\\\/uploads\\\/Hand-Schleifpad-150mm.jpg\",\"contentUrl\":\"https:\\\/\\\/www.stucco-naturale.com\\\/wp-content\\\/uploads\\\/Hand-Schleifpad-150mm.jpg\",\"width\":800,\"height\":800,\"caption\":\"Hand Schleifpad 150mm\"},{\"@type\":\"BreadcrumbList\",\"@id\":\"https:\\\/\\\/www.stucco-naturale.com\\\/fr\\\/produit\\\/disques-de-polissage-pour-meules-de-polissage\\\/#breadcrumb\",\"itemListElement\":[{\"@type\":\"ListItem\",\"position\":1,\"name\":\"Page d'accueil\",\"item\":\"https:\\\/\\\/www.stucco-naturale.com\\\/fr\\\/\"},{\"@type\":\"ListItem\",\"position\":2,\"name\":\"Boutique\",\"item\":\"https:\\\/\\\/www.stucco-naturale.com\\\/shop\\\/\"},{\"@type\":\"ListItem\",\"position\":3,\"name\":\"Disques de polissage pour meules de polissage\"}]},{\"@type\":\"WebSite\",\"@id\":\"https:\\\/\\\/www.stucco-naturale.com\\\/fr\\\/#website\",\"url\":\"https:\\\/\\\/www.stucco-naturale.com\\\/fr\\\/\",\"name\":\"Stucco naturale\",\"description\":\"Boutique pour Stucco Veneziano, Marmorino & Accessoires\",\"publisher\":{\"@id\":\"https:\\\/\\\/www.stucco-naturale.com\\\/fr\\\/#organization\"},\"potentialAction\":[{\"@type\":\"SearchAction\",\"target\":{\"@type\":\"EntryPoint\",\"urlTemplate\":\"https:\\\/\\\/www.stucco-naturale.com\\\/fr\\\/?s={search_term_string}\"},\"query-input\":{\"@type\":\"PropertyValueSpecification\",\"valueRequired\":true,\"valueName\":\"search_term_string\"}}],\"inLanguage\":\"fr-FR\"},{\"@type\":\"Organization\",\"@id\":\"https:\\\/\\\/www.stucco-naturale.com\\\/fr\\\/#organization\",\"name\":\"Stucco naturale\",\"url\":\"https:\\\/\\\/www.stucco-naturale.com\\\/fr\\\/\",\"logo\":{\"@type\":\"ImageObject\",\"inLanguage\":\"fr-FR\",\"@id\":\"https:\\\/\\\/www.stucco-naturale.com\\\/fr\\\/#\\\/schema\\\/logo\\\/image\\\/\",\"url\":\"https:\\\/\\\/www.stucco-naturale.com\\\/wp-content\\\/uploads\\\/logo_stucco-naturale.jpg\",\"contentUrl\":\"https:\\\/\\\/www.stucco-naturale.com\\\/wp-content\\\/uploads\\\/logo_stucco-naturale.jpg\",\"width\":400,\"height\":600,\"caption\":\"Stucco naturale\"},\"image\":{\"@id\":\"https:\\\/\\\/www.stucco-naturale.com\\\/fr\\\/#\\\/schema\\\/logo\\\/image\\\/\"},\"sameAs\":[\"https:\\\/\\\/www.facebook.com\\\/natuerlicher.kalkputz\\\/\",\"https:\\\/\\\/x.com\\\/StuccoNaturale\",\"https:\\\/\\\/www.instagram.com\\\/stucco_naturale\\\/?hl=de\"],\"vatID\":\"ATU78081825\"}]}<\/script>\n<!-- \/ Yoast SEO Premium plugin. -->","yoast_head_json":{"title":"Disques de polissage pour meules de polissage - Stucco naturale","description":"Chez Stucco Naturale, vous trouverez des outils de qualit\u00e9 pour la transformation du Stuc V\u00e9nitien. Par exemple, les disques de pon\u00e7age \u00e0 main pour les meules de polissage.","robots":{"index":"index","follow":"follow","max-snippet":"max-snippet:-1","max-image-preview":"max-image-preview:large","max-video-preview":"max-video-preview:-1"},"canonical":"https:\/\/www.stucco-naturale.com\/fr\/produit\/disques-de-polissage-pour-meules-de-polissage\/","og_locale":"fr_FR","og_type":"article","og_title":"Disques de polissage pour meules de polissage","og_description":"Chez Stucco Naturale, vous trouverez des outils de qualit\u00e9 pour la transformation du Stuc V\u00e9nitien. Par exemple, les disques de pon\u00e7age \u00e0 main pour les meules de polissage.","og_url":"https:\/\/www.stucco-naturale.com\/fr\/produit\/disques-de-polissage-pour-meules-de-polissage\/","og_site_name":"Stucco naturale","article_publisher":"https:\/\/www.facebook.com\/natuerlicher.kalkputz\/","article_modified_time":"2026-03-27T17:26:31+00:00","og_image":[{"width":800,"height":800,"url":"https:\/\/www.stucco-naturale.com\/wp-content\/uploads\/Hand-Schleifpad-150mm.jpg","type":"image\/jpeg"}],"twitter_card":"summary_large_image","twitter_site":"@StuccoNaturale","schema":{"@context":"https:\/\/schema.org","@graph":[{"@type":"WebPage","@id":"https:\/\/www.stucco-naturale.com\/fr\/produit\/disques-de-polissage-pour-meules-de-polissage\/","url":"https:\/\/www.stucco-naturale.com\/fr\/produit\/disques-de-polissage-pour-meules-de-polissage\/","name":"Disques de polissage pour meules de polissage - Stucco naturale","isPartOf":{"@id":"https:\/\/www.stucco-naturale.com\/fr\/#website"},"primaryImageOfPage":{"@id":"https:\/\/www.stucco-naturale.com\/fr\/produit\/disques-de-polissage-pour-meules-de-polissage\/#primaryimage"},"image":{"@id":"https:\/\/www.stucco-naturale.com\/fr\/produit\/disques-de-polissage-pour-meules-de-polissage\/#primaryimage"},"thumbnailUrl":"https:\/\/www.stucco-naturale.com\/wp-content\/uploads\/Hand-Schleifpad-150mm.jpg","datePublished":"2017-01-26T16:22:35+00:00","dateModified":"2026-03-27T17:26:31+00:00","description":"Chez Stucco Naturale, vous trouverez des outils de qualit\u00e9 pour la transformation du Stuc V\u00e9nitien. Par exemple, les disques de pon\u00e7age \u00e0 main pour les meules de polissage.","breadcrumb":{"@id":"https:\/\/www.stucco-naturale.com\/fr\/produit\/disques-de-polissage-pour-meules-de-polissage\/#breadcrumb"},"inLanguage":"fr-FR","potentialAction":[{"@type":"ReadAction","target":["https:\/\/www.stucco-naturale.com\/fr\/produit\/disques-de-polissage-pour-meules-de-polissage\/"]}]},{"@type":"ImageObject","inLanguage":"fr-FR","@id":"https:\/\/www.stucco-naturale.com\/fr\/produit\/disques-de-polissage-pour-meules-de-polissage\/#primaryimage","url":"https:\/\/www.stucco-naturale.com\/wp-content\/uploads\/Hand-Schleifpad-150mm.jpg","contentUrl":"https:\/\/www.stucco-naturale.com\/wp-content\/uploads\/Hand-Schleifpad-150mm.jpg","width":800,"height":800,"caption":"Hand Schleifpad 150mm"},{"@type":"BreadcrumbList","@id":"https:\/\/www.stucco-naturale.com\/fr\/produit\/disques-de-polissage-pour-meules-de-polissage\/#breadcrumb","itemListElement":[{"@type":"ListItem","position":1,"name":"Page d'accueil","item":"https:\/\/www.stucco-naturale.com\/fr\/"},{"@type":"ListItem","position":2,"name":"Boutique","item":"https:\/\/www.stucco-naturale.com\/shop\/"},{"@type":"ListItem","position":3,"name":"Disques de polissage pour meules de polissage"}]},{"@type":"WebSite","@id":"https:\/\/www.stucco-naturale.com\/fr\/#website","url":"https:\/\/www.stucco-naturale.com\/fr\/","name":"Stucco naturale","description":"Boutique pour Stucco Veneziano, Marmorino & Accessoires","publisher":{"@id":"https:\/\/www.stucco-naturale.com\/fr\/#organization"},"potentialAction":[{"@type":"SearchAction","target":{"@type":"EntryPoint","urlTemplate":"https:\/\/www.stucco-naturale.com\/fr\/?s={search_term_string}"},"query-input":{"@type":"PropertyValueSpecification","valueRequired":true,"valueName":"search_term_string"}}],"inLanguage":"fr-FR"},{"@type":"Organization","@id":"https:\/\/www.stucco-naturale.com\/fr\/#organization","name":"Stucco naturale","url":"https:\/\/www.stucco-naturale.com\/fr\/","logo":{"@type":"ImageObject","inLanguage":"fr-FR","@id":"https:\/\/www.stucco-naturale.com\/fr\/#\/schema\/logo\/image\/","url":"https:\/\/www.stucco-naturale.com\/wp-content\/uploads\/logo_stucco-naturale.jpg","contentUrl":"https:\/\/www.stucco-naturale.com\/wp-content\/uploads\/logo_stucco-naturale.jpg","width":400,"height":600,"caption":"Stucco naturale"},"image":{"@id":"https:\/\/www.stucco-naturale.com\/fr\/#\/schema\/logo\/image\/"},"sameAs":["https:\/\/www.facebook.com\/natuerlicher.kalkputz\/","https:\/\/x.com\/StuccoNaturale","https:\/\/www.instagram.com\/stucco_naturale\/?hl=de"],"vatID":"ATU78081825"}]}},"_links":{"self":[{"href":"https:\/\/www.stucco-naturale.com\/fr\/wp-json\/wp\/v2\/product\/35052","targetHints":{"allow":["GET"]}}],"collection":[{"href":"https:\/\/www.stucco-naturale.com\/fr\/wp-json\/wp\/v2\/product"}],"about":[{"href":"https:\/\/www.stucco-naturale.com\/fr\/wp-json\/wp\/v2\/types\/product"}],"wp:featuredmedia":[{"embeddable":true,"href":"https:\/\/www.stucco-naturale.com\/fr\/wp-json\/wp\/v2\/media\/35055"}],"wp:attachment":[{"href":"https:\/\/www.stucco-naturale.com\/fr\/wp-json\/wp\/v2\/media?parent=35052"}],"wp:term":[{"taxonomy":"product_brand","embeddable":true,"href":"https:\/\/www.stucco-naturale.com\/fr\/wp-json\/wp\/v2\/product_brand?post=35052"},{"taxonomy":"product_cat","embeddable":true,"href":"https:\/\/www.stucco-naturale.com\/fr\/wp-json\/wp\/v2\/product_cat?post=35052"},{"taxonomy":"product_tag","embeddable":true,"href":"https:\/\/www.stucco-naturale.com\/fr\/wp-json\/wp\/v2\/product_tag?post=35052"}],"curies":[{"name":"wp","href":"https:\/\/api.w.org\/{rel}","templated":true}]}}