{"id":34799,"date":"2018-01-29T17:55:35","date_gmt":"2018-01-29T16:55:35","guid":{"rendered":"https:\/\/www.stucco-naturale.com\/produkt\/eau-de-chaux-sinterisee\/"},"modified":"2026-03-27T18:34:12","modified_gmt":"2026-03-27T17:34:12","slug":"eau-de-chaux-sinterisee","status":"publish","type":"product","link":"https:\/\/www.stucco-naturale.com\/fr\/produit\/eau-de-chaux-sinterisee\/","title":{"rendered":"Eau de chaux sint\u00e9ris\u00e9e"},"content":{"rendered":"\n<div class=\"et_pb_section_0 et_pb_section et_section_regular et_block_section\"><div class=\"et_pb_row_0 et_pb_row et_block_row\"><div class=\"et_pb_column_0 et_pb_column et_pb_column_4_4 et-last-child et_block_column et_pb_css_mix_blend_mode_passthrough\"><div class=\"et_pb_wc_cart_notice_0 et_pb_wc_cart_notice et_pb_fields_layout_default et_pb_module\"><div class=\"et_pb_module_inner\">\n\t<div class=\"woocommerce-message\" role=\"alert\">\n\t\t&ldquo;Product Name&rdquo; has been added to cart.\t<\/div>\n<\/div><\/div><\/div><\/div><div class=\"et_pb_row_1 et_pb_row et_block_row\"><div class=\"et_pb_column_1 et_pb_column et_pb_column_1_2 et_block_column et_pb_css_mix_blend_mode_passthrough\"><div class=\"et_pb_wc_images_0 et_pb_wc_images et_pb_module\"><div class=\"et_pb_module_inner\"><\/div><\/div><\/div><div class=\"et_pb_column_2 et_pb_column et_pb_column_1_2 et-last-child et_block_column et_pb_css_mix_blend_mode_passthrough\"><div class=\"et_pb_wc_title_0 et_pb_wc_title et_pb_bg_layout_light et_pb_module\"><div class=\"et_pb_module_inner\">\n\t\t<h1>Eau de chaux sint\u00e9ris\u00e9e<\/h1><\/div><\/div><\/div><\/div><div class=\"et_pb_row_2 et_pb_row et_block_row\"><div class=\"et_pb_column_3 et_pb_column et_pb_column_4_4 et-last-child et_block_column et_pb_css_mix_blend_mode_passthrough\"><div class=\"et_pb_wc_tabs_0 et_pb_wc_tabs et_pb_tabs et_pb_module\"><div class=\"et_pb_module_inner\"><ul class=\"et_pb_tabs_controls clearfix\"><\/ul><div class=\"et_pb_all_tabs\"><\/div><\/div><\/div><\/div><\/div><\/div>\n<span class=\"et_bloom_bottom_trigger\"><\/span>","protected":false},"excerpt":{"rendered":"<p>Eau de frittage de la chaux pour la production d&rsquo;\u00e9maux \u00e0 la chaux et pour la consolidation des enduits de pon\u00e7age.<\/p>\n","protected":false},"featured_media":34803,"template":"","meta":[],"product_brand":[],"product_cat":[306,294,296],"product_tag":[],"class_list":{"0":"post-34799","1":"product","2":"type-product","3":"status-publish","4":"has-post-thumbnail","6":"product_cat-accessoires","7":"product_cat-pigments-de-couleur","8":"product_cat-primaire-dadherence","9":"product_shipping_class-livraison-de-colis","11":"first","12":"instock","13":"taxable","14":"shipping-taxable","15":"purchasable","16":"product-type-variable","17":"has-default-attributes"},"yoast_head":"<!-- This site is optimized with the Yoast SEO Premium plugin v27.5 (Yoast SEO v27.5) - https:\/\/yoast.com\/product\/yoast-seo-premium-wordpress\/ -->\n<title>Acheter de l&#039;eau de chaux fritt\u00e9e en ligne - Stucco naturale<\/title>\n<meta name=\"description\" content=\"Eau de frittage de la chaux pour la production d&#039;\u00e9maux \u00e0 la chaux et pour la consolidation des enduits. Ici, vous pouvez acheter de l&#039;eau de chaux fritt\u00e9e en ligne pour moins cher.\" \/>\n<meta name=\"robots\" content=\"index, follow, max-snippet:-1, max-image-preview:large, max-video-preview:-1\" \/>\n<link rel=\"canonical\" href=\"https:\/\/www.stucco-naturale.com\/fr\/produit\/eau-de-chaux-sinterisee\/\" \/>\n<meta property=\"og:locale\" content=\"fr_FR\" \/>\n<meta property=\"og:type\" content=\"article\" \/>\n<meta property=\"og:title\" content=\"Eau de chaux sint\u00e9ris\u00e9e\" \/>\n<meta property=\"og:description\" content=\"Eau de frittage de la chaux pour la production d&#039;\u00e9maux \u00e0 la chaux et pour la consolidation des enduits. Ici, vous pouvez acheter de l&#039;eau de chaux fritt\u00e9e en ligne pour moins cher.\" \/>\n<meta property=\"og:url\" content=\"https:\/\/www.stucco-naturale.com\/fr\/produit\/eau-de-chaux-sinterisee\/\" \/>\n<meta property=\"og:site_name\" content=\"Stucco naturale\" \/>\n<meta property=\"article:publisher\" content=\"https:\/\/www.facebook.com\/natuerlicher.kalkputz\/\" \/>\n<meta property=\"article:modified_time\" content=\"2026-03-27T17:34:12+00:00\" \/>\n<meta property=\"og:image\" content=\"https:\/\/www.stucco-naturale.com\/wp-content\/uploads\/Kalksinterwasser.jpg\" \/>\n\t<meta property=\"og:image:width\" content=\"800\" \/>\n\t<meta property=\"og:image:height\" content=\"800\" \/>\n\t<meta property=\"og:image:type\" content=\"image\/jpeg\" \/>\n<meta name=\"twitter:card\" content=\"summary_large_image\" \/>\n<meta name=\"twitter:site\" content=\"@StuccoNaturale\" \/>\n<script type=\"application\/ld+json\" class=\"yoast-schema-graph\">{\"@context\":\"https:\\\/\\\/schema.org\",\"@graph\":[{\"@type\":\"WebPage\",\"@id\":\"https:\\\/\\\/www.stucco-naturale.com\\\/fr\\\/produit\\\/eau-de-chaux-sinterisee\\\/\",\"url\":\"https:\\\/\\\/www.stucco-naturale.com\\\/fr\\\/produit\\\/eau-de-chaux-sinterisee\\\/\",\"name\":\"Acheter de l'eau de chaux fritt\u00e9e en ligne - Stucco naturale\",\"isPartOf\":{\"@id\":\"https:\\\/\\\/www.stucco-naturale.com\\\/fr\\\/#website\"},\"primaryImageOfPage\":{\"@id\":\"https:\\\/\\\/www.stucco-naturale.com\\\/fr\\\/produit\\\/eau-de-chaux-sinterisee\\\/#primaryimage\"},\"image\":{\"@id\":\"https:\\\/\\\/www.stucco-naturale.com\\\/fr\\\/produit\\\/eau-de-chaux-sinterisee\\\/#primaryimage\"},\"thumbnailUrl\":\"https:\\\/\\\/www.stucco-naturale.com\\\/wp-content\\\/uploads\\\/Kalksinterwasser.jpg\",\"datePublished\":\"2018-01-29T16:55:35+00:00\",\"dateModified\":\"2026-03-27T17:34:12+00:00\",\"description\":\"Eau de frittage de la chaux pour la production d'\u00e9maux \u00e0 la chaux et pour la consolidation des enduits. Ici, vous pouvez acheter de l'eau de chaux fritt\u00e9e en ligne pour moins cher.\",\"breadcrumb\":{\"@id\":\"https:\\\/\\\/www.stucco-naturale.com\\\/fr\\\/produit\\\/eau-de-chaux-sinterisee\\\/#breadcrumb\"},\"inLanguage\":\"fr-FR\",\"potentialAction\":[{\"@type\":\"ReadAction\",\"target\":[\"https:\\\/\\\/www.stucco-naturale.com\\\/fr\\\/produit\\\/eau-de-chaux-sinterisee\\\/\"]}]},{\"@type\":\"ImageObject\",\"inLanguage\":\"fr-FR\",\"@id\":\"https:\\\/\\\/www.stucco-naturale.com\\\/fr\\\/produit\\\/eau-de-chaux-sinterisee\\\/#primaryimage\",\"url\":\"https:\\\/\\\/www.stucco-naturale.com\\\/wp-content\\\/uploads\\\/Kalksinterwasser.jpg\",\"contentUrl\":\"https:\\\/\\\/www.stucco-naturale.com\\\/wp-content\\\/uploads\\\/Kalksinterwasser.jpg\",\"width\":800,\"height\":800,\"caption\":\"Kalk-Sinterwasser\"},{\"@type\":\"BreadcrumbList\",\"@id\":\"https:\\\/\\\/www.stucco-naturale.com\\\/fr\\\/produit\\\/eau-de-chaux-sinterisee\\\/#breadcrumb\",\"itemListElement\":[{\"@type\":\"ListItem\",\"position\":1,\"name\":\"Page d'accueil\",\"item\":\"https:\\\/\\\/www.stucco-naturale.com\\\/fr\\\/\"},{\"@type\":\"ListItem\",\"position\":2,\"name\":\"Boutique\",\"item\":\"https:\\\/\\\/www.stucco-naturale.com\\\/shop\\\/\"},{\"@type\":\"ListItem\",\"position\":3,\"name\":\"Eau de chaux sint\u00e9ris\u00e9e\"}]},{\"@type\":\"WebSite\",\"@id\":\"https:\\\/\\\/www.stucco-naturale.com\\\/fr\\\/#website\",\"url\":\"https:\\\/\\\/www.stucco-naturale.com\\\/fr\\\/\",\"name\":\"Stucco naturale\",\"description\":\"Boutique pour Stucco Veneziano, Marmorino & Accessoires\",\"publisher\":{\"@id\":\"https:\\\/\\\/www.stucco-naturale.com\\\/fr\\\/#organization\"},\"potentialAction\":[{\"@type\":\"SearchAction\",\"target\":{\"@type\":\"EntryPoint\",\"urlTemplate\":\"https:\\\/\\\/www.stucco-naturale.com\\\/fr\\\/?s={search_term_string}\"},\"query-input\":{\"@type\":\"PropertyValueSpecification\",\"valueRequired\":true,\"valueName\":\"search_term_string\"}}],\"inLanguage\":\"fr-FR\"},{\"@type\":\"Organization\",\"@id\":\"https:\\\/\\\/www.stucco-naturale.com\\\/fr\\\/#organization\",\"name\":\"Stucco naturale\",\"url\":\"https:\\\/\\\/www.stucco-naturale.com\\\/fr\\\/\",\"logo\":{\"@type\":\"ImageObject\",\"inLanguage\":\"fr-FR\",\"@id\":\"https:\\\/\\\/www.stucco-naturale.com\\\/fr\\\/#\\\/schema\\\/logo\\\/image\\\/\",\"url\":\"https:\\\/\\\/www.stucco-naturale.com\\\/wp-content\\\/uploads\\\/logo_stucco-naturale.jpg\",\"contentUrl\":\"https:\\\/\\\/www.stucco-naturale.com\\\/wp-content\\\/uploads\\\/logo_stucco-naturale.jpg\",\"width\":400,\"height\":600,\"caption\":\"Stucco naturale\"},\"image\":{\"@id\":\"https:\\\/\\\/www.stucco-naturale.com\\\/fr\\\/#\\\/schema\\\/logo\\\/image\\\/\"},\"sameAs\":[\"https:\\\/\\\/www.facebook.com\\\/natuerlicher.kalkputz\\\/\",\"https:\\\/\\\/x.com\\\/StuccoNaturale\",\"https:\\\/\\\/www.instagram.com\\\/stucco_naturale\\\/?hl=de\"],\"vatID\":\"ATU78081825\"}]}<\/script>\n<!-- \/ Yoast SEO Premium plugin. -->","yoast_head_json":{"title":"Acheter de l'eau de chaux fritt\u00e9e en ligne - Stucco naturale","description":"Eau de frittage de la chaux pour la production d'\u00e9maux \u00e0 la chaux et pour la consolidation des enduits. Ici, vous pouvez acheter de l'eau de chaux fritt\u00e9e en ligne pour moins cher.","robots":{"index":"index","follow":"follow","max-snippet":"max-snippet:-1","max-image-preview":"max-image-preview:large","max-video-preview":"max-video-preview:-1"},"canonical":"https:\/\/www.stucco-naturale.com\/fr\/produit\/eau-de-chaux-sinterisee\/","og_locale":"fr_FR","og_type":"article","og_title":"Eau de chaux sint\u00e9ris\u00e9e","og_description":"Eau de frittage de la chaux pour la production d'\u00e9maux \u00e0 la chaux et pour la consolidation des enduits. Ici, vous pouvez acheter de l'eau de chaux fritt\u00e9e en ligne pour moins cher.","og_url":"https:\/\/www.stucco-naturale.com\/fr\/produit\/eau-de-chaux-sinterisee\/","og_site_name":"Stucco naturale","article_publisher":"https:\/\/www.facebook.com\/natuerlicher.kalkputz\/","article_modified_time":"2026-03-27T17:34:12+00:00","og_image":[{"width":800,"height":800,"url":"https:\/\/www.stucco-naturale.com\/wp-content\/uploads\/Kalksinterwasser.jpg","type":"image\/jpeg"}],"twitter_card":"summary_large_image","twitter_site":"@StuccoNaturale","schema":{"@context":"https:\/\/schema.org","@graph":[{"@type":"WebPage","@id":"https:\/\/www.stucco-naturale.com\/fr\/produit\/eau-de-chaux-sinterisee\/","url":"https:\/\/www.stucco-naturale.com\/fr\/produit\/eau-de-chaux-sinterisee\/","name":"Acheter de l'eau de chaux fritt\u00e9e en ligne - Stucco naturale","isPartOf":{"@id":"https:\/\/www.stucco-naturale.com\/fr\/#website"},"primaryImageOfPage":{"@id":"https:\/\/www.stucco-naturale.com\/fr\/produit\/eau-de-chaux-sinterisee\/#primaryimage"},"image":{"@id":"https:\/\/www.stucco-naturale.com\/fr\/produit\/eau-de-chaux-sinterisee\/#primaryimage"},"thumbnailUrl":"https:\/\/www.stucco-naturale.com\/wp-content\/uploads\/Kalksinterwasser.jpg","datePublished":"2018-01-29T16:55:35+00:00","dateModified":"2026-03-27T17:34:12+00:00","description":"Eau de frittage de la chaux pour la production d'\u00e9maux \u00e0 la chaux et pour la consolidation des enduits. Ici, vous pouvez acheter de l'eau de chaux fritt\u00e9e en ligne pour moins cher.","breadcrumb":{"@id":"https:\/\/www.stucco-naturale.com\/fr\/produit\/eau-de-chaux-sinterisee\/#breadcrumb"},"inLanguage":"fr-FR","potentialAction":[{"@type":"ReadAction","target":["https:\/\/www.stucco-naturale.com\/fr\/produit\/eau-de-chaux-sinterisee\/"]}]},{"@type":"ImageObject","inLanguage":"fr-FR","@id":"https:\/\/www.stucco-naturale.com\/fr\/produit\/eau-de-chaux-sinterisee\/#primaryimage","url":"https:\/\/www.stucco-naturale.com\/wp-content\/uploads\/Kalksinterwasser.jpg","contentUrl":"https:\/\/www.stucco-naturale.com\/wp-content\/uploads\/Kalksinterwasser.jpg","width":800,"height":800,"caption":"Kalk-Sinterwasser"},{"@type":"BreadcrumbList","@id":"https:\/\/www.stucco-naturale.com\/fr\/produit\/eau-de-chaux-sinterisee\/#breadcrumb","itemListElement":[{"@type":"ListItem","position":1,"name":"Page d'accueil","item":"https:\/\/www.stucco-naturale.com\/fr\/"},{"@type":"ListItem","position":2,"name":"Boutique","item":"https:\/\/www.stucco-naturale.com\/shop\/"},{"@type":"ListItem","position":3,"name":"Eau de chaux sint\u00e9ris\u00e9e"}]},{"@type":"WebSite","@id":"https:\/\/www.stucco-naturale.com\/fr\/#website","url":"https:\/\/www.stucco-naturale.com\/fr\/","name":"Stucco naturale","description":"Boutique pour Stucco Veneziano, Marmorino & Accessoires","publisher":{"@id":"https:\/\/www.stucco-naturale.com\/fr\/#organization"},"potentialAction":[{"@type":"SearchAction","target":{"@type":"EntryPoint","urlTemplate":"https:\/\/www.stucco-naturale.com\/fr\/?s={search_term_string}"},"query-input":{"@type":"PropertyValueSpecification","valueRequired":true,"valueName":"search_term_string"}}],"inLanguage":"fr-FR"},{"@type":"Organization","@id":"https:\/\/www.stucco-naturale.com\/fr\/#organization","name":"Stucco naturale","url":"https:\/\/www.stucco-naturale.com\/fr\/","logo":{"@type":"ImageObject","inLanguage":"fr-FR","@id":"https:\/\/www.stucco-naturale.com\/fr\/#\/schema\/logo\/image\/","url":"https:\/\/www.stucco-naturale.com\/wp-content\/uploads\/logo_stucco-naturale.jpg","contentUrl":"https:\/\/www.stucco-naturale.com\/wp-content\/uploads\/logo_stucco-naturale.jpg","width":400,"height":600,"caption":"Stucco naturale"},"image":{"@id":"https:\/\/www.stucco-naturale.com\/fr\/#\/schema\/logo\/image\/"},"sameAs":["https:\/\/www.facebook.com\/natuerlicher.kalkputz\/","https:\/\/x.com\/StuccoNaturale","https:\/\/www.instagram.com\/stucco_naturale\/?hl=de"],"vatID":"ATU78081825"}]}},"_links":{"self":[{"href":"https:\/\/www.stucco-naturale.com\/fr\/wp-json\/wp\/v2\/product\/34799","targetHints":{"allow":["GET"]}}],"collection":[{"href":"https:\/\/www.stucco-naturale.com\/fr\/wp-json\/wp\/v2\/product"}],"about":[{"href":"https:\/\/www.stucco-naturale.com\/fr\/wp-json\/wp\/v2\/types\/product"}],"wp:featuredmedia":[{"embeddable":true,"href":"https:\/\/www.stucco-naturale.com\/fr\/wp-json\/wp\/v2\/media\/34803"}],"wp:attachment":[{"href":"https:\/\/www.stucco-naturale.com\/fr\/wp-json\/wp\/v2\/media?parent=34799"}],"wp:term":[{"taxonomy":"product_brand","embeddable":true,"href":"https:\/\/www.stucco-naturale.com\/fr\/wp-json\/wp\/v2\/product_brand?post=34799"},{"taxonomy":"product_cat","embeddable":true,"href":"https:\/\/www.stucco-naturale.com\/fr\/wp-json\/wp\/v2\/product_cat?post=34799"},{"taxonomy":"product_tag","embeddable":true,"href":"https:\/\/www.stucco-naturale.com\/fr\/wp-json\/wp\/v2\/product_tag?post=34799"}],"curies":[{"name":"wp","href":"https:\/\/api.w.org\/{rel}","templated":true}]}}