{"id":33419,"date":"2017-01-26T10:25:38","date_gmt":"2017-01-26T09:25:38","guid":{"rendered":"https:\/\/www.stucco-naturale.com\/produkt\/ruban-de-masquage\/"},"modified":"2026-03-27T18:24:10","modified_gmt":"2026-03-27T17:24:10","slug":"ruban-de-masquage","status":"publish","type":"product","link":"https:\/\/www.stucco-naturale.com\/fr\/produit\/ruban-de-masquage\/","title":{"rendered":"Ruban de masquage"},"content":{"rendered":"\n<div class=\"et_pb_section_0 et_pb_section et_section_regular et_block_section\"><div class=\"et_pb_row_0 et_pb_row et_block_row\"><div class=\"et_pb_column_0 et_pb_column et_pb_column_4_4 et-last-child et_block_column et_pb_css_mix_blend_mode_passthrough\"><div class=\"et_pb_wc_cart_notice_0 et_pb_wc_cart_notice et_pb_fields_layout_default et_pb_module\"><div class=\"et_pb_module_inner\">\n\t<div class=\"woocommerce-message\" role=\"alert\">\n\t\t&ldquo;Product Name&rdquo; has been added to cart.\t<\/div>\n<\/div><\/div><\/div><\/div><div class=\"et_pb_row_1 et_pb_row et_block_row\"><div class=\"et_pb_column_1 et_pb_column et_pb_column_1_2 et_block_column et_pb_css_mix_blend_mode_passthrough\"><div class=\"et_pb_wc_images_0 et_pb_wc_images et_pb_module\"><div class=\"et_pb_module_inner\"><\/div><\/div><\/div><div class=\"et_pb_column_2 et_pb_column et_pb_column_1_2 et-last-child et_block_column et_pb_css_mix_blend_mode_passthrough\"><div class=\"et_pb_wc_title_0 et_pb_wc_title et_pb_bg_layout_light et_pb_module\"><div class=\"et_pb_module_inner\">\n\t\t<h1>Ruban de masquage<\/h1><\/div><\/div><\/div><\/div><div class=\"et_pb_row_2 et_pb_row et_block_row\"><div class=\"et_pb_column_3 et_pb_column et_pb_column_4_4 et-last-child et_block_column et_pb_css_mix_blend_mode_passthrough\"><div class=\"et_pb_wc_tabs_0 et_pb_wc_tabs et_pb_tabs et_pb_module\"><div class=\"et_pb_module_inner\"><ul class=\"et_pb_tabs_controls clearfix\"><\/ul><div class=\"et_pb_all_tabs\"><\/div><\/div><\/div><\/div><\/div><\/div>\n<span class=\"et_bloom_bottom_trigger\"><\/span>","protected":false},"excerpt":{"rendered":"<p>Bande adh\u00e9sive en papier avec un pouvoir adh\u00e9sif moyen.<br \/>\nAdh\u00e8re sur des surfaces lisses et l\u00e9g\u00e8rement rugueuses.<br \/>\nLargeur 19 mm, 38 mm.<\/p>\n","protected":false},"featured_media":61745,"template":"","meta":[],"product_brand":[],"product_cat":[306,290,527],"product_tag":[],"class_list":{"0":"post-33419","1":"product","2":"type-product","3":"status-publish","4":"has-post-thumbnail","6":"product_cat-accessoires","7":"product_cat-outils","8":"product_cat-outils-de-peinture","9":"product_shipping_class-livraison-de-colis","11":"first","12":"instock","13":"taxable","14":"shipping-taxable","15":"purchasable","16":"product-type-variable","17":"has-default-attributes"},"yoast_head":"<!-- This site is optimized with the Yoast SEO Premium plugin v27.3 (Yoast SEO v27.3) - https:\/\/yoast.com\/product\/yoast-seo-premium-wordpress\/ -->\n<title>Ruban de masquage papier pour la peinture - %<\/title>\n<meta name=\"description\" content=\"Ici, vous pouvez commander en ligne le ruban de masquage en papier de Schuller \u00e0 un prix avantageux et en toute s\u00e9curit\u00e9. Pouvoir adh\u00e9sif moyen. Disponible en 19 mm et 38 mm.\" \/>\n<meta name=\"robots\" content=\"index, follow, max-snippet:-1, max-image-preview:large, max-video-preview:-1\" \/>\n<link rel=\"canonical\" href=\"https:\/\/www.stucco-naturale.com\/fr\/produit\/ruban-de-masquage\/\" \/>\n<meta property=\"og:locale\" content=\"fr_FR\" \/>\n<meta property=\"og:type\" content=\"article\" \/>\n<meta property=\"og:title\" content=\"Ruban de masquage\" \/>\n<meta property=\"og:description\" content=\"Ici, vous pouvez commander en ligne le ruban de masquage en papier de Schuller \u00e0 un prix avantageux et en toute s\u00e9curit\u00e9. Pouvoir adh\u00e9sif moyen. Disponible en 19 mm et 38 mm.\" \/>\n<meta property=\"og:url\" content=\"https:\/\/www.stucco-naturale.com\/fr\/produit\/ruban-de-masquage\/\" \/>\n<meta property=\"og:site_name\" content=\"Stucco naturale\" \/>\n<meta property=\"article:publisher\" content=\"https:\/\/www.facebook.com\/natuerlicher.kalkputz\/\" \/>\n<meta property=\"article:modified_time\" content=\"2026-03-27T17:24:10+00:00\" \/>\n<meta property=\"og:image\" content=\"https:\/\/www.stucco-naturale.com\/wp-content\/uploads\/Schuller-RED-CORE-IND.jpg\" \/>\n\t<meta property=\"og:image:width\" content=\"800\" \/>\n\t<meta property=\"og:image:height\" content=\"800\" \/>\n\t<meta property=\"og:image:type\" content=\"image\/jpeg\" \/>\n<meta name=\"twitter:card\" content=\"summary_large_image\" \/>\n<meta name=\"twitter:site\" content=\"@StuccoNaturale\" \/>\n<script type=\"application\/ld+json\" class=\"yoast-schema-graph\">{\"@context\":\"https:\\\/\\\/schema.org\",\"@graph\":[{\"@type\":\"WebPage\",\"@id\":\"https:\\\/\\\/www.stucco-naturale.com\\\/fr\\\/produit\\\/ruban-de-masquage\\\/\",\"url\":\"https:\\\/\\\/www.stucco-naturale.com\\\/fr\\\/produit\\\/ruban-de-masquage\\\/\",\"name\":\"Ruban de masquage papier pour la peinture - %\",\"isPartOf\":{\"@id\":\"https:\\\/\\\/www.stucco-naturale.com\\\/fr\\\/#website\"},\"primaryImageOfPage\":{\"@id\":\"https:\\\/\\\/www.stucco-naturale.com\\\/fr\\\/produit\\\/ruban-de-masquage\\\/#primaryimage\"},\"image\":{\"@id\":\"https:\\\/\\\/www.stucco-naturale.com\\\/fr\\\/produit\\\/ruban-de-masquage\\\/#primaryimage\"},\"thumbnailUrl\":\"https:\\\/\\\/www.stucco-naturale.com\\\/wp-content\\\/uploads\\\/Schuller-RED-CORE-IND.jpg\",\"datePublished\":\"2017-01-26T09:25:38+00:00\",\"dateModified\":\"2026-03-27T17:24:10+00:00\",\"description\":\"Ici, vous pouvez commander en ligne le ruban de masquage en papier de Schuller \u00e0 un prix avantageux et en toute s\u00e9curit\u00e9. Pouvoir adh\u00e9sif moyen. Disponible en 19 mm et 38 mm.\",\"breadcrumb\":{\"@id\":\"https:\\\/\\\/www.stucco-naturale.com\\\/fr\\\/produit\\\/ruban-de-masquage\\\/#breadcrumb\"},\"inLanguage\":\"fr-FR\",\"potentialAction\":[{\"@type\":\"ReadAction\",\"target\":[\"https:\\\/\\\/www.stucco-naturale.com\\\/fr\\\/produit\\\/ruban-de-masquage\\\/\"]}]},{\"@type\":\"ImageObject\",\"inLanguage\":\"fr-FR\",\"@id\":\"https:\\\/\\\/www.stucco-naturale.com\\\/fr\\\/produit\\\/ruban-de-masquage\\\/#primaryimage\",\"url\":\"https:\\\/\\\/www.stucco-naturale.com\\\/wp-content\\\/uploads\\\/Schuller-RED-CORE-IND.jpg\",\"contentUrl\":\"https:\\\/\\\/www.stucco-naturale.com\\\/wp-content\\\/uploads\\\/Schuller-RED-CORE-IND.jpg\",\"width\":800,\"height\":800,\"caption\":\"Schuller-RED-CORE-INDUSTRIE\"},{\"@type\":\"BreadcrumbList\",\"@id\":\"https:\\\/\\\/www.stucco-naturale.com\\\/fr\\\/produit\\\/ruban-de-masquage\\\/#breadcrumb\",\"itemListElement\":[{\"@type\":\"ListItem\",\"position\":1,\"name\":\"Page d'accueil\",\"item\":\"https:\\\/\\\/www.stucco-naturale.com\\\/fr\\\/\"},{\"@type\":\"ListItem\",\"position\":2,\"name\":\"Boutique\",\"item\":\"https:\\\/\\\/www.stucco-naturale.com\\\/shop\\\/\"},{\"@type\":\"ListItem\",\"position\":3,\"name\":\"Ruban de masquage\"}]},{\"@type\":\"WebSite\",\"@id\":\"https:\\\/\\\/www.stucco-naturale.com\\\/fr\\\/#website\",\"url\":\"https:\\\/\\\/www.stucco-naturale.com\\\/fr\\\/\",\"name\":\"Stucco naturale\",\"description\":\"Boutique pour Stucco Veneziano, Marmorino & Accessoires\",\"publisher\":{\"@id\":\"https:\\\/\\\/www.stucco-naturale.com\\\/fr\\\/#organization\"},\"potentialAction\":[{\"@type\":\"SearchAction\",\"target\":{\"@type\":\"EntryPoint\",\"urlTemplate\":\"https:\\\/\\\/www.stucco-naturale.com\\\/fr\\\/?s={search_term_string}\"},\"query-input\":{\"@type\":\"PropertyValueSpecification\",\"valueRequired\":true,\"valueName\":\"search_term_string\"}}],\"inLanguage\":\"fr-FR\"},{\"@type\":\"Organization\",\"@id\":\"https:\\\/\\\/www.stucco-naturale.com\\\/fr\\\/#organization\",\"name\":\"Stucco naturale\",\"url\":\"https:\\\/\\\/www.stucco-naturale.com\\\/fr\\\/\",\"logo\":{\"@type\":\"ImageObject\",\"inLanguage\":\"fr-FR\",\"@id\":\"https:\\\/\\\/www.stucco-naturale.com\\\/fr\\\/#\\\/schema\\\/logo\\\/image\\\/\",\"url\":\"https:\\\/\\\/www.stucco-naturale.com\\\/wp-content\\\/uploads\\\/logo_stucco-naturale.jpg\",\"contentUrl\":\"https:\\\/\\\/www.stucco-naturale.com\\\/wp-content\\\/uploads\\\/logo_stucco-naturale.jpg\",\"width\":400,\"height\":600,\"caption\":\"Stucco naturale\"},\"image\":{\"@id\":\"https:\\\/\\\/www.stucco-naturale.com\\\/fr\\\/#\\\/schema\\\/logo\\\/image\\\/\"},\"sameAs\":[\"https:\\\/\\\/www.facebook.com\\\/natuerlicher.kalkputz\\\/\",\"https:\\\/\\\/x.com\\\/StuccoNaturale\",\"https:\\\/\\\/www.instagram.com\\\/stucco_naturale\\\/?hl=de\"],\"vatID\":\"ATU78081825\"}]}<\/script>\n<!-- \/ Yoast SEO Premium plugin. -->","yoast_head_json":{"title":"Ruban de masquage papier pour la peinture - %","description":"Ici, vous pouvez commander en ligne le ruban de masquage en papier de Schuller \u00e0 un prix avantageux et en toute s\u00e9curit\u00e9. Pouvoir adh\u00e9sif moyen. Disponible en 19 mm et 38 mm.","robots":{"index":"index","follow":"follow","max-snippet":"max-snippet:-1","max-image-preview":"max-image-preview:large","max-video-preview":"max-video-preview:-1"},"canonical":"https:\/\/www.stucco-naturale.com\/fr\/produit\/ruban-de-masquage\/","og_locale":"fr_FR","og_type":"article","og_title":"Ruban de masquage","og_description":"Ici, vous pouvez commander en ligne le ruban de masquage en papier de Schuller \u00e0 un prix avantageux et en toute s\u00e9curit\u00e9. Pouvoir adh\u00e9sif moyen. Disponible en 19 mm et 38 mm.","og_url":"https:\/\/www.stucco-naturale.com\/fr\/produit\/ruban-de-masquage\/","og_site_name":"Stucco naturale","article_publisher":"https:\/\/www.facebook.com\/natuerlicher.kalkputz\/","article_modified_time":"2026-03-27T17:24:10+00:00","og_image":[{"width":800,"height":800,"url":"https:\/\/www.stucco-naturale.com\/wp-content\/uploads\/Schuller-RED-CORE-IND.jpg","type":"image\/jpeg"}],"twitter_card":"summary_large_image","twitter_site":"@StuccoNaturale","schema":{"@context":"https:\/\/schema.org","@graph":[{"@type":"WebPage","@id":"https:\/\/www.stucco-naturale.com\/fr\/produit\/ruban-de-masquage\/","url":"https:\/\/www.stucco-naturale.com\/fr\/produit\/ruban-de-masquage\/","name":"Ruban de masquage papier pour la peinture - %","isPartOf":{"@id":"https:\/\/www.stucco-naturale.com\/fr\/#website"},"primaryImageOfPage":{"@id":"https:\/\/www.stucco-naturale.com\/fr\/produit\/ruban-de-masquage\/#primaryimage"},"image":{"@id":"https:\/\/www.stucco-naturale.com\/fr\/produit\/ruban-de-masquage\/#primaryimage"},"thumbnailUrl":"https:\/\/www.stucco-naturale.com\/wp-content\/uploads\/Schuller-RED-CORE-IND.jpg","datePublished":"2017-01-26T09:25:38+00:00","dateModified":"2026-03-27T17:24:10+00:00","description":"Ici, vous pouvez commander en ligne le ruban de masquage en papier de Schuller \u00e0 un prix avantageux et en toute s\u00e9curit\u00e9. Pouvoir adh\u00e9sif moyen. Disponible en 19 mm et 38 mm.","breadcrumb":{"@id":"https:\/\/www.stucco-naturale.com\/fr\/produit\/ruban-de-masquage\/#breadcrumb"},"inLanguage":"fr-FR","potentialAction":[{"@type":"ReadAction","target":["https:\/\/www.stucco-naturale.com\/fr\/produit\/ruban-de-masquage\/"]}]},{"@type":"ImageObject","inLanguage":"fr-FR","@id":"https:\/\/www.stucco-naturale.com\/fr\/produit\/ruban-de-masquage\/#primaryimage","url":"https:\/\/www.stucco-naturale.com\/wp-content\/uploads\/Schuller-RED-CORE-IND.jpg","contentUrl":"https:\/\/www.stucco-naturale.com\/wp-content\/uploads\/Schuller-RED-CORE-IND.jpg","width":800,"height":800,"caption":"Schuller-RED-CORE-INDUSTRIE"},{"@type":"BreadcrumbList","@id":"https:\/\/www.stucco-naturale.com\/fr\/produit\/ruban-de-masquage\/#breadcrumb","itemListElement":[{"@type":"ListItem","position":1,"name":"Page d'accueil","item":"https:\/\/www.stucco-naturale.com\/fr\/"},{"@type":"ListItem","position":2,"name":"Boutique","item":"https:\/\/www.stucco-naturale.com\/shop\/"},{"@type":"ListItem","position":3,"name":"Ruban de masquage"}]},{"@type":"WebSite","@id":"https:\/\/www.stucco-naturale.com\/fr\/#website","url":"https:\/\/www.stucco-naturale.com\/fr\/","name":"Stucco naturale","description":"Boutique pour Stucco Veneziano, Marmorino & Accessoires","publisher":{"@id":"https:\/\/www.stucco-naturale.com\/fr\/#organization"},"potentialAction":[{"@type":"SearchAction","target":{"@type":"EntryPoint","urlTemplate":"https:\/\/www.stucco-naturale.com\/fr\/?s={search_term_string}"},"query-input":{"@type":"PropertyValueSpecification","valueRequired":true,"valueName":"search_term_string"}}],"inLanguage":"fr-FR"},{"@type":"Organization","@id":"https:\/\/www.stucco-naturale.com\/fr\/#organization","name":"Stucco naturale","url":"https:\/\/www.stucco-naturale.com\/fr\/","logo":{"@type":"ImageObject","inLanguage":"fr-FR","@id":"https:\/\/www.stucco-naturale.com\/fr\/#\/schema\/logo\/image\/","url":"https:\/\/www.stucco-naturale.com\/wp-content\/uploads\/logo_stucco-naturale.jpg","contentUrl":"https:\/\/www.stucco-naturale.com\/wp-content\/uploads\/logo_stucco-naturale.jpg","width":400,"height":600,"caption":"Stucco naturale"},"image":{"@id":"https:\/\/www.stucco-naturale.com\/fr\/#\/schema\/logo\/image\/"},"sameAs":["https:\/\/www.facebook.com\/natuerlicher.kalkputz\/","https:\/\/x.com\/StuccoNaturale","https:\/\/www.instagram.com\/stucco_naturale\/?hl=de"],"vatID":"ATU78081825"}]}},"_links":{"self":[{"href":"https:\/\/www.stucco-naturale.com\/fr\/wp-json\/wp\/v2\/product\/33419","targetHints":{"allow":["GET"]}}],"collection":[{"href":"https:\/\/www.stucco-naturale.com\/fr\/wp-json\/wp\/v2\/product"}],"about":[{"href":"https:\/\/www.stucco-naturale.com\/fr\/wp-json\/wp\/v2\/types\/product"}],"wp:featuredmedia":[{"embeddable":true,"href":"https:\/\/www.stucco-naturale.com\/fr\/wp-json\/wp\/v2\/media\/61745"}],"wp:attachment":[{"href":"https:\/\/www.stucco-naturale.com\/fr\/wp-json\/wp\/v2\/media?parent=33419"}],"wp:term":[{"taxonomy":"product_brand","embeddable":true,"href":"https:\/\/www.stucco-naturale.com\/fr\/wp-json\/wp\/v2\/product_brand?post=33419"},{"taxonomy":"product_cat","embeddable":true,"href":"https:\/\/www.stucco-naturale.com\/fr\/wp-json\/wp\/v2\/product_cat?post=33419"},{"taxonomy":"product_tag","embeddable":true,"href":"https:\/\/www.stucco-naturale.com\/fr\/wp-json\/wp\/v2\/product_tag?post=33419"}],"curies":[{"name":"wp","href":"https:\/\/api.w.org\/{rel}","templated":true}]}}