{"id":33337,"date":"2017-10-24T22:46:50","date_gmt":"2017-10-24T20:46:50","guid":{"rendered":"https:\/\/www.stucco-naturale.com\/produkt\/stuc-extra\/"},"modified":"2026-04-13T14:16:01","modified_gmt":"2026-04-13T12:16:01","slug":"stuc-extra","status":"publish","type":"product","link":"https:\/\/www.stucco-naturale.com\/fr\/produit\/stuc-extra\/","title":{"rendered":"Stuc Extra"},"content":{"rendered":"<span class=\"et_bloom_bottom_trigger\"><\/span>","protected":false},"excerpt":{"rendered":"<p>Ici, vous pouvez acheter Stucco Extra en ligne. Vous pouvez choisir entre des conteneurs de 1 kg, 8 kg et 20 kg. Votre commande sera exp\u00e9di\u00e9e dans les 24 heures.<\/p>\n","protected":false},"featured_media":42115,"template":"","meta":[],"product_brand":[],"product_cat":[297],"product_tag":[],"class_list":{"0":"post-33337","1":"product","2":"type-product","3":"status-publish","4":"has-post-thumbnail","6":"product_cat-platre-de-marbre","7":"product_shipping_class-livraison-de-colis","9":"first","10":"instock","11":"taxable","12":"shipping-taxable","13":"purchasable","14":"product-type-variable","15":"has-default-attributes"},"yoast_head":"<!-- This site is optimized with the Yoast SEO Premium plugin v27.4 (Yoast SEO v27.4) - https:\/\/yoast.com\/product\/yoast-seo-premium-wordpress\/ -->\n<title>Stuc Extra - sol sans joint<\/title>\n<meta name=\"description\" content=\"Stucco Extra \u00e0 utiliser sur les sols. Belles surfaces sans joints, faciles \u00e0 entretenir. Facile \u00e0 mettre en \u0153uvre. Vous pouvez commander ici en ligne \u00e0 un prix avantageux.\" \/>\n<meta name=\"robots\" content=\"index, follow, max-snippet:-1, max-image-preview:large, max-video-preview:-1\" \/>\n<link rel=\"canonical\" href=\"https:\/\/www.stucco-naturale.com\/fr\/produit\/stuc-extra\/\" \/>\n<meta property=\"og:locale\" content=\"fr_FR\" \/>\n<meta property=\"og:type\" content=\"article\" \/>\n<meta property=\"og:title\" content=\"Stuc Extra\" \/>\n<meta property=\"og:description\" content=\"Stucco Extra \u00e0 utiliser sur les sols. Belles surfaces sans joints, faciles \u00e0 entretenir. Facile \u00e0 mettre en \u0153uvre. Vous pouvez commander ici en ligne \u00e0 un prix avantageux.\" \/>\n<meta property=\"og:url\" content=\"https:\/\/www.stucco-naturale.com\/fr\/produit\/stuc-extra\/\" \/>\n<meta property=\"og:site_name\" content=\"Stucco naturale\" \/>\n<meta property=\"article:publisher\" content=\"https:\/\/www.facebook.com\/natuerlicher.kalkputz\/\" \/>\n<meta property=\"article:modified_time\" content=\"2026-04-13T12:16:01+00:00\" \/>\n<meta property=\"og:image\" content=\"https:\/\/www.stucco-naturale.com\/wp-content\/uploads\/09_STUCCO.EXTRA_20KG.jpg\" \/>\n\t<meta property=\"og:image:width\" content=\"800\" \/>\n\t<meta property=\"og:image:height\" content=\"800\" \/>\n\t<meta property=\"og:image:type\" content=\"image\/jpeg\" \/>\n<meta name=\"twitter:card\" content=\"summary_large_image\" \/>\n<meta name=\"twitter:site\" content=\"@StuccoNaturale\" \/>\n<script type=\"application\/ld+json\" class=\"yoast-schema-graph\">{\"@context\":\"https:\\\/\\\/schema.org\",\"@graph\":[{\"@type\":\"WebPage\",\"@id\":\"https:\\\/\\\/www.stucco-naturale.com\\\/fr\\\/produit\\\/stuc-extra\\\/\",\"url\":\"https:\\\/\\\/www.stucco-naturale.com\\\/fr\\\/produit\\\/stuc-extra\\\/\",\"name\":\"Stuc Extra - sol sans joint\",\"isPartOf\":{\"@id\":\"https:\\\/\\\/www.stucco-naturale.com\\\/fr\\\/#website\"},\"primaryImageOfPage\":{\"@id\":\"https:\\\/\\\/www.stucco-naturale.com\\\/fr\\\/produit\\\/stuc-extra\\\/#primaryimage\"},\"image\":{\"@id\":\"https:\\\/\\\/www.stucco-naturale.com\\\/fr\\\/produit\\\/stuc-extra\\\/#primaryimage\"},\"thumbnailUrl\":\"https:\\\/\\\/www.stucco-naturale.com\\\/wp-content\\\/uploads\\\/09_STUCCO.EXTRA_20KG.jpg\",\"datePublished\":\"2017-10-24T20:46:50+00:00\",\"dateModified\":\"2026-04-13T12:16:01+00:00\",\"description\":\"Stucco Extra \u00e0 utiliser sur les sols. Belles surfaces sans joints, faciles \u00e0 entretenir. Facile \u00e0 mettre en \u0153uvre. Vous pouvez commander ici en ligne \u00e0 un prix avantageux.\",\"breadcrumb\":{\"@id\":\"https:\\\/\\\/www.stucco-naturale.com\\\/fr\\\/produit\\\/stuc-extra\\\/#breadcrumb\"},\"inLanguage\":\"fr-FR\",\"potentialAction\":[{\"@type\":\"ReadAction\",\"target\":[\"https:\\\/\\\/www.stucco-naturale.com\\\/fr\\\/produit\\\/stuc-extra\\\/\"]}]},{\"@type\":\"ImageObject\",\"inLanguage\":\"fr-FR\",\"@id\":\"https:\\\/\\\/www.stucco-naturale.com\\\/fr\\\/produit\\\/stuc-extra\\\/#primaryimage\",\"url\":\"https:\\\/\\\/www.stucco-naturale.com\\\/wp-content\\\/uploads\\\/09_STUCCO.EXTRA_20KG.jpg\",\"contentUrl\":\"https:\\\/\\\/www.stucco-naturale.com\\\/wp-content\\\/uploads\\\/09_STUCCO.EXTRA_20KG.jpg\",\"width\":800,\"height\":800,\"caption\":\"Stuc Extra 20 kg\"},{\"@type\":\"BreadcrumbList\",\"@id\":\"https:\\\/\\\/www.stucco-naturale.com\\\/fr\\\/produit\\\/stuc-extra\\\/#breadcrumb\",\"itemListElement\":[{\"@type\":\"ListItem\",\"position\":1,\"name\":\"Page d'accueil\",\"item\":\"https:\\\/\\\/www.stucco-naturale.com\\\/fr\\\/\"},{\"@type\":\"ListItem\",\"position\":2,\"name\":\"Boutique\",\"item\":\"https:\\\/\\\/www.stucco-naturale.com\\\/shop\\\/\"},{\"@type\":\"ListItem\",\"position\":3,\"name\":\"Stuc Extra\"}]},{\"@type\":\"WebSite\",\"@id\":\"https:\\\/\\\/www.stucco-naturale.com\\\/fr\\\/#website\",\"url\":\"https:\\\/\\\/www.stucco-naturale.com\\\/fr\\\/\",\"name\":\"Stucco naturale\",\"description\":\"Boutique pour Stucco Veneziano, Marmorino & Accessoires\",\"publisher\":{\"@id\":\"https:\\\/\\\/www.stucco-naturale.com\\\/fr\\\/#organization\"},\"potentialAction\":[{\"@type\":\"SearchAction\",\"target\":{\"@type\":\"EntryPoint\",\"urlTemplate\":\"https:\\\/\\\/www.stucco-naturale.com\\\/fr\\\/?s={search_term_string}\"},\"query-input\":{\"@type\":\"PropertyValueSpecification\",\"valueRequired\":true,\"valueName\":\"search_term_string\"}}],\"inLanguage\":\"fr-FR\"},{\"@type\":\"Organization\",\"@id\":\"https:\\\/\\\/www.stucco-naturale.com\\\/fr\\\/#organization\",\"name\":\"Stucco naturale\",\"url\":\"https:\\\/\\\/www.stucco-naturale.com\\\/fr\\\/\",\"logo\":{\"@type\":\"ImageObject\",\"inLanguage\":\"fr-FR\",\"@id\":\"https:\\\/\\\/www.stucco-naturale.com\\\/fr\\\/#\\\/schema\\\/logo\\\/image\\\/\",\"url\":\"https:\\\/\\\/www.stucco-naturale.com\\\/wp-content\\\/uploads\\\/logo_stucco-naturale.jpg\",\"contentUrl\":\"https:\\\/\\\/www.stucco-naturale.com\\\/wp-content\\\/uploads\\\/logo_stucco-naturale.jpg\",\"width\":400,\"height\":600,\"caption\":\"Stucco naturale\"},\"image\":{\"@id\":\"https:\\\/\\\/www.stucco-naturale.com\\\/fr\\\/#\\\/schema\\\/logo\\\/image\\\/\"},\"sameAs\":[\"https:\\\/\\\/www.facebook.com\\\/natuerlicher.kalkputz\\\/\",\"https:\\\/\\\/x.com\\\/StuccoNaturale\",\"https:\\\/\\\/www.instagram.com\\\/stucco_naturale\\\/?hl=de\"],\"vatID\":\"ATU78081825\"}]}<\/script>\n<!-- \/ Yoast SEO Premium plugin. -->","yoast_head_json":{"title":"Stuc Extra - sol sans joint","description":"Stucco Extra \u00e0 utiliser sur les sols. Belles surfaces sans joints, faciles \u00e0 entretenir. Facile \u00e0 mettre en \u0153uvre. Vous pouvez commander ici en ligne \u00e0 un prix avantageux.","robots":{"index":"index","follow":"follow","max-snippet":"max-snippet:-1","max-image-preview":"max-image-preview:large","max-video-preview":"max-video-preview:-1"},"canonical":"https:\/\/www.stucco-naturale.com\/fr\/produit\/stuc-extra\/","og_locale":"fr_FR","og_type":"article","og_title":"Stuc Extra","og_description":"Stucco Extra \u00e0 utiliser sur les sols. Belles surfaces sans joints, faciles \u00e0 entretenir. Facile \u00e0 mettre en \u0153uvre. Vous pouvez commander ici en ligne \u00e0 un prix avantageux.","og_url":"https:\/\/www.stucco-naturale.com\/fr\/produit\/stuc-extra\/","og_site_name":"Stucco naturale","article_publisher":"https:\/\/www.facebook.com\/natuerlicher.kalkputz\/","article_modified_time":"2026-04-13T12:16:01+00:00","og_image":[{"width":800,"height":800,"url":"https:\/\/www.stucco-naturale.com\/wp-content\/uploads\/09_STUCCO.EXTRA_20KG.jpg","type":"image\/jpeg"}],"twitter_card":"summary_large_image","twitter_site":"@StuccoNaturale","schema":{"@context":"https:\/\/schema.org","@graph":[{"@type":"WebPage","@id":"https:\/\/www.stucco-naturale.com\/fr\/produit\/stuc-extra\/","url":"https:\/\/www.stucco-naturale.com\/fr\/produit\/stuc-extra\/","name":"Stuc Extra - sol sans joint","isPartOf":{"@id":"https:\/\/www.stucco-naturale.com\/fr\/#website"},"primaryImageOfPage":{"@id":"https:\/\/www.stucco-naturale.com\/fr\/produit\/stuc-extra\/#primaryimage"},"image":{"@id":"https:\/\/www.stucco-naturale.com\/fr\/produit\/stuc-extra\/#primaryimage"},"thumbnailUrl":"https:\/\/www.stucco-naturale.com\/wp-content\/uploads\/09_STUCCO.EXTRA_20KG.jpg","datePublished":"2017-10-24T20:46:50+00:00","dateModified":"2026-04-13T12:16:01+00:00","description":"Stucco Extra \u00e0 utiliser sur les sols. Belles surfaces sans joints, faciles \u00e0 entretenir. Facile \u00e0 mettre en \u0153uvre. Vous pouvez commander ici en ligne \u00e0 un prix avantageux.","breadcrumb":{"@id":"https:\/\/www.stucco-naturale.com\/fr\/produit\/stuc-extra\/#breadcrumb"},"inLanguage":"fr-FR","potentialAction":[{"@type":"ReadAction","target":["https:\/\/www.stucco-naturale.com\/fr\/produit\/stuc-extra\/"]}]},{"@type":"ImageObject","inLanguage":"fr-FR","@id":"https:\/\/www.stucco-naturale.com\/fr\/produit\/stuc-extra\/#primaryimage","url":"https:\/\/www.stucco-naturale.com\/wp-content\/uploads\/09_STUCCO.EXTRA_20KG.jpg","contentUrl":"https:\/\/www.stucco-naturale.com\/wp-content\/uploads\/09_STUCCO.EXTRA_20KG.jpg","width":800,"height":800,"caption":"Stuc Extra 20 kg"},{"@type":"BreadcrumbList","@id":"https:\/\/www.stucco-naturale.com\/fr\/produit\/stuc-extra\/#breadcrumb","itemListElement":[{"@type":"ListItem","position":1,"name":"Page d'accueil","item":"https:\/\/www.stucco-naturale.com\/fr\/"},{"@type":"ListItem","position":2,"name":"Boutique","item":"https:\/\/www.stucco-naturale.com\/shop\/"},{"@type":"ListItem","position":3,"name":"Stuc Extra"}]},{"@type":"WebSite","@id":"https:\/\/www.stucco-naturale.com\/fr\/#website","url":"https:\/\/www.stucco-naturale.com\/fr\/","name":"Stucco naturale","description":"Boutique pour Stucco Veneziano, Marmorino & Accessoires","publisher":{"@id":"https:\/\/www.stucco-naturale.com\/fr\/#organization"},"potentialAction":[{"@type":"SearchAction","target":{"@type":"EntryPoint","urlTemplate":"https:\/\/www.stucco-naturale.com\/fr\/?s={search_term_string}"},"query-input":{"@type":"PropertyValueSpecification","valueRequired":true,"valueName":"search_term_string"}}],"inLanguage":"fr-FR"},{"@type":"Organization","@id":"https:\/\/www.stucco-naturale.com\/fr\/#organization","name":"Stucco naturale","url":"https:\/\/www.stucco-naturale.com\/fr\/","logo":{"@type":"ImageObject","inLanguage":"fr-FR","@id":"https:\/\/www.stucco-naturale.com\/fr\/#\/schema\/logo\/image\/","url":"https:\/\/www.stucco-naturale.com\/wp-content\/uploads\/logo_stucco-naturale.jpg","contentUrl":"https:\/\/www.stucco-naturale.com\/wp-content\/uploads\/logo_stucco-naturale.jpg","width":400,"height":600,"caption":"Stucco naturale"},"image":{"@id":"https:\/\/www.stucco-naturale.com\/fr\/#\/schema\/logo\/image\/"},"sameAs":["https:\/\/www.facebook.com\/natuerlicher.kalkputz\/","https:\/\/x.com\/StuccoNaturale","https:\/\/www.instagram.com\/stucco_naturale\/?hl=de"],"vatID":"ATU78081825"}]}},"_links":{"self":[{"href":"https:\/\/www.stucco-naturale.com\/fr\/wp-json\/wp\/v2\/product\/33337","targetHints":{"allow":["GET"]}}],"collection":[{"href":"https:\/\/www.stucco-naturale.com\/fr\/wp-json\/wp\/v2\/product"}],"about":[{"href":"https:\/\/www.stucco-naturale.com\/fr\/wp-json\/wp\/v2\/types\/product"}],"wp:featuredmedia":[{"embeddable":true,"href":"https:\/\/www.stucco-naturale.com\/fr\/wp-json\/wp\/v2\/media\/42115"}],"wp:attachment":[{"href":"https:\/\/www.stucco-naturale.com\/fr\/wp-json\/wp\/v2\/media?parent=33337"}],"wp:term":[{"taxonomy":"product_brand","embeddable":true,"href":"https:\/\/www.stucco-naturale.com\/fr\/wp-json\/wp\/v2\/product_brand?post=33337"},{"taxonomy":"product_cat","embeddable":true,"href":"https:\/\/www.stucco-naturale.com\/fr\/wp-json\/wp\/v2\/product_cat?post=33337"},{"taxonomy":"product_tag","embeddable":true,"href":"https:\/\/www.stucco-naturale.com\/fr\/wp-json\/wp\/v2\/product_tag?post=33337"}],"curies":[{"name":"wp","href":"https:\/\/api.w.org\/{rel}","templated":true}]}}