{"id":66155,"date":"2024-12-02T13:54:30","date_gmt":"2024-12-02T12:54:30","guid":{"rendered":"https:\/\/www.stucco-naturale.com\/regles-de-securite-informations-sur-le-fabricant-et-les-contacts\/"},"modified":"2026-03-27T17:57:35","modified_gmt":"2026-03-27T16:57:35","slug":"regles-de-securite-informations-sur-le-fabricant-et-les-contacts","status":"publish","type":"page","link":"https:\/\/www.stucco-naturale.com\/fr\/regles-de-securite-informations-sur-le-fabricant-et-les-contacts\/","title":{"rendered":"R\u00e8gles de s\u00e9curit\u00e9, informations sur le fabricant et les contacts"},"content":{"rendered":"\n<div class=\"et_pb_section_0 et_pb_section et_section_regular et_block_section\"><div class=\"et_pb_row_0 et_pb_row et_block_row\"><div class=\"et_pb_column_0 et_pb_column et_pb_column_4_4 et-last-child et_block_column et_pb_css_mix_blend_mode_passthrough\"><div class=\"et_pb_text_0 et_pb_text et_pb_bg_layout_light et_pb_module et_block_module\"><div class=\"et_pb_text_inner\"><h2>DISPOSITIONS DE SECURITE<\/h2>\n<ul>\n<li><a href=\"https:\/\/www.stucco-naturale.com\/wp-content\/uploads\/Sicherheitsbestimmungen-fuer-Kalkputze-Franzoesisch.pdf\" target=\"_blank\" rel=\"noopener \u00ab\">Dispositions de s\u00e9curit\u00e9 pour Stucco Veneziano, Marmorino, Stucco Extra, enduit cr\u00e9atif, enduit mica, enduit aspect b\u00e9ton, Travertino, peinture \u00e0 la chaux et enduit d'accrochage \u00e0 la chaux<\/a><\/li>\n<li><a href=\"https:\/\/www.stucco-naturale.com\/wp-content\/uploads\/Sicherheitsbestimmungen-fuer-Kalkputze-Tadelakt-franzoesisch.pdf\" target=\"_blank\" rel=\"noopener\">Dispositions de s\u00e9curit\u00e9 pour le tadelakt<\/a><\/li>\n<li><a href=\"https:\/\/www.stucco-naturale.com\/wp-content\/uploads\/Sicherheitsbestimmungen-fuer-Farbpigmente-Trockenfarben-franzoesisch-1.pdf\" target=\"_blank\" rel=\"noopener\">Dispositions de s\u00e9curit\u00e9 pour les pigments de couleur<\/a><\/li>\n<li><a href=\"https:\/\/www.stucco-naturale.com\/wp-content\/uploads\/Sicherheitsbestimmungen-fuer-wasserbasierte-2K-Versiegelung-franzoesisch.pdf\" target=\"_blank\" rel=\"noopener\">Dispositions de s\u00e9curit\u00e9 pour les vitrificateurs \u00e0 2 composants<\/a><\/li>\n<li><a href=\"https:\/\/www.stucco-naturale.com\/wp-content\/uploads\/Sicherheitsbestimmung-fuer-Haftgrund-auf-Kunstharzbasis-franzoesisch.pdf\" target=\"_blank\" rel=\"noopener\">Dispositions de s\u00e9curit\u00e9 pour les appr\u00eats d'accrochage \u00e0 la poudre de marbre<\/a><\/li>\n<li><a href=\"https:\/\/www.stucco-naturale.com\/wp-content\/uploads\/Sicherheitsbestimmungen-fuer-Haftgrundierung-mit-Pflanzenkasein-franzoesisch.pdf\" target=\"_blank\" rel=\"noopener\">Dispositions de s\u00e9curit\u00e9 pour les appr\u00eats adh\u00e9sifs \u00e0 base de cas\u00e9ine v\u00e9g\u00e9tale<\/a><\/li>\n<li><a href=\"https:\/\/www.stucco-naturale.com\/wp-content\/uploads\/Sicherheitsbestimmungen-fuer-punisches-wachs-franzoesisch.pdf\" target=\"_blank\" rel=\"noopener\">Dispositions de s\u00e9curit\u00e9 pour la cire punique<\/a><\/li>\n<li><a href=\"https:\/\/www.stucco-naturale.com\/wp-content\/uploads\/Sicherheitsbestimmungen-fuer-Bienenwachsbalsam-franzoesisch.pdf\" target=\"_blank\" rel=\"noopener\">Dispositions de s\u00e9curit\u00e9 pour le baume \u00e0 la cire d'abeille avec cire de carnauba<\/a><\/li>\n<li><a href=\"https:\/\/www.stucco-naturale.com\/wp-content\/uploads\/Sicherheitsbestimmungen-fuer-Transferfolienkleber-franzoesisisch.pdf\" target=\"_blank\" rel=\"noopener\">Dispositions de s\u00e9curit\u00e9 pour les adh\u00e9sifs pour films de transfert<\/a><\/li>\n<li><a href=\"https:\/\/www.stucco-naturale.com\/wp-content\/uploads\/Sicherheitsbestimmungen-fuer-Fluessigfolie-franzoesisch.pdf\" target=\"_blank\" rel=\"noopener\">Dispositions de s\u00e9curit\u00e9 pour le film liquide<\/a><\/li>\n<li><a href=\"https:\/\/www.stucco-naturale.com\/wp-content\/uploads\/Sicherheitsbestimmungen-fuer-Steinoel-franzoesisch.pdf\" target=\"_blank\" rel=\"noopener\">Dispositions de s\u00e9curit\u00e9 pour l'huile de roche<\/a><\/li>\n<li><a href=\"https:\/\/www.stucco-naturale.com\/wp-content\/uploads\/Sicherheitsbestimmungen-fuer-silikonbasierte-Impraegnierungen-franzoesisch.pdf\" target=\"_blank\" rel=\"noopener\">Dispositions de s\u00e9curit\u00e9 pour l'extra hydrophobe<\/a><\/li>\n<\/ul>\n<h2>INFORMATION SUR LE FABRICANT<\/h2>\n<p>Freunde gesunder Lebensart<br \/>Dorfstra\u00dfe 63 b\/2<br \/>6241 Radfeld, Autriche<br \/>info@stucco-naturale.com<\/p>\n<h2>PERSONNE RESPONSABLE POUR L'UE<\/h2>\n<p>Freunde gesunder Lebensart<br \/>Dorfstra\u00dfe 63 b\/2<br \/>6241 Radfeld, Autriche<br \/>info@stucco-naturale.com<\/p>\n<\/div><\/div><\/div><\/div><\/div>\n<span class=\"et_bloom_bottom_trigger\"><\/span>","protected":false},"excerpt":{"rendered":"","protected":false},"author":1363,"featured_media":0,"parent":0,"menu_order":0,"comment_status":"closed","ping_status":"closed","template":"","meta":{"footnotes":""},"class_list":["post-66155","page","type-page","status-publish","hentry"],"yoast_head":"<!-- This site is optimized with the Yoast SEO Premium plugin v27.4 (Yoast SEO v27.4) - https:\/\/yoast.com\/product\/yoast-seo-premium-wordpress\/ -->\n<title>R\u00e8gles de s\u00e9curit\u00e9, informations sur le fabricant et les contacts - Stucco naturale<\/title>\n<meta name=\"robots\" content=\"noindex, follow\" \/>\n<meta property=\"og:locale\" content=\"fr_FR\" \/>\n<meta property=\"og:type\" content=\"article\" \/>\n<meta property=\"og:title\" content=\"R\u00e8gles de s\u00e9curit\u00e9, informations sur le fabricant et les contacts\" \/>\n<meta property=\"og:url\" content=\"https:\/\/www.stucco-naturale.com\/fr\/regles-de-securite-informations-sur-le-fabricant-et-les-contacts\/\" \/>\n<meta property=\"og:site_name\" content=\"Stucco naturale\" \/>\n<meta property=\"article:publisher\" content=\"https:\/\/www.facebook.com\/natuerlicher.kalkputz\/\" \/>\n<meta property=\"article:modified_time\" content=\"2026-03-27T16:57:35+00:00\" \/>\n<meta name=\"twitter:card\" content=\"summary_large_image\" \/>\n<meta name=\"twitter:site\" content=\"@StuccoNaturale\" \/>\n<script type=\"application\/ld+json\" class=\"yoast-schema-graph\">{\"@context\":\"https:\\\/\\\/schema.org\",\"@graph\":[{\"@type\":\"WebPage\",\"@id\":\"https:\\\/\\\/www.stucco-naturale.com\\\/fr\\\/regles-de-securite-informations-sur-le-fabricant-et-les-contacts\\\/\",\"url\":\"https:\\\/\\\/www.stucco-naturale.com\\\/fr\\\/regles-de-securite-informations-sur-le-fabricant-et-les-contacts\\\/\",\"name\":\"R\u00e8gles de s\u00e9curit\u00e9, informations sur le fabricant et les contacts - Stucco naturale\",\"isPartOf\":{\"@id\":\"https:\\\/\\\/www.stucco-naturale.com\\\/fr\\\/#website\"},\"datePublished\":\"2024-12-02T12:54:30+00:00\",\"dateModified\":\"2026-03-27T16:57:35+00:00\",\"breadcrumb\":{\"@id\":\"https:\\\/\\\/www.stucco-naturale.com\\\/fr\\\/regles-de-securite-informations-sur-le-fabricant-et-les-contacts\\\/#breadcrumb\"},\"inLanguage\":\"fr-FR\",\"potentialAction\":[{\"@type\":\"ReadAction\",\"target\":[\"https:\\\/\\\/www.stucco-naturale.com\\\/fr\\\/regles-de-securite-informations-sur-le-fabricant-et-les-contacts\\\/\"]}]},{\"@type\":\"BreadcrumbList\",\"@id\":\"https:\\\/\\\/www.stucco-naturale.com\\\/fr\\\/regles-de-securite-informations-sur-le-fabricant-et-les-contacts\\\/#breadcrumb\",\"itemListElement\":[{\"@type\":\"ListItem\",\"position\":1,\"name\":\"Page d'accueil\",\"item\":\"https:\\\/\\\/www.stucco-naturale.com\\\/fr\\\/\"},{\"@type\":\"ListItem\",\"position\":2,\"name\":\"R\u00e8gles de s\u00e9curit\u00e9, informations sur le fabricant et les contacts\"}]},{\"@type\":\"WebSite\",\"@id\":\"https:\\\/\\\/www.stucco-naturale.com\\\/fr\\\/#website\",\"url\":\"https:\\\/\\\/www.stucco-naturale.com\\\/fr\\\/\",\"name\":\"Stucco naturale\",\"description\":\"Boutique pour Stucco Veneziano, Marmorino & Accessoires\",\"publisher\":{\"@id\":\"https:\\\/\\\/www.stucco-naturale.com\\\/fr\\\/#organization\"},\"potentialAction\":[{\"@type\":\"SearchAction\",\"target\":{\"@type\":\"EntryPoint\",\"urlTemplate\":\"https:\\\/\\\/www.stucco-naturale.com\\\/fr\\\/?s={search_term_string}\"},\"query-input\":{\"@type\":\"PropertyValueSpecification\",\"valueRequired\":true,\"valueName\":\"search_term_string\"}}],\"inLanguage\":\"fr-FR\"},{\"@type\":\"Organization\",\"@id\":\"https:\\\/\\\/www.stucco-naturale.com\\\/fr\\\/#organization\",\"name\":\"Stucco naturale\",\"url\":\"https:\\\/\\\/www.stucco-naturale.com\\\/fr\\\/\",\"logo\":{\"@type\":\"ImageObject\",\"inLanguage\":\"fr-FR\",\"@id\":\"https:\\\/\\\/www.stucco-naturale.com\\\/fr\\\/#\\\/schema\\\/logo\\\/image\\\/\",\"url\":\"https:\\\/\\\/www.stucco-naturale.com\\\/wp-content\\\/uploads\\\/logo_stucco-naturale.jpg\",\"contentUrl\":\"https:\\\/\\\/www.stucco-naturale.com\\\/wp-content\\\/uploads\\\/logo_stucco-naturale.jpg\",\"width\":400,\"height\":600,\"caption\":\"Stucco naturale\"},\"image\":{\"@id\":\"https:\\\/\\\/www.stucco-naturale.com\\\/fr\\\/#\\\/schema\\\/logo\\\/image\\\/\"},\"sameAs\":[\"https:\\\/\\\/www.facebook.com\\\/natuerlicher.kalkputz\\\/\",\"https:\\\/\\\/x.com\\\/StuccoNaturale\",\"https:\\\/\\\/www.instagram.com\\\/stucco_naturale\\\/?hl=de\"],\"vatID\":\"ATU78081825\"}]}<\/script>\n<!-- \/ Yoast SEO Premium plugin. -->","yoast_head_json":{"title":"R\u00e8gles de s\u00e9curit\u00e9, informations sur le fabricant et les contacts - Stucco naturale","robots":{"index":"noindex","follow":"follow"},"og_locale":"fr_FR","og_type":"article","og_title":"R\u00e8gles de s\u00e9curit\u00e9, informations sur le fabricant et les contacts","og_url":"https:\/\/www.stucco-naturale.com\/fr\/regles-de-securite-informations-sur-le-fabricant-et-les-contacts\/","og_site_name":"Stucco naturale","article_publisher":"https:\/\/www.facebook.com\/natuerlicher.kalkputz\/","article_modified_time":"2026-03-27T16:57:35+00:00","twitter_card":"summary_large_image","twitter_site":"@StuccoNaturale","schema":{"@context":"https:\/\/schema.org","@graph":[{"@type":"WebPage","@id":"https:\/\/www.stucco-naturale.com\/fr\/regles-de-securite-informations-sur-le-fabricant-et-les-contacts\/","url":"https:\/\/www.stucco-naturale.com\/fr\/regles-de-securite-informations-sur-le-fabricant-et-les-contacts\/","name":"R\u00e8gles de s\u00e9curit\u00e9, informations sur le fabricant et les contacts - Stucco naturale","isPartOf":{"@id":"https:\/\/www.stucco-naturale.com\/fr\/#website"},"datePublished":"2024-12-02T12:54:30+00:00","dateModified":"2026-03-27T16:57:35+00:00","breadcrumb":{"@id":"https:\/\/www.stucco-naturale.com\/fr\/regles-de-securite-informations-sur-le-fabricant-et-les-contacts\/#breadcrumb"},"inLanguage":"fr-FR","potentialAction":[{"@type":"ReadAction","target":["https:\/\/www.stucco-naturale.com\/fr\/regles-de-securite-informations-sur-le-fabricant-et-les-contacts\/"]}]},{"@type":"BreadcrumbList","@id":"https:\/\/www.stucco-naturale.com\/fr\/regles-de-securite-informations-sur-le-fabricant-et-les-contacts\/#breadcrumb","itemListElement":[{"@type":"ListItem","position":1,"name":"Page d'accueil","item":"https:\/\/www.stucco-naturale.com\/fr\/"},{"@type":"ListItem","position":2,"name":"R\u00e8gles de s\u00e9curit\u00e9, informations sur le fabricant et les contacts"}]},{"@type":"WebSite","@id":"https:\/\/www.stucco-naturale.com\/fr\/#website","url":"https:\/\/www.stucco-naturale.com\/fr\/","name":"Stucco naturale","description":"Boutique pour Stucco Veneziano, Marmorino & Accessoires","publisher":{"@id":"https:\/\/www.stucco-naturale.com\/fr\/#organization"},"potentialAction":[{"@type":"SearchAction","target":{"@type":"EntryPoint","urlTemplate":"https:\/\/www.stucco-naturale.com\/fr\/?s={search_term_string}"},"query-input":{"@type":"PropertyValueSpecification","valueRequired":true,"valueName":"search_term_string"}}],"inLanguage":"fr-FR"},{"@type":"Organization","@id":"https:\/\/www.stucco-naturale.com\/fr\/#organization","name":"Stucco naturale","url":"https:\/\/www.stucco-naturale.com\/fr\/","logo":{"@type":"ImageObject","inLanguage":"fr-FR","@id":"https:\/\/www.stucco-naturale.com\/fr\/#\/schema\/logo\/image\/","url":"https:\/\/www.stucco-naturale.com\/wp-content\/uploads\/logo_stucco-naturale.jpg","contentUrl":"https:\/\/www.stucco-naturale.com\/wp-content\/uploads\/logo_stucco-naturale.jpg","width":400,"height":600,"caption":"Stucco naturale"},"image":{"@id":"https:\/\/www.stucco-naturale.com\/fr\/#\/schema\/logo\/image\/"},"sameAs":["https:\/\/www.facebook.com\/natuerlicher.kalkputz\/","https:\/\/x.com\/StuccoNaturale","https:\/\/www.instagram.com\/stucco_naturale\/?hl=de"],"vatID":"ATU78081825"}]}},"_links":{"self":[{"href":"https:\/\/www.stucco-naturale.com\/fr\/wp-json\/wp\/v2\/pages\/66155","targetHints":{"allow":["GET"]}}],"collection":[{"href":"https:\/\/www.stucco-naturale.com\/fr\/wp-json\/wp\/v2\/pages"}],"about":[{"href":"https:\/\/www.stucco-naturale.com\/fr\/wp-json\/wp\/v2\/types\/page"}],"author":[{"embeddable":true,"href":"https:\/\/www.stucco-naturale.com\/fr\/wp-json\/wp\/v2\/users\/1363"}],"replies":[{"embeddable":true,"href":"https:\/\/www.stucco-naturale.com\/fr\/wp-json\/wp\/v2\/comments?post=66155"}],"version-history":[{"count":0,"href":"https:\/\/www.stucco-naturale.com\/fr\/wp-json\/wp\/v2\/pages\/66155\/revisions"}],"wp:attachment":[{"href":"https:\/\/www.stucco-naturale.com\/fr\/wp-json\/wp\/v2\/media?parent=66155"}],"curies":[{"name":"wp","href":"https:\/\/api.w.org\/{rel}","templated":true}]}}