{"id":32760,"date":"2017-01-30T15:51:21","date_gmt":"2017-01-30T14:51:21","guid":{"rendered":"https:\/\/www.stucco-naturale.com\/paiement-et-expedition\/"},"modified":"2026-04-24T22:09:16","modified_gmt":"2026-04-24T20:09:16","slug":"paiement-et-expedition","status":"publish","type":"page","link":"https:\/\/www.stucco-naturale.com\/fr\/paiement-et-expedition\/","title":{"rendered":"Paiement et exp\u00e9dition"},"content":{"rendered":"<div class=\"et_pb_section_0 et_pb_section et_section_regular et_block_section\">\n<div class=\"et_pb_row_0 et_pb_row et_block_row\">\n<div class=\"et_pb_column_0 et_pb_column et_pb_column_4_4 et-last-child et_block_column et_pb_css_mix_blend_mode_passthrough\">\n<div class=\"et_pb_text_0 et_pb_text et_pb_bg_layout_light et_pb_module et_block_module\"><div class=\"et_pb_text_inner\"><h2>Paiement et exp\u00e9dition<\/h2>\n<p><\/p>\n<h3>Conditions de paiement<\/h3>\n<p><\/p>\n<p>Pour les livraisons en Autriche, en Allemagne, dans les autres pays de l'UE, en Norv\u00e8ge, en Serbie, au Royaume-Uni et en Suisse, vous disposez des modes de paiement suivants :<\/p>\n<p><\/p>\n<p>- Paiement anticip\u00e9 par virement bancaire<br \/>- Paiement \u00e0 la livraison (frais de livraison de 16,50 \u20ac en sus) - disponible uniquement en Allemagne et en Autriche, et uniquement sur demande par e-mail !<br \/>- Paiement via Amazon Pay<br \/>- Paiement via PayPal<\/p>\n<p><\/p>\n<p><strong>\u00c0 propos de Mollie :<\/strong><br \/>- Paiement par carte de cr\u00e9dit - Visa - MasterCard - American Express<br \/>- Paiement via Apple Pay<br \/>- Paiement via Google Pay<br \/>- Paiement via P24<br \/>- Paiement via Multibanco<br \/>- Paiement via iDeal<br \/>- Paiement via Bancontact<br \/>- Paiement via Klarna<\/p>\n<p><\/p>\n<p><strong>Plus de d\u00e9tails sur le paiement<\/strong><\/p>\n<p><\/p>\n<p>En cas de paiement par carte de cr\u00e9dit (sans recours \u00e0 un prestataire de services de paiement), votre compte de carte de cr\u00e9dit sera d\u00e9bit\u00e9 \u00e0 la conclusion du contrat.<\/p>\n<p><\/p>\n<p><strong>Nos coordonn\u00e9es bancaires :<\/strong><\/p>\n<p><\/p>\n<p>Titulaire du compte : Freunde gesunder Lebensart<br \/>IBAN : AT97 4239 0030 0008 8487<br \/>BIC : VBOEATWWINN<\/p>\n<p><\/p>\n<h3>Conditions de livraison<\/h3>\n<p><\/p>\n<ul>\n<li>La livraison est effectu\u00e9e <strong>en Autriche<\/strong>, dans <strong>tous les autres pays de l'UE <\/strong>et en<strong> Suisse<\/strong>. Veuillez noter que les livraisons au Groenland ne sont pas autoris\u00e9es. <strong>Les \u00eeles Canaries, Ceuta, Melilla, les \u00eeles Anglo-Normandes, B\u00fcsingen et Helgoland<\/strong> sont toutefois \u00e9galement desservies. Les frais de livraison incluent la TVA l\u00e9gale<\/li>\n<li><strong>La Serbie et la Norv\u00e8ge<\/strong> b\u00e9n\u00e9ficient d'une livraison hors taxes ; gr\u00e2ce \u00e0 l'utilisation du num\u00e9ro EORI, <strong>aucune TVA<\/strong> n'est factur\u00e9e sur les frais de livraison et les marchandises. <em>Mais attention<\/em> des frais de douane seront factur\u00e9s et sont \u00e0 la charge de l'acheteur<\/li>\n<\/ul>\n<p><\/p>\n<p><strong>Livraisons en Autriche :<\/strong><\/p>\n<p><\/p>\n<p>Les frais de port d\u00e9pendent du poids total de votre commande.<br \/>Pour les commandes jusqu'\u00e0 10 kg, nous facturons 5,90 \u20ac.<br \/>Pour les commandes de 10,01 \u00e0 35 kg, les frais de port s'\u00e9l\u00e8vent \u00e0 8,90 \u20ac. <br \/>\u00c0 partir d'un poids de commande de 35,01 kg, un forfait de 12,90 \u20ac par commande est appliqu\u00e9.<\/p>\n<p><\/p>\n<p>Tous les prix s'entendent TVA l\u00e9gale comprise<\/p>\n<p><\/p>\n<p><strong>Livraisons vers l'Allemagne :<\/strong><br \/>Les frais d'exp\u00e9dition d\u00e9pendent du poids total de votre commande. <br \/>Pour les commandes jusqu'\u00e0 35 kg, nous facturons 9,90 \u20ac.<br \/>Pour les commandes de 35,01 \u00e0 70 kg, nous facturons 14,90 \u20ac.<br \/>\u00c0 partir d'un poids de commande de 70,01 kg, nous facturons un forfait de 19,90 \u20ac par commande.<\/p>\n<p><\/p>\n<p>Tous les prix s'entendent TVA l\u00e9gale comprise<\/p>\n<p><\/p>\n<p><strong>Livraisons vers les autres pays de l'UE :<\/strong><\/p>\n<p><\/p>\n<p>Les frais de port s'affichent dans le panier apr\u00e8s que vous ayez saisi votre pays et votre code postal.<br \/>Nous nous tenons constamment inform\u00e9s afin de trouver le meilleur prestataire pour l'exp\u00e9dition et de maintenir les co\u00fbts aussi bas que possible.<\/p>\n<p><\/p>\n<p><strong>Livraison en Suisse :<\/strong><\/p>\n<p><\/p>\n<p>Livraison gratuite, d\u00e9douan\u00e9e, taxes comprises \u2013 les frais sont affich\u00e9s dans le panier apr\u00e8s que vous ayez saisi votre pays et votre code postal.<br \/>Nous restons toujours \u00e0 l'aff\u00fbt pour trouver le meilleur prestataire d'exp\u00e9dition et maintenir les co\u00fbts aussi bas que possible.<\/p>\n<p><\/p>\n<p><strong>Livraisons vers la Serbie et la Norv\u00e8ge :<\/strong><\/p>\n<p><\/p>\n<p>Les frais de livraison s'affichent dans le panier apr\u00e8s que vous ayez saisi votre pays et votre code postal.<br \/>Nous nous tenons constamment inform\u00e9s afin de trouver le meilleur prestataire pour l'exp\u00e9dition et de maintenir les co\u00fbts aussi bas que possible.<\/p>\n<p><\/p>\n<p><strong>Livraisons vers le Royaume-Uni :<\/strong><\/p>\n<p><\/p>\n<p>Le montant minimum de commande pour les livraisons au Royaume-Uni est de 180 \u20ac hors TVA. Les frais de livraison s'affichent dans le panier apr\u00e8s que vous ayez saisi votre pays et votre code postal. Nous nous tenons constamment inform\u00e9s afin de trouver le meilleur prestataire pour l'exp\u00e9dition et de maintenir les co\u00fbts aussi bas que possible. <br \/><strong>Attention :<\/strong> La TVA \u00e0 l'importation, les droits de douane ainsi que les frais administratifs sont \u00e0 la charge du client. Ces frais s'ajoutent au prix d'achat. Ils vous seront factur\u00e9s directement par les douanes britanniques. Nous ne sommes pas en mesure de pr\u00e9voir le montant de ces frais.<\/p>\n<p><\/p>\n<h3>D\u00e9lais de livraison<\/h3>\n<p><\/p>\n<div class=\"elementToProof\">Sauf mention contraire dans la description de l'article, l'exp\u00e9dition de la marchandise a lieu apr\u00e8s confirmation de la commande dans les d\u00e9lais suivants :<\/div>\n<p><\/p>\n<ul data-end=\"\u00ab\" data-start=\"\u00ab\">\n<li>\n<div class=\"elementToProof\" role=\"presentation\"><b>Autriche :<\/b> 1 \u00e0 2 jours ouvrables<\/div>\n<\/li>\n<li>\n<div class=\"elementToProof\" role=\"presentation\"><b>Allemagne et Suisse :<\/b> 2 \u00e0 5 jours ouvrables<\/div>\n<\/li>\n<li>\n<div class=\"elementToProof\" role=\"presentation\"><b>Chypre, Gr\u00e8ce et Malte :<\/b> 14 \u00e0 21 jours ouvrables<\/div>\n<\/li>\n<li>\n<div class=\"elementToProof\" role=\"presentation\"><b>Autres pays de l'UE, Norv\u00e8ge et Serbie :<\/b> 3 \u00e0 7 jours ouvrables<\/div>\n<\/li>\n<li>\n<div class=\"elementToProof\" role=\"presentation\"><b>Royaume-Uni :<\/b> 5 \u00e0 9 jours ouvrables<\/div>\n<\/li>\n<\/ul>\n<p><\/p>\n<div class=\"elementToProof\">Si vous choisissez le mode de paiement <i>Paiement anticip\u00e9<\/i>, le d\u00e9lai de livraison commence \u00e0 courir \u00e0 la r\u00e9ception du paiement.<\/div>\n<p><\/p>\n<p>Si vous avez des questions, vous trouverez nos coordonn\u00e9es <a href=\"https:\/\/www.stucco-naturale.com\/fr\/contactez\/\">ici<\/a>.<\/p>\n<\/div><\/div>\n<\/div>\n<\/div>\n<\/div><span class=\"et_bloom_bottom_trigger\"><\/span>","protected":false},"excerpt":{"rendered":"","protected":false},"author":1,"featured_media":0,"parent":0,"menu_order":0,"comment_status":"closed","ping_status":"closed","template":"","meta":{"footnotes":""},"class_list":["post-32760","page","type-page","status-publish","hentry"],"yoast_head":"<!-- This site is optimized with the Yoast SEO Premium plugin v27.5 (Yoast SEO v27.5) - https:\/\/yoast.com\/product\/yoast-seo-premium-wordpress\/ -->\n<title>Paiement et exp\u00e9dition - Stucco naturale<\/title>\n<meta name=\"robots\" content=\"noindex, nofollow\" \/>\n<meta property=\"og:locale\" content=\"fr_FR\" \/>\n<meta property=\"og:type\" content=\"article\" \/>\n<meta property=\"og:title\" content=\"Paiement et exp\u00e9dition\" \/>\n<meta property=\"og:url\" content=\"https:\/\/www.stucco-naturale.com\/fr\/paiement-et-expedition\/\" \/>\n<meta property=\"og:site_name\" content=\"Stucco naturale\" \/>\n<meta property=\"article:publisher\" content=\"https:\/\/www.facebook.com\/natuerlicher.kalkputz\/\" \/>\n<meta property=\"article:modified_time\" content=\"2026-04-24T20:09:16+00:00\" \/>\n<meta name=\"twitter:card\" content=\"summary_large_image\" \/>\n<meta name=\"twitter:site\" content=\"@StuccoNaturale\" \/>\n<script type=\"application\/ld+json\" class=\"yoast-schema-graph\">{\"@context\":\"https:\\\/\\\/schema.org\",\"@graph\":[{\"@type\":\"WebPage\",\"@id\":\"https:\\\/\\\/www.stucco-naturale.com\\\/fr\\\/paiement-et-expedition\\\/\",\"url\":\"https:\\\/\\\/www.stucco-naturale.com\\\/fr\\\/paiement-et-expedition\\\/\",\"name\":\"Paiement et exp\u00e9dition - Stucco naturale\",\"isPartOf\":{\"@id\":\"https:\\\/\\\/www.stucco-naturale.com\\\/fr\\\/#website\"},\"datePublished\":\"2017-01-30T14:51:21+00:00\",\"dateModified\":\"2026-04-24T20:09:16+00:00\",\"breadcrumb\":{\"@id\":\"https:\\\/\\\/www.stucco-naturale.com\\\/fr\\\/paiement-et-expedition\\\/#breadcrumb\"},\"inLanguage\":\"fr-FR\",\"potentialAction\":[{\"@type\":\"ReadAction\",\"target\":[\"https:\\\/\\\/www.stucco-naturale.com\\\/fr\\\/paiement-et-expedition\\\/\"]}]},{\"@type\":\"BreadcrumbList\",\"@id\":\"https:\\\/\\\/www.stucco-naturale.com\\\/fr\\\/paiement-et-expedition\\\/#breadcrumb\",\"itemListElement\":[{\"@type\":\"ListItem\",\"position\":1,\"name\":\"Page d'accueil\",\"item\":\"https:\\\/\\\/www.stucco-naturale.com\\\/fr\\\/\"},{\"@type\":\"ListItem\",\"position\":2,\"name\":\"Paiement et exp\u00e9dition\"}]},{\"@type\":\"WebSite\",\"@id\":\"https:\\\/\\\/www.stucco-naturale.com\\\/fr\\\/#website\",\"url\":\"https:\\\/\\\/www.stucco-naturale.com\\\/fr\\\/\",\"name\":\"Stucco naturale\",\"description\":\"Boutique pour Stucco Veneziano, Marmorino & Accessoires\",\"publisher\":{\"@id\":\"https:\\\/\\\/www.stucco-naturale.com\\\/fr\\\/#organization\"},\"potentialAction\":[{\"@type\":\"SearchAction\",\"target\":{\"@type\":\"EntryPoint\",\"urlTemplate\":\"https:\\\/\\\/www.stucco-naturale.com\\\/fr\\\/?s={search_term_string}\"},\"query-input\":{\"@type\":\"PropertyValueSpecification\",\"valueRequired\":true,\"valueName\":\"search_term_string\"}}],\"inLanguage\":\"fr-FR\"},{\"@type\":\"Organization\",\"@id\":\"https:\\\/\\\/www.stucco-naturale.com\\\/fr\\\/#organization\",\"name\":\"Stucco naturale\",\"url\":\"https:\\\/\\\/www.stucco-naturale.com\\\/fr\\\/\",\"logo\":{\"@type\":\"ImageObject\",\"inLanguage\":\"fr-FR\",\"@id\":\"https:\\\/\\\/www.stucco-naturale.com\\\/fr\\\/#\\\/schema\\\/logo\\\/image\\\/\",\"url\":\"https:\\\/\\\/www.stucco-naturale.com\\\/wp-content\\\/uploads\\\/logo_stucco-naturale.jpg\",\"contentUrl\":\"https:\\\/\\\/www.stucco-naturale.com\\\/wp-content\\\/uploads\\\/logo_stucco-naturale.jpg\",\"width\":400,\"height\":600,\"caption\":\"Stucco naturale\"},\"image\":{\"@id\":\"https:\\\/\\\/www.stucco-naturale.com\\\/fr\\\/#\\\/schema\\\/logo\\\/image\\\/\"},\"sameAs\":[\"https:\\\/\\\/www.facebook.com\\\/natuerlicher.kalkputz\\\/\",\"https:\\\/\\\/x.com\\\/StuccoNaturale\",\"https:\\\/\\\/www.instagram.com\\\/stucco_naturale\\\/?hl=de\"],\"vatID\":\"ATU78081825\"}]}<\/script>\n<!-- \/ Yoast SEO Premium plugin. -->","yoast_head_json":{"title":"Paiement et exp\u00e9dition - Stucco naturale","robots":{"index":"noindex","follow":"nofollow"},"og_locale":"fr_FR","og_type":"article","og_title":"Paiement et exp\u00e9dition","og_url":"https:\/\/www.stucco-naturale.com\/fr\/paiement-et-expedition\/","og_site_name":"Stucco naturale","article_publisher":"https:\/\/www.facebook.com\/natuerlicher.kalkputz\/","article_modified_time":"2026-04-24T20:09:16+00:00","twitter_card":"summary_large_image","twitter_site":"@StuccoNaturale","schema":{"@context":"https:\/\/schema.org","@graph":[{"@type":"WebPage","@id":"https:\/\/www.stucco-naturale.com\/fr\/paiement-et-expedition\/","url":"https:\/\/www.stucco-naturale.com\/fr\/paiement-et-expedition\/","name":"Paiement et exp\u00e9dition - Stucco naturale","isPartOf":{"@id":"https:\/\/www.stucco-naturale.com\/fr\/#website"},"datePublished":"2017-01-30T14:51:21+00:00","dateModified":"2026-04-24T20:09:16+00:00","breadcrumb":{"@id":"https:\/\/www.stucco-naturale.com\/fr\/paiement-et-expedition\/#breadcrumb"},"inLanguage":"fr-FR","potentialAction":[{"@type":"ReadAction","target":["https:\/\/www.stucco-naturale.com\/fr\/paiement-et-expedition\/"]}]},{"@type":"BreadcrumbList","@id":"https:\/\/www.stucco-naturale.com\/fr\/paiement-et-expedition\/#breadcrumb","itemListElement":[{"@type":"ListItem","position":1,"name":"Page d'accueil","item":"https:\/\/www.stucco-naturale.com\/fr\/"},{"@type":"ListItem","position":2,"name":"Paiement et exp\u00e9dition"}]},{"@type":"WebSite","@id":"https:\/\/www.stucco-naturale.com\/fr\/#website","url":"https:\/\/www.stucco-naturale.com\/fr\/","name":"Stucco naturale","description":"Boutique pour Stucco Veneziano, Marmorino & Accessoires","publisher":{"@id":"https:\/\/www.stucco-naturale.com\/fr\/#organization"},"potentialAction":[{"@type":"SearchAction","target":{"@type":"EntryPoint","urlTemplate":"https:\/\/www.stucco-naturale.com\/fr\/?s={search_term_string}"},"query-input":{"@type":"PropertyValueSpecification","valueRequired":true,"valueName":"search_term_string"}}],"inLanguage":"fr-FR"},{"@type":"Organization","@id":"https:\/\/www.stucco-naturale.com\/fr\/#organization","name":"Stucco naturale","url":"https:\/\/www.stucco-naturale.com\/fr\/","logo":{"@type":"ImageObject","inLanguage":"fr-FR","@id":"https:\/\/www.stucco-naturale.com\/fr\/#\/schema\/logo\/image\/","url":"https:\/\/www.stucco-naturale.com\/wp-content\/uploads\/logo_stucco-naturale.jpg","contentUrl":"https:\/\/www.stucco-naturale.com\/wp-content\/uploads\/logo_stucco-naturale.jpg","width":400,"height":600,"caption":"Stucco naturale"},"image":{"@id":"https:\/\/www.stucco-naturale.com\/fr\/#\/schema\/logo\/image\/"},"sameAs":["https:\/\/www.facebook.com\/natuerlicher.kalkputz\/","https:\/\/x.com\/StuccoNaturale","https:\/\/www.instagram.com\/stucco_naturale\/?hl=de"],"vatID":"ATU78081825"}]}},"_links":{"self":[{"href":"https:\/\/www.stucco-naturale.com\/fr\/wp-json\/wp\/v2\/pages\/32760","targetHints":{"allow":["GET"]}}],"collection":[{"href":"https:\/\/www.stucco-naturale.com\/fr\/wp-json\/wp\/v2\/pages"}],"about":[{"href":"https:\/\/www.stucco-naturale.com\/fr\/wp-json\/wp\/v2\/types\/page"}],"author":[{"embeddable":true,"href":"https:\/\/www.stucco-naturale.com\/fr\/wp-json\/wp\/v2\/users\/1"}],"replies":[{"embeddable":true,"href":"https:\/\/www.stucco-naturale.com\/fr\/wp-json\/wp\/v2\/comments?post=32760"}],"version-history":[{"count":1,"href":"https:\/\/www.stucco-naturale.com\/fr\/wp-json\/wp\/v2\/pages\/32760\/revisions"}],"predecessor-version":[{"id":72674,"href":"https:\/\/www.stucco-naturale.com\/fr\/wp-json\/wp\/v2\/pages\/32760\/revisions\/72674"}],"wp:attachment":[{"href":"https:\/\/www.stucco-naturale.com\/fr\/wp-json\/wp\/v2\/media?parent=32760"}],"curies":[{"name":"wp","href":"https:\/\/api.w.org\/{rel}","templated":true}]}}