{"id":32485,"date":"2017-01-27T19:16:38","date_gmt":"2017-01-27T18:16:38","guid":{"rendered":"https:\/\/www.stucco-naturale.com\/contactez\/"},"modified":"2026-03-27T17:54:07","modified_gmt":"2026-03-27T16:54:07","slug":"contactez","status":"publish","type":"page","link":"https:\/\/www.stucco-naturale.com\/fr\/contactez\/","title":{"rendered":"Contactez"},"content":{"rendered":"\n<div class=\"et_pb_section_0 et_pb_section et_section_regular et_block_section\"><div class=\"et_pb_row_0 et_pb_row et_block_row\"><div class=\"et_pb_column_0 et_pb_column et_pb_column_4_4 et-last-child et_block_column et_pb_css_mix_blend_mode_passthrough\"><div class=\"et_pb_text_0 et_pb_text et_pb_bg_layout_light et_pb_module et_block_module\"><div class=\"et_pb_text_inner\"><h1 style=\"text-align: center;\"><strong>Nous sommes \u00e0 votre disposition<\/strong><\/h1>\n<\/div><\/div><\/div><\/div><\/div><div class=\"et_pb_section_1 et_pb_section et_section_regular et_block_section\"><div class=\"et_pb_row_1 et_pb_row et_block_row\"><div class=\"et_pb_column_1 et_pb_column et_pb_column_4_4 et-last-child et_block_column et_pb_css_mix_blend_mode_passthrough\"><div class=\"et_pb_text_1 et_pb_text et_pb_bg_layout_light et_pb_module et_block_module\"><div class=\"et_pb_text_inner\"><h2>Vous avez des questions ou des suggestions concernant la boutique en ligne de Stucco naturale ?<\/h2>\n<p>Vous avez des questions sur nos produits <a href=\"https:\/\/www.stucco-naturale.com\/fr\/produit\/stuc-venitien\/\">Stucco Veneziano<\/a>, <a href=\"https:\/\/www.stucco-naturale.com\/fr\/produit\/stuc-marmorino\/\">Marmorino<\/a>, <a href=\"https:\/\/www.stucco-naturale.com\/fr\/categorie-de-produit\/pigments-de-couleur\/\">les pigments de couleur<\/a>, <a href=\"https:\/\/www.stucco-naturale.com\/fr\/categorie-de-produit\/truelles-venitiennes-de-marmorino-tools\/\">la truelle v\u00e9nitienne<\/a> ou d'autres produits ? Utilisez notre formulaire de contact ou envoyez-nous un e-mail.<\/p>\n<\/div><\/div><\/div><\/div><div class=\"et_pb_row_2 et_pb_row et_pb_row_1-4_1-4_1-2 et_block_row et_block_row_1-4_1-4_1-2\"><div class=\"et_pb_column_2 et_pb_column et_pb_column_1_4 et_block_column et_pb_css_mix_blend_mode_passthrough\"><div class=\"et_pb_text_2 et_pb_text et_pb_bg_layout_light et_pb_module et_block_module\"><div class=\"et_pb_text_inner\"><h3>Questions sur la commande, le paiement ou l'exp\u00e9dition<\/h3>\n<p><img decoding=\"async\" class=\"size-full wp-image-3496 aligncenter\" src=\"https:\/\/www.stucco-naturale.com\/wp-content\/uploads\/Betty-Walcher-Rosenbogen.jpg\" alt=\"Betty Kontaktseite\" width=\"200\" height=\"200\" \/><\/p>\n<p>Elisabeth Walcher<br \/>Schmelzerweg 18<br \/>6250 Kundl<br \/>Autriche<\/p>\n<p>E-mail: <a href=\"mailto:office@stucco-naturale.com\">office@stucco-naturale.com<\/a><\/p>\n<p>Mobile : <a href=\"tel:+4369910242700\">+43 699 102 42 700<\/a> (Nous parlons allemand et anglais)<\/p>\n<p>Disponible par t\u00e9l\u00e9phone du lundi au vendredi de 08.00 \u00e0 18.00 !<\/p>\n<\/div><\/div><\/div><div class=\"et_pb_column_3 et_pb_column et_pb_column_1_4 et_block_column et_pb_css_mix_blend_mode_passthrough\"><div class=\"et_pb_text_3 et_pb_text et_pb_bg_layout_light et_pb_module et_block_module\"><div class=\"et_pb_text_inner\"><h3>Questions sur nos produits ou sur la traitement des produits<\/h3>\n<p><img decoding=\"async\" class=\"size-full wp-image-3496 aligncenter\" src=\"https:\/\/www.stucco-naturale.com\/wp-content\/uploads\/Stefan-Fischer.jpg\" alt=\"Stefan Kontaktseite\" width=\"200\" height=\"200\" \/><\/p>\n<p>Stefan Fischer<br \/>Schmelzerweg 18<br \/>6250 Kundl<br \/>Autriche<\/p>\n<p>E-mail: <a href=\"mailto:info@stucco-naturale.com\">info@stucco-naturale.com<\/a><\/p>\n<p>Mobile : <a href=\"tel:+436606413331\">+43 660 641 333 1<\/a>\u00a0 (Nous parlons allemand et anglais)<\/p>\n<p>Disponible par t\u00e9l\u00e9phone du lundi au vendredi de 08.00 \u00e0 18.00 !<\/p>\n<\/div><\/div><\/div><div class=\"et_pb_column_4 et_pb_column et_pb_column_1_2 et-last-child et_block_column et_pb_css_mix_blend_mode_passthrough\"><div class=\"et_pb_contact_form_0 et_pb_contact_form_container clearfix et_pb_module et_flex_module\" data-form_unique_num=\"0\" data-form_unique_id=\"5a298d68-1da1-4eba-89ad-f4786bd2d363\" id=\"et_pb_contact_form_5a298d68-1da1-4eba-89ad-f4786bd2d363\"><h2 class=\"et_pb_contact_main_title\">Formulaire de contact<\/h2><div class=\"et-pb-contact-message\"><\/div><div class=\"et_pb_contact\"><form class=\"et_pb_contact_form et_flex_module\" method=\"post\" action=\"https:\/\/www.stucco-naturale.com\/fr\/wp-json\/wp\/v2\/pages\/32485\"><div class=\"et_pb_contact_field_0 et_pb_contact_field et_pb_module et_flex_module et_flex_column_12_24 et_flex_column_12_24_tablet et_flex_column_12_24_phone\" data-id=\"name\" data-type=\"input\"><label class=\"et_pb_contact_form_label\" for=\"et_pb_contact_0_name_0\">Nom<\/label><input type=\"text\" name=\"et_pb_contact_0_name_0\" id=\"et_pb_contact_0_name_0\" class=\"input\" data-required_mark=\"required\" data-field_type=\"input\" data-original_id=\"name\" placeholder=\"Nom\" title=\"\" value=\"\" \/><\/div><div class=\"et_pb_contact_field_1 et_pb_contact_field et_pb_module et_flex_module et_flex_column_12_24 et_flex_column_12_24_tablet et_flex_column_12_24_phone\" data-id=\"email\" data-type=\"email\"><label class=\"et_pb_contact_form_label\" for=\"et_pb_contact_0_email_1\">Adresse \u00e9lectronique<\/label><input type=\"text\" name=\"et_pb_contact_0_email_1\" id=\"et_pb_contact_0_email_1\" class=\"input\" data-required_mark=\"required\" data-field_type=\"email\" data-original_id=\"email\" placeholder=\"Adresse \u00e9lectronique\" title=\"\" value=\"\" \/><\/div><div class=\"et_pb_contact_field_2 et_pb_contact_field et_pb_module et_flex_module et_flex_column_24_24 et_flex_column_24_24_tablet et_flex_column_24_24_phone\" data-id=\"message\" data-type=\"text\"><label class=\"et_pb_contact_form_label\" for=\"et_pb_contact_0_message_2\">Message<\/label><textarea name=\"et_pb_contact_0_message_2\" id=\"et_pb_contact_0_message_2\" class=\"et_pb_contact_message input\" data-required_mark=\"required\" data-field_type=\"text\" data-original_id=\"message\" placeholder=\"Message\"><\/textarea><\/div><div class=\"et_pb_contact_field_3 et_pb_contact_field et_pb_module et_flex_module et_flex_column_24_24 et_flex_column_24_24_tablet et_flex_column_24_24_phone\" data-id=\"dsgvo_checkbox\" data-type=\"checkbox\"><label class=\"et_pb_contact_form_label\">Vous devez accepter la d\u00e9claration de protection des donn\u00e9es conform\u00e9ment \u00e0 la DSGVO. Cochez la case suivante :<\/label><input type=\"hidden\" name=\"et_pb_contact_0_dsgvo_checkbox_3\" class=\"et_pb_checkbox_handle\" data-required_mark=\"required\" data-field_type=\"checkbox\" data-original_id=\"dsgvo_checkbox\" \/><span class=\"et_pb_contact_field_options_wrapper\"><span class=\"et_pb_contact_field_options_title\">Vous devez accepter la d\u00e9claration de protection des donn\u00e9es conform\u00e9ment \u00e0 la DSGVO. Cochez la case suivante :<\/span><span class=\"et_pb_contact_field_options_list\"><span class=\"et_pb_contact_field_checkbox\"><input type=\"checkbox\" id=\"et_pb_contact_0_dsgvo_checkbox_3_0\" class=\"input\" value=\"Vous pouvez lire les d\u00e9tails dans la politique de confidentialit\u00e9\" data-required_mark=\"required\" data-field_type=\"checkbox\" data-original_id=\"dsgvo_checkbox\" \/><label for=\"et_pb_contact_0_dsgvo_checkbox_3_0\"><i><\/i>Vous pouvez lire les d\u00e9tails dans la politique de confidentialit\u00e9 <a target=\"_blank\" href=\"https:\/\/www.stucco-naturale.com\/fr\/politique-de-confidentialite\/\">https:\/\/www.stucco-naturale.com\/fr\/politique-de-confidentialite\/<\/a><\/label><\/span><\/span><\/span><\/div><input type=\"hidden\" name=\"et_pb_contactform_submit_5a298d68-1da1-4eba-89ad-f4786bd2d363\" value=\"et_contact_proccess\" \/><div class=\"et_contact_bottom_container\"><div class=\"et_pb_contact_right et_pb_contact_field\"><p class=\"clearfix\"><label><span class=\"et_pb_contact_captcha_question\">4 + 14<\/span> = <input type=\"text\" size=\"2\" class=\"input et_pb_contact_captcha\" data-first_digit=\"4\" data-second_digit=\"14\" data-required_mark=\"required\" name=\"et_pb_contact_captcha_5a298d68-1da1-4eba-89ad-f4786bd2d363\" autocomplete=\"off\" \/><\/label><\/p><\/div><div class=\"et_pb_button_wrapper\"><button type=\"submit\" name=\"et_builder_submit_button\" class=\"et_pb_button et_pb_contact_submit\">Soumettre<\/button><\/div><\/div><input type=\"hidden\" id=\"_wpnonce-et-pb-contact-form-submitted-5a298d68-1da1-4eba-89ad-f4786bd2d363\" name=\"_wpnonce-et-pb-contact-form-submitted-5a298d68-1da1-4eba-89ad-f4786bd2d363\" value=\"2a17f0e42b\" \/><input type=\"hidden\" name=\"_wp_http_referer\" value=\"\/fr\/wp-json\/wp\/v2\/pages\/32485\" \/><\/form><\/div><\/div><\/div><\/div><\/div><div class=\"et_pb_section_2 et_pb_section et_section_regular et_block_section\"><div class=\"et_pb_row_3 et_pb_row et_pb_row_1-2_1-4_1-4 et_block_row et_block_row_1-2_1-4_1-4\"><div class=\"et_pb_column_5 et_pb_column et_pb_column_1_2 et_block_column et_pb_css_mix_blend_mode_passthrough\"><div class=\"et_pb_text_4 et_pb_text et_pb_bg_layout_light et_pb_module et_block_module\"><div class=\"et_pb_text_inner\"><h3>Du lundi au vendredi de 8.00 \u00e0 18.00 heures, vous pouvez \u00e9galement nous joindre via WhatsApp et Telegram !<\/h3>\n<p>Il suffit de cliquer sur les ic\u00f4nes ci-dessous.<\/p>\n<\/div><\/div><\/div><div class=\"et_pb_column_6 et_pb_column et_pb_column_1_4 et_block_column et_pb_css_mix_blend_mode_passthrough\"><div class=\"et_pb_code_0 et_pb_code et_pb_text_align_center et_pb_module\"><div class=\"et_pb_code_inner\"><p><a href=\"https:\/\/t.me\/Fischer_Stefan\" target=\"_blank\" rel=\"noopener noreferrer\"><img decoding=\"async\" src=\"https:\/\/www.stucco-naturale.com\/wp-content\/uploads\/Telegram-1.png\" \/><\/a><\/p><\/div><\/div><\/div><div class=\"et_pb_column_7 et_pb_column et_pb_column_1_4 et-last-child et_block_column et_pb_css_mix_blend_mode_passthrough\"><div class=\"et_pb_code_1 et_pb_code et_pb_text_align_center et_pb_module\"><div class=\"et_pb_code_inner\"><p><a href=\"https:\/\/wa.me\/00436606413331\" target=\"_blank\" rel=\"noopener noreferrer\"><img decoding=\"async\" src=\"https:\/\/www.stucco-naturale.com\/wp-content\/uploads\/Whatsapp-Logo.png\" \/><\/a><\/p><\/div><\/div><\/div><\/div><\/div>\n<span class=\"et_bloom_bottom_trigger\"><\/span>","protected":false},"excerpt":{"rendered":"","protected":false},"author":1,"featured_media":34235,"parent":0,"menu_order":0,"comment_status":"closed","ping_status":"closed","template":"","meta":{"footnotes":""},"class_list":["post-32485","page","type-page","status-publish","has-post-thumbnail","hentry"],"yoast_head":"<!-- This site is optimized with the Yoast SEO Premium plugin v27.3 (Yoast SEO v27.3) - https:\/\/yoast.com\/product\/yoast-seo-premium-wordpress\/ -->\n<title>Contact pour le Stucco naturale<\/title>\n<meta name=\"description\" content=\"Un aper\u00e7u pour contacter l&#039;entreprise Stucco Naturale. Obtenez des informations ou une offre gratuite d\u00e8s maintenant.\" \/>\n<meta name=\"robots\" content=\"index, follow, max-snippet:-1, max-image-preview:large, max-video-preview:-1\" \/>\n<link rel=\"canonical\" href=\"https:\/\/www.stucco-naturale.com\/fr\/contactez\/\" \/>\n<meta property=\"og:locale\" content=\"fr_FR\" \/>\n<meta property=\"og:type\" content=\"article\" \/>\n<meta property=\"og:title\" content=\"Contactez\" \/>\n<meta property=\"og:description\" content=\"Un aper\u00e7u pour contacter l&#039;entreprise Stucco Naturale. Obtenez des informations ou une offre gratuite d\u00e8s maintenant.\" \/>\n<meta property=\"og:url\" content=\"https:\/\/www.stucco-naturale.com\/fr\/contactez\/\" \/>\n<meta property=\"og:site_name\" content=\"Stucco naturale\" \/>\n<meta property=\"article:publisher\" content=\"https:\/\/www.facebook.com\/natuerlicher.kalkputz\/\" \/>\n<meta property=\"article:modified_time\" content=\"2026-03-27T16:54:07+00:00\" \/>\n<meta property=\"og:image\" content=\"https:\/\/www.stucco-naturale.com\/wp-content\/uploads\/Betty-Portrait.jpg\" \/>\n\t<meta property=\"og:image:width\" content=\"400\" \/>\n\t<meta property=\"og:image:height\" content=\"400\" \/>\n\t<meta property=\"og:image:type\" content=\"image\/jpeg\" \/>\n<meta name=\"twitter:card\" content=\"summary_large_image\" \/>\n<meta name=\"twitter:site\" content=\"@StuccoNaturale\" \/>\n<script type=\"application\/ld+json\" class=\"yoast-schema-graph\">{\"@context\":\"https:\\\/\\\/schema.org\",\"@graph\":[{\"@type\":\"WebPage\",\"@id\":\"https:\\\/\\\/www.stucco-naturale.com\\\/fr\\\/contactez\\\/\",\"url\":\"https:\\\/\\\/www.stucco-naturale.com\\\/fr\\\/contactez\\\/\",\"name\":\"Contact pour le Stucco naturale\",\"isPartOf\":{\"@id\":\"https:\\\/\\\/www.stucco-naturale.com\\\/fr\\\/#website\"},\"primaryImageOfPage\":{\"@id\":\"https:\\\/\\\/www.stucco-naturale.com\\\/fr\\\/contactez\\\/#primaryimage\"},\"image\":{\"@id\":\"https:\\\/\\\/www.stucco-naturale.com\\\/fr\\\/contactez\\\/#primaryimage\"},\"thumbnailUrl\":\"https:\\\/\\\/www.stucco-naturale.com\\\/wp-content\\\/uploads\\\/Betty-Portrait.jpg\",\"datePublished\":\"2017-01-27T18:16:38+00:00\",\"dateModified\":\"2026-03-27T16:54:07+00:00\",\"description\":\"Un aper\u00e7u pour contacter l'entreprise Stucco Naturale. Obtenez des informations ou une offre gratuite d\u00e8s maintenant.\",\"breadcrumb\":{\"@id\":\"https:\\\/\\\/www.stucco-naturale.com\\\/fr\\\/contactez\\\/#breadcrumb\"},\"inLanguage\":\"fr-FR\",\"potentialAction\":[{\"@type\":\"ReadAction\",\"target\":[\"https:\\\/\\\/www.stucco-naturale.com\\\/fr\\\/contactez\\\/\"]}]},{\"@type\":\"ImageObject\",\"inLanguage\":\"fr-FR\",\"@id\":\"https:\\\/\\\/www.stucco-naturale.com\\\/fr\\\/contactez\\\/#primaryimage\",\"url\":\"https:\\\/\\\/www.stucco-naturale.com\\\/wp-content\\\/uploads\\\/Betty-Portrait.jpg\",\"contentUrl\":\"https:\\\/\\\/www.stucco-naturale.com\\\/wp-content\\\/uploads\\\/Betty-Portrait.jpg\",\"width\":400,\"height\":400,\"caption\":\"Elisabeth Walcher\"},{\"@type\":\"BreadcrumbList\",\"@id\":\"https:\\\/\\\/www.stucco-naturale.com\\\/fr\\\/contactez\\\/#breadcrumb\",\"itemListElement\":[{\"@type\":\"ListItem\",\"position\":1,\"name\":\"Page d'accueil\",\"item\":\"https:\\\/\\\/www.stucco-naturale.com\\\/fr\\\/\"},{\"@type\":\"ListItem\",\"position\":2,\"name\":\"Contactez\"}]},{\"@type\":\"WebSite\",\"@id\":\"https:\\\/\\\/www.stucco-naturale.com\\\/fr\\\/#website\",\"url\":\"https:\\\/\\\/www.stucco-naturale.com\\\/fr\\\/\",\"name\":\"Stucco naturale\",\"description\":\"Boutique pour Stucco Veneziano, Marmorino & Accessoires\",\"publisher\":{\"@id\":\"https:\\\/\\\/www.stucco-naturale.com\\\/fr\\\/#organization\"},\"potentialAction\":[{\"@type\":\"SearchAction\",\"target\":{\"@type\":\"EntryPoint\",\"urlTemplate\":\"https:\\\/\\\/www.stucco-naturale.com\\\/fr\\\/?s={search_term_string}\"},\"query-input\":{\"@type\":\"PropertyValueSpecification\",\"valueRequired\":true,\"valueName\":\"search_term_string\"}}],\"inLanguage\":\"fr-FR\"},{\"@type\":\"Organization\",\"@id\":\"https:\\\/\\\/www.stucco-naturale.com\\\/fr\\\/#organization\",\"name\":\"Stucco naturale\",\"url\":\"https:\\\/\\\/www.stucco-naturale.com\\\/fr\\\/\",\"logo\":{\"@type\":\"ImageObject\",\"inLanguage\":\"fr-FR\",\"@id\":\"https:\\\/\\\/www.stucco-naturale.com\\\/fr\\\/#\\\/schema\\\/logo\\\/image\\\/\",\"url\":\"https:\\\/\\\/www.stucco-naturale.com\\\/wp-content\\\/uploads\\\/logo_stucco-naturale.jpg\",\"contentUrl\":\"https:\\\/\\\/www.stucco-naturale.com\\\/wp-content\\\/uploads\\\/logo_stucco-naturale.jpg\",\"width\":400,\"height\":600,\"caption\":\"Stucco naturale\"},\"image\":{\"@id\":\"https:\\\/\\\/www.stucco-naturale.com\\\/fr\\\/#\\\/schema\\\/logo\\\/image\\\/\"},\"sameAs\":[\"https:\\\/\\\/www.facebook.com\\\/natuerlicher.kalkputz\\\/\",\"https:\\\/\\\/x.com\\\/StuccoNaturale\",\"https:\\\/\\\/www.instagram.com\\\/stucco_naturale\\\/?hl=de\"],\"vatID\":\"ATU78081825\"}]}<\/script>\n<!-- \/ Yoast SEO Premium plugin. -->","yoast_head_json":{"title":"Contact pour le Stucco naturale","description":"Un aper\u00e7u pour contacter l'entreprise Stucco Naturale. Obtenez des informations ou une offre gratuite d\u00e8s maintenant.","robots":{"index":"index","follow":"follow","max-snippet":"max-snippet:-1","max-image-preview":"max-image-preview:large","max-video-preview":"max-video-preview:-1"},"canonical":"https:\/\/www.stucco-naturale.com\/fr\/contactez\/","og_locale":"fr_FR","og_type":"article","og_title":"Contactez","og_description":"Un aper\u00e7u pour contacter l'entreprise Stucco Naturale. Obtenez des informations ou une offre gratuite d\u00e8s maintenant.","og_url":"https:\/\/www.stucco-naturale.com\/fr\/contactez\/","og_site_name":"Stucco naturale","article_publisher":"https:\/\/www.facebook.com\/natuerlicher.kalkputz\/","article_modified_time":"2026-03-27T16:54:07+00:00","og_image":[{"width":400,"height":400,"url":"https:\/\/www.stucco-naturale.com\/wp-content\/uploads\/Betty-Portrait.jpg","type":"image\/jpeg"}],"twitter_card":"summary_large_image","twitter_site":"@StuccoNaturale","schema":{"@context":"https:\/\/schema.org","@graph":[{"@type":"WebPage","@id":"https:\/\/www.stucco-naturale.com\/fr\/contactez\/","url":"https:\/\/www.stucco-naturale.com\/fr\/contactez\/","name":"Contact pour le Stucco naturale","isPartOf":{"@id":"https:\/\/www.stucco-naturale.com\/fr\/#website"},"primaryImageOfPage":{"@id":"https:\/\/www.stucco-naturale.com\/fr\/contactez\/#primaryimage"},"image":{"@id":"https:\/\/www.stucco-naturale.com\/fr\/contactez\/#primaryimage"},"thumbnailUrl":"https:\/\/www.stucco-naturale.com\/wp-content\/uploads\/Betty-Portrait.jpg","datePublished":"2017-01-27T18:16:38+00:00","dateModified":"2026-03-27T16:54:07+00:00","description":"Un aper\u00e7u pour contacter l'entreprise Stucco Naturale. Obtenez des informations ou une offre gratuite d\u00e8s maintenant.","breadcrumb":{"@id":"https:\/\/www.stucco-naturale.com\/fr\/contactez\/#breadcrumb"},"inLanguage":"fr-FR","potentialAction":[{"@type":"ReadAction","target":["https:\/\/www.stucco-naturale.com\/fr\/contactez\/"]}]},{"@type":"ImageObject","inLanguage":"fr-FR","@id":"https:\/\/www.stucco-naturale.com\/fr\/contactez\/#primaryimage","url":"https:\/\/www.stucco-naturale.com\/wp-content\/uploads\/Betty-Portrait.jpg","contentUrl":"https:\/\/www.stucco-naturale.com\/wp-content\/uploads\/Betty-Portrait.jpg","width":400,"height":400,"caption":"Elisabeth Walcher"},{"@type":"BreadcrumbList","@id":"https:\/\/www.stucco-naturale.com\/fr\/contactez\/#breadcrumb","itemListElement":[{"@type":"ListItem","position":1,"name":"Page d'accueil","item":"https:\/\/www.stucco-naturale.com\/fr\/"},{"@type":"ListItem","position":2,"name":"Contactez"}]},{"@type":"WebSite","@id":"https:\/\/www.stucco-naturale.com\/fr\/#website","url":"https:\/\/www.stucco-naturale.com\/fr\/","name":"Stucco naturale","description":"Boutique pour Stucco Veneziano, Marmorino & Accessoires","publisher":{"@id":"https:\/\/www.stucco-naturale.com\/fr\/#organization"},"potentialAction":[{"@type":"SearchAction","target":{"@type":"EntryPoint","urlTemplate":"https:\/\/www.stucco-naturale.com\/fr\/?s={search_term_string}"},"query-input":{"@type":"PropertyValueSpecification","valueRequired":true,"valueName":"search_term_string"}}],"inLanguage":"fr-FR"},{"@type":"Organization","@id":"https:\/\/www.stucco-naturale.com\/fr\/#organization","name":"Stucco naturale","url":"https:\/\/www.stucco-naturale.com\/fr\/","logo":{"@type":"ImageObject","inLanguage":"fr-FR","@id":"https:\/\/www.stucco-naturale.com\/fr\/#\/schema\/logo\/image\/","url":"https:\/\/www.stucco-naturale.com\/wp-content\/uploads\/logo_stucco-naturale.jpg","contentUrl":"https:\/\/www.stucco-naturale.com\/wp-content\/uploads\/logo_stucco-naturale.jpg","width":400,"height":600,"caption":"Stucco naturale"},"image":{"@id":"https:\/\/www.stucco-naturale.com\/fr\/#\/schema\/logo\/image\/"},"sameAs":["https:\/\/www.facebook.com\/natuerlicher.kalkputz\/","https:\/\/x.com\/StuccoNaturale","https:\/\/www.instagram.com\/stucco_naturale\/?hl=de"],"vatID":"ATU78081825"}]}},"_links":{"self":[{"href":"https:\/\/www.stucco-naturale.com\/fr\/wp-json\/wp\/v2\/pages\/32485","targetHints":{"allow":["GET"]}}],"collection":[{"href":"https:\/\/www.stucco-naturale.com\/fr\/wp-json\/wp\/v2\/pages"}],"about":[{"href":"https:\/\/www.stucco-naturale.com\/fr\/wp-json\/wp\/v2\/types\/page"}],"author":[{"embeddable":true,"href":"https:\/\/www.stucco-naturale.com\/fr\/wp-json\/wp\/v2\/users\/1"}],"replies":[{"embeddable":true,"href":"https:\/\/www.stucco-naturale.com\/fr\/wp-json\/wp\/v2\/comments?post=32485"}],"version-history":[{"count":0,"href":"https:\/\/www.stucco-naturale.com\/fr\/wp-json\/wp\/v2\/pages\/32485\/revisions"}],"wp:featuredmedia":[{"embeddable":true,"href":"https:\/\/www.stucco-naturale.com\/fr\/wp-json\/wp\/v2\/media\/34235"}],"wp:attachment":[{"href":"https:\/\/www.stucco-naturale.com\/fr\/wp-json\/wp\/v2\/media?parent=32485"}],"curies":[{"name":"wp","href":"https:\/\/api.w.org\/{rel}","templated":true}]}}