{"id":32480,"date":"2017-01-16T13:52:22","date_gmt":"2017-01-16T12:52:22","guid":{"rendered":"https:\/\/www.stucco-naturale.com\/mentions-legales\/"},"modified":"2026-03-27T17:50:31","modified_gmt":"2026-03-27T16:50:31","slug":"mentions-legales","status":"publish","type":"page","link":"https:\/\/www.stucco-naturale.com\/fr\/mentions-legales\/","title":{"rendered":"Mentions l\u00e9gales"},"content":{"rendered":"<div class=\"et_pb_section_0 et_pb_section et_section_regular et_block_section\"><div class=\"et_pb_row_0 et_pb_row et_block_row\"><div class=\"et_pb_column_0 et_pb_column et_pb_column_4_4 et-last-child et_block_column et_pb_css_mix_blend_mode_passthrough\"><div class=\"et_pb_text_0 et_pb_text et_pb_bg_layout_light et_pb_module et_block_module\"><div class=\"et_pb_text_inner\"><h2>Mentions l\u00e9gales<\/h2>\n<p><\/p>\n<p>Identification l\u00e9gale du fournisseur : <strong><br \/>Freunde gesunder Lebensart<br \/>Dorfstra\u00dfe 63 b\/2<br \/>6241 Radfeld<br \/>Autriche <br \/>Repr\u00e9sent\u00e9e par Stefan Fischer, membre ex\u00e9cutif du comit\u00e9 directeur<br \/>T\u00e9l\u00e9phone : +43 660 6413 331<br \/>E-Mail : info@stucco-naturale.com<\/strong> <br \/><strong>Registre des associations - Num\u00e9ro ZVR : 1894884607 <br \/>Num\u00e9ro TVA : ATU78081825<br \/>Num\u00e9ro EORI : ATEOS1000124991<br \/>Membre du WKO <br \/>Licences commerciales :<br \/>commerce, \u00e0 l'exception des activit\u00e9s commerciales r\u00e9glement\u00e9es\/num\u00e9ro GISA 34966624, production de mat\u00e9riaux de construction\/num\u00e9ro GISA 34966563<br \/>Administration du district de Kufstein - autorit\u00e9 de contr\u00f4le<\/strong><\/p>\n<p><\/p>\n<p><strong>Responsable du contenu conform\u00e9ment au \u00a7 18 Abs. 2 MStV:<br \/>Stefan Fischer, Dorfstra\u00dfe 63 b\/2, 6241 Radfeld, Autriche<\/strong><\/p>\n<p><\/p>\n<p>Nous ne sommes ni pr\u00eats ni oblig\u00e9s de participer \u00e0 des proc\u00e9dures de r\u00e8glement des litiges devant des organismes de conciliation des consommateurs.<\/p>\n<p><\/p>\n<p><!-- Beginn des H&auml;ndlerbund HTML-Code --><!-- Der HTML-Code darf im Sinne der einwandfreien Funktionalit\u00e4t nicht ver&auml;ndert werden! --> <a href=\"https:\/\/logo.haendlerbund.de\/show.php?uuid=58c7fe38-3240-11e5-b74f-14dae9b38da3-7571034354\" target=\"_blank\" rel=\"noopener\"> <img decoding=\"async\" title=\"H\u00e4ndlerbund Mitglied\" src=\"https:\/\/logo.haendlerbund.de\/logo.php?uuid=58c7fe38-3240-11e5-b74f-14dae9b38da3-7571034354&amp;size=120&amp;variant=2\" alt=\"Mitglied im H\u00e4ndlerbund\" border=\"0\" hspace=\"5\" vspace=\"5\" \/> <\/a> <!-- Ende des H&auml;ndlerbund HTML-Code --><\/p>\n<p><\/p>\n<p>Vous achetez aupr\u00e8s d'un membre de l'association des concessionnaires. Cliquez sur le logo de l'association des concessionnaires pour afficher la liste des membres.<br \/>Nous sommes membres de l'initiative \"FairCommerce\" depuis le 24.07.2015. Vous trouverez de plus amples informations \u00e0 ce sujet sur le site www.fair-commerce.de.<\/p>\n<p><\/p>\n<p><strong>Cr\u00e9dits photos :<\/strong> \u00a9 slavun- fotolia.com (Image d'en-t\u00eate de la page d'accueil, set complet de blogs) \u00a9 Robert Kneschke - fotoalia.com (Appr\u00eat pour enduit Blog) <strong>\u00a9<\/strong> Shutterstock Lizenz 752946424\/1086541685 (Ic\u00f4ne Whatsapp sur la page de contact) <strong>\u00a9 <\/strong>stucco naturale (alle restlichen Bilder)<\/p>\n<p><\/p>\n<p><strong>Marque d\u00e9pos\u00e9e<\/strong> La marque stucco naturale \u00ae a \u00e9t\u00e9 demand\u00e9e et enregistr\u00e9e par le cabinet d'avocats Horak Avocats\/avocats sp\u00e9cialis\u00e9s, qui est actif dans le domaine du droit des marques.<\/p>\n<p><\/p>\n<p><strong>R\u00e9f\u00e9rence \u00e0 la participation au syst\u00e8me de collecte et de recyclage de la plate-forme europ\u00e9enne de recyclage (ERP) Austria GmbH<\/strong> En ce qui concerne les emballages que nous mettons en circulation et qui sont soumis \u00e0 une licence, notre entreprise a adh\u00e9r\u00e9 au syst\u00e8me national de collecte et de recyclage de la European Recycling Platform (ERP) Austria GmbH afin de garantir que nous remplissons notre obligation l\u00e9gale conform\u00e9ment \u00e0 l'article 13 g, paragraphe 2, de la loi sur le recyclage. Vous trouverez de plus amples informations sur le site web de la plate-forme europ\u00e9enne du recyclage (ERP) Austria GmbH.<\/p>\n<\/div><\/div><\/div><\/div><\/div><span class=\"et_bloom_bottom_trigger\"><\/span>","protected":false},"excerpt":{"rendered":"","protected":false},"author":1,"featured_media":0,"parent":0,"menu_order":0,"comment_status":"closed","ping_status":"closed","template":"","meta":{"footnotes":""},"class_list":["post-32480","page","type-page","status-publish","hentry"],"yoast_head":"<!-- This site is optimized with the Yoast SEO Premium plugin v27.3 (Yoast SEO v27.3) - https:\/\/yoast.com\/product\/yoast-seo-premium-wordpress\/ -->\n<title>Mentions l\u00e9gales<\/title>\n<meta name=\"description\" content=\"Donn\u00e9es et informations sur la personne responsable du contenu conform\u00e9ment au \u00a7 55 RStV\" \/>\n<meta name=\"robots\" content=\"noindex, nofollow\" \/>\n<meta property=\"og:locale\" content=\"fr_FR\" \/>\n<meta property=\"og:type\" content=\"article\" \/>\n<meta property=\"og:title\" content=\"Mentions l\u00e9gales\" \/>\n<meta property=\"og:description\" content=\"Donn\u00e9es et informations sur la personne responsable du contenu conform\u00e9ment au \u00a7 55 RStV\" \/>\n<meta property=\"og:url\" content=\"https:\/\/www.stucco-naturale.com\/fr\/mentions-legales\/\" \/>\n<meta property=\"og:site_name\" content=\"Stucco naturale\" \/>\n<meta property=\"article:publisher\" content=\"https:\/\/www.facebook.com\/natuerlicher.kalkputz\/\" \/>\n<meta property=\"article:modified_time\" content=\"2026-03-27T16:50:31+00:00\" \/>\n<meta name=\"twitter:card\" content=\"summary_large_image\" \/>\n<meta name=\"twitter:site\" content=\"@StuccoNaturale\" \/>\n<script type=\"application\/ld+json\" class=\"yoast-schema-graph\">{\"@context\":\"https:\\\/\\\/schema.org\",\"@graph\":[{\"@type\":\"WebPage\",\"@id\":\"https:\\\/\\\/www.stucco-naturale.com\\\/fr\\\/mentions-legales\\\/\",\"url\":\"https:\\\/\\\/www.stucco-naturale.com\\\/fr\\\/mentions-legales\\\/\",\"name\":\"Mentions l\u00e9gales\",\"isPartOf\":{\"@id\":\"https:\\\/\\\/www.stucco-naturale.com\\\/fr\\\/#website\"},\"datePublished\":\"2017-01-16T12:52:22+00:00\",\"dateModified\":\"2026-03-27T16:50:31+00:00\",\"description\":\"Donn\u00e9es et informations sur la personne responsable du contenu conform\u00e9ment au \u00a7 55 RStV\",\"breadcrumb\":{\"@id\":\"https:\\\/\\\/www.stucco-naturale.com\\\/fr\\\/mentions-legales\\\/#breadcrumb\"},\"inLanguage\":\"fr-FR\",\"potentialAction\":[{\"@type\":\"ReadAction\",\"target\":[\"https:\\\/\\\/www.stucco-naturale.com\\\/fr\\\/mentions-legales\\\/\"]}]},{\"@type\":\"BreadcrumbList\",\"@id\":\"https:\\\/\\\/www.stucco-naturale.com\\\/fr\\\/mentions-legales\\\/#breadcrumb\",\"itemListElement\":[{\"@type\":\"ListItem\",\"position\":1,\"name\":\"Page d'accueil\",\"item\":\"https:\\\/\\\/www.stucco-naturale.com\\\/fr\\\/\"},{\"@type\":\"ListItem\",\"position\":2,\"name\":\"Mentions l\u00e9gales\"}]},{\"@type\":\"WebSite\",\"@id\":\"https:\\\/\\\/www.stucco-naturale.com\\\/fr\\\/#website\",\"url\":\"https:\\\/\\\/www.stucco-naturale.com\\\/fr\\\/\",\"name\":\"Stucco naturale\",\"description\":\"Boutique pour Stucco Veneziano, Marmorino & Accessoires\",\"publisher\":{\"@id\":\"https:\\\/\\\/www.stucco-naturale.com\\\/fr\\\/#organization\"},\"potentialAction\":[{\"@type\":\"SearchAction\",\"target\":{\"@type\":\"EntryPoint\",\"urlTemplate\":\"https:\\\/\\\/www.stucco-naturale.com\\\/fr\\\/?s={search_term_string}\"},\"query-input\":{\"@type\":\"PropertyValueSpecification\",\"valueRequired\":true,\"valueName\":\"search_term_string\"}}],\"inLanguage\":\"fr-FR\"},{\"@type\":\"Organization\",\"@id\":\"https:\\\/\\\/www.stucco-naturale.com\\\/fr\\\/#organization\",\"name\":\"Stucco naturale\",\"url\":\"https:\\\/\\\/www.stucco-naturale.com\\\/fr\\\/\",\"logo\":{\"@type\":\"ImageObject\",\"inLanguage\":\"fr-FR\",\"@id\":\"https:\\\/\\\/www.stucco-naturale.com\\\/fr\\\/#\\\/schema\\\/logo\\\/image\\\/\",\"url\":\"https:\\\/\\\/www.stucco-naturale.com\\\/wp-content\\\/uploads\\\/logo_stucco-naturale.jpg\",\"contentUrl\":\"https:\\\/\\\/www.stucco-naturale.com\\\/wp-content\\\/uploads\\\/logo_stucco-naturale.jpg\",\"width\":400,\"height\":600,\"caption\":\"Stucco naturale\"},\"image\":{\"@id\":\"https:\\\/\\\/www.stucco-naturale.com\\\/fr\\\/#\\\/schema\\\/logo\\\/image\\\/\"},\"sameAs\":[\"https:\\\/\\\/www.facebook.com\\\/natuerlicher.kalkputz\\\/\",\"https:\\\/\\\/x.com\\\/StuccoNaturale\",\"https:\\\/\\\/www.instagram.com\\\/stucco_naturale\\\/?hl=de\"],\"vatID\":\"ATU78081825\"}]}<\/script>\n<!-- \/ Yoast SEO Premium plugin. -->","yoast_head_json":{"title":"Mentions l\u00e9gales","description":"Donn\u00e9es et informations sur la personne responsable du contenu conform\u00e9ment au \u00a7 55 RStV","robots":{"index":"noindex","follow":"nofollow"},"og_locale":"fr_FR","og_type":"article","og_title":"Mentions l\u00e9gales","og_description":"Donn\u00e9es et informations sur la personne responsable du contenu conform\u00e9ment au \u00a7 55 RStV","og_url":"https:\/\/www.stucco-naturale.com\/fr\/mentions-legales\/","og_site_name":"Stucco naturale","article_publisher":"https:\/\/www.facebook.com\/natuerlicher.kalkputz\/","article_modified_time":"2026-03-27T16:50:31+00:00","twitter_card":"summary_large_image","twitter_site":"@StuccoNaturale","schema":{"@context":"https:\/\/schema.org","@graph":[{"@type":"WebPage","@id":"https:\/\/www.stucco-naturale.com\/fr\/mentions-legales\/","url":"https:\/\/www.stucco-naturale.com\/fr\/mentions-legales\/","name":"Mentions l\u00e9gales","isPartOf":{"@id":"https:\/\/www.stucco-naturale.com\/fr\/#website"},"datePublished":"2017-01-16T12:52:22+00:00","dateModified":"2026-03-27T16:50:31+00:00","description":"Donn\u00e9es et informations sur la personne responsable du contenu conform\u00e9ment au \u00a7 55 RStV","breadcrumb":{"@id":"https:\/\/www.stucco-naturale.com\/fr\/mentions-legales\/#breadcrumb"},"inLanguage":"fr-FR","potentialAction":[{"@type":"ReadAction","target":["https:\/\/www.stucco-naturale.com\/fr\/mentions-legales\/"]}]},{"@type":"BreadcrumbList","@id":"https:\/\/www.stucco-naturale.com\/fr\/mentions-legales\/#breadcrumb","itemListElement":[{"@type":"ListItem","position":1,"name":"Page d'accueil","item":"https:\/\/www.stucco-naturale.com\/fr\/"},{"@type":"ListItem","position":2,"name":"Mentions l\u00e9gales"}]},{"@type":"WebSite","@id":"https:\/\/www.stucco-naturale.com\/fr\/#website","url":"https:\/\/www.stucco-naturale.com\/fr\/","name":"Stucco naturale","description":"Boutique pour Stucco Veneziano, Marmorino & Accessoires","publisher":{"@id":"https:\/\/www.stucco-naturale.com\/fr\/#organization"},"potentialAction":[{"@type":"SearchAction","target":{"@type":"EntryPoint","urlTemplate":"https:\/\/www.stucco-naturale.com\/fr\/?s={search_term_string}"},"query-input":{"@type":"PropertyValueSpecification","valueRequired":true,"valueName":"search_term_string"}}],"inLanguage":"fr-FR"},{"@type":"Organization","@id":"https:\/\/www.stucco-naturale.com\/fr\/#organization","name":"Stucco naturale","url":"https:\/\/www.stucco-naturale.com\/fr\/","logo":{"@type":"ImageObject","inLanguage":"fr-FR","@id":"https:\/\/www.stucco-naturale.com\/fr\/#\/schema\/logo\/image\/","url":"https:\/\/www.stucco-naturale.com\/wp-content\/uploads\/logo_stucco-naturale.jpg","contentUrl":"https:\/\/www.stucco-naturale.com\/wp-content\/uploads\/logo_stucco-naturale.jpg","width":400,"height":600,"caption":"Stucco naturale"},"image":{"@id":"https:\/\/www.stucco-naturale.com\/fr\/#\/schema\/logo\/image\/"},"sameAs":["https:\/\/www.facebook.com\/natuerlicher.kalkputz\/","https:\/\/x.com\/StuccoNaturale","https:\/\/www.instagram.com\/stucco_naturale\/?hl=de"],"vatID":"ATU78081825"}]}},"_links":{"self":[{"href":"https:\/\/www.stucco-naturale.com\/fr\/wp-json\/wp\/v2\/pages\/32480","targetHints":{"allow":["GET"]}}],"collection":[{"href":"https:\/\/www.stucco-naturale.com\/fr\/wp-json\/wp\/v2\/pages"}],"about":[{"href":"https:\/\/www.stucco-naturale.com\/fr\/wp-json\/wp\/v2\/types\/page"}],"author":[{"embeddable":true,"href":"https:\/\/www.stucco-naturale.com\/fr\/wp-json\/wp\/v2\/users\/1"}],"replies":[{"embeddable":true,"href":"https:\/\/www.stucco-naturale.com\/fr\/wp-json\/wp\/v2\/comments?post=32480"}],"version-history":[{"count":0,"href":"https:\/\/www.stucco-naturale.com\/fr\/wp-json\/wp\/v2\/pages\/32480\/revisions"}],"wp:attachment":[{"href":"https:\/\/www.stucco-naturale.com\/fr\/wp-json\/wp\/v2\/media?parent=32480"}],"curies":[{"name":"wp","href":"https:\/\/api.w.org\/{rel}","templated":true}]}}