{"id":32458,"date":"2017-01-25T17:08:06","date_gmt":"2017-01-25T16:08:06","guid":{"rendered":"https:\/\/www.stucco-naturale.com\/instructions-pour-la-transformation-et-informations-sur-le-produit-du-enduit-aspect-beton\/"},"modified":"2026-03-27T17:53:54","modified_gmt":"2026-03-27T16:53:54","slug":"instructions-pour-la-transformation-et-informations-sur-le-produit-du-enduit-aspect-beton","status":"publish","type":"page","link":"https:\/\/www.stucco-naturale.com\/fr\/instructions-pour-la-transformation-et-informations-sur-le-produit-du-enduit-aspect-beton\/","title":{"rendered":"Instructions pour la transformation et informations sur le produit du enduit aspect b\u00e9ton"},"content":{"rendered":"<div class=\"et_pb_section_0 et_pb_section et_section_regular et_block_section\"><div class=\"et_pb_row_0 et_pb_row et_block_row\"><div class=\"et_pb_column_0 et_pb_column et_pb_column_4_4 et-last-child et_block_column et_pb_css_mix_blend_mode_passthrough\"><div class=\"et_pb_text_0 et_pb_text et_pb_bg_layout_light et_pb_module et_block_module\"><div class=\"et_pb_text_inner\"><h1>Instructions de traitement et informations sur les produits de l'ensemble d'optiques concr\u00e8tes<\/h1>\n<\/div><\/div><div class=\"et_pb_text_1 et_pb_text et_pb_bg_layout_light et_pb_module et_block_module\"><div class=\"et_pb_text_inner\"><h2>Mise en \u0153uvre du mastic aspect b\u00e9ton :<\/h2>\n<p>&nbsp;<\/p>\n<p><strong>Sur ces supports, une couche de fond doit \u00eatre appliqu\u00e9e au pr\u00e9alable :<\/strong><\/p>\n<ul>\n<li>Planches de pl\u00e2tre<\/li>\n<li>B\u00e9ton arm\u00e9<\/li>\n<li>Peintures \u00e0 dispersion<\/li>\n<li>Carrelage (<a href=\"https:\/\/www.stucco-naturale.com\/fr\/appliquer-le-stucco-veneziano-et-dautres-enduits-a-base-de-marbre-sur-les-carreaux\/\">vous pouvez lire ici la pr\u00e9paration du carrelage<\/a>)<\/li>\n<li>Verre<\/li>\n<li>MDF<\/li>\n<li>M\u00e9tal etc.<\/li>\n<\/ul>\n<p>Pour acheter <strong>l'appr\u00eat adh\u00e9sif recommand\u00e9<\/strong> <a href=\"https:\/\/www.stucco-naturale.com\/produkt-kategorie\/haftgrundierung\/\">cliquez ici. <\/a><\/p>\n<p>&nbsp;<\/p>\n<h3>Si le support est min\u00e9ral, comme un enduit de chaux, de ciment ou de pl\u00e2tre, vous pouvez commencer imm\u00e9diatement. C'est parti.<\/h3>\n<p>L'enduit color\u00e9 <a href=\"https:\/\/www.stucco-naturale.com\/fr\/produit\/enduit-decoratif-effet-beton\/\">effet b\u00e9ton<\/a> est appliqu\u00e9 en <strong>minceur uniforme<\/strong> \u00e0 l'aide de la <a href=\"https:\/\/www.stucco-naturale.com\/produkt-kategorie\/venezianische-glaettekellen\/\">lisse v\u00e9nitienne<\/a>. Si vous utilisez le <a href=\"https:\/\/www.stucco-naturale.com\/fr\/produit\/accessoires-pour-laspect-concret-avec-feuille\/\">kit d'accessoires<\/a>, un temps d'\u00e9vaporation d'environ 15 minutes est respect\u00e9. Avec le bouchon, les <strong>trous sont enfonc\u00e9s avec un mouvement rotatif, selon une grille rectangulaire. <\/strong>Maintenant, on applique le <strong>film plastique<\/strong> sur la surface et on appuie l\u00e9g\u00e8rement avec la truelle. Ensuite, il faut veiller \u00e0 ce qu'aucun mat\u00e9riau n'adh\u00e8re lors du retrait du film ; si c'est le cas, le <strong>film<\/strong> peut \u00eatre compl\u00e8tement <strong>retir\u00e9<\/strong>.<br \/>A partir du moment o\u00f9 le mastic est appliqu\u00e9 (dur comme du cuir), on <strong>lisse avec la truelle v\u00e9nitienne.<\/strong><br \/>Le but est d'obtenir une surface gris b\u00e9ton avec l'empreinte du coffrage en b\u00e9ton, imit\u00e9e par l'utilisation du film plastique et du bouchon. Il est ensuite possible de reproduire les \u00e9l\u00e9ments du coffrage en tra\u00e7ant de fines lignes dans le rev\u00eatement \u00e0 l'aide d'une latte horizontale et d'une truelle, puis de lisser \u00e0 nouveau.<br \/>Optionnel : apr\u00e8s un temps de s\u00e9chage d'environ 12 heures, appliquer de la <a href=\"https:\/\/www.stucco-naturale.com\/fr\/produit\/cire-punique-transparente\/\">cire punique liquide <\/a> avec une \u00e9ponge. Laisser s'\u00e9vaporer pendant 30 \u00e0 45 minutes et polir avec le <a href=\"https:\/\/www.stucco-naturale.com\/fr\/produit\/tissu-en-microfibres\/\">chiffon microfibre<\/a>.<\/p>\n<h3>Informations sur le produit<\/h3>\n<p>L'enduit d'aspect b\u00e9ton est utilis\u00e9 pour la d\u00e9coration murale. En raison de son alcalinit\u00e9 \u00e9lev\u00e9e, il est r\u00e9sistant aux moisissures et hautement ouvert \u00e0 la diffusion de vapeur d'eau.<\/p>\n<p><strong>D\u00e9claration compl\u00e8te :<\/strong><\/p>\n<p>Chaux grasse [Ca(OH)\u00b2], poudre de marbre[CaCO\u00b3], eau, cellulose, pigments inorganiques, 1,2-propanediol.<\/p>\n<p><strong>Rendement :<\/strong><\/p>\n<p>Environ 1300 g\/m\u00b2 ; une consommation plus importante est possible en fonction du support et de l'application!<\/p>\n<p><strong>Poids sp\u00e9cifique:<\/strong><\/p>\n<p>Environ 1,31 kg\/l<\/p>\n<p><strong>Valeur Ph:<\/strong><\/p>\n<p>12,5<\/p>\n<p><strong>Conditions de stockage:<\/strong><\/p>\n<p>\u00c0 l'abri du gel et dans des r\u00e9cipients ferm\u00e9s, recouverts d'un film PVC et d'une couche d'eau, se conserve de nombreuses ann\u00e9es.<\/p>\n<p><strong>Conseils de s\u00e9curit\u00e9 :<\/strong><\/p>\n<p>R36\/38 : Irritant pour les yeux et la peau.<\/p>\n<\/div><\/div><\/div><\/div><\/div><span class=\"et_bloom_bottom_trigger\"><\/span>","protected":false},"excerpt":{"rendered":"","protected":false},"author":1,"featured_media":0,"parent":0,"menu_order":0,"comment_status":"closed","ping_status":"closed","template":"","meta":{"footnotes":""},"class_list":["post-32458","page","type-page","status-publish","hentry"],"yoast_head":"<!-- This site is optimized with the Yoast SEO Premium plugin v27.3 (Yoast SEO v27.3) - https:\/\/yoast.com\/product\/yoast-seo-premium-wordpress\/ -->\n<title>Instructions pour l&#039;aspect concret des murs et des plafonds - Stucco naturale<\/title>\n<meta name=\"description\" content=\"Instructions pas \u00e0 pas sur la fa\u00e7on de cr\u00e9er un aspect concret sur divers substrats. Avec les d\u00e9tails et la d\u00e9claration du produit.\" \/>\n<meta name=\"robots\" content=\"index, follow, max-snippet:-1, max-image-preview:large, max-video-preview:-1\" \/>\n<link rel=\"canonical\" href=\"https:\/\/www.stucco-naturale.com\/fr\/instructions-pour-la-transformation-et-informations-sur-le-produit-du-enduit-aspect-beton\/\" \/>\n<meta property=\"og:locale\" content=\"fr_FR\" \/>\n<meta property=\"og:type\" content=\"article\" \/>\n<meta property=\"og:title\" content=\"Instructions pour la transformation et informations sur le produit du enduit aspect b\u00e9ton\" \/>\n<meta property=\"og:description\" content=\"Instructions pas \u00e0 pas sur la fa\u00e7on de cr\u00e9er un aspect concret sur divers substrats. Avec les d\u00e9tails et la d\u00e9claration du produit.\" \/>\n<meta property=\"og:url\" content=\"https:\/\/www.stucco-naturale.com\/fr\/instructions-pour-la-transformation-et-informations-sur-le-produit-du-enduit-aspect-beton\/\" \/>\n<meta property=\"og:site_name\" content=\"Stucco naturale\" \/>\n<meta property=\"article:publisher\" content=\"https:\/\/www.facebook.com\/natuerlicher.kalkputz\/\" \/>\n<meta property=\"article:modified_time\" content=\"2026-03-27T16:53:54+00:00\" \/>\n<meta name=\"twitter:card\" content=\"summary_large_image\" \/>\n<meta name=\"twitter:site\" content=\"@StuccoNaturale\" \/>\n<script type=\"application\/ld+json\" class=\"yoast-schema-graph\">{\"@context\":\"https:\\\/\\\/schema.org\",\"@graph\":[{\"@type\":\"WebPage\",\"@id\":\"https:\\\/\\\/www.stucco-naturale.com\\\/fr\\\/instructions-pour-la-transformation-et-informations-sur-le-produit-du-enduit-aspect-beton\\\/\",\"url\":\"https:\\\/\\\/www.stucco-naturale.com\\\/fr\\\/instructions-pour-la-transformation-et-informations-sur-le-produit-du-enduit-aspect-beton\\\/\",\"name\":\"Instructions pour l'aspect concret des murs et des plafonds - Stucco naturale\",\"isPartOf\":{\"@id\":\"https:\\\/\\\/www.stucco-naturale.com\\\/fr\\\/#website\"},\"datePublished\":\"2017-01-25T16:08:06+00:00\",\"dateModified\":\"2026-03-27T16:53:54+00:00\",\"description\":\"Instructions pas \u00e0 pas sur la fa\u00e7on de cr\u00e9er un aspect concret sur divers substrats. Avec les d\u00e9tails et la d\u00e9claration du produit.\",\"breadcrumb\":{\"@id\":\"https:\\\/\\\/www.stucco-naturale.com\\\/fr\\\/instructions-pour-la-transformation-et-informations-sur-le-produit-du-enduit-aspect-beton\\\/#breadcrumb\"},\"inLanguage\":\"fr-FR\",\"potentialAction\":[{\"@type\":\"ReadAction\",\"target\":[\"https:\\\/\\\/www.stucco-naturale.com\\\/fr\\\/instructions-pour-la-transformation-et-informations-sur-le-produit-du-enduit-aspect-beton\\\/\"]}]},{\"@type\":\"BreadcrumbList\",\"@id\":\"https:\\\/\\\/www.stucco-naturale.com\\\/fr\\\/instructions-pour-la-transformation-et-informations-sur-le-produit-du-enduit-aspect-beton\\\/#breadcrumb\",\"itemListElement\":[{\"@type\":\"ListItem\",\"position\":1,\"name\":\"Page d'accueil\",\"item\":\"https:\\\/\\\/www.stucco-naturale.com\\\/fr\\\/\"},{\"@type\":\"ListItem\",\"position\":2,\"name\":\"Instructions pour la transformation et informations sur le produit du enduit aspect b\u00e9ton\"}]},{\"@type\":\"WebSite\",\"@id\":\"https:\\\/\\\/www.stucco-naturale.com\\\/fr\\\/#website\",\"url\":\"https:\\\/\\\/www.stucco-naturale.com\\\/fr\\\/\",\"name\":\"Stucco naturale\",\"description\":\"Boutique pour Stucco Veneziano, Marmorino & Accessoires\",\"publisher\":{\"@id\":\"https:\\\/\\\/www.stucco-naturale.com\\\/fr\\\/#organization\"},\"potentialAction\":[{\"@type\":\"SearchAction\",\"target\":{\"@type\":\"EntryPoint\",\"urlTemplate\":\"https:\\\/\\\/www.stucco-naturale.com\\\/fr\\\/?s={search_term_string}\"},\"query-input\":{\"@type\":\"PropertyValueSpecification\",\"valueRequired\":true,\"valueName\":\"search_term_string\"}}],\"inLanguage\":\"fr-FR\"},{\"@type\":\"Organization\",\"@id\":\"https:\\\/\\\/www.stucco-naturale.com\\\/fr\\\/#organization\",\"name\":\"Stucco naturale\",\"url\":\"https:\\\/\\\/www.stucco-naturale.com\\\/fr\\\/\",\"logo\":{\"@type\":\"ImageObject\",\"inLanguage\":\"fr-FR\",\"@id\":\"https:\\\/\\\/www.stucco-naturale.com\\\/fr\\\/#\\\/schema\\\/logo\\\/image\\\/\",\"url\":\"https:\\\/\\\/www.stucco-naturale.com\\\/wp-content\\\/uploads\\\/logo_stucco-naturale.jpg\",\"contentUrl\":\"https:\\\/\\\/www.stucco-naturale.com\\\/wp-content\\\/uploads\\\/logo_stucco-naturale.jpg\",\"width\":400,\"height\":600,\"caption\":\"Stucco naturale\"},\"image\":{\"@id\":\"https:\\\/\\\/www.stucco-naturale.com\\\/fr\\\/#\\\/schema\\\/logo\\\/image\\\/\"},\"sameAs\":[\"https:\\\/\\\/www.facebook.com\\\/natuerlicher.kalkputz\\\/\",\"https:\\\/\\\/x.com\\\/StuccoNaturale\",\"https:\\\/\\\/www.instagram.com\\\/stucco_naturale\\\/?hl=de\"],\"vatID\":\"ATU78081825\"}]}<\/script>\n<!-- \/ Yoast SEO Premium plugin. -->","yoast_head_json":{"title":"Instructions pour l'aspect concret des murs et des plafonds - Stucco naturale","description":"Instructions pas \u00e0 pas sur la fa\u00e7on de cr\u00e9er un aspect concret sur divers substrats. Avec les d\u00e9tails et la d\u00e9claration du produit.","robots":{"index":"index","follow":"follow","max-snippet":"max-snippet:-1","max-image-preview":"max-image-preview:large","max-video-preview":"max-video-preview:-1"},"canonical":"https:\/\/www.stucco-naturale.com\/fr\/instructions-pour-la-transformation-et-informations-sur-le-produit-du-enduit-aspect-beton\/","og_locale":"fr_FR","og_type":"article","og_title":"Instructions pour la transformation et informations sur le produit du enduit aspect b\u00e9ton","og_description":"Instructions pas \u00e0 pas sur la fa\u00e7on de cr\u00e9er un aspect concret sur divers substrats. Avec les d\u00e9tails et la d\u00e9claration du produit.","og_url":"https:\/\/www.stucco-naturale.com\/fr\/instructions-pour-la-transformation-et-informations-sur-le-produit-du-enduit-aspect-beton\/","og_site_name":"Stucco naturale","article_publisher":"https:\/\/www.facebook.com\/natuerlicher.kalkputz\/","article_modified_time":"2026-03-27T16:53:54+00:00","twitter_card":"summary_large_image","twitter_site":"@StuccoNaturale","schema":{"@context":"https:\/\/schema.org","@graph":[{"@type":"WebPage","@id":"https:\/\/www.stucco-naturale.com\/fr\/instructions-pour-la-transformation-et-informations-sur-le-produit-du-enduit-aspect-beton\/","url":"https:\/\/www.stucco-naturale.com\/fr\/instructions-pour-la-transformation-et-informations-sur-le-produit-du-enduit-aspect-beton\/","name":"Instructions pour l'aspect concret des murs et des plafonds - Stucco naturale","isPartOf":{"@id":"https:\/\/www.stucco-naturale.com\/fr\/#website"},"datePublished":"2017-01-25T16:08:06+00:00","dateModified":"2026-03-27T16:53:54+00:00","description":"Instructions pas \u00e0 pas sur la fa\u00e7on de cr\u00e9er un aspect concret sur divers substrats. Avec les d\u00e9tails et la d\u00e9claration du produit.","breadcrumb":{"@id":"https:\/\/www.stucco-naturale.com\/fr\/instructions-pour-la-transformation-et-informations-sur-le-produit-du-enduit-aspect-beton\/#breadcrumb"},"inLanguage":"fr-FR","potentialAction":[{"@type":"ReadAction","target":["https:\/\/www.stucco-naturale.com\/fr\/instructions-pour-la-transformation-et-informations-sur-le-produit-du-enduit-aspect-beton\/"]}]},{"@type":"BreadcrumbList","@id":"https:\/\/www.stucco-naturale.com\/fr\/instructions-pour-la-transformation-et-informations-sur-le-produit-du-enduit-aspect-beton\/#breadcrumb","itemListElement":[{"@type":"ListItem","position":1,"name":"Page d'accueil","item":"https:\/\/www.stucco-naturale.com\/fr\/"},{"@type":"ListItem","position":2,"name":"Instructions pour la transformation et informations sur le produit du enduit aspect b\u00e9ton"}]},{"@type":"WebSite","@id":"https:\/\/www.stucco-naturale.com\/fr\/#website","url":"https:\/\/www.stucco-naturale.com\/fr\/","name":"Stucco naturale","description":"Boutique pour Stucco Veneziano, Marmorino & Accessoires","publisher":{"@id":"https:\/\/www.stucco-naturale.com\/fr\/#organization"},"potentialAction":[{"@type":"SearchAction","target":{"@type":"EntryPoint","urlTemplate":"https:\/\/www.stucco-naturale.com\/fr\/?s={search_term_string}"},"query-input":{"@type":"PropertyValueSpecification","valueRequired":true,"valueName":"search_term_string"}}],"inLanguage":"fr-FR"},{"@type":"Organization","@id":"https:\/\/www.stucco-naturale.com\/fr\/#organization","name":"Stucco naturale","url":"https:\/\/www.stucco-naturale.com\/fr\/","logo":{"@type":"ImageObject","inLanguage":"fr-FR","@id":"https:\/\/www.stucco-naturale.com\/fr\/#\/schema\/logo\/image\/","url":"https:\/\/www.stucco-naturale.com\/wp-content\/uploads\/logo_stucco-naturale.jpg","contentUrl":"https:\/\/www.stucco-naturale.com\/wp-content\/uploads\/logo_stucco-naturale.jpg","width":400,"height":600,"caption":"Stucco naturale"},"image":{"@id":"https:\/\/www.stucco-naturale.com\/fr\/#\/schema\/logo\/image\/"},"sameAs":["https:\/\/www.facebook.com\/natuerlicher.kalkputz\/","https:\/\/x.com\/StuccoNaturale","https:\/\/www.instagram.com\/stucco_naturale\/?hl=de"],"vatID":"ATU78081825"}]}},"_links":{"self":[{"href":"https:\/\/www.stucco-naturale.com\/fr\/wp-json\/wp\/v2\/pages\/32458","targetHints":{"allow":["GET"]}}],"collection":[{"href":"https:\/\/www.stucco-naturale.com\/fr\/wp-json\/wp\/v2\/pages"}],"about":[{"href":"https:\/\/www.stucco-naturale.com\/fr\/wp-json\/wp\/v2\/types\/page"}],"author":[{"embeddable":true,"href":"https:\/\/www.stucco-naturale.com\/fr\/wp-json\/wp\/v2\/users\/1"}],"replies":[{"embeddable":true,"href":"https:\/\/www.stucco-naturale.com\/fr\/wp-json\/wp\/v2\/comments?post=32458"}],"version-history":[{"count":0,"href":"https:\/\/www.stucco-naturale.com\/fr\/wp-json\/wp\/v2\/pages\/32458\/revisions"}],"wp:attachment":[{"href":"https:\/\/www.stucco-naturale.com\/fr\/wp-json\/wp\/v2\/media?parent=32458"}],"curies":[{"name":"wp","href":"https:\/\/api.w.org\/{rel}","templated":true}]}}