{"id":32431,"date":"2017-01-22T20:00:58","date_gmt":"2017-01-22T19:00:58","guid":{"rendered":"https:\/\/www.stucco-naturale.com\/instructions-pour-lutilisation-de-la-truelle-a-effet\/"},"modified":"2026-03-27T17:53:10","modified_gmt":"2026-03-27T16:53:10","slug":"instructions-pour-lutilisation-de-la-truelle-a-effet","status":"publish","type":"page","link":"https:\/\/www.stucco-naturale.com\/fr\/instructions-pour-lutilisation-de-la-truelle-a-effet\/","title":{"rendered":"Instructions pour l&rsquo;utilisation de la truelle \u00e0 effet"},"content":{"rendered":"<div class=\"et_pb_section_0 et_pb_section et_section_regular et_block_section\"><div class=\"et_pb_row_0 et_pb_row et_block_row\"><div class=\"et_pb_column_0 et_pb_column et_pb_column_4_4 et-last-child et_block_column et_pb_css_mix_blend_mode_passthrough\"><div class=\"et_pb_text_0 et_pb_text et_pb_bg_layout_light et_pb_module et_block_module\"><div class=\"et_pb_text_inner\"><h1>Instructions pour l'utilisation de la truelle \u00e0 effet<\/h1>\n<\/div><\/div><div class=\"et_pb_text_1 et_pb_text et_pb_bg_layout_light et_pb_module et_block_module\"><div class=\"et_pb_text_inner\"><h2>Utilisation de la truelle \u00e0 effets<\/h2>\n<p>Appliquer une couche de <a href=\"https:\/\/www.stucco-naturale.com\/fr\/produit\/le-platre-creatif\/\">Creative Plaster<\/a> sur le <a href=\"https:\/\/www.stucco-naturale.com\/fr\/produit\/primaire-adhesif-a-base-de-poudre-de-marbre\/\">primaire pour le pl\u00e2tre<\/a> sec de la taille d'un grain. Il est pr\u00e9f\u00e9rable d'utiliser une <a href=\"https:\/\/www.stucco-naturale.com\/fr\/produit\/truelle-a-lisser-venitienne-844-i\/\">truelle \u00e0 lisser v\u00e9nitienne<\/a>. Cette couche doit s\u00e9cher pendant au moins 12 heures avant d'appliquer une autre couche de Pl\u00e2tre cr\u00e9atif. Ensuite, commencez \u00e0 tamponner une structure dans le pl\u00e2tre humide ou tracez des lignes avec la <a href=\"https:\/\/www.stucco-naturale.com\/fr\/produit\/effet-truelle\/\">truelle \u00e0 effet<\/a>. Maintenant, laissez la surface s'appliquer puis compactez avec la <a href=\"https:\/\/www.stucco-naturale.com\/fr\/produit\/truelle-a-lisser-venitienne-844-i\/\">truelle \u00e0 lisser v\u00e9nitienne<\/a> jusqu'\u00e0 obtenir un brillant soyeux. Une fois s\u00e8che, appliquez de la cire punique color\u00e9e et\/ou transparente \u00e0 l'aide de la truelle \u00e0 lisser v\u00e9nitienne ou de<a href=\"https:\/\/www.stucco-naturale.com\/fr\/produit\/eponge-a-peindre\/\"> l'\u00e9ponge<\/a>. Apr\u00e8s un court temps d'\u00e9vaporation, polissez avec un <a href=\"https:\/\/www.stucco-naturale.com\/fr\/produit\/tissu-en-microfibres\/\">chiffon en microfibre<\/a>, avec une <a href=\"https:\/\/www.awin1.com\/cread.php?awinmid=14578&amp;awinaffid=698033&amp;clickref=Werkzeugseite+franz%C3%B6sisch&amp;ued=https%3A%2F%2Fwww.contorion.fr%2Foutils-electriques%2Fpolisseuse-festool-rap-150-21-fe-shinex-89658545%3Ff%3Dfilter_disc_diameter_mm%25255B0%25255D%253Dsearch.unknown.facet.value\" target=\"\u201c_blank\u201c\" rel=\"\u201cnoopener noopener\">machine \u00e0 polir<\/a> en peau d'agneau ou similaire. La <a href=\"https:\/\/www.stucco-naturale.com\/fr\/produit\/punic-wax-pearlescent-silver\/\">cire punique avec des pigments nacr\u00e9s<\/a> apporte de beaux effets. Cette <a href=\"https:\/\/www.stucco-naturale.com\/fr\/categorie-de-produit\/savon-et-cire\/\">cire \u00e0 effet<\/a> est disponible en or, argent, cuivre ou bronze.<\/p>\n<\/div><\/div><\/div><\/div><div class=\"et_pb_row_1 et_pb_row et_block_row\"><div class=\"et_pb_column_1 et_pb_column et_pb_column_1_3 et_block_column et_pb_css_mix_blend_mode_passthrough\"><div class=\"et_pb_image_0 et_pb_image et_pb_module et_block_module\"><span class=\"et_pb_image_wrap\"><img decoding=\"async\" src=\"https:\/\/www.stucco-naturale.com\/wp-content\/uploads\/Kreativputz-auftragen-beschriftet.jpg\" width=\"365\" height=\"274\" srcset=\"https:\/\/www.stucco-naturale.com\/wp-content\/uploads\/Kreativputz-auftragen-beschriftet.jpg 365w, https:\/\/www.stucco-naturale.com\/wp-content\/uploads\/Kreativputz-auftragen-beschriftet-300x225.jpg 300w\" sizes=\"(max-width: 365px) 100vw, 365px\" class=\"wp-image-14225\" alt=\"Marmorputz auftragen\" \/><\/span><\/div><\/div><div class=\"et_pb_column_2 et_pb_column et_pb_column_1_3 et_block_column et_pb_css_mix_blend_mode_passthrough\"><div class=\"et_pb_image_1 et_pb_image et_pb_module et_block_module\"><span class=\"et_pb_image_wrap\"><img decoding=\"async\" src=\"https:\/\/www.stucco-naturale.com\/wp-content\/uploads\/Strukturieren-e1532538961770.jpg\" width=\"365\" height=\"274\" srcset=\"https:\/\/www.stucco-naturale.com\/wp-content\/uploads\/Strukturieren-e1532538961770.jpg 365w, https:\/\/www.stucco-naturale.com\/wp-content\/uploads\/Strukturieren-e1532538961770-300x225.jpg 300w\" sizes=\"(max-width: 365px) 100vw, 365px\" class=\"wp-image-12757\" alt=\"Marmorputz strukturieren\" \/><\/span><\/div><\/div><div class=\"et_pb_column_3 et_pb_column et_pb_column_1_3 et-last-child et_block_column et_pb_css_mix_blend_mode_passthrough\"><div class=\"et_pb_image_2 et_pb_image et_pb_module et_block_module\"><span class=\"et_pb_image_wrap\"><img decoding=\"async\" src=\"https:\/\/www.stucco-naturale.com\/wp-content\/uploads\/Struktur-verdichten-e1532539170334.jpg\" width=\"365\" height=\"274\" srcset=\"https:\/\/www.stucco-naturale.com\/wp-content\/uploads\/Struktur-verdichten-e1532539170334.jpg 365w, https:\/\/www.stucco-naturale.com\/wp-content\/uploads\/Struktur-verdichten-e1532539170334-300x225.jpg 300w\" sizes=\"(max-width: 365px) 100vw, 365px\" class=\"wp-image-3552\" alt=\"Marmorputz gl\u00e4tten\" \/><\/span><\/div><\/div><\/div><div class=\"et_pb_row_2 et_pb_row et_block_row\"><div class=\"et_pb_column_4 et_pb_column et_pb_column_1_3 et_block_column et_pb_css_mix_blend_mode_passthrough\"><div class=\"et_pb_image_3 et_pb_image et_pb_module et_block_module\"><span class=\"et_pb_image_wrap\"><img decoding=\"async\" src=\"https:\/\/www.stucco-naturale.com\/wp-content\/uploads\/Punisches-Wachs-auftragen-e1532539205963.jpg\" width=\"365\" height=\"274\" srcset=\"https:\/\/www.stucco-naturale.com\/wp-content\/uploads\/Punisches-Wachs-auftragen-e1532539205963.jpg 365w, https:\/\/www.stucco-naturale.com\/wp-content\/uploads\/Punisches-Wachs-auftragen-e1532539205963-300x225.jpg 300w\" sizes=\"(max-width: 365px) 100vw, 365px\" class=\"wp-image-3556\" alt=\"Punisches Wachs auftragen\" \/><\/span><\/div><\/div><div class=\"et_pb_column_5 et_pb_column et_pb_column_1_3 et_block_column et_pb_css_mix_blend_mode_passthrough\"><div class=\"et_pb_image_4 et_pb_image et_pb_module et_block_module\"><span class=\"et_pb_image_wrap\"><img decoding=\"async\" src=\"https:\/\/www.stucco-naturale.com\/wp-content\/uploads\/Politur-e1532539189739.jpg\" width=\"365\" height=\"274\" srcset=\"https:\/\/www.stucco-naturale.com\/wp-content\/uploads\/Politur-e1532539189739.jpg 365w, https:\/\/www.stucco-naturale.com\/wp-content\/uploads\/Politur-e1532539189739-300x225.jpg 300w\" sizes=\"(max-width: 365px) 100vw, 365px\" class=\"wp-image-3555\" alt=\"Punisches Wachs polieren\" \/><\/span><\/div><\/div><div class=\"et_pb_column_6 et_pb_column et_pb_column_1_3 et-last-child et_block_column et_pb_css_mix_blend_mode_passthrough\"><div class=\"et_pb_image_5 et_pb_image et_pb_module et_block_module\"><span class=\"et_pb_image_wrap\"><img decoding=\"async\" src=\"https:\/\/www.stucco-naturale.com\/wp-content\/uploads\/Kreativputz-strukturiert-und-lasiert-beschriftet.jpg\" width=\"365\" height=\"274\" srcset=\"https:\/\/www.stucco-naturale.com\/wp-content\/uploads\/Kreativputz-strukturiert-und-lasiert-beschriftet.jpg 365w, https:\/\/www.stucco-naturale.com\/wp-content\/uploads\/Kreativputz-strukturiert-und-lasiert-beschriftet-300x225.jpg 300w\" sizes=\"(max-width: 365px) 100vw, 365px\" class=\"wp-image-14222\" alt=\"Marmorputz Steinimitation\" \/><\/span><\/div><\/div><\/div><div class=\"et_pb_row_3 et_pb_row et_block_row\"><div class=\"et_pb_column_7 et_pb_column et_pb_column_4_4 et-last-child et_block_column et_pb_css_mix_blend_mode_passthrough\"><div class=\"et_pb_text_2 et_pb_text et_pb_bg_layout_light et_pb_module et_block_module\"><div class=\"et_pb_text_inner\"><h3>Ce n'est qu'un exemple, bien s\u00fbr il n'y a pas de limites \u00e0 la cr\u00e9ativit\u00e9.<\/h3>\n<\/div><\/div><\/div><\/div><\/div><span class=\"et_bloom_bottom_trigger\"><\/span>","protected":false},"excerpt":{"rendered":"","protected":false},"author":1,"featured_media":0,"parent":0,"menu_order":0,"comment_status":"closed","ping_status":"closed","template":"","meta":{"footnotes":""},"class_list":["post-32431","page","type-page","status-publish","hentry"],"yoast_head":"<!-- This site is optimized with the Yoast SEO Premium plugin v27.3 (Yoast SEO v27.3) - https:\/\/yoast.com\/product\/yoast-seo-premium-wordpress\/ -->\n<title>Instructions pour l&#039;utilisation de la truelle \u00e0 effet - Stucco naturale<\/title>\n<meta name=\"description\" content=\"Ici, vous pouvez lire comment les surfaces cr\u00e9atives sont produites avec la truelle \u00e0 effets. Des techniques simples \u00e0 la spatule permettent d&#039;attirer le regard.\" \/>\n<meta name=\"robots\" content=\"index, follow, max-snippet:-1, max-image-preview:large, max-video-preview:-1\" \/>\n<link rel=\"canonical\" href=\"https:\/\/www.stucco-naturale.com\/fr\/instructions-pour-lutilisation-de-la-truelle-a-effet\/\" \/>\n<meta property=\"og:locale\" content=\"fr_FR\" \/>\n<meta property=\"og:type\" content=\"article\" \/>\n<meta property=\"og:title\" content=\"Instructions pour l&#039;utilisation de la truelle \u00e0 effet\" \/>\n<meta property=\"og:description\" content=\"Ici, vous pouvez lire comment les surfaces cr\u00e9atives sont produites avec la truelle \u00e0 effets. Des techniques simples \u00e0 la spatule permettent d&#039;attirer le regard.\" \/>\n<meta property=\"og:url\" content=\"https:\/\/www.stucco-naturale.com\/fr\/instructions-pour-lutilisation-de-la-truelle-a-effet\/\" \/>\n<meta property=\"og:site_name\" content=\"Stucco naturale\" \/>\n<meta property=\"article:publisher\" content=\"https:\/\/www.facebook.com\/natuerlicher.kalkputz\/\" \/>\n<meta property=\"article:modified_time\" content=\"2026-03-27T16:53:10+00:00\" \/>\n<meta name=\"twitter:card\" content=\"summary_large_image\" \/>\n<meta name=\"twitter:site\" content=\"@StuccoNaturale\" \/>\n<script type=\"application\/ld+json\" class=\"yoast-schema-graph\">{\"@context\":\"https:\\\/\\\/schema.org\",\"@graph\":[{\"@type\":\"WebPage\",\"@id\":\"https:\\\/\\\/www.stucco-naturale.com\\\/fr\\\/instructions-pour-lutilisation-de-la-truelle-a-effet\\\/\",\"url\":\"https:\\\/\\\/www.stucco-naturale.com\\\/fr\\\/instructions-pour-lutilisation-de-la-truelle-a-effet\\\/\",\"name\":\"Instructions pour l'utilisation de la truelle \u00e0 effet - Stucco naturale\",\"isPartOf\":{\"@id\":\"https:\\\/\\\/www.stucco-naturale.com\\\/fr\\\/#website\"},\"datePublished\":\"2017-01-22T19:00:58+00:00\",\"dateModified\":\"2026-03-27T16:53:10+00:00\",\"description\":\"Ici, vous pouvez lire comment les surfaces cr\u00e9atives sont produites avec la truelle \u00e0 effets. Des techniques simples \u00e0 la spatule permettent d'attirer le regard.\",\"breadcrumb\":{\"@id\":\"https:\\\/\\\/www.stucco-naturale.com\\\/fr\\\/instructions-pour-lutilisation-de-la-truelle-a-effet\\\/#breadcrumb\"},\"inLanguage\":\"fr-FR\",\"potentialAction\":[{\"@type\":\"ReadAction\",\"target\":[\"https:\\\/\\\/www.stucco-naturale.com\\\/fr\\\/instructions-pour-lutilisation-de-la-truelle-a-effet\\\/\"]}]},{\"@type\":\"BreadcrumbList\",\"@id\":\"https:\\\/\\\/www.stucco-naturale.com\\\/fr\\\/instructions-pour-lutilisation-de-la-truelle-a-effet\\\/#breadcrumb\",\"itemListElement\":[{\"@type\":\"ListItem\",\"position\":1,\"name\":\"Page d'accueil\",\"item\":\"https:\\\/\\\/www.stucco-naturale.com\\\/fr\\\/\"},{\"@type\":\"ListItem\",\"position\":2,\"name\":\"Instructions pour l&#8217;utilisation de la truelle \u00e0 effet\"}]},{\"@type\":\"WebSite\",\"@id\":\"https:\\\/\\\/www.stucco-naturale.com\\\/fr\\\/#website\",\"url\":\"https:\\\/\\\/www.stucco-naturale.com\\\/fr\\\/\",\"name\":\"Stucco naturale\",\"description\":\"Boutique pour Stucco Veneziano, Marmorino & Accessoires\",\"publisher\":{\"@id\":\"https:\\\/\\\/www.stucco-naturale.com\\\/fr\\\/#organization\"},\"potentialAction\":[{\"@type\":\"SearchAction\",\"target\":{\"@type\":\"EntryPoint\",\"urlTemplate\":\"https:\\\/\\\/www.stucco-naturale.com\\\/fr\\\/?s={search_term_string}\"},\"query-input\":{\"@type\":\"PropertyValueSpecification\",\"valueRequired\":true,\"valueName\":\"search_term_string\"}}],\"inLanguage\":\"fr-FR\"},{\"@type\":\"Organization\",\"@id\":\"https:\\\/\\\/www.stucco-naturale.com\\\/fr\\\/#organization\",\"name\":\"Stucco naturale\",\"url\":\"https:\\\/\\\/www.stucco-naturale.com\\\/fr\\\/\",\"logo\":{\"@type\":\"ImageObject\",\"inLanguage\":\"fr-FR\",\"@id\":\"https:\\\/\\\/www.stucco-naturale.com\\\/fr\\\/#\\\/schema\\\/logo\\\/image\\\/\",\"url\":\"https:\\\/\\\/www.stucco-naturale.com\\\/wp-content\\\/uploads\\\/logo_stucco-naturale.jpg\",\"contentUrl\":\"https:\\\/\\\/www.stucco-naturale.com\\\/wp-content\\\/uploads\\\/logo_stucco-naturale.jpg\",\"width\":400,\"height\":600,\"caption\":\"Stucco naturale\"},\"image\":{\"@id\":\"https:\\\/\\\/www.stucco-naturale.com\\\/fr\\\/#\\\/schema\\\/logo\\\/image\\\/\"},\"sameAs\":[\"https:\\\/\\\/www.facebook.com\\\/natuerlicher.kalkputz\\\/\",\"https:\\\/\\\/x.com\\\/StuccoNaturale\",\"https:\\\/\\\/www.instagram.com\\\/stucco_naturale\\\/?hl=de\"],\"vatID\":\"ATU78081825\"}]}<\/script>\n<!-- \/ Yoast SEO Premium plugin. -->","yoast_head_json":{"title":"Instructions pour l'utilisation de la truelle \u00e0 effet - Stucco naturale","description":"Ici, vous pouvez lire comment les surfaces cr\u00e9atives sont produites avec la truelle \u00e0 effets. Des techniques simples \u00e0 la spatule permettent d'attirer le regard.","robots":{"index":"index","follow":"follow","max-snippet":"max-snippet:-1","max-image-preview":"max-image-preview:large","max-video-preview":"max-video-preview:-1"},"canonical":"https:\/\/www.stucco-naturale.com\/fr\/instructions-pour-lutilisation-de-la-truelle-a-effet\/","og_locale":"fr_FR","og_type":"article","og_title":"Instructions pour l'utilisation de la truelle \u00e0 effet","og_description":"Ici, vous pouvez lire comment les surfaces cr\u00e9atives sont produites avec la truelle \u00e0 effets. Des techniques simples \u00e0 la spatule permettent d'attirer le regard.","og_url":"https:\/\/www.stucco-naturale.com\/fr\/instructions-pour-lutilisation-de-la-truelle-a-effet\/","og_site_name":"Stucco naturale","article_publisher":"https:\/\/www.facebook.com\/natuerlicher.kalkputz\/","article_modified_time":"2026-03-27T16:53:10+00:00","twitter_card":"summary_large_image","twitter_site":"@StuccoNaturale","schema":{"@context":"https:\/\/schema.org","@graph":[{"@type":"WebPage","@id":"https:\/\/www.stucco-naturale.com\/fr\/instructions-pour-lutilisation-de-la-truelle-a-effet\/","url":"https:\/\/www.stucco-naturale.com\/fr\/instructions-pour-lutilisation-de-la-truelle-a-effet\/","name":"Instructions pour l'utilisation de la truelle \u00e0 effet - Stucco naturale","isPartOf":{"@id":"https:\/\/www.stucco-naturale.com\/fr\/#website"},"datePublished":"2017-01-22T19:00:58+00:00","dateModified":"2026-03-27T16:53:10+00:00","description":"Ici, vous pouvez lire comment les surfaces cr\u00e9atives sont produites avec la truelle \u00e0 effets. Des techniques simples \u00e0 la spatule permettent d'attirer le regard.","breadcrumb":{"@id":"https:\/\/www.stucco-naturale.com\/fr\/instructions-pour-lutilisation-de-la-truelle-a-effet\/#breadcrumb"},"inLanguage":"fr-FR","potentialAction":[{"@type":"ReadAction","target":["https:\/\/www.stucco-naturale.com\/fr\/instructions-pour-lutilisation-de-la-truelle-a-effet\/"]}]},{"@type":"BreadcrumbList","@id":"https:\/\/www.stucco-naturale.com\/fr\/instructions-pour-lutilisation-de-la-truelle-a-effet\/#breadcrumb","itemListElement":[{"@type":"ListItem","position":1,"name":"Page d'accueil","item":"https:\/\/www.stucco-naturale.com\/fr\/"},{"@type":"ListItem","position":2,"name":"Instructions pour l&#8217;utilisation de la truelle \u00e0 effet"}]},{"@type":"WebSite","@id":"https:\/\/www.stucco-naturale.com\/fr\/#website","url":"https:\/\/www.stucco-naturale.com\/fr\/","name":"Stucco naturale","description":"Boutique pour Stucco Veneziano, Marmorino & Accessoires","publisher":{"@id":"https:\/\/www.stucco-naturale.com\/fr\/#organization"},"potentialAction":[{"@type":"SearchAction","target":{"@type":"EntryPoint","urlTemplate":"https:\/\/www.stucco-naturale.com\/fr\/?s={search_term_string}"},"query-input":{"@type":"PropertyValueSpecification","valueRequired":true,"valueName":"search_term_string"}}],"inLanguage":"fr-FR"},{"@type":"Organization","@id":"https:\/\/www.stucco-naturale.com\/fr\/#organization","name":"Stucco naturale","url":"https:\/\/www.stucco-naturale.com\/fr\/","logo":{"@type":"ImageObject","inLanguage":"fr-FR","@id":"https:\/\/www.stucco-naturale.com\/fr\/#\/schema\/logo\/image\/","url":"https:\/\/www.stucco-naturale.com\/wp-content\/uploads\/logo_stucco-naturale.jpg","contentUrl":"https:\/\/www.stucco-naturale.com\/wp-content\/uploads\/logo_stucco-naturale.jpg","width":400,"height":600,"caption":"Stucco naturale"},"image":{"@id":"https:\/\/www.stucco-naturale.com\/fr\/#\/schema\/logo\/image\/"},"sameAs":["https:\/\/www.facebook.com\/natuerlicher.kalkputz\/","https:\/\/x.com\/StuccoNaturale","https:\/\/www.instagram.com\/stucco_naturale\/?hl=de"],"vatID":"ATU78081825"}]}},"_links":{"self":[{"href":"https:\/\/www.stucco-naturale.com\/fr\/wp-json\/wp\/v2\/pages\/32431","targetHints":{"allow":["GET"]}}],"collection":[{"href":"https:\/\/www.stucco-naturale.com\/fr\/wp-json\/wp\/v2\/pages"}],"about":[{"href":"https:\/\/www.stucco-naturale.com\/fr\/wp-json\/wp\/v2\/types\/page"}],"author":[{"embeddable":true,"href":"https:\/\/www.stucco-naturale.com\/fr\/wp-json\/wp\/v2\/users\/1"}],"replies":[{"embeddable":true,"href":"https:\/\/www.stucco-naturale.com\/fr\/wp-json\/wp\/v2\/comments?post=32431"}],"version-history":[{"count":0,"href":"https:\/\/www.stucco-naturale.com\/fr\/wp-json\/wp\/v2\/pages\/32431\/revisions"}],"wp:attachment":[{"href":"https:\/\/www.stucco-naturale.com\/fr\/wp-json\/wp\/v2\/media?parent=32431"}],"curies":[{"name":"wp","href":"https:\/\/api.w.org\/{rel}","templated":true}]}}