{"id":32397,"date":"2018-01-19T15:46:05","date_gmt":"2018-01-19T14:46:05","guid":{"rendered":"https:\/\/www.stucco-naturale.com\/instructions-pour-lapplication-du-platre-de-mica-starlight\/"},"modified":"2026-03-27T17:55:06","modified_gmt":"2026-03-27T16:55:06","slug":"instructions-pour-lapplication-du-platre-de-mica-starlight","status":"publish","type":"page","link":"https:\/\/www.stucco-naturale.com\/fr\/instructions-pour-lapplication-du-platre-de-mica-starlight\/","title":{"rendered":"Instructions pour l&rsquo;application du pl\u00e2tre de mica Starlight"},"content":{"rendered":"<div class=\"et_pb_section_0 et_pb_section et_section_regular et_block_section\"><div class=\"et_pb_row_0 et_pb_row et_block_row\"><div class=\"et_pb_column_0 et_pb_column et_pb_column_4_4 et-last-child et_block_column et_pb_css_mix_blend_mode_passthrough\"><div class=\"et_pb_text_0 et_pb_text et_pb_bg_layout_light et_pb_module et_block_module\"><div class=\"et_pb_text_inner\"><h1>Instructions pour le traitement du pl\u00e2tre de mica Starlight<\/h1>\n<\/div><\/div><div class=\"et_pb_text_1 et_pb_text et_pb_bg_layout_light et_pb_module et_block_module\"><div class=\"et_pb_text_inner\"><p>Pour traiter <a href=\"https:\/\/www.stucco-naturale.com\/fr\/produit\/mica-platre-starlight\/\">Starlight<\/a><\/p>\n<h2>Le support :<\/h2>\n<p>Le pl\u00e2tre de mica Starlight peut \u00eatre appliqu\u00e9 directement sur les enduits de chaux-ciment, de pl\u00e2tre-ciment et autres substrats min\u00e9raux similaires. Sur les plaques de pl\u00e2tre, le MDF, le verre, les t\u00f4les galvanis\u00e9es et les surfaces peintes \u00e0 la peinture \u00e0 l'\u00e9mulsion, il faut appliquer une couche de <a href=\"https:\/\/www.stucco-naturale.com\/fr\/produit\/primaire-adhesif-a-base-de-poudre-de-marbre\/\">fond d'adh\u00e9rence<\/a>. Dans le cas d'un enduit d'argile, il faut y incorporer une boue de chaux ou des additifs tels que du marbre ou des grains de chaux sont d\u00e9j\u00e0 m\u00e9lang\u00e9s \u00e0 l'enduit d'argile.<\/p>\n<h2>1\u00e8re couche :<\/h2>\n<p>Bien m\u00e9langer le pl\u00e2tre de marbre calcaire et, si n\u00e9cessaire, ajouter jusqu'\u00e0 0,4 l d'eau. Appliquer \u00e0 l'aide d'une <a href=\"https:\/\/www.stucco-naturale.com\/fr\/produit\/truelle-de-lissage-821-i\/\">truelle INOX<\/a> sans pression. Les petits coups sont autoris\u00e9s ; ils sont gratt\u00e9s plus tard. C'est mieux que de trop compacter d\u00e9j\u00e0. La couche doit recouvrir le substrat, mais ne doit pas d\u00e9passer de beaucoup l'\u00e9paisseur du grain, soit environ 0,5 mm. Cette couche a un temps de s\u00e9chage d'au moins 12 heures.<\/p>\n<h2>2\u00e8me couche<\/h2>\n<p>Si vous le souhaitez, le mastic est maintenant color\u00e9 (<a href=\"https:\/\/www.stucco-naturale.com\/fr\/instructions-pour-melanger-la-pate-coloree\/\">instructions<\/a>) et appliqu\u00e9 sur toute la surface avec une <a href=\"https:\/\/www.stucco-naturale.com\/fr\/categorie-de-produit\/truelles-venitiennes\/\">truelle v\u00e9nitienne<\/a> de lissage avec peu de mati\u00e8re et une pression mod\u00e9r\u00e9e. Laisser serrer l\u00e9g\u00e8rement et appuyer avec une pression croissante et sans mati\u00e8re. La boue de chaux qui en r\u00e9sulte est compact\u00e9e pour obtenir une surface mate et soyeuse. Si n\u00e9cessaire, un peu d'eau peut \u00eatre pulv\u00e9ris\u00e9e avec un vaporisateur pour obtenir plus de boue en cas de s\u00e9chage in\u00e9gal.<\/p>\n<h2>Traitement final :<\/h2>\n<p>Apr\u00e8s un temps de s\u00e9chage d'environ 24 heures (en fonction de l'humidit\u00e9 et de la temp\u00e9rature), la surface peut \u00eatre enduite de <a href=\"https:\/\/www.stucco-naturale.com\/fr\/produit\/le-savon-venitien\/\">savon v\u00e9nitien<\/a>, de <a href=\"https:\/\/www.stucco-naturale.com\/fr\/produit\/cire-punique-transparente\/\">cire punique<\/a> ou de baume de cire d'abeille pour polir la surface et lui donner un fini brillant.<\/p>\n<h3>Couleurs s\u00e8ches et p\u00e2tes color\u00e9es<\/h3>\n<p>Jusqu'\u00e0 10 % de pigments (en poids) peuvent \u00eatre incorpor\u00e9s au mastic. La chaux ne peut plus se lier et un farinage se produirait. Lorsque les <a href=\"https:\/\/www.stucco-naturale.com\/fr\/categorie-de-produit\/pigments-de-couleur\/\">peintures s\u00e8ches<\/a>, \u00e9galement appel\u00e9es pigments, sont m\u00e9lang\u00e9es \u00e0 la charge, une belle masse color\u00e9e est cr\u00e9\u00e9e. Cependant, il est tr\u00e8s probable que des taches pigmentaires apparaissent. Cela signifie que certains pigments laissent des marques sous forme de conducteurs et de points lorsque la masse est remplie. Ce n'est pas n\u00e9cessairement un inconv\u00e9nient ; cela peut aussi \u00eatre consid\u00e9r\u00e9 comme un effet secondaire agr\u00e9able. Ceux qui veulent \u00e9viter ces taches pigmentaires m\u00e9langent une p\u00e2te color\u00e9e. C'est ainsi que cela se passe : Pour 1000 g de pigments, vous utilisez environ 800 ml de liquide (160 ml d'agent mouillant et 640 ml d'eau). Versez les liquides dans un r\u00e9cipient et versez-y les pigments, remuez bien et broyez ; \u00e9crasez les grumeaux au bord du r\u00e9cipient. Utilisez une cuill\u00e8re, une spatule ou d'autres ustensiles. Il est pr\u00e9f\u00e9rable de noter votre recette de m\u00e9lange pour pouvoir produire \u00e0 nouveau la m\u00eame couleur. Laissez tremper cette p\u00e2te color\u00e9e pendant au moins 3 heures. La p\u00e2te color\u00e9e peut \u00e9galement \u00eatre laiss\u00e9e pendant la nuit sans probl\u00e8me. Pendant ce temps, le conteneur doit \u00eatre couvert. Ensuite, m\u00e9langez la p\u00e2te color\u00e9e \u00e0 la charge et remuez bien. Le meilleur r\u00e9sultat de m\u00e9lange est obtenu lorsque le contenu est vid\u00e9 dans un seau s\u00e9par\u00e9 et bien m\u00e9lang\u00e9 \u00e0 nouveau avec un agitateur. Le mastic est alors imm\u00e9diatement pr\u00eat \u00e0 l'emploi. Les pigments ont la plus grande intensit\u00e9 de couleur et ne fixent aucune limite \u00e0 votre cr\u00e9ativit\u00e9. Cependant, vous ne devez utiliser que des pigments compatibles avec la chaux. Les mastics, qu'ils soient teints ou en blanc naturel, peuvent \u00eatre conserv\u00e9s pendant de nombreuses ann\u00e9es s'ils sont correctement entrepos\u00e9s. \u00c0 cette fin, le mastic doit \u00eatre recouvert d'une feuille d'aluminium et le r\u00e9cipient doit \u00eatre ferm\u00e9 herm\u00e9tiquement. Exception : le bleu outremer doit toujours \u00eatre appliqu\u00e9 le m\u00eame jour et ne peut \u00eatre stock\u00e9. <strong>Conseil :<\/strong> si vous utilisez du vert d'oxyde de chrome, du bleu de cobalt, du blanc de titane ou des pigments durs similaires, utilisez une <a href=\"https:\/\/www.stucco-naturale.com\/fr\/produit\/truelle-a-lisser-le-pvc-venitien\/\">truelle de lissage en PVC v\u00e9nitien<\/a> pour le compactage. Si vous comprimez avec une truelle en acier, les pigments broient l'acier et les marques d'abrasion du m\u00e9tal se traduisent par des rayures et des taches grises. Lorsque l'on travaille sans peinture, c'est-\u00e0-dire en blanc naturel, la truelle de lissage en PVC est \u00e9galement un avantage.<\/p>\n<h3>Informations sur les produits<\/h3>\n<p>Starlight est un mastic blanc naturel utilis\u00e9 pour la d\u00e9coration murale. En raison de sa forte alcalinit\u00e9, il est r\u00e9sistant aux moisissures. Tr\u00e8s ouvert \u00e0 la diffusion de la vapeur d'eau.<\/p>\n<p><strong>D\u00e9claration compl\u00e8te :<\/strong> Chaux de marbre [Ca(OH)\u00b2], poudre de marbre [CaCO\u00b3], eau, cellulose, mica, plaquettes de miroir.<\/p>\n<p><strong>C\u00e9der :<\/strong> 1000 -1300g\/m\u00b2 par couche selon la pr\u00e9paration du support<\/p>\n<p><strong>La gravit\u00e9 sp\u00e9cifique :<\/strong> Environ 1,40 kg\/l<\/p>\n<p><strong>Valeur Ph :<\/strong> 12,5<\/p>\n<p><strong>Conditions de stockage :<\/strong> A l'abri du gel et dans des r\u00e9cipients ferm\u00e9s, recouverts d'un film PVC et d'une couche d'eau, durables pendant de nombreuses ann\u00e9es.<\/p>\n<p><strong>Instructions de s\u00e9curit\u00e9 :<\/strong> R36\/38 : Irritant pour les yeux et la peau.<\/p>\n<\/div><\/div><\/div><\/div><\/div><span class=\"et_bloom_bottom_trigger\"><\/span>","protected":false},"excerpt":{"rendered":"","protected":false},"author":1,"featured_media":0,"parent":0,"menu_order":0,"comment_status":"closed","ping_status":"closed","template":"","meta":{"footnotes":""},"class_list":["post-32397","page","type-page","status-publish","hentry"],"yoast_head":"<!-- This site is optimized with the Yoast SEO Premium plugin v27.3 (Yoast SEO v27.3) - https:\/\/yoast.com\/product\/yoast-seo-premium-wordpress\/ -->\n<title>Instructions pour l&#039;application du pl\u00e2tre de mica - Stucco naturale%<\/title>\n<meta name=\"description\" content=\"Instructions pour l&#039;application et le traitement du pl\u00e2tre de mica Starlight. En outre, des informations importantes sur les produits. Vous trouverez ici ces informations sans conditions\" \/>\n<meta name=\"robots\" content=\"index, follow, max-snippet:-1, max-image-preview:large, max-video-preview:-1\" \/>\n<link rel=\"canonical\" href=\"https:\/\/www.stucco-naturale.com\/fr\/instructions-pour-lapplication-du-platre-de-mica-starlight\/\" \/>\n<meta property=\"og:locale\" content=\"fr_FR\" \/>\n<meta property=\"og:type\" content=\"article\" \/>\n<meta property=\"og:title\" content=\"Instructions pour l&#039;application du pl\u00e2tre de mica Starlight\" \/>\n<meta property=\"og:description\" content=\"Instructions pour l&#039;application et le traitement du pl\u00e2tre de mica Starlight. En outre, des informations importantes sur les produits. Vous trouverez ici ces informations sans conditions\" \/>\n<meta property=\"og:url\" content=\"https:\/\/www.stucco-naturale.com\/fr\/instructions-pour-lapplication-du-platre-de-mica-starlight\/\" \/>\n<meta property=\"og:site_name\" content=\"Stucco naturale\" \/>\n<meta property=\"article:publisher\" content=\"https:\/\/www.facebook.com\/natuerlicher.kalkputz\/\" \/>\n<meta property=\"article:modified_time\" content=\"2026-03-27T16:55:06+00:00\" \/>\n<meta name=\"twitter:card\" content=\"summary_large_image\" \/>\n<meta name=\"twitter:site\" content=\"@StuccoNaturale\" \/>\n<script type=\"application\/ld+json\" class=\"yoast-schema-graph\">{\"@context\":\"https:\\\/\\\/schema.org\",\"@graph\":[{\"@type\":\"WebPage\",\"@id\":\"https:\\\/\\\/www.stucco-naturale.com\\\/fr\\\/instructions-pour-lapplication-du-platre-de-mica-starlight\\\/\",\"url\":\"https:\\\/\\\/www.stucco-naturale.com\\\/fr\\\/instructions-pour-lapplication-du-platre-de-mica-starlight\\\/\",\"name\":\"Instructions pour l'application du pl\u00e2tre de mica - Stucco naturale%\",\"isPartOf\":{\"@id\":\"https:\\\/\\\/www.stucco-naturale.com\\\/fr\\\/#website\"},\"datePublished\":\"2018-01-19T14:46:05+00:00\",\"dateModified\":\"2026-03-27T16:55:06+00:00\",\"description\":\"Instructions pour l'application et le traitement du pl\u00e2tre de mica Starlight. En outre, des informations importantes sur les produits. Vous trouverez ici ces informations sans conditions\",\"breadcrumb\":{\"@id\":\"https:\\\/\\\/www.stucco-naturale.com\\\/fr\\\/instructions-pour-lapplication-du-platre-de-mica-starlight\\\/#breadcrumb\"},\"inLanguage\":\"fr-FR\",\"potentialAction\":[{\"@type\":\"ReadAction\",\"target\":[\"https:\\\/\\\/www.stucco-naturale.com\\\/fr\\\/instructions-pour-lapplication-du-platre-de-mica-starlight\\\/\"]}]},{\"@type\":\"BreadcrumbList\",\"@id\":\"https:\\\/\\\/www.stucco-naturale.com\\\/fr\\\/instructions-pour-lapplication-du-platre-de-mica-starlight\\\/#breadcrumb\",\"itemListElement\":[{\"@type\":\"ListItem\",\"position\":1,\"name\":\"Page d'accueil\",\"item\":\"https:\\\/\\\/www.stucco-naturale.com\\\/fr\\\/\"},{\"@type\":\"ListItem\",\"position\":2,\"name\":\"Instructions pour l&#8217;application du pl\u00e2tre de mica Starlight\"}]},{\"@type\":\"WebSite\",\"@id\":\"https:\\\/\\\/www.stucco-naturale.com\\\/fr\\\/#website\",\"url\":\"https:\\\/\\\/www.stucco-naturale.com\\\/fr\\\/\",\"name\":\"Stucco naturale\",\"description\":\"Boutique pour Stucco Veneziano, Marmorino & Accessoires\",\"publisher\":{\"@id\":\"https:\\\/\\\/www.stucco-naturale.com\\\/fr\\\/#organization\"},\"potentialAction\":[{\"@type\":\"SearchAction\",\"target\":{\"@type\":\"EntryPoint\",\"urlTemplate\":\"https:\\\/\\\/www.stucco-naturale.com\\\/fr\\\/?s={search_term_string}\"},\"query-input\":{\"@type\":\"PropertyValueSpecification\",\"valueRequired\":true,\"valueName\":\"search_term_string\"}}],\"inLanguage\":\"fr-FR\"},{\"@type\":\"Organization\",\"@id\":\"https:\\\/\\\/www.stucco-naturale.com\\\/fr\\\/#organization\",\"name\":\"Stucco naturale\",\"url\":\"https:\\\/\\\/www.stucco-naturale.com\\\/fr\\\/\",\"logo\":{\"@type\":\"ImageObject\",\"inLanguage\":\"fr-FR\",\"@id\":\"https:\\\/\\\/www.stucco-naturale.com\\\/fr\\\/#\\\/schema\\\/logo\\\/image\\\/\",\"url\":\"https:\\\/\\\/www.stucco-naturale.com\\\/wp-content\\\/uploads\\\/logo_stucco-naturale.jpg\",\"contentUrl\":\"https:\\\/\\\/www.stucco-naturale.com\\\/wp-content\\\/uploads\\\/logo_stucco-naturale.jpg\",\"width\":400,\"height\":600,\"caption\":\"Stucco naturale\"},\"image\":{\"@id\":\"https:\\\/\\\/www.stucco-naturale.com\\\/fr\\\/#\\\/schema\\\/logo\\\/image\\\/\"},\"sameAs\":[\"https:\\\/\\\/www.facebook.com\\\/natuerlicher.kalkputz\\\/\",\"https:\\\/\\\/x.com\\\/StuccoNaturale\",\"https:\\\/\\\/www.instagram.com\\\/stucco_naturale\\\/?hl=de\"],\"vatID\":\"ATU78081825\"}]}<\/script>\n<!-- \/ Yoast SEO Premium plugin. -->","yoast_head_json":{"title":"Instructions pour l'application du pl\u00e2tre de mica - Stucco naturale%","description":"Instructions pour l'application et le traitement du pl\u00e2tre de mica Starlight. En outre, des informations importantes sur les produits. Vous trouverez ici ces informations sans conditions","robots":{"index":"index","follow":"follow","max-snippet":"max-snippet:-1","max-image-preview":"max-image-preview:large","max-video-preview":"max-video-preview:-1"},"canonical":"https:\/\/www.stucco-naturale.com\/fr\/instructions-pour-lapplication-du-platre-de-mica-starlight\/","og_locale":"fr_FR","og_type":"article","og_title":"Instructions pour l'application du pl\u00e2tre de mica Starlight","og_description":"Instructions pour l'application et le traitement du pl\u00e2tre de mica Starlight. En outre, des informations importantes sur les produits. Vous trouverez ici ces informations sans conditions","og_url":"https:\/\/www.stucco-naturale.com\/fr\/instructions-pour-lapplication-du-platre-de-mica-starlight\/","og_site_name":"Stucco naturale","article_publisher":"https:\/\/www.facebook.com\/natuerlicher.kalkputz\/","article_modified_time":"2026-03-27T16:55:06+00:00","twitter_card":"summary_large_image","twitter_site":"@StuccoNaturale","schema":{"@context":"https:\/\/schema.org","@graph":[{"@type":"WebPage","@id":"https:\/\/www.stucco-naturale.com\/fr\/instructions-pour-lapplication-du-platre-de-mica-starlight\/","url":"https:\/\/www.stucco-naturale.com\/fr\/instructions-pour-lapplication-du-platre-de-mica-starlight\/","name":"Instructions pour l'application du pl\u00e2tre de mica - Stucco naturale%","isPartOf":{"@id":"https:\/\/www.stucco-naturale.com\/fr\/#website"},"datePublished":"2018-01-19T14:46:05+00:00","dateModified":"2026-03-27T16:55:06+00:00","description":"Instructions pour l'application et le traitement du pl\u00e2tre de mica Starlight. En outre, des informations importantes sur les produits. Vous trouverez ici ces informations sans conditions","breadcrumb":{"@id":"https:\/\/www.stucco-naturale.com\/fr\/instructions-pour-lapplication-du-platre-de-mica-starlight\/#breadcrumb"},"inLanguage":"fr-FR","potentialAction":[{"@type":"ReadAction","target":["https:\/\/www.stucco-naturale.com\/fr\/instructions-pour-lapplication-du-platre-de-mica-starlight\/"]}]},{"@type":"BreadcrumbList","@id":"https:\/\/www.stucco-naturale.com\/fr\/instructions-pour-lapplication-du-platre-de-mica-starlight\/#breadcrumb","itemListElement":[{"@type":"ListItem","position":1,"name":"Page d'accueil","item":"https:\/\/www.stucco-naturale.com\/fr\/"},{"@type":"ListItem","position":2,"name":"Instructions pour l&#8217;application du pl\u00e2tre de mica Starlight"}]},{"@type":"WebSite","@id":"https:\/\/www.stucco-naturale.com\/fr\/#website","url":"https:\/\/www.stucco-naturale.com\/fr\/","name":"Stucco naturale","description":"Boutique pour Stucco Veneziano, Marmorino & Accessoires","publisher":{"@id":"https:\/\/www.stucco-naturale.com\/fr\/#organization"},"potentialAction":[{"@type":"SearchAction","target":{"@type":"EntryPoint","urlTemplate":"https:\/\/www.stucco-naturale.com\/fr\/?s={search_term_string}"},"query-input":{"@type":"PropertyValueSpecification","valueRequired":true,"valueName":"search_term_string"}}],"inLanguage":"fr-FR"},{"@type":"Organization","@id":"https:\/\/www.stucco-naturale.com\/fr\/#organization","name":"Stucco naturale","url":"https:\/\/www.stucco-naturale.com\/fr\/","logo":{"@type":"ImageObject","inLanguage":"fr-FR","@id":"https:\/\/www.stucco-naturale.com\/fr\/#\/schema\/logo\/image\/","url":"https:\/\/www.stucco-naturale.com\/wp-content\/uploads\/logo_stucco-naturale.jpg","contentUrl":"https:\/\/www.stucco-naturale.com\/wp-content\/uploads\/logo_stucco-naturale.jpg","width":400,"height":600,"caption":"Stucco naturale"},"image":{"@id":"https:\/\/www.stucco-naturale.com\/fr\/#\/schema\/logo\/image\/"},"sameAs":["https:\/\/www.facebook.com\/natuerlicher.kalkputz\/","https:\/\/x.com\/StuccoNaturale","https:\/\/www.instagram.com\/stucco_naturale\/?hl=de"],"vatID":"ATU78081825"}]}},"_links":{"self":[{"href":"https:\/\/www.stucco-naturale.com\/fr\/wp-json\/wp\/v2\/pages\/32397","targetHints":{"allow":["GET"]}}],"collection":[{"href":"https:\/\/www.stucco-naturale.com\/fr\/wp-json\/wp\/v2\/pages"}],"about":[{"href":"https:\/\/www.stucco-naturale.com\/fr\/wp-json\/wp\/v2\/types\/page"}],"author":[{"embeddable":true,"href":"https:\/\/www.stucco-naturale.com\/fr\/wp-json\/wp\/v2\/users\/1"}],"replies":[{"embeddable":true,"href":"https:\/\/www.stucco-naturale.com\/fr\/wp-json\/wp\/v2\/comments?post=32397"}],"version-history":[{"count":0,"href":"https:\/\/www.stucco-naturale.com\/fr\/wp-json\/wp\/v2\/pages\/32397\/revisions"}],"wp:attachment":[{"href":"https:\/\/www.stucco-naturale.com\/fr\/wp-json\/wp\/v2\/media?parent=32397"}],"curies":[{"name":"wp","href":"https:\/\/api.w.org\/{rel}","templated":true}]}}