{"id":32388,"date":"2017-01-22T19:48:02","date_gmt":"2017-01-22T18:48:02","guid":{"rendered":"https:\/\/www.stucco-naturale.com\/instructions-pour-la-cire-punique\/"},"modified":"2026-03-27T17:52:46","modified_gmt":"2026-03-27T16:52:46","slug":"instructions-pour-la-cire-punique","status":"publish","type":"page","link":"https:\/\/www.stucco-naturale.com\/fr\/instructions-pour-la-cire-punique\/","title":{"rendered":"Instructions pour la cire Punique"},"content":{"rendered":"<div class=\"et_pb_section_0 et_pb_section et_section_regular et_block_section\"><div class=\"et_pb_row_0 et_pb_row et_block_row\"><div class=\"et_pb_column_0 et_pb_column et_pb_column_4_4 et-last-child et_block_column et_pb_css_mix_blend_mode_passthrough\"><div class=\"et_pb_text_0 et_pb_text et_pb_bg_layout_light et_pb_module et_block_module\"><div class=\"et_pb_text_inner\"><h1>Instructions pour la cire punique<\/h1>\n<\/div><\/div><div class=\"et_pb_text_1 et_pb_text et_pb_bg_layout_light et_pb_module et_block_module\"><div class=\"et_pb_text_inner\"><p>La cire punique est utilis\u00e9e pour prot\u00e9ger <a href=\"https:\/\/www.stucco-naturale.com\/fr\/produit\/stuc-venitien\/\">le stuc v\u00e9nitien<\/a> ou <a href=\"https:\/\/www.stucco-naturale.com\/fr\/produit\/stuc-marmorino\/\">le marmorino<\/a> des acides et pour le polir afin d'obtenir un brillant \u00e9lev\u00e9.<\/p>\n<h2>Les informations sur les produits :<\/h2>\n<p>La cire d'abeille, l'huile d'olive et l'eau avec de l'hydroxyde de potassium et de sodium sont saponifi\u00e9es dans un processus \u00e0 chaud pour obtenir la cire punique transparente. Il est disponible sous forme liquide ou p\u00e2teuse. Les cires puniques or, argent nacr\u00e9, guirlandes d'argent, cuivre ou bronze contiennent des pigments nacr\u00e9s. Les pigments de lustre perl\u00e9 sont des paillettes de mica recouvertes d'une couche de dioxyde de titane et d'oxyde de fer. Ces cires \u00e0 effets ont une consistance liquide car, contrairement \u00e0 la cire punique, elles ont \u00e9t\u00e9 saponifi\u00e9es avec de la potasse de mani\u00e8re transparente.<\/p>\n<h2>Application et propri\u00e9t\u00e9s :<\/h2>\n<p>Une fois que l'enduit de chaux fra\u00eeche est sec, selon les conditions climatiques et le substrat, environ 2 \u00e0 4 heures, voire plus, la cire punique est appliqu\u00e9e sur la chaux fra\u00eeche ; il se forme un savon de chaux qui rend l'enduit hydrofuge. La cire forme une protection contre les acides et les \u00e9ventuelles impuret\u00e9s peuvent \u00eatre \u00e9limin\u00e9es plus facilement. La cire punique est hydrophobe, la surface devient antistatique et n'attire plus la poussi\u00e8re, mais reste ouverte \u00e0 la diffusion.<\/p>\n<h2>Traitement :<\/h2>\n<p>Cire punique transparente : Appliquer \u00e0 l'aide d'une <a href=\"https:\/\/www.stucco-naturale.com\/fr\/categorie-de-produit\/truelles-venitiennes\/\">truelle v\u00e9nitienne<\/a> et laisser agir pendant environ 30 \u00e0 45 minutes. Polissez ensuite \u00e0 l'aide d'un <a href=\"https:\/\/www.stucco-naturale.com\/fr\/produit\/tissu-en-microfibres\/\">chiffon en microfibre<\/a> ou d'une machine \u00e0 polir pour obtenir un brillant \u00e9lev\u00e9.<br \/>Cire punique avec pigments nacr\u00e9s : Appliquer en fine couche avec une truelle v\u00e9nitienne ou avec une <a href=\"https:\/\/www.stucco-naturale.com\/fr\/produit\/eponge-a-peindre\/\">\u00e9ponge de peintre<\/a>, puis polir jusqu'\u00e0 obtenir un lustre \u00e9lev\u00e9 avec un chiffon en microfibre ou avec une machine \u00e0 polir.<\/p>\n<h3>D\u00e9claration compl\u00e8te :<\/h3>\n<p>Saponification mixte de soude\/potasse, d'huile d'olive et de cire d'abeille ; \u00e9ventuellement, pigments nacr\u00e9s.<\/p>\n<h3>Consommation :<\/h3>\n<p>1 ltr. selon la structure et la capacit\u00e9 d'absorption de la surface environ 25-30 m\u00b2.<\/p>\n<h3>Stockage :<\/h3>\n<p>1 an<\/p>\n<h3>Alerte de s\u00e9curit\u00e9 :<\/h3>\n<p>Tenir hors de port\u00e9e des enfants. R 36\/38 : Irritant pour les yeux et la peau. Utilisez un \u00e9quipement de protection appropri\u00e9.<\/p>\n<\/div><\/div><\/div><\/div><\/div><span class=\"et_bloom_bottom_trigger\"><\/span>","protected":false},"excerpt":{"rendered":"","protected":false},"author":1,"featured_media":0,"parent":0,"menu_order":0,"comment_status":"closed","ping_status":"closed","template":"","meta":{"footnotes":""},"class_list":["post-32388","page","type-page","status-publish","hentry"],"yoast_head":"<!-- This site is optimized with the Yoast SEO Premium plugin v27.3 (Yoast SEO v27.3) - https:\/\/yoast.com\/product\/yoast-seo-premium-wordpress\/ -->\n<title>Instructions pour la cire Punique - Stucco naturale<\/title>\n<meta name=\"description\" content=\"Vous trouverez ici les instructions pour l&#039;application de la cire Punic sur le Stucco Veneziano et les enduits de marbre ainsi que d&#039;autres informations.\" \/>\n<meta name=\"robots\" content=\"index, follow, max-snippet:-1, max-image-preview:large, max-video-preview:-1\" \/>\n<link rel=\"canonical\" href=\"https:\/\/www.stucco-naturale.com\/fr\/instructions-pour-la-cire-punique\/\" \/>\n<meta property=\"og:locale\" content=\"fr_FR\" \/>\n<meta property=\"og:type\" content=\"article\" \/>\n<meta property=\"og:title\" content=\"Instructions pour la cire Punique\" \/>\n<meta property=\"og:description\" content=\"Vous trouverez ici les instructions pour l&#039;application de la cire Punic sur le Stucco Veneziano et les enduits de marbre ainsi que d&#039;autres informations.\" \/>\n<meta property=\"og:url\" content=\"https:\/\/www.stucco-naturale.com\/fr\/instructions-pour-la-cire-punique\/\" \/>\n<meta property=\"og:site_name\" content=\"Stucco naturale\" \/>\n<meta property=\"article:publisher\" content=\"https:\/\/www.facebook.com\/natuerlicher.kalkputz\/\" \/>\n<meta property=\"article:modified_time\" content=\"2026-03-27T16:52:46+00:00\" \/>\n<meta name=\"twitter:card\" content=\"summary_large_image\" \/>\n<meta name=\"twitter:site\" content=\"@StuccoNaturale\" \/>\n<script type=\"application\/ld+json\" class=\"yoast-schema-graph\">{\"@context\":\"https:\\\/\\\/schema.org\",\"@graph\":[{\"@type\":\"WebPage\",\"@id\":\"https:\\\/\\\/www.stucco-naturale.com\\\/fr\\\/instructions-pour-la-cire-punique\\\/\",\"url\":\"https:\\\/\\\/www.stucco-naturale.com\\\/fr\\\/instructions-pour-la-cire-punique\\\/\",\"name\":\"Instructions pour la cire Punique - Stucco naturale\",\"isPartOf\":{\"@id\":\"https:\\\/\\\/www.stucco-naturale.com\\\/fr\\\/#website\"},\"datePublished\":\"2017-01-22T18:48:02+00:00\",\"dateModified\":\"2026-03-27T16:52:46+00:00\",\"description\":\"Vous trouverez ici les instructions pour l'application de la cire Punic sur le Stucco Veneziano et les enduits de marbre ainsi que d'autres informations.\",\"breadcrumb\":{\"@id\":\"https:\\\/\\\/www.stucco-naturale.com\\\/fr\\\/instructions-pour-la-cire-punique\\\/#breadcrumb\"},\"inLanguage\":\"fr-FR\",\"potentialAction\":[{\"@type\":\"ReadAction\",\"target\":[\"https:\\\/\\\/www.stucco-naturale.com\\\/fr\\\/instructions-pour-la-cire-punique\\\/\"]}]},{\"@type\":\"BreadcrumbList\",\"@id\":\"https:\\\/\\\/www.stucco-naturale.com\\\/fr\\\/instructions-pour-la-cire-punique\\\/#breadcrumb\",\"itemListElement\":[{\"@type\":\"ListItem\",\"position\":1,\"name\":\"Page d'accueil\",\"item\":\"https:\\\/\\\/www.stucco-naturale.com\\\/fr\\\/\"},{\"@type\":\"ListItem\",\"position\":2,\"name\":\"Instructions pour la cire Punique\"}]},{\"@type\":\"WebSite\",\"@id\":\"https:\\\/\\\/www.stucco-naturale.com\\\/fr\\\/#website\",\"url\":\"https:\\\/\\\/www.stucco-naturale.com\\\/fr\\\/\",\"name\":\"Stucco naturale\",\"description\":\"Boutique pour Stucco Veneziano, Marmorino & Accessoires\",\"publisher\":{\"@id\":\"https:\\\/\\\/www.stucco-naturale.com\\\/fr\\\/#organization\"},\"potentialAction\":[{\"@type\":\"SearchAction\",\"target\":{\"@type\":\"EntryPoint\",\"urlTemplate\":\"https:\\\/\\\/www.stucco-naturale.com\\\/fr\\\/?s={search_term_string}\"},\"query-input\":{\"@type\":\"PropertyValueSpecification\",\"valueRequired\":true,\"valueName\":\"search_term_string\"}}],\"inLanguage\":\"fr-FR\"},{\"@type\":\"Organization\",\"@id\":\"https:\\\/\\\/www.stucco-naturale.com\\\/fr\\\/#organization\",\"name\":\"Stucco naturale\",\"url\":\"https:\\\/\\\/www.stucco-naturale.com\\\/fr\\\/\",\"logo\":{\"@type\":\"ImageObject\",\"inLanguage\":\"fr-FR\",\"@id\":\"https:\\\/\\\/www.stucco-naturale.com\\\/fr\\\/#\\\/schema\\\/logo\\\/image\\\/\",\"url\":\"https:\\\/\\\/www.stucco-naturale.com\\\/wp-content\\\/uploads\\\/logo_stucco-naturale.jpg\",\"contentUrl\":\"https:\\\/\\\/www.stucco-naturale.com\\\/wp-content\\\/uploads\\\/logo_stucco-naturale.jpg\",\"width\":400,\"height\":600,\"caption\":\"Stucco naturale\"},\"image\":{\"@id\":\"https:\\\/\\\/www.stucco-naturale.com\\\/fr\\\/#\\\/schema\\\/logo\\\/image\\\/\"},\"sameAs\":[\"https:\\\/\\\/www.facebook.com\\\/natuerlicher.kalkputz\\\/\",\"https:\\\/\\\/x.com\\\/StuccoNaturale\",\"https:\\\/\\\/www.instagram.com\\\/stucco_naturale\\\/?hl=de\"],\"vatID\":\"ATU78081825\"}]}<\/script>\n<!-- \/ Yoast SEO Premium plugin. -->","yoast_head_json":{"title":"Instructions pour la cire Punique - Stucco naturale","description":"Vous trouverez ici les instructions pour l'application de la cire Punic sur le Stucco Veneziano et les enduits de marbre ainsi que d'autres informations.","robots":{"index":"index","follow":"follow","max-snippet":"max-snippet:-1","max-image-preview":"max-image-preview:large","max-video-preview":"max-video-preview:-1"},"canonical":"https:\/\/www.stucco-naturale.com\/fr\/instructions-pour-la-cire-punique\/","og_locale":"fr_FR","og_type":"article","og_title":"Instructions pour la cire Punique","og_description":"Vous trouverez ici les instructions pour l'application de la cire Punic sur le Stucco Veneziano et les enduits de marbre ainsi que d'autres informations.","og_url":"https:\/\/www.stucco-naturale.com\/fr\/instructions-pour-la-cire-punique\/","og_site_name":"Stucco naturale","article_publisher":"https:\/\/www.facebook.com\/natuerlicher.kalkputz\/","article_modified_time":"2026-03-27T16:52:46+00:00","twitter_card":"summary_large_image","twitter_site":"@StuccoNaturale","schema":{"@context":"https:\/\/schema.org","@graph":[{"@type":"WebPage","@id":"https:\/\/www.stucco-naturale.com\/fr\/instructions-pour-la-cire-punique\/","url":"https:\/\/www.stucco-naturale.com\/fr\/instructions-pour-la-cire-punique\/","name":"Instructions pour la cire Punique - Stucco naturale","isPartOf":{"@id":"https:\/\/www.stucco-naturale.com\/fr\/#website"},"datePublished":"2017-01-22T18:48:02+00:00","dateModified":"2026-03-27T16:52:46+00:00","description":"Vous trouverez ici les instructions pour l'application de la cire Punic sur le Stucco Veneziano et les enduits de marbre ainsi que d'autres informations.","breadcrumb":{"@id":"https:\/\/www.stucco-naturale.com\/fr\/instructions-pour-la-cire-punique\/#breadcrumb"},"inLanguage":"fr-FR","potentialAction":[{"@type":"ReadAction","target":["https:\/\/www.stucco-naturale.com\/fr\/instructions-pour-la-cire-punique\/"]}]},{"@type":"BreadcrumbList","@id":"https:\/\/www.stucco-naturale.com\/fr\/instructions-pour-la-cire-punique\/#breadcrumb","itemListElement":[{"@type":"ListItem","position":1,"name":"Page d'accueil","item":"https:\/\/www.stucco-naturale.com\/fr\/"},{"@type":"ListItem","position":2,"name":"Instructions pour la cire Punique"}]},{"@type":"WebSite","@id":"https:\/\/www.stucco-naturale.com\/fr\/#website","url":"https:\/\/www.stucco-naturale.com\/fr\/","name":"Stucco naturale","description":"Boutique pour Stucco Veneziano, Marmorino & Accessoires","publisher":{"@id":"https:\/\/www.stucco-naturale.com\/fr\/#organization"},"potentialAction":[{"@type":"SearchAction","target":{"@type":"EntryPoint","urlTemplate":"https:\/\/www.stucco-naturale.com\/fr\/?s={search_term_string}"},"query-input":{"@type":"PropertyValueSpecification","valueRequired":true,"valueName":"search_term_string"}}],"inLanguage":"fr-FR"},{"@type":"Organization","@id":"https:\/\/www.stucco-naturale.com\/fr\/#organization","name":"Stucco naturale","url":"https:\/\/www.stucco-naturale.com\/fr\/","logo":{"@type":"ImageObject","inLanguage":"fr-FR","@id":"https:\/\/www.stucco-naturale.com\/fr\/#\/schema\/logo\/image\/","url":"https:\/\/www.stucco-naturale.com\/wp-content\/uploads\/logo_stucco-naturale.jpg","contentUrl":"https:\/\/www.stucco-naturale.com\/wp-content\/uploads\/logo_stucco-naturale.jpg","width":400,"height":600,"caption":"Stucco naturale"},"image":{"@id":"https:\/\/www.stucco-naturale.com\/fr\/#\/schema\/logo\/image\/"},"sameAs":["https:\/\/www.facebook.com\/natuerlicher.kalkputz\/","https:\/\/x.com\/StuccoNaturale","https:\/\/www.instagram.com\/stucco_naturale\/?hl=de"],"vatID":"ATU78081825"}]}},"_links":{"self":[{"href":"https:\/\/www.stucco-naturale.com\/fr\/wp-json\/wp\/v2\/pages\/32388","targetHints":{"allow":["GET"]}}],"collection":[{"href":"https:\/\/www.stucco-naturale.com\/fr\/wp-json\/wp\/v2\/pages"}],"about":[{"href":"https:\/\/www.stucco-naturale.com\/fr\/wp-json\/wp\/v2\/types\/page"}],"author":[{"embeddable":true,"href":"https:\/\/www.stucco-naturale.com\/fr\/wp-json\/wp\/v2\/users\/1"}],"replies":[{"embeddable":true,"href":"https:\/\/www.stucco-naturale.com\/fr\/wp-json\/wp\/v2\/comments?post=32388"}],"version-history":[{"count":0,"href":"https:\/\/www.stucco-naturale.com\/fr\/wp-json\/wp\/v2\/pages\/32388\/revisions"}],"wp:attachment":[{"href":"https:\/\/www.stucco-naturale.com\/fr\/wp-json\/wp\/v2\/media?parent=32388"}],"curies":[{"name":"wp","href":"https:\/\/api.w.org\/{rel}","templated":true}]}}