{"id":32202,"date":"2017-01-22T19:33:09","date_gmt":"2017-01-22T18:33:09","guid":{"rendered":"https:\/\/www.stucco-naturale.com\/instructions-pour-le-stuc-veneziano\/"},"modified":"2026-03-27T17:51:38","modified_gmt":"2026-03-27T16:51:38","slug":"instructions-pour-le-stuc-veneziano","status":"publish","type":"page","link":"https:\/\/www.stucco-naturale.com\/fr\/instructions-pour-le-stuc-veneziano\/","title":{"rendered":"Instructions pour le Stuc V\u00e9nitien"},"content":{"rendered":"<div class=\"et_pb_section_0 et_pb_section et_section_regular et_block_section\"><div class=\"et_pb_row_0 et_pb_row et_block_row\"><div class=\"et_pb_column_0 et_pb_column et_pb_column_4_4 et-last-child et_block_column et_pb_css_mix_blend_mode_passthrough\"><div class=\"et_pb_text_0 et_pb_text et_pb_bg_layout_light et_pb_module et_block_module\"><div class=\"et_pb_text_inner\"><h1>Instructions pour le Stuc V\u00e9nitien<\/h1>\n<\/div><\/div><div class=\"et_pb_text_1 et_pb_text et_pb_bg_layout_light et_pb_module et_block_module\"><div class=\"et_pb_text_inner\"><p>Comment obtenir un r\u00e9sultat \u00e9l\u00e9gant avec le <a href=\"https:\/\/www.stucco-naturale.com\/fr\/produit\/stuc-venitien\/\">Stuc Veneziano<\/a><\/p>\n<h2>Stuc V\u00e9nitien : Instructions \u00e9tape par \u00e9tape<\/h2>\n<p>1) Une base de pl\u00e2tre en pl\u00e2tre de chaux, pl\u00e2tre de ciment ou pl\u00e2tre de gypse-ciment permet de commencer imm\u00e9diatement l'amor\u00e7age. Toutefois, en l'absence de substrats min\u00e9raux, comme de la peinture de dispersion, des plaques de pl\u00e2tre, du verre, du carrelage, du MDF, du b\u00e9ton arm\u00e9, etc., il vous faut pr\u00e9parer la surface avec un appr\u00eat adh\u00e9sif. L' <a href=\"https:\/\/www.stucco-naturale.com\/fr\/produit\/primaire-adhesif-a-base-de-poudre-de-marbre\/\" target=\"_self\" rel=\"noopener noreferrer\">appr\u00eat d'adh\u00e9rence \u00e0 la poudre de marbre<\/a> doit s\u00e9cher pendant au moins 12 heures, pour un <a href=\"https:\/\/www.stucco-naturale.com\/fr\/produit\/primaire-adhesif-a-la-caseine-vegetale\/\" target=\"_self\" rel=\"noopener noreferrer\">appr\u00eat d'adh\u00e9rence \u00e0 la cas\u00e9ine v\u00e9g\u00e9tale<\/a> il est aussi possible de travailler mouill\u00e9 sur mouill\u00e9. On y ajoute une fine couche d'enduit cr\u00e9atif ou, sur les carreaux, d'abord un enduit d'accrochage \u00e0 la chaux avec un tissu de renforcement incorpor\u00e9, puis une couche d'enduit cr\u00e9atif.<\/p>\n<p>2) On applique ensuite le mastic de base (sans pigments de couleur). Le mat\u00e9riau doit \u00eatre tr\u00e8s bien m\u00e9lang\u00e9 au pr\u00e9alable. Si n\u00e9cessaire, vous pouvez ajouter jusqu'\u00e0 1,5 % d'eau pendant le m\u00e9lange. Appliquez-en autant que n\u00e9cessaire pour recouvrir compl\u00e8tement l'appr\u00eat pour pl\u00e2tre. Il est pr\u00e9f\u00e9rable d'utiliser une <a href=\"https:\/\/www.stucco-naturale.com\/fr\/produit\/truelle-de-lissage-821-i\/\">truelle de lissage<\/a> avec une lame rigide. La premi\u00e8re couche n\u00e9cessite environ 1 000-1 300 grammes\/m\u00b2 de<a href=\"https:\/\/www.stucco-naturale.com\/fr\/produit\/le-platre-creatif\/\"> pl\u00e2tre cr\u00e9atif<\/a> ou d'environ 700 grammes\/m\u00b2 de stuc v\u00e9nitien, pour un support avec appr\u00eat. La couche de fond, \u00e9galement appel\u00e9e pl\u00e2tre cach\u00e9, avec un pl\u00e2tre cr\u00e9atif pardonne les petites in\u00e9galit\u00e9s. Si la premi\u00e8re couche est enduite de Stuc Veneziano, proc\u00e9dez \u00e0 un lissage m\u00e9ticuleux de la surface. Le pl\u00e2tre cr\u00e9atif comme couche de base pr\u00e9sente l'avantage de permettre une application efficace du rev\u00eatement par capilarit\u00e9, car la taille maximale du grain est de 500 \u00b5m pour le pl\u00e2tre cr\u00e9atif et de 32 \u00b5m seulement pour le Stuc Veneziano. Cela signifie une plus grande absorbtion de l'humidit\u00e9 ambiante dans les locaux. Temps de s\u00e9chage pour la premi\u00e8re couche : 8 \u00e0 12 heures selon la temp\u00e9rature et l'humidit\u00e9.<\/p>\n<p>3) Vous pouvez ensuite teindre le mastic ; laissez reposer pendant 2 \u00e0 3 heures. Cette coloration peut \u00e9galement \u00eatre faite la veille. Pour plus de d\u00e9tails sur la coloration, voir ci-dessous pour les <a href=\"https:\/\/www.stucco-naturale.com\/fr\/categorie-de-produit\/pigments-de-couleur\/\" target=\"_self\" rel=\"noopener noreferrer\">couleurs s\u00e8ches<\/a> et les p\u00e2tes color\u00e9es. \u00c0 ce stade, utilisez la <a href=\"https:\/\/www.stucco-naturale.com\/fr\/categorie-de-produit\/truelles-venitiennes\/\" target=\"_self\" rel=\"noopener noreferrer\">truelle v\u00e9nitienne de lissage.<\/a> Afin d'avoir suffisamment de temps pour appliquer le mastic, toute la surface est pr\u00e9humidifi\u00e9e \u00e0 l'aide d'un vaporisateur et ce jusqu'\u00e0 saturation du pl\u00e2tre. La surface ne doit cependant plus \u00eatre recouverte d'eau. Pour la deuxi\u00e8me couche, vous avez besoin d'environ 350 grammes\/m\u00b2 de stuc v\u00e9nitien. Cette couche doit recouvrir la premi\u00e8re afin d'obtenir une couleur uniforme. Travaillez \u00e0 la sensation et n'appuyez pas trop fort. Le temps de s\u00e9chage est d'environ 3-4 heures. Selon le temps disponible ou la taille du projet, il est aussi possible de poursuivre le lendemain.<\/p>\n<p>4) Pour la troisi\u00e8me couche, il faut environ 150 grammes\/m\u00b2. Pr\u00e9-humidifiez \u00e0 nouveau la zone. Avec peu de mati\u00e8re sur la truelle, la truelle est tir\u00e9e sur la surface avec un angle plat et une pression mod\u00e9r\u00e9e, de sorte que les cristaux de calcaire soient bien comprim\u00e9s. Une brillance commence \u00e0 appara\u00eetre ; dans les zones ternes, appliquez un peu plus de mati\u00e8re. Les marbrures commencent \u00e0 leur tour \u00e0 appara\u00eetre. Selon le r\u00e9sultat, vous pouvez appliquer une quatri\u00e8me couche apr\u00e8s un temps de s\u00e9chage de 3 \u00e0 4 heures. Il peut arriver que certaines zones soient trop compactes et que le mat\u00e9riau forme un bomb\u00e9 par gravit\u00e9. Utilisez du papier de verre pour grossir ces d\u00e9fauts, puis appliquez \u00e0 nouveau du mat\u00e9riau et compactez. Mon conseil : pour la troisi\u00e8me couche, si vous m\u00e9langez le mastic avec 5% de <a href=\"https:\/\/www.stucco-naturale.com\/fr\/produit\/le-savon-venitien\/\" target=\"_self\" rel=\"noopener noreferrer\">savon v\u00e9nitien,<\/a> et si n\u00e9cessaire avec un peu d'eau, il sera beaucoup plus lisse et ne formera pratiquement pas de bomb\u00e9 par gravit\u00e9. Pour augmenter la brillance, apr\u00e8s un temps de s\u00e9chage de deux \u00e0 trois heures (laissez \u00e9galement s\u00e9cher les coins int\u00e9rieurs), vous pouvez enduire la surface avec du savon v\u00e9nitien et effectuer un lissage par pression. Le rev\u00eatement au savon peut \u00e9galement \u00eatre fait le jour suivant. La manipulation des produits \u00e0 base de chaux est purement pratique et tout le monde peut le faire. Le Stuc Veneziano est sensible aux acides comme le vinaigre et les acides de fruit ou certains cosm\u00e9tiques dans la salle de bains. Les surfaces de ces zones doivent \u00eatre prot\u00e9g\u00e9es avec de la <a href=\"https:\/\/www.stucco-naturale.com\/fr\/produit\/baume-de-cire-dabeille-a-la-cire-de-carnauba\/\" target=\"_self\" rel=\"noopener noreferrer\">cire<\/a>. Vous pouvez augmenter encore l'intensit\u00e9 de la couleur en appliquant de la cire ; en outre, la couche de cire fait office de d\u00e9perlant. Ce rev\u00eatement \u00e0 la cire peut \u00eatre renouvel\u00e9 chaque ann\u00e9e. Cependant, la surface doit d'abord \u00eatre nettoy\u00e9e avec une <a href=\"https:\/\/www.stucco-naturale.com\/fr\/produit\/le-savon-venitien\/\">solution de savon v\u00e9nitien<\/a>. Vous trouverez ci-dessous des d\u00e9tails sur le rev\u00eatement \u00e0 la cire.<\/p>\n<h2>Couleurs s\u00e8ches et p\u00e2tes color\u00e9es<\/h2>\n<p>Vous pouvez ajouter jusqu'\u00e0 10 % de <a href=\"https:\/\/www.stucco-naturale.com\/fr\/categorie-de-produit\/pigments-de-couleur\/\" target=\"_self\" rel=\"noopener noreferrer\">pigments<\/a> (en poids) au mastic. Ne d\u00e9passez pas ces proportions, car la chaux ne prendrait plus et vous observeriez un ph\u00e9nom\u00e8ne de farinage. Le fait de m\u00e9langer des peintures s\u00e8ches, aussi appel\u00e9es pigments, au mastic permet d'obtenir une belle masse color\u00e9e. Il arrive cependant tr\u00e8s souvent que des taches pigmentaires apparaissent, c'est-\u00e0-dire que certains pigments restent derri\u00e8re sous forme de trace lorsque vous \u00e9talez le mastic teint\u00e9. Ce n'est pas forc\u00e9ment un inconv\u00e9nient : certains trouvent m\u00eame l'effet esth\u00e9tique. Mais si vous voulez \u00e9viter ces taches pigmentaires, pr\u00e9parez de la p\u00e2te au pr\u00e9alable. Voici comment faire : pour 1 000 g de pigments, utilisez environ 800 ml de liquide (160 ml d'agent mouillant et 640 ml d'eau). Versez les liquides dans un r\u00e9cipient et ajoutez les pigments, remuez bien \u00e0 l'aide d'une <a href=\"https:\/\/www.stucco-naturale.com\/fr\/produit\/platrier-ferreux\/\">spatule<\/a> ou d'un <a href=\"https:\/\/www.stucco-naturale.com\/fr\/produit\/couteau-a-peinture-couteau-a-palette\/\">couteau \u00e0 peindre<\/a> ; \u00e9crasez les grumeaux sur le bord du r\u00e9cipient. Il est pr\u00e9f\u00e9rable de noter la recette du m\u00e9lange afin de pouvoir reproduire le m\u00eame ton de couleur. Laissez reposer pendant 3 heures et m\u00e9langez cette p\u00e2te au mastic. Les pigments ont la plus grande intensit\u00e9 de couleur et votre cr\u00e9ativit\u00e9 s'en trouve alors d\u00e9brid\u00e9e. N'utilisez que des pigments compatibles avec la chaux.<\/p>\n<h3>Conseil :<\/h3>\n<p>Si vous utilisez du vert d'oxyde de chrome, du bleu de cobalt, du blanc de titane ou des pigments durs similaires, utilisez une <a href=\"https:\/\/www.stucco-naturale.com\/fr\/produit\/truelle-a-lisser-le-pvc-venitien\/\" target=\"_self\" rel=\"noopener noreferrer\">truelle de lissage en PVC v\u00e9nitien <\/a>pour le compactage.<\/p>\n<h3>Rev\u00eatement \u00e0 la cire et savon v\u00e9nitien<\/h3>\n<p>La <a href=\"https:\/\/www.stucco-naturale.com\/fr\/produit\/cire-punique-transparente\/\" target=\"_self\" rel=\"noopener noreferrer\">cire punique transparente<\/a> et le baume de cire d'abeille s'appliquent en couches tr\u00e8s fines, \u00e0 la <a href=\"https:\/\/www.stucco-naturale.com\/fr\/categorie-de-produit\/truelles-venitiennes\/\" target=\"_self\" rel=\"noopener noreferrer\">truelle v\u00e9nitienne<\/a>. La couche de cire doit \u00eatre tr\u00e8s fine. Apr\u00e8s un temps de s\u00e9chage d'1 \u00e0 2 heures, effectuez un polissage avec un chiffon en microfibre. Pour les grandes surfaces, vous pouvez \u00e9galement utiliser une machine \u00e0 polir. Deux ou trois rev\u00eatements rendent le mur presque imperm\u00e9able, mais le rev\u00eatement reste ouvert \u00e0 la diffusion. Le temps de s\u00e9chage interm\u00e9diaire entre les couches doit \u00eatre de 30 \u00e0 60 minutes pour la cire punique et jusqu'\u00e0 8 heures pour le baume de cire d'abeille. Pour une haute brillance, on utilise du savon v\u00e9nitien comme d\u00e9crit au point 4 ci-dessus. Le <a href=\"https:\/\/www.stucco-naturale.com\/fr\/produit\/le-savon-venitien\/\" target=\"_self\" rel=\"noopener noreferrer\">savon v\u00e9nitien<\/a> peut \u00e9galement servir en ext\u00e9rieur. Laissez reposer la derni\u00e8re couche de stuc v\u00e9nitien ou de Marmorino pendant 2 heures, puis appliquez du savon v\u00e9nitien avec une truelle \u00e0 lisser v\u00e9nitienne et enlevez l'exc\u00e9dent. Le savon \u00e0 la chaux est produit \u00e0 partir de la chaux fra\u00eeche. Cette fine couche rend le rev\u00eatement hydrofuge et prot\u00e8ge ainsi contre les pluies acides, qui autrement transformeraient la chaux en gypse et la d\u00e9truiraient. Le polissage se fait \u00e0 la truelle ou avec un <a href=\"https:\/\/www.stucco-naturale.com\/fr\/produit\/tissu-en-microfibres\/\" target=\"_self\" rel=\"noopener noreferrer\">chiffon en microfibre<\/a>.<\/p>\n<h3>Informations sur les produits<\/h3>\n<p>Le Stuc Veneziano est un mastic blanc naturel utilis\u00e9 pour la d\u00e9coration murale. En raison de sa forte alcalinit\u00e9, il est r\u00e9sistant aux moisissures et, gr\u00e2ce \u00e0 la porosit\u00e9 de la chaux, il est tr\u00e8s ouvert \u00e0 la diffusion de la vapeur d'eau.<\/p>\n<p><strong>D\u00e9claration compl\u00e8te :<\/strong> Chaux \u00e9teinte [Ca(OH)\u00b2], poudre de marbre [CaCO\u00b3], eau, cellulose et huile de lin.<\/p>\n<p><strong>Rendement :<\/strong> environ 1 200 g\/m\u00b2 pour 3 couches ; selon le support et l'application, la consommation peut \u00eatre plus importante !<\/p>\n<p><strong>Poids sp\u00e9cifique :<\/strong> environ 1,31 kg\/l<\/p>\n<p><strong>Valeur pH :<\/strong> 12,5<\/p>\n<p><strong>Conditions de stockage<\/strong> : \u00e0 l'abri du gel et dans des conteneurs ferm\u00e9s, recouverts d'un film PVC et d'une protection contre l'eau, peut \u00eatre conserv\u00e9 pendant de nombreuses ann\u00e9es.<\/p>\n<p><strong>Conseils de s\u00e9curit\u00e9 :<\/strong> R36\/38 : Irritant pour les yeux et la peau.<\/p>\n<\/div><\/div><\/div><\/div><\/div><span class=\"et_bloom_bottom_trigger\"><\/span>","protected":false},"excerpt":{"rendered":"","protected":false},"author":1,"featured_media":0,"parent":0,"menu_order":0,"comment_status":"closed","ping_status":"closed","template":"","meta":{"footnotes":""},"class_list":["post-32202","page","type-page","status-publish","hentry"],"yoast_head":"<!-- This site is optimized with the Yoast SEO Premium plugin v27.3 (Yoast SEO v27.3) - https:\/\/yoast.com\/product\/yoast-seo-premium-wordpress\/ -->\n<title>Instructions pour le Stuc V\u00e9nitien - Stucco naturale<\/title>\n<meta name=\"description\" content=\"Instructions pour le traitement et l&#039;application du Stuc V\u00e9nitien. Vous pouvez obtenir ces informations gratuitement ici.\" \/>\n<meta name=\"robots\" content=\"index, follow, max-snippet:-1, max-image-preview:large, max-video-preview:-1\" \/>\n<link rel=\"canonical\" href=\"https:\/\/www.stucco-naturale.com\/fr\/instructions-pour-le-stuc-veneziano\/\" \/>\n<meta property=\"og:locale\" content=\"fr_FR\" \/>\n<meta property=\"og:type\" content=\"article\" \/>\n<meta property=\"og:title\" content=\"Instructions pour le Stuc V\u00e9nitien\" \/>\n<meta property=\"og:description\" content=\"Instructions pour le traitement et l&#039;application du Stuc V\u00e9nitien. Vous pouvez obtenir ces informations gratuitement ici.\" \/>\n<meta property=\"og:url\" content=\"https:\/\/www.stucco-naturale.com\/fr\/instructions-pour-le-stuc-veneziano\/\" \/>\n<meta property=\"og:site_name\" content=\"Stucco naturale\" \/>\n<meta property=\"article:publisher\" content=\"https:\/\/www.facebook.com\/natuerlicher.kalkputz\/\" \/>\n<meta property=\"article:modified_time\" content=\"2026-03-27T16:51:38+00:00\" \/>\n<meta name=\"twitter:card\" content=\"summary_large_image\" \/>\n<meta name=\"twitter:site\" content=\"@StuccoNaturale\" \/>\n<script type=\"application\/ld+json\" class=\"yoast-schema-graph\">{\"@context\":\"https:\\\/\\\/schema.org\",\"@graph\":[{\"@type\":\"WebPage\",\"@id\":\"https:\\\/\\\/www.stucco-naturale.com\\\/fr\\\/instructions-pour-le-stuc-veneziano\\\/\",\"url\":\"https:\\\/\\\/www.stucco-naturale.com\\\/fr\\\/instructions-pour-le-stuc-veneziano\\\/\",\"name\":\"Instructions pour le Stuc V\u00e9nitien - Stucco naturale\",\"isPartOf\":{\"@id\":\"https:\\\/\\\/www.stucco-naturale.com\\\/fr\\\/#website\"},\"datePublished\":\"2017-01-22T18:33:09+00:00\",\"dateModified\":\"2026-03-27T16:51:38+00:00\",\"description\":\"Instructions pour le traitement et l'application du Stuc V\u00e9nitien. Vous pouvez obtenir ces informations gratuitement ici.\",\"breadcrumb\":{\"@id\":\"https:\\\/\\\/www.stucco-naturale.com\\\/fr\\\/instructions-pour-le-stuc-veneziano\\\/#breadcrumb\"},\"inLanguage\":\"fr-FR\",\"potentialAction\":[{\"@type\":\"ReadAction\",\"target\":[\"https:\\\/\\\/www.stucco-naturale.com\\\/fr\\\/instructions-pour-le-stuc-veneziano\\\/\"]}]},{\"@type\":\"BreadcrumbList\",\"@id\":\"https:\\\/\\\/www.stucco-naturale.com\\\/fr\\\/instructions-pour-le-stuc-veneziano\\\/#breadcrumb\",\"itemListElement\":[{\"@type\":\"ListItem\",\"position\":1,\"name\":\"Page d'accueil\",\"item\":\"https:\\\/\\\/www.stucco-naturale.com\\\/fr\\\/\"},{\"@type\":\"ListItem\",\"position\":2,\"name\":\"Instructions pour le Stuc V\u00e9nitien\"}]},{\"@type\":\"WebSite\",\"@id\":\"https:\\\/\\\/www.stucco-naturale.com\\\/fr\\\/#website\",\"url\":\"https:\\\/\\\/www.stucco-naturale.com\\\/fr\\\/\",\"name\":\"Stucco naturale\",\"description\":\"Boutique pour Stucco Veneziano, Marmorino & Accessoires\",\"publisher\":{\"@id\":\"https:\\\/\\\/www.stucco-naturale.com\\\/fr\\\/#organization\"},\"potentialAction\":[{\"@type\":\"SearchAction\",\"target\":{\"@type\":\"EntryPoint\",\"urlTemplate\":\"https:\\\/\\\/www.stucco-naturale.com\\\/fr\\\/?s={search_term_string}\"},\"query-input\":{\"@type\":\"PropertyValueSpecification\",\"valueRequired\":true,\"valueName\":\"search_term_string\"}}],\"inLanguage\":\"fr-FR\"},{\"@type\":\"Organization\",\"@id\":\"https:\\\/\\\/www.stucco-naturale.com\\\/fr\\\/#organization\",\"name\":\"Stucco naturale\",\"url\":\"https:\\\/\\\/www.stucco-naturale.com\\\/fr\\\/\",\"logo\":{\"@type\":\"ImageObject\",\"inLanguage\":\"fr-FR\",\"@id\":\"https:\\\/\\\/www.stucco-naturale.com\\\/fr\\\/#\\\/schema\\\/logo\\\/image\\\/\",\"url\":\"https:\\\/\\\/www.stucco-naturale.com\\\/wp-content\\\/uploads\\\/logo_stucco-naturale.jpg\",\"contentUrl\":\"https:\\\/\\\/www.stucco-naturale.com\\\/wp-content\\\/uploads\\\/logo_stucco-naturale.jpg\",\"width\":400,\"height\":600,\"caption\":\"Stucco naturale\"},\"image\":{\"@id\":\"https:\\\/\\\/www.stucco-naturale.com\\\/fr\\\/#\\\/schema\\\/logo\\\/image\\\/\"},\"sameAs\":[\"https:\\\/\\\/www.facebook.com\\\/natuerlicher.kalkputz\\\/\",\"https:\\\/\\\/x.com\\\/StuccoNaturale\",\"https:\\\/\\\/www.instagram.com\\\/stucco_naturale\\\/?hl=de\"],\"vatID\":\"ATU78081825\"}]}<\/script>\n<!-- \/ Yoast SEO Premium plugin. -->","yoast_head_json":{"title":"Instructions pour le Stuc V\u00e9nitien - Stucco naturale","description":"Instructions pour le traitement et l'application du Stuc V\u00e9nitien. Vous pouvez obtenir ces informations gratuitement ici.","robots":{"index":"index","follow":"follow","max-snippet":"max-snippet:-1","max-image-preview":"max-image-preview:large","max-video-preview":"max-video-preview:-1"},"canonical":"https:\/\/www.stucco-naturale.com\/fr\/instructions-pour-le-stuc-veneziano\/","og_locale":"fr_FR","og_type":"article","og_title":"Instructions pour le Stuc V\u00e9nitien","og_description":"Instructions pour le traitement et l'application du Stuc V\u00e9nitien. Vous pouvez obtenir ces informations gratuitement ici.","og_url":"https:\/\/www.stucco-naturale.com\/fr\/instructions-pour-le-stuc-veneziano\/","og_site_name":"Stucco naturale","article_publisher":"https:\/\/www.facebook.com\/natuerlicher.kalkputz\/","article_modified_time":"2026-03-27T16:51:38+00:00","twitter_card":"summary_large_image","twitter_site":"@StuccoNaturale","schema":{"@context":"https:\/\/schema.org","@graph":[{"@type":"WebPage","@id":"https:\/\/www.stucco-naturale.com\/fr\/instructions-pour-le-stuc-veneziano\/","url":"https:\/\/www.stucco-naturale.com\/fr\/instructions-pour-le-stuc-veneziano\/","name":"Instructions pour le Stuc V\u00e9nitien - Stucco naturale","isPartOf":{"@id":"https:\/\/www.stucco-naturale.com\/fr\/#website"},"datePublished":"2017-01-22T18:33:09+00:00","dateModified":"2026-03-27T16:51:38+00:00","description":"Instructions pour le traitement et l'application du Stuc V\u00e9nitien. Vous pouvez obtenir ces informations gratuitement ici.","breadcrumb":{"@id":"https:\/\/www.stucco-naturale.com\/fr\/instructions-pour-le-stuc-veneziano\/#breadcrumb"},"inLanguage":"fr-FR","potentialAction":[{"@type":"ReadAction","target":["https:\/\/www.stucco-naturale.com\/fr\/instructions-pour-le-stuc-veneziano\/"]}]},{"@type":"BreadcrumbList","@id":"https:\/\/www.stucco-naturale.com\/fr\/instructions-pour-le-stuc-veneziano\/#breadcrumb","itemListElement":[{"@type":"ListItem","position":1,"name":"Page d'accueil","item":"https:\/\/www.stucco-naturale.com\/fr\/"},{"@type":"ListItem","position":2,"name":"Instructions pour le Stuc V\u00e9nitien"}]},{"@type":"WebSite","@id":"https:\/\/www.stucco-naturale.com\/fr\/#website","url":"https:\/\/www.stucco-naturale.com\/fr\/","name":"Stucco naturale","description":"Boutique pour Stucco Veneziano, Marmorino & Accessoires","publisher":{"@id":"https:\/\/www.stucco-naturale.com\/fr\/#organization"},"potentialAction":[{"@type":"SearchAction","target":{"@type":"EntryPoint","urlTemplate":"https:\/\/www.stucco-naturale.com\/fr\/?s={search_term_string}"},"query-input":{"@type":"PropertyValueSpecification","valueRequired":true,"valueName":"search_term_string"}}],"inLanguage":"fr-FR"},{"@type":"Organization","@id":"https:\/\/www.stucco-naturale.com\/fr\/#organization","name":"Stucco naturale","url":"https:\/\/www.stucco-naturale.com\/fr\/","logo":{"@type":"ImageObject","inLanguage":"fr-FR","@id":"https:\/\/www.stucco-naturale.com\/fr\/#\/schema\/logo\/image\/","url":"https:\/\/www.stucco-naturale.com\/wp-content\/uploads\/logo_stucco-naturale.jpg","contentUrl":"https:\/\/www.stucco-naturale.com\/wp-content\/uploads\/logo_stucco-naturale.jpg","width":400,"height":600,"caption":"Stucco naturale"},"image":{"@id":"https:\/\/www.stucco-naturale.com\/fr\/#\/schema\/logo\/image\/"},"sameAs":["https:\/\/www.facebook.com\/natuerlicher.kalkputz\/","https:\/\/x.com\/StuccoNaturale","https:\/\/www.instagram.com\/stucco_naturale\/?hl=de"],"vatID":"ATU78081825"}]}},"_links":{"self":[{"href":"https:\/\/www.stucco-naturale.com\/fr\/wp-json\/wp\/v2\/pages\/32202","targetHints":{"allow":["GET"]}}],"collection":[{"href":"https:\/\/www.stucco-naturale.com\/fr\/wp-json\/wp\/v2\/pages"}],"about":[{"href":"https:\/\/www.stucco-naturale.com\/fr\/wp-json\/wp\/v2\/types\/page"}],"author":[{"embeddable":true,"href":"https:\/\/www.stucco-naturale.com\/fr\/wp-json\/wp\/v2\/users\/1"}],"replies":[{"embeddable":true,"href":"https:\/\/www.stucco-naturale.com\/fr\/wp-json\/wp\/v2\/comments?post=32202"}],"version-history":[{"count":0,"href":"https:\/\/www.stucco-naturale.com\/fr\/wp-json\/wp\/v2\/pages\/32202\/revisions"}],"wp:attachment":[{"href":"https:\/\/www.stucco-naturale.com\/fr\/wp-json\/wp\/v2\/media?parent=32202"}],"curies":[{"name":"wp","href":"https:\/\/api.w.org\/{rel}","templated":true}]}}