{"id":31998,"date":"2017-01-16T13:52:22","date_gmt":"2017-01-16T12:52:22","guid":{"rendered":"https:\/\/www.stucco-naturale.com\/methodes-dexpedition\/"},"modified":"2026-03-27T17:50:25","modified_gmt":"2026-03-27T16:50:25","slug":"methodes-dexpedition","status":"publish","type":"page","link":"https:\/\/www.stucco-naturale.com\/fr\/methodes-dexpedition\/","title":{"rendered":"M\u00e9thodes d&rsquo;exp\u00e9dition"},"content":{"rendered":"<div class=\"et_pb_section_0 et_pb_section et_section_regular et_block_section\"><div class=\"et_pb_row_0 et_pb_row et_block_row\"><div class=\"et_pb_column_0 et_pb_column et_pb_column_4_4 et-last-child et_block_column et_pb_css_mix_blend_mode_passthrough\"><div class=\"et_pb_text_0 et_pb_text et_pb_bg_layout_light et_pb_module et_block_module\"><div class=\"et_pb_text_inner\"><h1>Informations sur les conditions d'exp\u00e9dition et les frais d'exp\u00e9dition<\/h1>\n<\/div><\/div><div class=\"et_pb_text_1 et_pb_text et_pb_bg_layout_light et_pb_module et_block_module\"><div class=\"et_pb_text_inner\"><h3>Conditions d'exp\u00e9dition<\/h3>\n<p><\/p>\n<ul>\n<li>La livraison est effectu\u00e9e en Autriche, dans tous les autres pays de l'UE et en Suisse. Veuillez noter que l'exp\u00e9dition vers le Groenland n'est pas autoris\u00e9e. Les \u00eeles Canaries, Ceuta, Melilla, les \u00eeles Anglo-Normandes, B\u00fcsingen et Helgoland sont toutefois \u00e9galement livr\u00e9es. Les frais d'exp\u00e9dition incluent la taxe sur la valeur ajout\u00e9e l\u00e9gale.<\/li>\n<li><strong>La Serbie et la Norv\u00e8ge<\/strong> b\u00e9n\u00e9ficient d'une livraison hors taxes ; gr\u00e2ce \u00e0 l'utilisation du num\u00e9ro EORI, <strong>aucune TVA<\/strong> n'est factur\u00e9e sur les frais d'exp\u00e9dition et les marchandises. <em>Veuillez toutefois noter<\/em> que des frais de douane seront \u00e0 la charge de l'acheteur<\/li>\n<\/ul>\n<p><\/p>\n<p><strong>Livraisons en Autriche :<\/strong><\/p>\n<p><\/p>\n<p>Nous facturons des frais d'exp\u00e9dition forfaitaires de 8,90 \u20ac. Nous restons toujours inform\u00e9s afin de trouver le meilleur prestataire pour l'exp\u00e9dition et de maintenir les co\u00fbts aussi bas que possible. \u00c0 partir d'une valeur de commande de 175,00 \u20ac, nous livrons sans frais d'exp\u00e9dition.<\/p>\n<p><\/p>\n<p><strong>Livraisons en Allemagne :<\/strong><\/p>\n<p><\/p>\n<p>Nous facturons des frais d'exp\u00e9dition forfaitaires de 9,90 \u20ac. Nous restons constamment inform\u00e9s afin de trouver le meilleur prestataire pour l'exp\u00e9dition et de maintenir les co\u00fbts aussi bas que possible.<\/p>\n<p><\/p>\n<p><strong>Livraisons dans les autres pays de l'UE :<\/strong><\/p>\n<p><\/p>\n<p>Les frais de livraison sont indiqu\u00e9s dans le panier apr\u00e8s que vous ayez saisi votre pays et votre code postal. Nous restons constamment inform\u00e9s afin de trouver le meilleur prestataire pour l'exp\u00e9dition et de maintenir les co\u00fbts aussi bas que possible. Livraison en Suisse : Livraison franco domicile, d\u00e9douan\u00e9e, taxes comprises \u2013 les frais sont indiqu\u00e9s dans le panier apr\u00e8s avoir saisi votre pays et votre code postal. Nous restons \u00e0 votre disposition pour vous fournir les meilleurs services de livraison et maintenir les co\u00fbts aussi bas que possible. Livraisons en Serbie et en Norv\u00e8ge : Les frais de livraison sont indiqu\u00e9s dans le panier apr\u00e8s avoir saisi votre pays et votre code postal. Nous restons constamment inform\u00e9s afin de trouver le meilleur prestataire pour l'exp\u00e9dition et de maintenir les co\u00fbts aussi bas que possible.<\/p>\n<p><\/p>\n<p><strong>Livraisons au Royaume-Uni :<\/strong><\/p>\n<p><\/p>\n<p>La valeur minimale de commande pour les livraisons au Royaume-Uni est de 180 \u20ac hors TVA. Les frais de livraison sont indiqu\u00e9s dans le panier apr\u00e8s avoir saisi votre pays et votre code postal. Nous restons inform\u00e9s afin de trouver le meilleur prestataire pour l'exp\u00e9dition et de maintenir les co\u00fbts aussi bas que possible.<br \/><strong>Attention :<\/strong> la TVA \u00e0 l'importation, les droits de douane et les frais administratifs sont \u00e0 la charge du client. Ces frais s'ajoutent au prix d'achat. Ils vous seront factur\u00e9s directement par les douanes anglaises. Nous ne pouvons pas pr\u00e9voir le montant de ces frais.<\/p>\n<p><\/p>\n<h3>D\u00e9lais de livraison<\/h3>\n<p><\/p>\n<p>Sauf indication contraire dans la description de l'article, la livraison des marchandises en Autriche est effectu\u00e9e dans un d\u00e9lai de 1 \u00e0 2 jours ouvrables, en Allemagne et en Suisse dans un d\u00e9lai de 2 \u00e0 5 jours ouvrables, dans les autres pays de l'UE, en Norv\u00e8ge et en Serbie dans un d\u00e9lai de 3 \u00e0 7 jours ouvrables, au Royaume-Uni dans un d\u00e9lai de 5 \u00e0 9 jours ouvrables apr\u00e8s confirmation de la commande. Si vous choisissez l'option de paiement \u00ab Paiement anticip\u00e9 \u00bb, la livraison commence apr\u00e8s r\u00e9ception du paiement.<\/p>\n<p><\/p>\n<p>Si tu as des questions, tu trouveras nos coordonn\u00e9es dans les mentions l\u00e9gales.<\/p>\n<\/div><\/div><\/div><\/div><\/div><span class=\"et_bloom_bottom_trigger\"><\/span>","protected":false},"excerpt":{"rendered":"","protected":false},"author":1,"featured_media":0,"parent":0,"menu_order":0,"comment_status":"closed","ping_status":"closed","template":"","meta":{"footnotes":""},"class_list":["post-31998","page","type-page","status-publish","hentry"],"yoast_head":"<!-- This site is optimized with the Yoast SEO Premium plugin v27.3 (Yoast SEO v27.3) - https:\/\/yoast.com\/product\/yoast-seo-premium-wordpress\/ -->\n<title>M\u00e9thodes d&#039;exp\u00e9dition - Stucco naturale<\/title>\n<meta name=\"robots\" content=\"noindex, nofollow\" \/>\n<meta property=\"og:locale\" content=\"fr_FR\" \/>\n<meta property=\"og:type\" content=\"article\" \/>\n<meta property=\"og:title\" content=\"M\u00e9thodes d&#039;exp\u00e9dition\" \/>\n<meta property=\"og:url\" content=\"https:\/\/www.stucco-naturale.com\/fr\/methodes-dexpedition\/\" \/>\n<meta property=\"og:site_name\" content=\"Stucco naturale\" \/>\n<meta property=\"article:publisher\" content=\"https:\/\/www.facebook.com\/natuerlicher.kalkputz\/\" \/>\n<meta property=\"article:modified_time\" content=\"2026-03-27T16:50:25+00:00\" \/>\n<meta name=\"twitter:card\" content=\"summary_large_image\" \/>\n<meta name=\"twitter:site\" content=\"@StuccoNaturale\" \/>\n<script type=\"application\/ld+json\" class=\"yoast-schema-graph\">{\"@context\":\"https:\\\/\\\/schema.org\",\"@graph\":[{\"@type\":\"WebPage\",\"@id\":\"https:\\\/\\\/www.stucco-naturale.com\\\/fr\\\/methodes-dexpedition\\\/\",\"url\":\"https:\\\/\\\/www.stucco-naturale.com\\\/fr\\\/methodes-dexpedition\\\/\",\"name\":\"M\u00e9thodes d'exp\u00e9dition - Stucco naturale\",\"isPartOf\":{\"@id\":\"https:\\\/\\\/www.stucco-naturale.com\\\/fr\\\/#website\"},\"datePublished\":\"2017-01-16T12:52:22+00:00\",\"dateModified\":\"2026-03-27T16:50:25+00:00\",\"breadcrumb\":{\"@id\":\"https:\\\/\\\/www.stucco-naturale.com\\\/fr\\\/methodes-dexpedition\\\/#breadcrumb\"},\"inLanguage\":\"fr-FR\",\"potentialAction\":[{\"@type\":\"ReadAction\",\"target\":[\"https:\\\/\\\/www.stucco-naturale.com\\\/fr\\\/methodes-dexpedition\\\/\"]}]},{\"@type\":\"BreadcrumbList\",\"@id\":\"https:\\\/\\\/www.stucco-naturale.com\\\/fr\\\/methodes-dexpedition\\\/#breadcrumb\",\"itemListElement\":[{\"@type\":\"ListItem\",\"position\":1,\"name\":\"Page d'accueil\",\"item\":\"https:\\\/\\\/www.stucco-naturale.com\\\/fr\\\/\"},{\"@type\":\"ListItem\",\"position\":2,\"name\":\"M\u00e9thodes d&#8217;exp\u00e9dition\"}]},{\"@type\":\"WebSite\",\"@id\":\"https:\\\/\\\/www.stucco-naturale.com\\\/fr\\\/#website\",\"url\":\"https:\\\/\\\/www.stucco-naturale.com\\\/fr\\\/\",\"name\":\"Stucco naturale\",\"description\":\"Boutique pour Stucco Veneziano, Marmorino & Accessoires\",\"publisher\":{\"@id\":\"https:\\\/\\\/www.stucco-naturale.com\\\/fr\\\/#organization\"},\"potentialAction\":[{\"@type\":\"SearchAction\",\"target\":{\"@type\":\"EntryPoint\",\"urlTemplate\":\"https:\\\/\\\/www.stucco-naturale.com\\\/fr\\\/?s={search_term_string}\"},\"query-input\":{\"@type\":\"PropertyValueSpecification\",\"valueRequired\":true,\"valueName\":\"search_term_string\"}}],\"inLanguage\":\"fr-FR\"},{\"@type\":\"Organization\",\"@id\":\"https:\\\/\\\/www.stucco-naturale.com\\\/fr\\\/#organization\",\"name\":\"Stucco naturale\",\"url\":\"https:\\\/\\\/www.stucco-naturale.com\\\/fr\\\/\",\"logo\":{\"@type\":\"ImageObject\",\"inLanguage\":\"fr-FR\",\"@id\":\"https:\\\/\\\/www.stucco-naturale.com\\\/fr\\\/#\\\/schema\\\/logo\\\/image\\\/\",\"url\":\"https:\\\/\\\/www.stucco-naturale.com\\\/wp-content\\\/uploads\\\/logo_stucco-naturale.jpg\",\"contentUrl\":\"https:\\\/\\\/www.stucco-naturale.com\\\/wp-content\\\/uploads\\\/logo_stucco-naturale.jpg\",\"width\":400,\"height\":600,\"caption\":\"Stucco naturale\"},\"image\":{\"@id\":\"https:\\\/\\\/www.stucco-naturale.com\\\/fr\\\/#\\\/schema\\\/logo\\\/image\\\/\"},\"sameAs\":[\"https:\\\/\\\/www.facebook.com\\\/natuerlicher.kalkputz\\\/\",\"https:\\\/\\\/x.com\\\/StuccoNaturale\",\"https:\\\/\\\/www.instagram.com\\\/stucco_naturale\\\/?hl=de\"],\"vatID\":\"ATU78081825\"}]}<\/script>\n<!-- \/ Yoast SEO Premium plugin. -->","yoast_head_json":{"title":"M\u00e9thodes d'exp\u00e9dition - Stucco naturale","robots":{"index":"noindex","follow":"nofollow"},"og_locale":"fr_FR","og_type":"article","og_title":"M\u00e9thodes d'exp\u00e9dition","og_url":"https:\/\/www.stucco-naturale.com\/fr\/methodes-dexpedition\/","og_site_name":"Stucco naturale","article_publisher":"https:\/\/www.facebook.com\/natuerlicher.kalkputz\/","article_modified_time":"2026-03-27T16:50:25+00:00","twitter_card":"summary_large_image","twitter_site":"@StuccoNaturale","schema":{"@context":"https:\/\/schema.org","@graph":[{"@type":"WebPage","@id":"https:\/\/www.stucco-naturale.com\/fr\/methodes-dexpedition\/","url":"https:\/\/www.stucco-naturale.com\/fr\/methodes-dexpedition\/","name":"M\u00e9thodes d'exp\u00e9dition - Stucco naturale","isPartOf":{"@id":"https:\/\/www.stucco-naturale.com\/fr\/#website"},"datePublished":"2017-01-16T12:52:22+00:00","dateModified":"2026-03-27T16:50:25+00:00","breadcrumb":{"@id":"https:\/\/www.stucco-naturale.com\/fr\/methodes-dexpedition\/#breadcrumb"},"inLanguage":"fr-FR","potentialAction":[{"@type":"ReadAction","target":["https:\/\/www.stucco-naturale.com\/fr\/methodes-dexpedition\/"]}]},{"@type":"BreadcrumbList","@id":"https:\/\/www.stucco-naturale.com\/fr\/methodes-dexpedition\/#breadcrumb","itemListElement":[{"@type":"ListItem","position":1,"name":"Page d'accueil","item":"https:\/\/www.stucco-naturale.com\/fr\/"},{"@type":"ListItem","position":2,"name":"M\u00e9thodes d&#8217;exp\u00e9dition"}]},{"@type":"WebSite","@id":"https:\/\/www.stucco-naturale.com\/fr\/#website","url":"https:\/\/www.stucco-naturale.com\/fr\/","name":"Stucco naturale","description":"Boutique pour Stucco Veneziano, Marmorino & Accessoires","publisher":{"@id":"https:\/\/www.stucco-naturale.com\/fr\/#organization"},"potentialAction":[{"@type":"SearchAction","target":{"@type":"EntryPoint","urlTemplate":"https:\/\/www.stucco-naturale.com\/fr\/?s={search_term_string}"},"query-input":{"@type":"PropertyValueSpecification","valueRequired":true,"valueName":"search_term_string"}}],"inLanguage":"fr-FR"},{"@type":"Organization","@id":"https:\/\/www.stucco-naturale.com\/fr\/#organization","name":"Stucco naturale","url":"https:\/\/www.stucco-naturale.com\/fr\/","logo":{"@type":"ImageObject","inLanguage":"fr-FR","@id":"https:\/\/www.stucco-naturale.com\/fr\/#\/schema\/logo\/image\/","url":"https:\/\/www.stucco-naturale.com\/wp-content\/uploads\/logo_stucco-naturale.jpg","contentUrl":"https:\/\/www.stucco-naturale.com\/wp-content\/uploads\/logo_stucco-naturale.jpg","width":400,"height":600,"caption":"Stucco naturale"},"image":{"@id":"https:\/\/www.stucco-naturale.com\/fr\/#\/schema\/logo\/image\/"},"sameAs":["https:\/\/www.facebook.com\/natuerlicher.kalkputz\/","https:\/\/x.com\/StuccoNaturale","https:\/\/www.instagram.com\/stucco_naturale\/?hl=de"],"vatID":"ATU78081825"}]}},"_links":{"self":[{"href":"https:\/\/www.stucco-naturale.com\/fr\/wp-json\/wp\/v2\/pages\/31998","targetHints":{"allow":["GET"]}}],"collection":[{"href":"https:\/\/www.stucco-naturale.com\/fr\/wp-json\/wp\/v2\/pages"}],"about":[{"href":"https:\/\/www.stucco-naturale.com\/fr\/wp-json\/wp\/v2\/types\/page"}],"author":[{"embeddable":true,"href":"https:\/\/www.stucco-naturale.com\/fr\/wp-json\/wp\/v2\/users\/1"}],"replies":[{"embeddable":true,"href":"https:\/\/www.stucco-naturale.com\/fr\/wp-json\/wp\/v2\/comments?post=31998"}],"version-history":[{"count":0,"href":"https:\/\/www.stucco-naturale.com\/fr\/wp-json\/wp\/v2\/pages\/31998\/revisions"}],"wp:attachment":[{"href":"https:\/\/www.stucco-naturale.com\/fr\/wp-json\/wp\/v2\/media?parent=31998"}],"curies":[{"name":"wp","href":"https:\/\/api.w.org\/{rel}","templated":true}]}}